{"id":64695,"date":"2021-05-31T13:19:12","date_gmt":"2021-05-31T11:19:12","guid":{"rendered":"https:\/\/univet.hu\/hu\/egyetem\/kozerdeku-adatok\/gazdalkodasi-adatok\/name\/"},"modified":"2021-05-31T13:19:12","modified_gmt":"2021-05-31T11:19:12","slug":"2020-evi-beszamolo","status":"publish","type":"page","link":"https:\/\/univet.hu\/hu\/egyetem\/kozerdeku-adatok\/gazdalkodasi-adatok\/2020-evi-beszamolo\/","title":{"rendered":"2020. \u00e9vi besz\u00e1mol\u00f3"},"content":{"rendered":"<p><a href=\"https:\/\/univet.hu\/wp-content\/uploads\/2021\/05\/2020.-\u00e9vi-k\u00f6nyvvizsg\u00e1l\u00f3i-jelent\u00e9s.pdf\">2020. \u00e9vi k\u00f6nyvvizsg\u00e1l\u00f3i jelent\u00e9s<\/a><\/p> <p><a href=\"https:\/\/univet.hu\/wp-content\/uploads\/2021\/05\/2020.-\u00e9vi-k\u00f6zhaszn\u00fa-besz\u00e1mol\u00f3.pdf\">2020. \u00e9vi k\u00f6zhaszn\u00fa besz\u00e1mol\u00f3<\/a><\/p> <p><a href=\"https:\/\/univet.hu\/wp-content\/uploads\/2021\/05\/2020.-\u00e9vi-kieg\u00e9sz\u00edt\u0151-mell\u00e9klet.pdf\">2020. \u00e9vi kieg\u00e9sz\u00edt\u0151 mell\u00e9klet<\/a><\/p> <p><a href=\"https:\/\/univet.hu\/wp-content\/uploads\/2021\/05\/2020.-\u00e9vi-k\u00f6zhaszn\u00fa-szakmai-besz\u00e1mol\u00f3.pdf\">2020. \u00e9vi k\u00f6zhaszn\u00fa szakmai besz\u00e1mol\u00f3<\/a><\/p> <p><a href=\"https:\/\/univet.hu\/wp-content\/uploads\/2021\/05\/2020.\u00e9vi-k\u00f6zhaszn\u00fas\u00e1gi-mell\u00e9klet.pdf\">2020.\u00e9vi k\u00f6zhaszn\u00fas\u00e1gi mell\u00e9klet<\/a><\/p>","protected":false},"excerpt":{"rendered":"<p>2020. \u00e9vi k\u00f6nyvvizsg\u00e1l\u00f3i jelent\u00e9s 2020. \u00e9vi k\u00f6zhaszn\u00fa besz\u00e1mol\u00f3 2020. \u00e9vi kieg\u00e9sz\u00edt\u0151 mell\u00e9klet 2020. \u00e9vi k\u00f6zhaszn\u00fa szakmai besz\u00e1mol\u00f3 2020.\u00e9vi k\u00f6zhaszn\u00fas\u00e1gi mell\u00e9klet<\/p>\n","protected":false},"author":2518,"featured_media":0,"parent":64693,"menu_order":30,"comment_status":"open","ping_status":"open","template":"","meta":{"_acf_changed":false,"footnotes":""},"categories":[],"tags":[],"class_list":["post-64695","page","type-page","status-publish","hentry"],"acf":[],"_links":{"self":[{"href":"https:\/\/univet.hu\/hu\/wp-json\/wp\/v2\/pages\/64695","targetHints":{"allow":["GET"]}}],"collection":[{"href":"https:\/\/univet.hu\/hu\/wp-json\/wp\/v2\/pages"}],"about":[{"href":"https:\/\/univet.hu\/hu\/wp-json\/wp\/v2\/types\/page"}],"author":[{"embeddable":true,"href":"https:\/\/univet.hu\/hu\/wp-json\/wp\/v2\/users\/2518"}],"replies":[{"embeddable":true,"href":"https:\/\/univet.hu\/hu\/wp-json\/wp\/v2\/comments?post=64695"}],"version-history":[{"count":0,"href":"https:\/\/univet.hu\/hu\/wp-json\/wp\/v2\/pages\/64695\/revisions"}],"up":[{"embeddable":true,"href":"https:\/\/univet.hu\/hu\/wp-json\/wp\/v2\/pages\/64693"}],"wp:attachment":[{"href":"https:\/\/univet.hu\/hu\/wp-json\/wp\/v2\/media?parent=64695"}],"wp:term":[{"taxonomy":"category","embeddable":true,"href":"https:\/\/univet.hu\/hu\/wp-json\/wp\/v2\/categories?post=64695"},{"taxonomy":"post_tag","embeddable":true,"href":"https:\/\/univet.hu\/hu\/wp-json\/wp\/v2\/tags?post=64695"}],"curies":[{"name":"wp","href":"https:\/\/api.w.org\/{rel}","templated":true}]}}