{"id":64702,"date":"2021-05-31T14:01:05","date_gmt":"2021-05-31T12:01:05","guid":{"rendered":"https:\/\/univet.hu\/hu\/oktatas\/tanulmanyi-osztaly\/name\/"},"modified":"2026-01-15T13:08:02","modified_gmt":"2026-01-15T12:08:02","slug":"diakhitel","status":"publish","type":"page","link":"https:\/\/univet.hu\/hu\/oktatas\/tanulmanyi-osztaly\/diakhitel\/","title":{"rendered":"Di\u00e1khitel"},"content":{"rendered":"<p><a href=\"https:\/\/univet.hu\/en\/oktatas\/tanulmanyi-osztaly\/diakhitel\/dh_logo_trikolor_rgb__kek\/\" rel=\"attachment wp-att-88141\"><img loading=\"lazy\" decoding=\"async\" class=\"alignleft wp-image-88141 size-full\" src=\"https:\/\/univet.hu\/wp-content\/uploads\/2023\/07\/DH_logo_trikolor_rgb__kek.png\" alt=\"\" width=\"842\" height=\"258\" srcset=\"https:\/\/univet.hu\/wp-content\/uploads\/2023\/07\/DH_logo_trikolor_rgb__kek.png 842w, https:\/\/univet.hu\/wp-content\/uploads\/2023\/07\/DH_logo_trikolor_rgb__kek-320x98.png 320w, https:\/\/univet.hu\/wp-content\/uploads\/2023\/07\/DH_logo_trikolor_rgb__kek-768x235.png 768w\" sizes=\"auto, (max-width: 842px) 100vw, 842px\" \/><\/a><\/p> <p>&nbsp;<\/p> <p>&nbsp;<\/p> <p>&nbsp;<\/p> <p>&nbsp;<\/p> <p>&nbsp;<\/p> <p>&nbsp;<\/p> <p>&nbsp;<\/p> <p><strong><span style=\"color: #333399\">2026.01.15<\/span><\/strong><\/p> <p><strong><span style=\"color: #ff00ff\"><a style=\"color: #ff00ff\" href=\"https:\/\/univet.hu\/wp-content\/uploads\/2026\/01\/hirdetmeny_202512_v2.pdf\" target=\"_blank\" rel=\"noopener\">Hirdetm\u00e9ny let\u00f6lt\u00e9se<\/a><\/span><\/strong><\/p> <p><strong><span style=\"color: #333399\">2025.11.10<\/span><\/strong><\/p> <p><strong><span style=\"color: #ff00ff\"><a style=\"color: #ff00ff\" href=\"https:\/\/univet.hu\/wp-content\/uploads\/2025\/11\/hirlevel251105.pdf\" target=\"_blank\" rel=\"noopener\">Di\u00e1khitel h\u00edrlev\u00e9l<\/a><\/span><\/strong><\/p> <p>&nbsp;<\/p> <p><strong><span style=\"color: #333399\">2025.07.28<\/span><\/strong><\/p> <p><strong><span style=\"color: #ff00ff\"><a style=\"color: #ff00ff\" href=\"https:\/\/univet.hu\/wp-content\/uploads\/2025\/07\/Diakhitel_tajekoztato_2025.pdf\" target=\"_blank\" rel=\"noopener\">Di\u00e1khitel t\u00e1j\u00e9koztat\u00f3 2025<\/a><\/span><\/strong><br \/> <strong><a href=\"https:\/\/univet.hu\/wp-content\/uploads\/2025\/07\/Diakhitel_kamathirdetmeny_2025.07.01.pdf\" target=\"_blank\" rel=\"noopener\"><span style=\"color: #ff00ff\">Di\u00e1khitel kamathirdetm\u00e9ny 2025.07.01.<\/span><\/a><\/strong><\/p> <p>&nbsp;<\/p>","protected":false},"excerpt":{"rendered":"<p>&nbsp; &nbsp; &nbsp; &nbsp; &nbsp; &nbsp; &nbsp; 2026.01.15 Hirdetm\u00e9ny let\u00f6lt\u00e9se 2025.11.10 Di\u00e1khitel h\u00edrlev\u00e9l &nbsp; 2025.07.28 Di\u00e1khitel t\u00e1j\u00e9koztat\u00f3 2025 Di\u00e1khitel kamathirdetm\u00e9ny 2025.07.01. &nbsp;<\/p>\n","protected":false},"author":2518,"featured_media":0,"parent":615,"menu_order":26,"comment_status":"open","ping_status":"open","template":"","meta":{"_acf_changed":false,"footnotes":""},"categories":[],"tags":[],"class_list":["post-64702","page","type-page","status-publish","hentry"],"acf":[],"_links":{"self":[{"href":"https:\/\/univet.hu\/hu\/wp-json\/wp\/v2\/pages\/64702","targetHints":{"allow":["GET"]}}],"collection":[{"href":"https:\/\/univet.hu\/hu\/wp-json\/wp\/v2\/pages"}],"about":[{"href":"https:\/\/univet.hu\/hu\/wp-json\/wp\/v2\/types\/page"}],"author":[{"embeddable":true,"href":"https:\/\/univet.hu\/hu\/wp-json\/wp\/v2\/users\/2518"}],"replies":[{"embeddable":true,"href":"https:\/\/univet.hu\/hu\/wp-json\/wp\/v2\/comments?post=64702"}],"version-history":[{"count":5,"href":"https:\/\/univet.hu\/hu\/wp-json\/wp\/v2\/pages\/64702\/revisions"}],"predecessor-version":[{"id":197927,"href":"https:\/\/univet.hu\/hu\/wp-json\/wp\/v2\/pages\/64702\/revisions\/197927"}],"up":[{"embeddable":true,"href":"https:\/\/univet.hu\/hu\/wp-json\/wp\/v2\/pages\/615"}],"wp:attachment":[{"href":"https:\/\/univet.hu\/hu\/wp-json\/wp\/v2\/media?parent=64702"}],"wp:term":[{"taxonomy":"category","embeddable":true,"href":"https:\/\/univet.hu\/hu\/wp-json\/wp\/v2\/categories?post=64702"},{"taxonomy":"post_tag","embeddable":true,"href":"https:\/\/univet.hu\/hu\/wp-json\/wp\/v2\/tags?post=64702"}],"curies":[{"name":"wp","href":"https:\/\/api.w.org\/{rel}","templated":true}]}}