{"id":64727,"date":"2021-06-01T11:25:24","date_gmt":"2021-06-01T09:25:24","guid":{"rendered":"https:\/\/univet.hu\/hu\/kutatas\/deokfii\/tevekenyseg\/ujonnan-felmerulo-kockazatok-azonositasa\/a-kozelmultban-detektalt-kockazatok-es-jelzesek\/name\/"},"modified":"2021-06-01T11:26:52","modified_gmt":"2021-06-01T09:26:52","slug":"echinococcus-multilocularis-elelmiszereken","status":"publish","type":"page","link":"https:\/\/univet.hu\/hu\/kutatas\/deokfii\/tevekenyseg\/ujonnan-felmerulo-kockazatok-azonositasa\/a-kozelmultban-detektalt-kockazatok-es-jelzesek\/echinococcus-multilocularis-elelmiszereken\/","title":{"rendered":"Echinococcus multilocularis \u00e9lelmiszereken"},"content":{"rendered":"<p>&nbsp;<\/p> <p>Az <em>Echinococcus multilocularis<\/em> nev\u0171 parazita galandf\u00e9reg els\u0151dleges \u00e9s v\u00e9gleges gazd\u00e1i a r\u00f3kaf\u00e9l\u00e9k \u00e9s kutyaf\u00e9l\u00e9k k\u00f6z\u00e9 tartoz\u00f3 \u00e1llatok, k\u00f6ztes gazdak\u00e9nt azonban az emberben is el\u0151fordulhatnak, hal\u00e1los alveol\u00e1ris echinococcosist okozva. Fert\u0151z\u00f6tt \u00e1llattal val\u00f3 kontakt, vagy a pet\u00e9kkel fert\u0151z\u00f6tt \u00e9lelmiszer fogyaszt\u00e1s\u00e1val ker\u00fclhetnek az emberi szervezetbe, tipikusan a m\u00e1jban prolifer\u00e1l\u00f3d\u00f3 l\u00e1rva \u00e1llapottal. Hossz\u00fa \u00e9s \u00e1ltal\u00e1ban t\u00fcnetmentes inkub\u00e1ci\u00f3s id\u0151 (5-15 \u00e9v) jellemzi, ez\u00e9rt neh\u00e9z a fert\u0151z\u00e9s forr\u00e1s\u00e1nak nyomonk\u00f6vet\u00e9se.<\/p> <p>2015 k\u00f6rny\u00e9k\u00e9n bizony\u00edtottan n\u00f6vekedett az el\u0151fordul\u00e1s a r\u00f3k\u00e1k sikeres veszetts\u00e9g elleni vakcin\u00e1z\u00e1s\u00e1nak hat\u00e1s\u00e1ra. Az \u00e1llatok \u00fcr\u00fcl\u00e9k\u00e9vel a pet\u00e9k a talajk\u00f6zeli bogy\u00f3s gy\u00fcm\u00f6lcs\u00f6kre, z\u00f6lds\u00e9gekre, gomb\u00e1kra ker\u00fclnek \u00e9s ak\u00e1r egy \u00e9vig fert\u0151z\u0151k\u00e9pesek maradnak (l\u00e1sd <a href=\"https:\/\/www.sciencedirect.com\/science\/article\/pii\/S2213224416300244?via%3Dihub\" target=\"_blank\" rel=\"noopener\">itt<\/a> \u00e9s <a href=\"https:\/\/pubmed.ncbi.nlm.nih.gov\/26208943\/\" target=\"_blank\" rel=\"noopener\">itt<\/a>).<\/p> <p>Az \u00e1llatok fert\u0151z\u00f6tts\u00e9g\u00e9nek monitoroz\u00e1s\u00e1ra v\u00e9dekez\u00e9s c\u00e9lj\u00e1b\u00f3l a kor\u00e1bban hat\u00e1lyban l\u00e9v\u0151 rendelet kieg\u00e9sz\u00edt\u00e9sre ker\u00fclt (<a href=\"https:\/\/eur-lex.europa.eu\/legal-content\/HU\/TXT\/PDF\/?uri=CELEX:32018R0772&amp;from=EN\" target=\"_blank\" rel=\"noopener\">(EU) 2018\/772<\/a>), azonban annak ismeret\u00e9ben, hogy a talajk\u00f6zeli \u00e9lelmiszerek is a fert\u0151z\u00e9s forr\u00e1sai lehetnek, a talajk\u00f6zeli bogy\u00f3s gy\u00fcm\u00f6lcs\u00f6k, z\u00f6lds\u00e9gek, gomb\u00e1k fokozottabb hat\u00f3s\u00e1gi monitoroz\u00e1sa is megfontoland\u00f3.<\/p> <p><a href=\"#_ftnref1\" name=\"_ftn1\"><\/a><\/p>","protected":false},"excerpt":{"rendered":"<p>&nbsp; Az Echinococcus multilocularis nev\u0171 parazita galandf\u00e9reg els\u0151dleges \u00e9s v\u00e9gleges gazd\u00e1i a r\u00f3kaf\u00e9l\u00e9k \u00e9s kutyaf\u00e9l\u00e9k k\u00f6z\u00e9 tartoz\u00f3 \u00e1llatok, k\u00f6ztes gazdak\u00e9nt azonban az emberben is el\u0151fordulhatnak, hal\u00e1los alveol\u00e1ris echinococcosist okozva. Fert\u0151z\u00f6tt \u00e1llattal val\u00f3 kontakt, vagy a pet\u00e9kkel fert\u0151z\u00f6tt \u00e9lelmiszer fogyaszt\u00e1s\u00e1val ker\u00fclhetnek az emberi szervezetbe, tipikusan a m\u00e1jban prolifer\u00e1l\u00f3d\u00f3 l\u00e1rva \u00e1llapottal. Hossz\u00fa \u00e9s \u00e1ltal\u00e1ban t\u00fcnetmentes inkub\u00e1ci\u00f3s id\u0151<\/p>\n","protected":false},"author":3268,"featured_media":0,"parent":58752,"menu_order":0,"comment_status":"open","ping_status":"open","template":"","meta":{"_acf_changed":false,"footnotes":""},"categories":[],"tags":[],"class_list":["post-64727","page","type-page","status-publish","hentry"],"acf":[],"_links":{"self":[{"href":"https:\/\/univet.hu\/hu\/wp-json\/wp\/v2\/pages\/64727","targetHints":{"allow":["GET"]}}],"collection":[{"href":"https:\/\/univet.hu\/hu\/wp-json\/wp\/v2\/pages"}],"about":[{"href":"https:\/\/univet.hu\/hu\/wp-json\/wp\/v2\/types\/page"}],"author":[{"embeddable":true,"href":"https:\/\/univet.hu\/hu\/wp-json\/wp\/v2\/users\/3268"}],"replies":[{"embeddable":true,"href":"https:\/\/univet.hu\/hu\/wp-json\/wp\/v2\/comments?post=64727"}],"version-history":[{"count":0,"href":"https:\/\/univet.hu\/hu\/wp-json\/wp\/v2\/pages\/64727\/revisions"}],"up":[{"embeddable":true,"href":"https:\/\/univet.hu\/hu\/wp-json\/wp\/v2\/pages\/58752"}],"wp:attachment":[{"href":"https:\/\/univet.hu\/hu\/wp-json\/wp\/v2\/media?parent=64727"}],"wp:term":[{"taxonomy":"category","embeddable":true,"href":"https:\/\/univet.hu\/hu\/wp-json\/wp\/v2\/categories?post=64727"},{"taxonomy":"post_tag","embeddable":true,"href":"https:\/\/univet.hu\/hu\/wp-json\/wp\/v2\/tags?post=64727"}],"curies":[{"name":"wp","href":"https:\/\/api.w.org\/{rel}","templated":true}]}}