{"id":64806,"date":"2021-06-03T11:31:33","date_gmt":"2021-06-03T09:31:33","guid":{"rendered":"https:\/\/univet.hu\/?page_id=64806"},"modified":"2021-08-05T11:48:45","modified_gmt":"2021-08-05T09:48:45","slug":"2021-22","status":"publish","type":"page","link":"https:\/\/univet.hu\/hu\/oktatas\/tanulmanyi-osztaly\/a-tanev-idobeosztasa\/2021-22\/","title":{"rendered":"2021\/22"},"content":{"rendered":"<p><a href=\"https:\/\/univet.hu\/wp-content\/uploads\/2021\/08\/2021-2022.-tan\u00e9v-id\u0151beoszt\u00e1sa.doc\">2021\/2022. tan\u00e9v id\u0151beoszt\u00e1sa<\/a><\/p>","protected":false},"excerpt":{"rendered":"<p>2021\/2022. tan\u00e9v id\u0151beoszt\u00e1sa<\/p>\n","protected":false},"author":2961,"featured_media":0,"parent":635,"menu_order":111,"comment_status":"closed","ping_status":"closed","template":"","meta":{"_acf_changed":false,"footnotes":""},"categories":[],"tags":[],"class_list":["post-64806","page","type-page","status-publish","hentry"],"acf":[],"_links":{"self":[{"href":"https:\/\/univet.hu\/hu\/wp-json\/wp\/v2\/pages\/64806","targetHints":{"allow":["GET"]}}],"collection":[{"href":"https:\/\/univet.hu\/hu\/wp-json\/wp\/v2\/pages"}],"about":[{"href":"https:\/\/univet.hu\/hu\/wp-json\/wp\/v2\/types\/page"}],"author":[{"embeddable":true,"href":"https:\/\/univet.hu\/hu\/wp-json\/wp\/v2\/users\/2961"}],"replies":[{"embeddable":true,"href":"https:\/\/univet.hu\/hu\/wp-json\/wp\/v2\/comments?post=64806"}],"version-history":[{"count":0,"href":"https:\/\/univet.hu\/hu\/wp-json\/wp\/v2\/pages\/64806\/revisions"}],"up":[{"embeddable":true,"href":"https:\/\/univet.hu\/hu\/wp-json\/wp\/v2\/pages\/635"}],"wp:attachment":[{"href":"https:\/\/univet.hu\/hu\/wp-json\/wp\/v2\/media?parent=64806"}],"wp:term":[{"taxonomy":"category","embeddable":true,"href":"https:\/\/univet.hu\/hu\/wp-json\/wp\/v2\/categories?post=64806"},{"taxonomy":"post_tag","embeddable":true,"href":"https:\/\/univet.hu\/hu\/wp-json\/wp\/v2\/tags?post=64806"}],"curies":[{"name":"wp","href":"https:\/\/api.w.org\/{rel}","templated":true}]}}