{"id":65223,"date":"2021-06-25T10:51:39","date_gmt":"2021-06-25T08:51:39","guid":{"rendered":"https:\/\/univet.hu\/hu\/kutatas\/deokfii\/tevekenyseg\/ujonnan-felmerulo-kockazatok-azonositasa\/a-kozelmultban-detektalt-kockazatok-es-jelzesek\/name\/"},"modified":"2021-06-25T10:57:40","modified_gmt":"2021-06-25T08:57:40","slug":"vsbv-1-mokusok-altal-terjesztett-zoonotikus-bornavirus-1-torzs","status":"publish","type":"page","link":"https:\/\/univet.hu\/hu\/kutatas\/deokfii\/tevekenyseg\/ujonnan-felmerulo-kockazatok-azonositasa\/a-kozelmultban-detektalt-kockazatok-es-jelzesek\/vsbv-1-mokusok-altal-terjesztett-zoonotikus-bornavirus-1-torzs\/","title":{"rendered":"VSBV-1 &#8211; M\u00f3kusok \u00e1ltal terjesztett zoonotikus bornav\u00edrus 1 t\u00f6rzs"},"content":{"rendered":"<p>2011 \u00e9s 2013 k\u00f6z\u00f6tt N\u00e9metorsz\u00e1gban 3 amerikai v\u00e1ltoz\u00e9konym\u00f3kus (<em>Sciurus variegatoides<\/em>) teny\u00e9szt\u0151 halt meg agyvel\u0151gyullad\u00e1sban, ennek kapcs\u00e1n <a href=\"https:\/\/www.nejm.org\/doi\/full\/10.1056\/nejmoa1415627\" target=\"_blank\" rel=\"noopener\">fedezt\u00e9k fel<\/a> a bornav\u00edrus 1 \u00faj t\u00f6rzs\u00e9t (Variegated squirrel bornavirus 1, VSBV-1), mely kimutathat\u00f3 volt az \u00e1llatokb\u00f3l \u00e9s az emberekb\u0151l egyar\u00e1nt.<\/p> <p>A v\u00edrust\u00f6rzs genetikailag k\u00f6zel \u00e1ll az eml\u0151s bornav\u00edrus 1-hez, ami t\u00f6bbf\u00e9le eml\u0151sfajt fert\u0151z. A terjed\u00e9s m\u00f3dja egyel\u0151re ismeretlen, k\u00f6zvetlen terjed\u00e9s (karmol\u00e1s, harap\u00e1s) a legval\u00f3sz\u00edn\u0171bb.<\/p> <p>A negyedik 2013-as hal\u00e1lesetet (agy- \u00e9s gerincvel\u0151gyullad\u00e1s) <a href=\"https:\/\/wwwnc.cdc.gov\/eid\/article\/24\/6\/17-2027_article#r9\" target=\"_blank\" rel=\"noopener\">retrospekt\u00edv kutat\u00e1ssal<\/a>, 2018-ban siker\u00fclt egy \u00e1llatkerti gondoz\u00f3 Prevost-m\u00f3kust\u00f3l (<em>Callosciurus prevostii<\/em>) sz\u00e1rmaz\u00f3 VSBV-1 fert\u0151z\u00e9s\u00e9hez k\u00f6tni.<\/p> <p>Egy N\u00e9metorsz\u00e1gban \u00e9s Hollandi\u00e1ban, 468 m\u00f3kuson (14 m\u00f3kusfaj) v\u00e9gzett 2017-es <a href=\"https:\/\/wwwnc.cdc.gov\/eid\/article\/23\/3\/16-1061_article\" target=\"_blank\" rel=\"noopener\">kutat\u00e1s<\/a> 11 esetben mutatott VSBV-1 pozitivit\u00e1st, ebb\u0151l 6 v\u00e1ltoz\u00e9konym\u00f3kus \u00e9s 5 Prevost-m\u00f3kus volt. A v\u00edrus egyik \u00e1llat eset\u00e9n sem okozott t\u00fcneteket.<\/p> <p>Egy szint\u00e9n 2017-es <a href=\"https:\/\/pubmed.ncbi.nlm.nih.gov\/28593419\/\" target=\"_blank\" rel=\"noopener\">screening vizsg\u00e1lat<\/a> 328 \u00e1llatb\u00f3l 16 esetben mutatta ki a v\u00edrust, ebb\u0151l 15 N\u00e9metorsz\u00e1ghoz, 1 eset Horv\u00e1torsz\u00e1ghoz k\u00f6thet\u0151. A pozit\u00edv esetek 4 m\u00f3kusfajb\u00f3l sz\u00e1rmaztak: <em>Callosciurus prevostii<\/em> (Prevost-m\u00f3kus), <em>Callosciurus finlaysonii<\/em> (Finlayson m\u00f3kus), <em>Tamiops swinhoei<\/em> (k\u00ednai cs\u00edkosm\u00f3kus, vagy fam\u00f3kus), valamint <em>Sciurus granatensis<\/em> (v\u00f6r\u00f6sfark\u00fa m\u00f3kus).<\/p> <p>A v\u00edrussal kapcsolatban v\u00e9geztek sz\u00f6vettani, immunpatol\u00f3giai vizsg\u00e1latokat is az elm\u00falt \u00e9vekben (l\u00e1sd p\u00e9ld\u00e1ul <a href=\"https:\/\/www.nature.com\/articles\/s41598-019-47767-4\" target=\"_blank\" rel=\"noopener\">itt<\/a> \u00e9s <a href=\"https:\/\/wwwnc.cdc.gov\/eid\/article\/25\/6\/18-1082_article\" target=\"_blank\" rel=\"noopener\">itt<\/a>).<\/p> <p>Hab\u00e1r kev\u00e9s a bizony\u00edtott eset \u00e9s a jelen ismeretek szerint emberr\u0151l emberre nem terjed a betegs\u00e9g, a hal\u00e1los kimenetel miatt megfontoland\u00f3 a tov\u00e1bbi int\u00e9zked\u00e9sek megt\u00e9tele, relev\u00e1ns szervezetek t\u00e1j\u00e9koztat\u00e1sa Magyarorsz\u00e1gon is.<\/p> <p>A n\u00e9met Sz\u00f6vets\u00e9gi \u00c1llateg\u00e9szs\u00e9g\u00fcgyi Kutat\u00f3int\u00e9zet t\u00f6bbek k\u00f6z\u00f6tt az \u00f6sszes m\u00f3kus teny\u00e9szet tesztel\u00e9s\u00e9t <a href=\"https:\/\/www.openagrar.de\/servlets\/MCRFileNodeServlet\/openagrar_derivate_00020243\/Steckbrief_VSBV-1_20190212-en.pdf\" target=\"_blank\" rel=\"noopener\">aj\u00e1nlja<\/a> int\u00e9zked\u00e9sk\u00e9nt.<\/p> <p>A Public Health England <a href=\"https:\/\/assets.publishing.service.gov.uk\/government\/uploads\/system\/uploads\/attachment_data\/file\/820796\/Squirrel_Bornavirus_Risk_Assessment.pdf\" target=\"_blank\" rel=\"noopener\">kock\u00e1zatbecsl\u00e9si anyaga<\/a> a szakirodalom monitoroz\u00e1s\u00e1n t\u00fal az egzotikus \u00e1llatokkal foglalkoz\u00f3 \u00e1llatorvosok t\u00e1j\u00e9koztat\u00e1s\u00e1t javasolja.<\/p> <p><a href=\"#_ftnref1\" name=\"_ftn1\"><\/a><\/p>","protected":false},"excerpt":{"rendered":"<p>2011 \u00e9s 2013 k\u00f6z\u00f6tt N\u00e9metorsz\u00e1gban 3 amerikai v\u00e1ltoz\u00e9konym\u00f3kus (Sciurus variegatoides) teny\u00e9szt\u0151 halt meg agyvel\u0151gyullad\u00e1sban, ennek kapcs\u00e1n fedezt\u00e9k fel a bornav\u00edrus 1 \u00faj t\u00f6rzs\u00e9t (Variegated squirrel bornavirus 1, VSBV-1), mely kimutathat\u00f3 volt az \u00e1llatokb\u00f3l \u00e9s az emberekb\u0151l egyar\u00e1nt. A v\u00edrust\u00f6rzs genetikailag k\u00f6zel \u00e1ll az eml\u0151s bornav\u00edrus 1-hez, ami t\u00f6bbf\u00e9le eml\u0151sfajt fert\u0151z. A terjed\u00e9s m\u00f3dja egyel\u0151re ismeretlen,<\/p>\n","protected":false},"author":3268,"featured_media":0,"parent":58752,"menu_order":0,"comment_status":"open","ping_status":"open","template":"","meta":{"_acf_changed":false,"footnotes":""},"categories":[],"tags":[],"class_list":["post-65223","page","type-page","status-publish","hentry"],"acf":[],"_links":{"self":[{"href":"https:\/\/univet.hu\/hu\/wp-json\/wp\/v2\/pages\/65223","targetHints":{"allow":["GET"]}}],"collection":[{"href":"https:\/\/univet.hu\/hu\/wp-json\/wp\/v2\/pages"}],"about":[{"href":"https:\/\/univet.hu\/hu\/wp-json\/wp\/v2\/types\/page"}],"author":[{"embeddable":true,"href":"https:\/\/univet.hu\/hu\/wp-json\/wp\/v2\/users\/3268"}],"replies":[{"embeddable":true,"href":"https:\/\/univet.hu\/hu\/wp-json\/wp\/v2\/comments?post=65223"}],"version-history":[{"count":0,"href":"https:\/\/univet.hu\/hu\/wp-json\/wp\/v2\/pages\/65223\/revisions"}],"up":[{"embeddable":true,"href":"https:\/\/univet.hu\/hu\/wp-json\/wp\/v2\/pages\/58752"}],"wp:attachment":[{"href":"https:\/\/univet.hu\/hu\/wp-json\/wp\/v2\/media?parent=65223"}],"wp:term":[{"taxonomy":"category","embeddable":true,"href":"https:\/\/univet.hu\/hu\/wp-json\/wp\/v2\/categories?post=65223"},{"taxonomy":"post_tag","embeddable":true,"href":"https:\/\/univet.hu\/hu\/wp-json\/wp\/v2\/tags?post=65223"}],"curies":[{"name":"wp","href":"https:\/\/api.w.org\/{rel}","templated":true}]}}