{"id":65245,"date":"2021-06-29T11:44:07","date_gmt":"2021-06-29T09:44:07","guid":{"rendered":"https:\/\/univet.hu\/?page_id=65245"},"modified":"2021-09-14T13:48:05","modified_gmt":"2021-09-14T11:48:05","slug":"mat2021","status":"publish","type":"page","link":"https:\/\/univet.hu\/hu\/mat2021\/","title":{"rendered":"Magyar Anat\u00f3mus T\u00e1rsas\u00e1g 2021. \u00e9vi konferenci\u00e1ja"},"content":{"rendered":"<p><a href=\"https:\/\/univet.hu\/wp-content\/uploads\/2021\/06\/mat.png\"><img loading=\"lazy\" decoding=\"async\" class=\"alignleft size-full wp-image-65246\" src=\"https:\/\/univet.hu\/wp-content\/uploads\/2021\/06\/mat.png\" alt=\"\" width=\"140\" height=\"140\" \/><\/a><\/p> <p>&nbsp;<\/p> <p>&nbsp;<\/p> <p>&nbsp;<\/p> <p>&nbsp;<\/p> <h4>A konferencia id\u0151pontja:<\/h4> <ol start=\"2021\"> <li>szeptember 17-18.<\/li> <\/ol> <p><strong>Helysz\u00edne:<\/strong> \u00c1llatorvostudom\u00e1nyi\u00a0Egyetem, 1078-Budapest, Istv\u00e1n u. 2.<\/p> <h4><strong>Regisztr\u00e1ci\u00f3:<\/strong><\/h4> <p>Regisztr\u00e1ci\u00f3s d\u00edj: 10.000,- Ft\/f\u0151, amely mag\u00e1ban fogalja a szakmai programot, a programf\u00fczetet, a k\u00e1v\u00e9 \u00e9s \u00fcd\u00edt\u0151 fogyaszt\u00e1st, a k\u00e9tszeri b\u00fcf\u00e9-eb\u00e9det<u>,<\/u> a d\u00e9lut\u00e1ni kir\u00e1dul\u00e1st\u00a0\u00e9s fogad\u00e1st, valamint az arra val\u00f3 buszos eljut\u00e1s k\u00f6lts\u00e9geit is.<\/p> <p><strong>El\u0151zetes regisztr\u00e1ci\u00f3s hat\u00e1rid\u0151:<\/strong> 2021. j\u00falius 16.<\/p> <p>A regisztr\u00e1ci\u00f3s d\u00edjfizet\u00e9shez sz\u00fcks\u00e9ges adatokat k\u00e9s\u0151bb tessz\u00fck k\u00f6zz\u00e9.<\/p> <p><span style=\"color: #ff0000;\"><em>A regisztr\u00e1ci\u00f3 lez\u00e1rult.<\/em><\/span><\/p> <p>&nbsp;<\/p> <p style=\"margin-top: 0cm; text-align: left;\" align=\"center\"><strong><span style=\"font-size: 16.0pt; color: #1a1a1a;\">A KONGRESSZUS R\u00d6VID PROGRAMJA<\/span><\/strong><span style=\"font-size: 12.0pt; font-family: 'Times New Roman',serif;\">\u00a0<\/span><\/p> <p><span class=\"emphasis\">Szeptember 17. p\u00e9ntek:<\/span><\/p> <p>8:00 \u2013 Regisztr\u00e1ci\u00f3, \u00c1llatorvostudom\u00e1nyi Egyetem, Campus<\/p> <p><strong>9:00 \u2013 Megnyit\u00f3<\/strong><\/p> <p><strong>9:15 \u2013 Tudom\u00e1nyos kerekasztal besz\u00e9lget\u00e9s az anat\u00f3mia int\u00e9zetek oktat\u00e1si tapasztalatair\u00f3l a pand\u00e9mia idej\u00e9n<\/strong><\/p> <p><strong>10:30 \u2013 El\u0151ad\u00e1sok I.<\/strong><\/p> <p><strong>12:00 \u2013 A Lenhoss\u00e9k-D\u00edj \u00e1tad\u00e1sa \u00e9s a d\u00edjaztott el\u0151ad\u00e1sa<\/strong><\/p> <p>12:15 \u2013 K\u00e1v\u00e9sz\u00fcnet \u00e9s szendvicseb\u00e9d<\/p> <p><strong>12:30 \u2013 Poszter szekci\u00f3<\/strong><\/p> <p>14:00 \u2013 Indul\u00e1s busszal \u00dcll\u0151re<\/p> <p><strong>14:30 \u2013 Kultur\u00e1lis program \u00d3cs\u00e1n, illetve K\u00f6z\u00e9p-Eur\u00f3pa legmodernebb L\u00f3gy\u00f3gy\u00e1szati Klinik\u00e1j\u00e1nak megtekint\u00e9se<\/strong><\/p> <p><strong>16:00 \u2013 Gasztron\u00f3miai \u00e9s meglepet\u00e9s program az \u00c1llatorvostudom\u00e1nyi Egyetem D\u00f3ra-majori Tangazdas\u00e1g\u00e1ban<\/strong><\/p> <p>21:00 \u2013 Visszaindul\u00e1s Budapestre busszal<\/p> <p>&nbsp;<\/p> <p><span class=\"emphasis\">Szeptember 18. szombat<\/span><\/p> <p>8:00 \u2013 Regisztr\u00e1ci\u00f3<\/p> <p><strong>8:30 \u2013 A Flerk\u00f3-B\u00e1rdos D\u00edjak \u00e1tad\u00e1sa \u00e9s a D\u00edjaztottak el\u0151ad\u00e1sai<\/strong><\/p> <p><strong>10:15 \u2013 A MAT \u00e9ves k\u00f6zgy\u0171l\u00e9se \u00e9s vezet\u0151s\u00e9gv\u00e1laszt\u00e1s<\/strong><\/p> <p><strong>11:30 \u2013 El\u0151ad\u00e1sok II.<\/strong><\/p> <p>13:00 \u2013 Z\u00e1rsz\u00f3<\/p> <p>13:15 \u2013 Szendvicseb\u00e9d<\/p> <p><a href=\"https:\/\/univet.hu\/hu\/mat2021\/reszletes-program\/\">R\u00e9szletes program\u00a0\u2192<\/a><\/p> <p><a href=\"https:\/\/univet.hu\/hu\/mat2021\/altalanos-informaciok\/\">\u00c1ltal\u00e1nos inform\u00e1ci\u00f3k\u00a0\u2192<\/a><\/p> <p>&nbsp;<\/p> <table style=\"width: 369px;\" width=\"187\"> <tbody> <tr> <td style=\"width: 359.8px;\"><strong>A MAT konferencia szervez\u0151bizotts\u00e1ga<\/strong><\/td> <\/tr> <tr> <td style=\"width: 359.8px;\"><strong>Eln\u00f6k:<\/strong> S\u00f3tonyi P\u00e9ter<\/td> <\/tr> <tr> <td style=\"width: 359.8px;\"><strong>Aleln\u00f6k:<\/strong> R\u00e1cz Bence<\/td> <\/tr> <tr> <td style=\"width: 359.8px;\"><\/td> <\/tr> <tr> <td style=\"width: 359.8px;\"><strong>Szervez\u0151bizotts\u00e1gi tagok:<\/strong><\/td> <\/tr> <tr> <td style=\"width: 359.8px;\">Halasy Katalin<\/td> <\/tr> <tr> <td style=\"width: 359.8px;\">Hazai Diana<\/td> <\/tr> <tr> <td style=\"width: 359.8px;\">Heinzlmann Andrea<\/td> <\/tr> <tr> <td style=\"width: 359.8px;\">Kapiller M\u00e1ty\u00e1s<\/td> <\/tr> <tr> <td style=\"width: 359.8px;\">Kov\u00e1ts Adrien<\/td> <\/tr> <tr> <td style=\"width: 359.8px;\">Reinitz L\u00e1szl\u00f3<\/td> <\/tr> <tr> <td style=\"width: 359.8px;\">Szalay Ferenc<\/td> <\/tr> <tr> <td style=\"width: 359.8px;\"><\/td> <\/tr> <tr> <td style=\"width: 359.8px;\"><strong>Konferencia honlap:<\/strong><\/td> <\/tr> <tr> <td style=\"width: 359.8px;\">Bulejka Alexandra<\/td> <\/tr> <\/tbody> <\/table> <table style=\"width: 375px; height: 432px;\" width=\"254\"> <tbody> <tr style=\"height: 24px;\"> <td style=\"width: 365.8px; height: 24px;\"><strong>A MAT\u00a0 vezet\u0151s\u00e9ge<\/strong><\/td> <\/tr> <tr style=\"height: 24px;\"> <td style=\"width: 365.8px; height: 24px;\"><strong>Eln\u00f6k:<\/strong> Gerber G\u00e1bor<\/td> <\/tr> <tr style=\"height: 24px;\"> <td style=\"width: 365.8px; height: 24px;\"><strong>F\u0151titk\u00e1r:<\/strong> Alp\u00e1r Al\u00e1n<\/td> <\/tr> <tr style=\"height: 24px;\"> <td style=\"width: 365.8px; height: 24px;\"><strong>P\u00e9nzt\u00e1ros:<\/strong> Tam\u00e1s Andrea<\/td> <\/tr> <tr style=\"height: 24px;\"> <td style=\"width: 365.8px; height: 24px;\"><strong>P\u00e9nzt\u00e1ros ellen\u0151r:<\/strong> Wolf Ervin<\/td> <\/tr> <tr style=\"height: 24px;\"> <td style=\"width: 365.8px; height: 24px;\"><\/td> <\/tr> <tr style=\"height: 24px;\"> <td style=\"width: 365.8px; height: 24px;\"><strong>Hivatalb\u00f3l tagok (int\u00e9zetigazgat\u00f3k):<\/strong><\/td> <\/tr> <tr style=\"height: 24px;\"> <td style=\"width: 365.8px; height: 24px;\">N\u00f3gr\u00e1di Antal \u2013 SZTE<\/td> <\/tr> <tr style=\"height: 24px;\"> <td style=\"width: 365.8px; height: 24px;\">Regl\u0151di\u00a0D\u00f3ra \u2013 PTE<\/td> <\/tr> <tr style=\"height: 24px;\"> <td style=\"width: 365.8px; height: 24px;\">S\u00f3tonyi P\u00e9ter \u2013\u00a0\u00c1TE<\/td> <\/tr> <tr style=\"height: 24px;\"> <td style=\"width: 365.8px; height: 24px;\">Alp\u00e1r Al\u00e1n \u2013 SE<\/td> <\/tr> <tr style=\"height: 24px;\"> <td style=\"width: 365.8px; height: 24px;\">Sz\u0171cs\u00a0P\u00e9ter \u2013\u00a0DTE<\/td> <\/tr> <tr style=\"height: 24px;\"> <td style=\"width: 365.8px; height: 24px;\"><\/td> <\/tr> <tr style=\"height: 24px;\"> <td style=\"width: 365.8px; height: 24px;\"><strong>V\u00e1lasztott tagok:<\/strong><\/td> <\/tr> <tr style=\"height: 24px;\"> <td style=\"width: 365.8px; height: 24px;\">Dob\u00f3 Endre<\/td> <\/tr> <tr style=\"height: 24px;\"> <td style=\"width: 365.8px; height: 24px;\">Heinzlmann Andrea<\/td> <\/tr> <tr style=\"height: 24px;\"> <td style=\"width: 365.8px; height: 24px;\">Kisv\u00e1rday Zolt\u00e1n<\/td> <\/tr> <tr style=\"height: 24px;\"> <td style=\"width: 365.8px; height: 24px;\">Sz\u00e9kely Andrea Dorottya<\/td> <\/tr> <\/tbody> <\/table> <p>&nbsp;<\/p> <p><strong>Tov\u00e1bbi inform\u00e1ci\u00f3:\u00a006-1-478-4225 illetve a\u00a0<a class=\"decrypt\" rel=\"nbu3132Avojwfu\/iv\" href=\"javascript:void(0);\">[Kattintson az emailc\u00edmhez]<\/a>\u00a0email c\u00edmen.<\/strong><\/p> <p>&nbsp;<\/p> <h4><strong>Sz\u00e1ll\u00e1s<\/strong><\/h4> <p><a href=\"https:\/\/univet.hu\/wp-content\/uploads\/2021\/07\/star-city-hotel-exterior-2-1920x1080.jpg\"><img loading=\"lazy\" decoding=\"async\" class=\"alignleft size-thumbnail wp-image-66099\" src=\"https:\/\/univet.hu\/wp-content\/uploads\/2021\/07\/star-city-hotel-exterior-2-1920x1080-320x320.jpg\" alt=\"\" width=\"320\" height=\"320\" srcset=\"https:\/\/univet.hu\/wp-content\/uploads\/2021\/07\/star-city-hotel-exterior-2-1920x1080-320x320.jpg 320w, https:\/\/univet.hu\/wp-content\/uploads\/2021\/07\/star-city-hotel-exterior-2-1920x1080-640x640.jpg 640w\" sizes=\"auto, (max-width: 320px) 100vw, 320px\" \/><\/a>Az egyetem k\u00f6zel\u00e9ben tal\u00e1lhat\u00f3 sz\u00e1llod\u00e1kat javasoljuk a r\u00e9sztvev\u0151knek, amelyek 35%-os kedvezm\u00e9nyt biztos\u00edtanak a konferencia idej\u00e9re.<\/p> <p>&nbsp;<\/p> <p><strong>Baross City Hotel:<\/strong><\/p> <p><a href=\"https:\/\/reservations.travelclick.com\/107146?RatePlanId=2960552&amp;&amp;discount=MAT2021\" target=\"_blank\" rel=\"noopener\">Kedvezm\u00e9nyes szoba foglal\u00e1sa<\/a><\/p> <p>&nbsp;<\/p> <p><strong>Star City Hotel:<\/strong><\/p> <p><a href=\"https:\/\/reservations.travelclick.com\/107037?RatePlanId=2964018&amp;&amp;discount=MAT2021\" target=\"_blank\" rel=\"noopener\">Kedvezm\u00e9nyes szoba foglal\u00e1sa<\/a><\/p>","protected":false},"excerpt":{"rendered":"<p>&nbsp; &nbsp; &nbsp; &nbsp; A konferencia id\u0151pontja: szeptember 17-18. Helysz\u00edne: \u00c1llatorvostudom\u00e1nyi\u00a0Egyetem, 1078-Budapest, Istv\u00e1n u. 2. Regisztr\u00e1ci\u00f3: Regisztr\u00e1ci\u00f3s d\u00edj: 10.000,- Ft\/f\u0151, amely mag\u00e1ban fogalja a szakmai programot, a programf\u00fczetet, a k\u00e1v\u00e9 \u00e9s \u00fcd\u00edt\u0151 fogyaszt\u00e1st, a k\u00e9tszeri b\u00fcf\u00e9-eb\u00e9det, a d\u00e9lut\u00e1ni kir\u00e1dul\u00e1st\u00a0\u00e9s fogad\u00e1st, valamint az arra val\u00f3 buszos eljut\u00e1s k\u00f6lts\u00e9geit is. El\u0151zetes regisztr\u00e1ci\u00f3s hat\u00e1rid\u0151: 2021. j\u00falius 16. A<\/p>\n","protected":false},"author":2518,"featured_media":0,"parent":0,"menu_order":0,"comment_status":"closed","ping_status":"closed","template":"","meta":{"_acf_changed":false,"footnotes":""},"categories":[],"tags":[],"class_list":["post-65245","page","type-page","status-publish","hentry"],"acf":[],"_links":{"self":[{"href":"https:\/\/univet.hu\/hu\/wp-json\/wp\/v2\/pages\/65245","targetHints":{"allow":["GET"]}}],"collection":[{"href":"https:\/\/univet.hu\/hu\/wp-json\/wp\/v2\/pages"}],"about":[{"href":"https:\/\/univet.hu\/hu\/wp-json\/wp\/v2\/types\/page"}],"author":[{"embeddable":true,"href":"https:\/\/univet.hu\/hu\/wp-json\/wp\/v2\/users\/2518"}],"replies":[{"embeddable":true,"href":"https:\/\/univet.hu\/hu\/wp-json\/wp\/v2\/comments?post=65245"}],"version-history":[{"count":0,"href":"https:\/\/univet.hu\/hu\/wp-json\/wp\/v2\/pages\/65245\/revisions"}],"wp:attachment":[{"href":"https:\/\/univet.hu\/hu\/wp-json\/wp\/v2\/media?parent=65245"}],"wp:term":[{"taxonomy":"category","embeddable":true,"href":"https:\/\/univet.hu\/hu\/wp-json\/wp\/v2\/categories?post=65245"},{"taxonomy":"post_tag","embeddable":true,"href":"https:\/\/univet.hu\/hu\/wp-json\/wp\/v2\/tags?post=65245"}],"curies":[{"name":"wp","href":"https:\/\/api.w.org\/{rel}","templated":true}]}}