{"id":65293,"date":"2021-07-01T08:21:55","date_gmt":"2021-07-01T06:21:55","guid":{"rendered":"https:\/\/univet.hu\/?page_id=65293"},"modified":"2026-02-10T03:58:31","modified_gmt":"2026-02-10T02:58:31","slug":"tenk-miklos","status":"publish","type":"page","link":"https:\/\/univet.hu\/hu\/egyetem\/munkatarsak\/tenk-miklos\/","title":{"rendered":"Tenk Mikl\u00f3s"},"content":{"rendered":"<p><strong>\u00a0\u00a0 \u00a0 \u00a0 \u00a0 \u00a0 \u00a0 \u00a0 \u00a0 \u00a0 \u00a0 \u00a0 \u00a0 \u00a0 \u00a0 \u00a0 \u00a0 \u00a0 \u00a0 \u00a0 \u00a0 \u00a0 \u00a0 \u00a0 \u00a0 \u00a0 \u00a0 \u00a0 \u00a0 \u00a0 \u00a0 \u00a0 \u00a0 \u00a0 \u00a0 \u00a0 \u00a0 \u00a0 \u00a0 \u00a0 \u00a0 \u00a0 \u00a0 \u00a0 \u00a0 \u00a0 \u00a0 \u00a0\u00a0 <span style=\"font-size: 14pt\">Bemutatkoz\u00e1s<\/span><\/strong><\/p> <p>Dr. Tenk Mikl\u00f3s 1993-ban kapott oklevelet az \u00c1llatorvostudom\u00e1nyi Egyetemen. A v\u00e9gz\u00e9s ut\u00e1n a Sz\u00fcl\u00e9szeti \u00e9s Szaporod\u00e1sbiol\u00f3giai Tansz\u00e9ken helyezkedett el, majd 1995-ben az Orsz\u00e1gos \u00c1llateg\u00e9szs\u00e9g\u00fcgyi Int\u00e9zetben kezdett el dolgozni, ahol sz\u00e1mos szakter\u00fclet diagnosztikai m\u00f3dszereit saj\u00e1t\u00edtotta el. Munkahelye a Bakteriol\u00f3giai Oszt\u00e1ly lett, ahol a rutin diagnosztika mellett f\u0151leg Mycoplasm\u00e1kkal dolgozott.<\/p> <p>PhD munk\u00e1j\u00e1t az MTA \u00c1llatorvostudom\u00e1nyi Kutat\u00f3int\u00e9zet\u00e9ben v\u00e9gezte. Doktori fokozatot 2005-ben, az \u201eExamination of Mycoplasma bovis infection in cattle\u201d c\u00edm\u0171 dolgozat\u00e1val szerzett.<\/p> <p>A Ceva-Phylaxi\u00e1ba 2006-ban vett\u00e9k fel, K+F csoportvezet\u0151k\u00e9nt, ahol bakteriol\u00f3giai vakcin\u00e1k fejleszt\u00e9s\u00e9nek ir\u00e1ny\u00edt\u00e1sa \u00e9s fel\u00fcgyelete, bakteriol\u00f3giai K+F projektek tervez\u00e9se \u00e9s technikai megval\u00f3s\u00edt\u00e1sa volt a f\u0151 feladata.<\/p> <p>A Mikrolab Laborat\u00f3riumi Kft-n\u00e9l K+F felel\u0151sk\u00e9nt dolgozott 2020 szeptember 1. \u00e9s 2021 j\u00fanius 30. k\u00f6z\u00f6tt.<\/p> <p>Az \u00c1llatorvostudom\u00e1nyi Egyetem J\u00e1rv\u00e1nytani \u00e9s Mikrobiol\u00f3giai Tansz\u00e9k\u00e9t 2021. j\u00falius 1-t\u0151l vezeti.<\/p> <p><strong>F\u0151bb kutat\u00e1si ter\u00fcletek:<\/strong><\/p> <ul> <li>A k\u00e9r\u0151dz\u0151k-, sert\u00e9s- \u00e9s baromfi mycoplasmosisai<\/li> <li>A baromfi- \u00e9s sert\u00e9s salmonellosisai<\/li> <li>A sert\u00e9sek egyes bakteri\u00e1lis k\u00f3roktan\u00fa l\u00e9gz\u0151szervi megbeteged\u00e9sei<\/li> <li>Vakcinafejleszt\u00e9s<\/li> <\/ul> <p><strong>El\u0151rehalad\u00e1s<\/strong><\/p> <table style=\"height: 218px\" width=\"981\"> <tbody> <tr style=\"height: 26px\"> <td style=\"width: 132.067px;text-align: center;height: 26px\"><strong>Munkahelyek<\/strong><\/td> <td style=\"width: 665px;text-align: center;height: 26px\"><strong>Int\u00e9zm\u00e9ny neve<\/strong><\/td> <td style=\"width: 163.533px;text-align: center;height: 26px\"><strong>beoszt\u00e1s<\/strong><\/td> <\/tr> <tr style=\"height: 26px\"> <td style=\"width: 132.067px;height: 26px;text-align: center\">2021.07.01.<\/td> <td style=\"width: 665px;height: 26px;text-align: center\">\u00c1llatorvostudom\u00e1nyi Egyetem, J\u00e1rv\u00e1nytani \u00e9s Mikrobiol\u00f3giai Tansz\u00e9k<\/td> <td style=\"width: 163.533px;height: 26px;text-align: center\">Tansz\u00e9kvezet\u0151<\/td> <\/tr> <tr style=\"height: 26px\"> <td style=\"width: 132.067px;height: 26px;text-align: center\">2020.09.-2021.06.<\/td> <td style=\"width: 665px;height: 26px;text-align: center\">Mikrolab Kft.<\/td> <td style=\"width: 163.533px;height: 26px;text-align: center\">K+F vezet\u0151<\/td> <\/tr> <tr style=\"height: 26px\"> <td style=\"width: 132.067px;height: 26px;text-align: center\">2016\u20132020<\/td> <td style=\"width: 665px;height: 26px;text-align: center\"> <p>Ceva-Phylaxia Zrt.<\/p> <p>Glob\u00e1lis Biol\u00f3giai Kutat\u00e1s-Fejleszt\u00e9s<\/td> <td style=\"width: 163.533px;height: 26px;text-align: center\">Bakteriol\u00f3giai Integr\u00e1lt Fejleszt\u00e9si Egys\u00e9g Menedzser<\/td> <\/tr> <tr style=\"height: 26px\"> <td style=\"width: 132.067px;height: 26px;text-align: center\">2008-2016<\/td> <td style=\"width: 665px;height: 26px;text-align: center\"> <p>Ceva-Phylaxia Zrt.<\/p> <p>Glob\u00e1lis Biol\u00f3giai Kutat\u00e1s-Fejleszt\u00e9s<\/td> <td style=\"width: 163.533px;height: 26px;text-align: center\">Bakteriol\u00f3giai Integr\u00e1lt Fejleszt\u00e9si Egys\u00e9g Vezet\u0151<\/td> <\/tr> <tr style=\"height: 26px\"> <td style=\"width: 132.067px;height: 26px;text-align: center\">2006-2008<\/td> <td style=\"width: 665px;height: 26px;text-align: center\"> <p>Ceva-Phylaxia Zrt.<\/p> <p>Glob\u00e1lis Biol\u00f3giai Kutat\u00e1s-Fejleszt\u00e9s<\/td> <td style=\"width: 163.533px;height: 26px;text-align: center\">Bakteriol\u00f3giai Laborat\u00f3rium Vezet\u0151<\/td> <\/tr> <tr style=\"height: 26px\"> <td style=\"width: 132.067px;height: 26px;text-align: center\">1998-2001<\/td> <td style=\"width: 665px;height: 26px;text-align: center\"> <table style=\"height: 56px\" width=\"665\"> <tbody> <tr style=\"height: 56px\"> <td style=\"height: 56px;width: 655.8px\">MTA \u00c1llatorvostudom\u00e1nyi Kutat\u00f3int\u00e9zete<\/td> <\/tr> <\/tbody> <\/table> <\/td> <td style=\"width: 163.533px;height: 26px;text-align: center\">PhD-hallgat\u00f3<\/td> <\/tr> <tr style=\"height: 10px\"> <td style=\"width: 132.067px;height: 10px;text-align: center\">1995-2006<\/td> <td style=\"width: 665px;height: 10px;text-align: center\">Orsz\u00e1gos \u00c1llateg\u00e9szs\u00e9g\u00fcgyi Int\u00e9zet<\/td> <td style=\"width: 163.533px;height: 10px;text-align: center\">Laborat\u00f3riumi \u00e1llatorvos, bakteriol\u00f3gus<\/td> <\/tr> <tr style=\"height: 26px\"> <td style=\"width: 132.067px;height: 26px;text-align: center\">1993-1994<\/td> <td style=\"width: 665px;height: 26px;text-align: center\">\u00c1llatorvostudom\u00e1nyi Egyetem, Sz\u00fcl\u00e9szeti \u00e9s Szaporod\u00e1sbiol\u00f3giai Tansz\u00e9k<\/td> <td style=\"width: 163.533px;height: 26px;text-align: center\">Gyakornok, tansz\u00e9ki \u00e1llatorvos<\/td> <\/tr> <\/tbody> <\/table> <p>&nbsp;<\/p> <p><strong>Szakmai szervezeti tags\u00e1g<\/strong><\/p> <p>&nbsp;<\/p> <table style=\"height: 209px;width: 970px\" width=\"500\"> <tbody> <tr style=\"height: 25px\"> <td style=\"width: 525.783px;text-align: center;height: 25px\"><strong>Bizotts\u00e1g neve<\/strong><\/td> <td style=\"width: 129.633px;text-align: center;height: 25px\"><strong>Id\u0151<\/strong><\/td> <td style=\"width: 294.183px;text-align: center;height: 25px\"><strong>Tiszts\u00e9g<\/strong><\/td> <\/tr> <tr style=\"height: 25px\"> <td style=\"width: 525.783px;text-align: center;height: 25px\">EAPHM (European Association for Porcine Health Management)<\/td> <td style=\"width: 129.633px;text-align: center;height: 25px\">2014<\/td> <td style=\"width: 294.183px;text-align: center;height: 25px\">tag<\/td> <\/tr> <tr style=\"height: 25px\"> <td style=\"width: 525.783px;text-align: center;height: 25px\">Magyar Baromfieg\u00e9szs\u00e9g\u00fcgyi T\u00e1rsas\u00e1g<\/td> <td style=\"width: 129.633px;text-align: center;height: 25px\">1996<\/td> <td style=\"width: 294.183px;text-align: center;height: 25px\">tag<\/td> <\/tr> <tr style=\"height: 25px\"> <td style=\"width: 525.783px;text-align: center;height: 25px\">REA<\/td> <td style=\"width: 129.633px;text-align: center;height: 25px\">2013<\/td> <td style=\"width: 294.183px;text-align: center;height: 25px\">szak\u00e9rt\u0151<\/td> <\/tr> <tr style=\"height: 25px\"> <td style=\"width: 525.783px;height: 25px\"><\/td> <td style=\"width: 129.633px;height: 25px\"><\/td> <td style=\"width: 294.183px;height: 25px\"><\/td> <\/tr> <\/tbody> <\/table> <p>&nbsp;<\/p> <p><strong>Eddigi szakdolgozat\/TDK hallgat\u00f3k sz\u00e1ma:<\/strong><\/p> <p><strong>\u00a0\u00a0\u00a0\u00a0\u00a0\u00a0\u00a0\u00a0\u00a0\u00a0\u00a0\u00a0\u00a0\u00a0\u00a0\u00a0\u00a0\u00a0\u00a0\u00a0\u00a0\u00a0\u00a0\u00a0\u00a0\u00a0\u00a0\u00a0\u00a0\u00a0\u00a0\u00a0\u00a0\u00a0\u00a0\u00a0\u00a0\u00a0\u00a0\u00a0\u00a0\u00a0\u00a0\u00a0\u00a0\u00a0\u00a0\u00a0\u00a0\u00a0\u00a0\u00a0\u00a0\u00a0\u00a0\u00a0\u00a0\u00a0\u00a0\u00a0\u00a0\u00a0\u00a0\u00a0\u00a0\u00a0\u00a0 Publik\u00e1ci\u00f3s lista (Top10)<\/strong><\/p> <p>MTMT:\u00a0 <a href=\"https:\/\/m2.mtmt.hu\/gui2\/?type=authors&amp;mode=browse&amp;sel=10023011\">https:\/\/m2.mtmt.hu\/gui2\/?type=authors&amp;mode=browse&amp;sel=10023011<\/a><\/p> <p><strong>Szabadalom:<\/strong><\/p> <p>Thevenon, J\u00e9r\u00f4me, Mis\u00e1k Ferenc, <a href=\"https:\/\/m2.mtmt.hu\/api\/author\/10023011\">Tenk Mikl\u00f3s<\/a>: NOVEL <a href=\"https:\/\/m2.mtmt.hu\/api\/publication\/31877577\">VETERINARY VACCINE<\/a>. US2015174240A1, USA szabadalom<\/p> <p>&nbsp;<\/p>","protected":false},"excerpt":{"rendered":"<p>\u00a0\u00a0 \u00a0 \u00a0 \u00a0 \u00a0 \u00a0 \u00a0 \u00a0 \u00a0 \u00a0 \u00a0 \u00a0 \u00a0 \u00a0 \u00a0 \u00a0 \u00a0 \u00a0 \u00a0 \u00a0 \u00a0 \u00a0 \u00a0 \u00a0 \u00a0 \u00a0 \u00a0 \u00a0 \u00a0 \u00a0 \u00a0 \u00a0 \u00a0 \u00a0 \u00a0 \u00a0 \u00a0 \u00a0 \u00a0 \u00a0 \u00a0 \u00a0 \u00a0 \u00a0 \u00a0 \u00a0 \u00a0\u00a0 Bemutatkoz\u00e1s Dr. Tenk Mikl\u00f3s 1993-ban kapott oklevelet az<\/p>\n","protected":false},"author":5824,"featured_media":0,"parent":858,"menu_order":37,"comment_status":"closed","ping_status":"closed","template":"","meta":{"_acf_changed":false,"footnotes":""},"categories":[56],"tags":[],"class_list":["post-65293","page","type-page","status-publish","hentry","category-munkatarsak"],"acf":[],"_links":{"self":[{"href":"https:\/\/univet.hu\/hu\/wp-json\/wp\/v2\/pages\/65293","targetHints":{"allow":["GET"]}}],"collection":[{"href":"https:\/\/univet.hu\/hu\/wp-json\/wp\/v2\/pages"}],"about":[{"href":"https:\/\/univet.hu\/hu\/wp-json\/wp\/v2\/types\/page"}],"author":[{"embeddable":true,"href":"https:\/\/univet.hu\/hu\/wp-json\/wp\/v2\/users\/5824"}],"replies":[{"embeddable":true,"href":"https:\/\/univet.hu\/hu\/wp-json\/wp\/v2\/comments?post=65293"}],"version-history":[{"count":2,"href":"https:\/\/univet.hu\/hu\/wp-json\/wp\/v2\/pages\/65293\/revisions"}],"predecessor-version":[{"id":182067,"href":"https:\/\/univet.hu\/hu\/wp-json\/wp\/v2\/pages\/65293\/revisions\/182067"}],"up":[{"embeddable":true,"href":"https:\/\/univet.hu\/hu\/wp-json\/wp\/v2\/pages\/858"}],"wp:attachment":[{"href":"https:\/\/univet.hu\/hu\/wp-json\/wp\/v2\/media?parent=65293"}],"wp:term":[{"taxonomy":"category","embeddable":true,"href":"https:\/\/univet.hu\/hu\/wp-json\/wp\/v2\/categories?post=65293"},{"taxonomy":"post_tag","embeddable":true,"href":"https:\/\/univet.hu\/hu\/wp-json\/wp\/v2\/tags?post=65293"}],"curies":[{"name":"wp","href":"https:\/\/api.w.org\/{rel}","templated":true}]}}