{"id":65371,"date":"2021-07-04T14:00:39","date_gmt":"2021-07-04T12:00:39","guid":{"rendered":"https:\/\/univet.hu\/hu\/egyetem\/munkatarsak\/new-staff-member-page-3\/"},"modified":"2026-02-10T03:58:05","modified_gmt":"2026-02-10T02:58:05","slug":"kis-istvan-emil","status":"publish","type":"page","link":"https:\/\/univet.hu\/hu\/egyetem\/munkatarsak\/kis-istvan-emil\/","title":{"rendered":"Kis Istv\u00e1n Emil"},"content":{"rendered":"<p style=\"text-align: center;\"><strong><span style=\"font-size: 14pt;\" data-contrast=\"auto\">Bemutatkoz\u00e1s<\/span><\/strong><\/p> <p><span data-contrast=\"auto\">2021-ben szereztem diplom\u00e1t az \u00c1llatorvostudom\u00e1nyi Egyetemen \u00e9s a nagyon friss diplom\u00e1val a Patol\u00f3gia Tansz\u00e9ken kaptam \u00e1ll\u00e1slehet\u0151s\u00e9get. \u00c9rdekl\u0151d\u00e9si ter\u00fcleteim a nagy\u00e1llatok, de legf\u0151k\u00e9ppen a sert\u00e9sek patol\u00f3giai diagnosztik\u00e1ja, \u00e9s ezen \u00e1llatok fert\u0151z\u0151 eredet\u0171 megbeteged\u00e9seinek mikrobiol\u00f3giai diagnosztik\u00e1ja. Ennek megfelel\u0151en jelentkeztem \u00e9s jelenleg hallgat\u00f3ja vagyok a 2021 m\u00e1jus\u00e1ban startolt sert\u00e9seg\u00e9szs\u00e9g\u00fcgyi szak\u00e1llatorvos-k\u00e9pz\u00e9snek. Tov\u00e1bbi c\u00e9ljaim a szakmai munk\u00e1m sor\u00e1n a szak\u00e1llatorvosi diploma megszerz\u00e9se, a patol\u00f3giai \u00e9s k\u00f3rsz\u00f6vettani ismereteim elm\u00e9ly\u00edt\u00e9se \u00e9s a k\u00e9s\u0151bbiekben PhD-hallgat\u00f3v\u00e1 v\u00e1lni.\u00a0<\/span><span data-ccp-props=\"{&quot;201341983&quot;:0,&quot;335551550&quot;:6,&quot;335551620&quot;:6,&quot;335559739&quot;:160,&quot;335559740&quot;:240}\">\u00a0<\/span><\/p> <p><span data-ccp-props=\"{&quot;201341983&quot;:0,&quot;335551550&quot;:6,&quot;335551620&quot;:6,&quot;335559739&quot;:160,&quot;335559740&quot;:240}\">\u00a0<\/span><\/p>","protected":false},"excerpt":{"rendered":"<p>Bemutatkoz\u00e1s 2021-ben szereztem diplom\u00e1t az \u00c1llatorvostudom\u00e1nyi Egyetemen \u00e9s a nagyon friss diplom\u00e1val a Patol\u00f3gia Tansz\u00e9ken kaptam \u00e1ll\u00e1slehet\u0151s\u00e9get. \u00c9rdekl\u0151d\u00e9si ter\u00fcleteim a nagy\u00e1llatok, de legf\u0151k\u00e9ppen a sert\u00e9sek patol\u00f3giai diagnosztik\u00e1ja, \u00e9s ezen \u00e1llatok fert\u0151z\u0151 eredet\u0171 megbeteged\u00e9seinek mikrobiol\u00f3giai diagnosztik\u00e1ja. Ennek megfelel\u0151en jelentkeztem \u00e9s jelenleg hallgat\u00f3ja vagyok a 2021 m\u00e1jus\u00e1ban startolt sert\u00e9seg\u00e9szs\u00e9g\u00fcgyi szak\u00e1llatorvos-k\u00e9pz\u00e9snek. Tov\u00e1bbi c\u00e9ljaim a szakmai munk\u00e1m sor\u00e1n a<\/p>\n","protected":false},"author":5824,"featured_media":0,"parent":858,"menu_order":37,"comment_status":"open","ping_status":"open","template":"","meta":{"_acf_changed":false,"footnotes":""},"categories":[],"tags":[],"class_list":["post-65371","page","type-page","status-publish","hentry"],"acf":[],"_links":{"self":[{"href":"https:\/\/univet.hu\/hu\/wp-json\/wp\/v2\/pages\/65371","targetHints":{"allow":["GET"]}}],"collection":[{"href":"https:\/\/univet.hu\/hu\/wp-json\/wp\/v2\/pages"}],"about":[{"href":"https:\/\/univet.hu\/hu\/wp-json\/wp\/v2\/types\/page"}],"author":[{"embeddable":true,"href":"https:\/\/univet.hu\/hu\/wp-json\/wp\/v2\/users\/5824"}],"replies":[{"embeddable":true,"href":"https:\/\/univet.hu\/hu\/wp-json\/wp\/v2\/comments?post=65371"}],"version-history":[{"count":1,"href":"https:\/\/univet.hu\/hu\/wp-json\/wp\/v2\/pages\/65371\/revisions"}],"predecessor-version":[{"id":199446,"href":"https:\/\/univet.hu\/hu\/wp-json\/wp\/v2\/pages\/65371\/revisions\/199446"}],"up":[{"embeddable":true,"href":"https:\/\/univet.hu\/hu\/wp-json\/wp\/v2\/pages\/858"}],"wp:attachment":[{"href":"https:\/\/univet.hu\/hu\/wp-json\/wp\/v2\/media?parent=65371"}],"wp:term":[{"taxonomy":"category","embeddable":true,"href":"https:\/\/univet.hu\/hu\/wp-json\/wp\/v2\/categories?post=65371"},{"taxonomy":"post_tag","embeddable":true,"href":"https:\/\/univet.hu\/hu\/wp-json\/wp\/v2\/tags?post=65371"}],"curies":[{"name":"wp","href":"https:\/\/api.w.org\/{rel}","templated":true}]}}