{"id":65373,"date":"2021-07-04T14:08:38","date_gmt":"2021-07-04T12:08:38","guid":{"rendered":"https:\/\/univet.hu\/hu\/egyetem\/munkatarsak\/new-staff-member-page-3\/"},"modified":"2026-02-10T03:57:46","modified_gmt":"2026-02-10T02:57:46","slug":"csaszar-dorottya","status":"publish","type":"page","link":"https:\/\/univet.hu\/hu\/egyetem\/munkatarsak\/csaszar-dorottya\/","title":{"rendered":"Cs\u00e1sz\u00e1r Dorottya"},"content":{"rendered":"<p style=\"text-align: center\"><b><span data-contrast=\"none\"><span style=\"font-size: 14pt\">Bemutatkoz\u00e1s\u00a0<\/span>\u00a0 <\/span><\/b><\/p> <p><span data-contrast=\"none\">Tanulm\u00e1nyaimat 2015-ben kezdtem meg a Szent Istv\u00e1n Egyetem \u00c1llatorvos-tudom\u00e1nyi Kar\u00e1n, majd 2021 febru\u00e1rj\u00e1ban az \u00c1llatorvostudom\u00e1nyi Egyetemen vehettem \u00e1t \u00e1llatorvos doktor diplom\u00e1mat. A v\u00e9gz\u00e9st k\u00f6vet\u0151en a Patol\u00f3giai Tansz\u00e9ken kezdtem el dolgozni. 2021-t\u0151l veszek r\u00e9szt az \u00e1llatorvostan-hallgat\u00f3k oktat\u00e1s\u00e1ban. \u00c1ltal\u00e1nos k\u00f3rtan, patol\u00f3gia \u00e9s baromfi patol\u00f3gia gyakorlatokat tartok harmad- \u00e9s negyed\u00e9ves \u00e1llatorvostan-hallgat\u00f3knak magyar \u00e9s angol nyelven. Fontos sz\u00e1momra a folyamatos szakmai fejl\u0151d\u00e9s, a tud\u00e1s\u00e1tad\u00e1s. Terveim k\u00f6z\u00f6tt szerepel a PhD fokozat megszerz\u00e9se.<\/span><span data-ccp-props=\"{&quot;134233118&quot;:true,&quot;201341983&quot;:0,&quot;335551550&quot;:6,&quot;335551620&quot;:6,&quot;335559739&quot;:160,&quot;335559740&quot;:240}\">\u00a0<\/span><\/p>","protected":false},"excerpt":{"rendered":"<p>Bemutatkoz\u00e1s\u00a0\u00a0 Tanulm\u00e1nyaimat 2015-ben kezdtem meg a Szent Istv\u00e1n Egyetem \u00c1llatorvos-tudom\u00e1nyi Kar\u00e1n, majd 2021 febru\u00e1rj\u00e1ban az \u00c1llatorvostudom\u00e1nyi Egyetemen vehettem \u00e1t \u00e1llatorvos doktor diplom\u00e1mat. A v\u00e9gz\u00e9st k\u00f6vet\u0151en a Patol\u00f3giai Tansz\u00e9ken kezdtem el dolgozni. 2021-t\u0151l veszek r\u00e9szt az \u00e1llatorvostan-hallgat\u00f3k oktat\u00e1s\u00e1ban. \u00c1ltal\u00e1nos k\u00f3rtan, patol\u00f3gia \u00e9s baromfi patol\u00f3gia gyakorlatokat tartok harmad- \u00e9s negyed\u00e9ves \u00e1llatorvostan-hallgat\u00f3knak magyar \u00e9s angol nyelven. Fontos sz\u00e1momra<\/p>\n","protected":false},"author":5824,"featured_media":0,"parent":858,"menu_order":37,"comment_status":"open","ping_status":"open","template":"","meta":{"_acf_changed":false,"footnotes":""},"categories":[],"tags":[],"class_list":["post-65373","page","type-page","status-publish","hentry"],"acf":[],"_links":{"self":[{"href":"https:\/\/univet.hu\/hu\/wp-json\/wp\/v2\/pages\/65373","targetHints":{"allow":["GET"]}}],"collection":[{"href":"https:\/\/univet.hu\/hu\/wp-json\/wp\/v2\/pages"}],"about":[{"href":"https:\/\/univet.hu\/hu\/wp-json\/wp\/v2\/types\/page"}],"author":[{"embeddable":true,"href":"https:\/\/univet.hu\/hu\/wp-json\/wp\/v2\/users\/5824"}],"replies":[{"embeddable":true,"href":"https:\/\/univet.hu\/hu\/wp-json\/wp\/v2\/comments?post=65373"}],"version-history":[{"count":1,"href":"https:\/\/univet.hu\/hu\/wp-json\/wp\/v2\/pages\/65373\/revisions"}],"predecessor-version":[{"id":189358,"href":"https:\/\/univet.hu\/hu\/wp-json\/wp\/v2\/pages\/65373\/revisions\/189358"}],"up":[{"embeddable":true,"href":"https:\/\/univet.hu\/hu\/wp-json\/wp\/v2\/pages\/858"}],"wp:attachment":[{"href":"https:\/\/univet.hu\/hu\/wp-json\/wp\/v2\/media?parent=65373"}],"wp:term":[{"taxonomy":"category","embeddable":true,"href":"https:\/\/univet.hu\/hu\/wp-json\/wp\/v2\/categories?post=65373"},{"taxonomy":"post_tag","embeddable":true,"href":"https:\/\/univet.hu\/hu\/wp-json\/wp\/v2\/tags?post=65373"}],"curies":[{"name":"wp","href":"https:\/\/api.w.org\/{rel}","templated":true}]}}