{"id":66167,"date":"2021-07-12T16:18:50","date_gmt":"2021-07-12T14:18:50","guid":{"rendered":"https:\/\/univet.hu\/hu\/egyetem\/munkatarsak\/new-staff-member-page-3\/"},"modified":"2026-02-10T03:58:28","modified_gmt":"2026-02-10T02:58:28","slug":"szenes-aron","status":"publish","type":"page","link":"https:\/\/univet.hu\/hu\/egyetem\/munkatarsak\/szenes-aron\/","title":{"rendered":"Szenes \u00c1ron"},"content":{"rendered":"<p style=\"text-align: center;\"><b><span data-contrast=\"none\"><span style=\"font-size: 14pt;\">Bemutatkoz\u00e1s\u00a0\u00a0<\/span>\u00a0<\/span><\/b><span data-ccp-props=\"{&quot;134233118&quot;:true,&quot;201341983&quot;:0,&quot;335559739&quot;:160,&quot;335559740&quot;:240}\">\u00a0<\/span><\/p> <p><span data-contrast=\"none\">Oktat\u00e1si tev\u00e9kenys\u00e9g:\u202fdiploma- \u00e9s TDK-munk\u00e1k vezet\u00e9se (\u00e1llatorvos doktor, biol\u00f3gia \u00e9s biotechnol\u00f3gia szakokon)<\/span><span data-ccp-props=\"{&quot;134233117&quot;:true,&quot;134233118&quot;:true,&quot;201341983&quot;:0,&quot;335559740&quot;:240}\">\u00a0<\/span><\/p> <p><span data-contrast=\"none\">\u00c9rdekl\u0151d\u00e9si ter\u00fclet:\u202fv\u00e1llalati egy\u00fcttm\u0171k\u00f6d\u00e9sben megval\u00f3sul\u00f3 alkalmazott kutat\u00e1si projektek<\/span><span data-ccp-props=\"{&quot;134233117&quot;:true,&quot;134233118&quot;:true,&quot;201341983&quot;:0,&quot;335559740&quot;:240}\">\u00a0<\/span><\/p> <p><b><span data-contrast=\"none\">F\u0151bb kutat\u00e1si ter\u00fcletek:<\/span><\/b><span data-ccp-props=\"{&quot;134233118&quot;:true,&quot;201341983&quot;:0,&quot;335559739&quot;:160,&quot;335559740&quot;:240}\">\u00a0<\/span><\/p> <ul> <li data-leveltext=\"-\" data-font=\"Source Sans Pro\" data-listid=\"2\" aria-setsize=\"-1\" data-aria-posinset=\"10\" data-aria-level=\"1\"><span data-contrast=\"none\">genomika \u00e9s agr\u00e1rdigitaliz\u00e1ci\u00f3\u00a0<\/span><span data-ccp-props=\"{&quot;134233118&quot;:true,&quot;201341983&quot;:0,&quot;335559739&quot;:160,&quot;335559740&quot;:240}\">\u00a0<\/span><\/li> <\/ul> <p><b><span data-contrast=\"none\">El\u0151rehalad\u00e1s:<\/span><\/b><span data-ccp-props=\"{&quot;134233118&quot;:true,&quot;201341983&quot;:0,&quot;335559739&quot;:160,&quot;335559740&quot;:240}\">\u00a0<\/span><\/p> <p><span data-contrast=\"none\">\u00c9retts\u00e9gi:<\/span> <span data-contrast=\"none\">Benc\u00e9s Gimn\u00e1zium, Pannonhalma, 2001<\/span><span data-ccp-props=\"{&quot;134233118&quot;:true,&quot;201341983&quot;:0,&quot;335559739&quot;:160,&quot;335559740&quot;:240}\">\u00a0<\/span><\/p> <p><span data-contrast=\"none\">Fels\u0151fok\u00fa k\u00e9pz\u00e9s:\u00a0<\/span><span data-ccp-props=\"{&quot;134233118&quot;:true,&quot;201341983&quot;:0,&quot;335559739&quot;:160,&quot;335559740&quot;:240}\">\u00a0<\/span><\/p> <p><span data-contrast=\"none\">2006 biol\u00f3gus MSc, ELTE<\/span><span data-ccp-props=\"{&quot;134233118&quot;:true,&quot;201341983&quot;:0,&quot;335559739&quot;:160,&quot;335559740&quot;:240}\">\u00a0<\/span><\/p> <p><span data-contrast=\"none\">2011 biol\u00f3giatan\u00e1r MA, ELTE<\/span><span data-ccp-props=\"{&quot;134233118&quot;:true,&quot;201341983&quot;:0,&quot;335559739&quot;:160,&quot;335559740&quot;:240}\">\u00a0<\/span><\/p> <p><span data-contrast=\"none\">2016 jog\u00e1sz, ELTE<\/span><span data-ccp-props=\"{&quot;134233118&quot;:true,&quot;201341983&quot;:0,&quot;335559739&quot;:160,&quot;335559740&quot;:240}\">\u00a0<\/span><\/p> <p><span data-contrast=\"none\">2019 k\u00f6zgazd\u00e1sz MBA, BME<\/span><span data-ccp-props=\"{&quot;134233118&quot;:true,&quot;201341983&quot;:0,&quot;335559739&quot;:160,&quot;335559740&quot;:240}\">\u00a0<\/span><\/p> <p><span data-ccp-props=\"{&quot;134233118&quot;:true,&quot;201341983&quot;:0,&quot;335559739&quot;:160,&quot;335559740&quot;:240}\">\u00a0<\/span><span data-contrast=\"none\">Tudom\u00e1nyos el\u0151remenetel:\u00a0<\/span><span data-ccp-props=\"{&quot;134233118&quot;:true,&quot;201341983&quot;:0,&quot;335559739&quot;:160,&quot;335559740&quot;:240}\">\u00a0<\/span><\/p> <p><span data-contrast=\"none\">Biol\u00f3gia tudom\u00e1nyok PhD, ELTE, 2013<\/span><span data-ccp-props=\"{&quot;134233118&quot;:true,&quot;201341983&quot;:0,&quot;335559739&quot;:160,&quot;335559740&quot;:240}\">\u00a0<\/span><\/p> <p><b><\/b><b><span data-contrast=\"none\">Eddigi szakdolgozat\/TDK hallgat\u00f3k sz\u00e1ma: 3<\/span><\/b><span data-ccp-props=\"{&quot;134233118&quot;:true,&quot;201341983&quot;:0,&quot;335559739&quot;:160,&quot;335559740&quot;:240}\">\u00a0<\/span><\/p> <p><span data-contrast=\"none\">&#8211;<\/span> <span data-contrast=\"none\">2 szakdolgozatos gradu\u00e1lis hallgat\u00f3 t\u00e9mavezet\u00e9se (1 biol\u00f3gia BSc, 1 biom\u00e9rn\u00f6k MSc)<\/span><span data-ccp-props=\"{&quot;134233118&quot;:true,&quot;201341983&quot;:0,&quot;335559739&quot;:160,&quot;335559740&quot;:240}\">\u00a0<\/span><\/p> <p><span data-contrast=\"none\">&#8211;<\/span> <span data-contrast=\"none\">1 TDK dolgozat t\u00e9mavezet\u00e9se\u00a0<\/span><span data-ccp-props=\"{&quot;134233118&quot;:true,&quot;201341983&quot;:0,&quot;335559739&quot;:160,&quot;335559740&quot;:240}\">\u00a0<\/span><\/p> <p><b><span data-contrast=\"none\">Eddigi PhD hallgat\u00f3k sz\u00e1ma: 0<\/span><\/b><span data-ccp-props=\"{&quot;134233118&quot;:true,&quot;201341983&quot;:0,&quot;335559739&quot;:160,&quot;335559740&quot;:240}\">\u00a0<\/span><\/p> <p><b><span data-contrast=\"none\">Publik\u00e1ci\u00f3s lista (Top10) id\u0151rendben<\/span><\/b><span data-ccp-props=\"{&quot;134233118&quot;:true,&quot;201341983&quot;:0,&quot;335559739&quot;:160,&quot;335559740&quot;:240}\">\u00a0<\/span><\/p> <table style=\"height: 301px;\" width=\"1258\"> <tbody> <tr> <td style=\"width: 37.0333px;\">1.<\/td> <td style=\"width: 1204.97px;\"><span data-contrast=\"none\">Fekete, Zs\u00f3fia ; Kontra, Levente ; St\u00e9ger, Viktor ; Hiripi, L\u00e1szl\u00f3 ; Nagy, Tibor ; N\u00e9met, Zolt\u00e1n L\u00e1szl\u00f3 ; Szenes, \u00c1ron ; Ninausz, N\u00f3ra ; P\u00e1sztor, Adrienn ; \u00c9gerh\u00e1zi, B\u00e1lint et al. Genome wide study of wild European rabbit (Oryctolagus cuniculus) populations in Hungary In: T\u00fcnde, Pusztahelyi; Levente, Cegl\u00e9di; \u00c9va, Domonkos-Szabolcsy; Tam\u00e1s, Emri (szerk.) 4th National Conference of Young Biotechnologists Debrecen, Magyarorsz\u00e1g : Debreceni Egyetem (2020) p. 87<\/span><span data-ccp-props=\"{&quot;134233118&quot;:true,&quot;201341983&quot;:0,&quot;335559739&quot;:160,&quot;335559740&quot;:240}\">\u00a0<\/span><\/td> <\/tr> <tr> <td style=\"width: 37.0333px;\">2.<\/td> <td style=\"width: 1204.97px;\"><span data-contrast=\"none\">N\u00e9met, Z. <\/span><span data-contrast=\"none\">&#x2709;<\/span><span data-contrast=\"none\"> ; Albert, E. ; D\u00e1n, \u00c1. ; Balka, G. ; Szenes, \u00c1. ; Sipos, R. ; B\u00f3dizs, S. ; Biksi, I. Genomic analysis of staphylococcus aureus strains originating from hungarian rabbit farms reinforce the clonal origin of various virulence types ANIMALS 10 : 7 pp. 1-13. Paper: 1128 , 13 p. (2020)<\/span><span data-ccp-props=\"{&quot;134233118&quot;:true,&quot;201341983&quot;:0,&quot;335559739&quot;:160,&quot;335559740&quot;:240}\">\u00a0<\/span><\/td> <\/tr> <tr> <td style=\"width: 37.0333px;\">3.<\/td> <td style=\"width: 1204.97px;\"><span data-contrast=\"none\">Fekete, Zs\u00f3fia ; Kontra, Levente ; Nagy, Tibor ; St\u00e9ger, Viktor ; Hiripi, L\u00e1szl\u00f3 ; N\u00e9met, Zolt\u00e1n L\u00e1szl\u00f3 ; Szenes, \u00c1ron ; Frank, Kriszti\u00e1n ; Pint\u00e9r, T\u00edmea ; Schiller, M\u00e1ty\u00e1s et al. J\u00e1rv\u00e1nyos ny\u00fal enterop\u00e1tia genetikai h\u00e1tter\u00e9nek vizsg\u00e1lata teljes genom szekven\u00e1l\u00e1ssal In: Genetikai M\u0171helyek Magyarorsz\u00e1gon XVIII. Minikonferencia (2019) p. 2<\/span><span data-ccp-props=\"{&quot;134233118&quot;:true,&quot;201341983&quot;:0,&quot;335559739&quot;:160,&quot;335559740&quot;:240}\">\u00a0<\/span><\/td> <\/tr> <tr> <td style=\"width: 37.0333px;\">4.<\/td> <td style=\"width: 1204.97px;\"><span data-contrast=\"none\">\u00c1ron, Szenes ; G\u00e1bor, P\u00e1l Mapping Hidden Potential Identity Elements by Computing the Average Discriminating Power of Individual tRNA Positions DNA RESEARCH 19 : 3 pp. 245-258. , 14 p. (2012)<\/span><span data-ccp-props=\"{&quot;134233118&quot;:true,&quot;201341983&quot;:0,&quot;335559739&quot;:160,&quot;335559740&quot;:240}\">\u00a0<\/span><\/td> <\/tr> <tr> <td style=\"width: 37.0333px;\">5.<\/td> <td style=\"width: 1204.97px;\"><span data-contrast=\"none\">Rapali, P\u00e9ter ; Szenes, \u00c1ron ; Radnai, L\u00e1szl\u00f3 ; Bakos, A ; P\u00e1l, G\u00e1bor ; Nyitray, L\u00e1szl\u00f3 DYNLL\/LC8: a light chain subunit of the dynein motor complex and beyond. FEBS JOURNAL 278 : 17 pp. 2980-2996. , 17 p. (2011)<\/span><span data-ccp-props=\"{&quot;134233118&quot;:true,&quot;201341983&quot;:0,&quot;335559739&quot;:160,&quot;335559740&quot;:240}\">\u00a0<\/span><\/td> <\/tr> <tr> <td style=\"width: 37.0333px;\">6.<\/td> <td style=\"width: 1204.97px;\"><span data-contrast=\"none\">H\u00f3di, Zsuzsa ; Rapali, P\u00e9ter ; Radnai, L\u00e1szl\u00f3 ; Moln\u00e1r, Tam\u00e1s ; Szenes, \u00c1ron ; Kardos, J\u00f3zsef ; Buday, L ; Stafford, WF ; Nyitray, L\u00e1szl\u00f3 The LC8 family of dynein light chains: Multifunctional chaperon-like proteins FEBS JOURNAL 274 pp. 106-106. Paper: B1-37 , 1 p. (2007)<\/span><span data-ccp-props=\"{&quot;134233118&quot;:true,&quot;201341983&quot;:0,&quot;335559739&quot;:160,&quot;335559740&quot;:240}\">\u00a0<\/span><\/td> <\/tr> <tr> <td style=\"width: 37.0333px;\">7.<\/td> <td style=\"width: 1204.97px;\"><span data-contrast=\"none\">Jak\u00f3, \u00c9ena ; Ittz\u00e9s, P\u00e9ter ; Szenes, \u00c1ron ; Kun, \u00c1d\u00e1m ; Szathm\u00e1ry, E\u00f6rs ; P\u00e1l, G\u00e1bor In silico detection of tRNA sequence features characteristic to aminoacyl-tRNA synthetase class membership. NUCLEIC ACIDS RESEARCH 35 : 16 pp. 5593-5609. , 17 p. (2007)<\/span><span data-ccp-props=\"{&quot;134233118&quot;:true,&quot;201341983&quot;:0,&quot;335559739&quot;:160,&quot;335559740&quot;:240}\">\u00a0<\/span><\/td> <\/tr> <\/tbody> <\/table> <p><span data-contrast=\"none\">MTMT azonos\u00edt\u00f3ja: <\/span><span data-contrast=\"none\">10020472<\/span><\/p>","protected":false},"excerpt":{"rendered":"<p>Bemutatkoz\u00e1s\u00a0\u00a0\u00a0\u00a0 Oktat\u00e1si tev\u00e9kenys\u00e9g:\u202fdiploma- \u00e9s TDK-munk\u00e1k vezet\u00e9se (\u00e1llatorvos doktor, biol\u00f3gia \u00e9s biotechnol\u00f3gia szakokon)\u00a0 \u00c9rdekl\u0151d\u00e9si ter\u00fclet:\u202fv\u00e1llalati egy\u00fcttm\u0171k\u00f6d\u00e9sben megval\u00f3sul\u00f3 alkalmazott kutat\u00e1si projektek\u00a0 F\u0151bb kutat\u00e1si ter\u00fcletek:\u00a0 genomika \u00e9s agr\u00e1rdigitaliz\u00e1ci\u00f3\u00a0\u00a0 El\u0151rehalad\u00e1s:\u00a0 \u00c9retts\u00e9gi: Benc\u00e9s Gimn\u00e1zium, Pannonhalma, 2001\u00a0 Fels\u0151fok\u00fa k\u00e9pz\u00e9s:\u00a0\u00a0 2006 biol\u00f3gus MSc, ELTE\u00a0 2011 biol\u00f3giatan\u00e1r MA, ELTE\u00a0 2016 jog\u00e1sz, ELTE\u00a0 2019 k\u00f6zgazd\u00e1sz MBA, BME\u00a0 \u00a0Tudom\u00e1nyos el\u0151remenetel:\u00a0\u00a0 Biol\u00f3gia tudom\u00e1nyok PhD, ELTE, 2013\u00a0<\/p>\n","protected":false},"author":5824,"featured_media":0,"parent":858,"menu_order":37,"comment_status":"open","ping_status":"open","template":"","meta":{"_acf_changed":false,"footnotes":""},"categories":[],"tags":[],"class_list":["post-66167","page","type-page","status-publish","hentry"],"acf":[],"_links":{"self":[{"href":"https:\/\/univet.hu\/hu\/wp-json\/wp\/v2\/pages\/66167","targetHints":{"allow":["GET"]}}],"collection":[{"href":"https:\/\/univet.hu\/hu\/wp-json\/wp\/v2\/pages"}],"about":[{"href":"https:\/\/univet.hu\/hu\/wp-json\/wp\/v2\/types\/page"}],"author":[{"embeddable":true,"href":"https:\/\/univet.hu\/hu\/wp-json\/wp\/v2\/users\/5824"}],"replies":[{"embeddable":true,"href":"https:\/\/univet.hu\/hu\/wp-json\/wp\/v2\/comments?post=66167"}],"version-history":[{"count":1,"href":"https:\/\/univet.hu\/hu\/wp-json\/wp\/v2\/pages\/66167\/revisions"}],"predecessor-version":[{"id":199476,"href":"https:\/\/univet.hu\/hu\/wp-json\/wp\/v2\/pages\/66167\/revisions\/199476"}],"up":[{"embeddable":true,"href":"https:\/\/univet.hu\/hu\/wp-json\/wp\/v2\/pages\/858"}],"wp:attachment":[{"href":"https:\/\/univet.hu\/hu\/wp-json\/wp\/v2\/media?parent=66167"}],"wp:term":[{"taxonomy":"category","embeddable":true,"href":"https:\/\/univet.hu\/hu\/wp-json\/wp\/v2\/categories?post=66167"},{"taxonomy":"post_tag","embeddable":true,"href":"https:\/\/univet.hu\/hu\/wp-json\/wp\/v2\/tags?post=66167"}],"curies":[{"name":"wp","href":"https:\/\/api.w.org\/{rel}","templated":true}]}}