{"id":66196,"date":"2021-07-14T10:19:45","date_gmt":"2021-07-14T08:19:45","guid":{"rendered":"https:\/\/univet.hu\/hu\/egyetem\/munkatarsak\/new-staff-member-page-3\/"},"modified":"2026-02-10T03:58:34","modified_gmt":"2026-02-10T02:58:34","slug":"kiss-annamaria","status":"publish","type":"page","link":"https:\/\/univet.hu\/hu\/egyetem\/munkatarsak\/kiss-annamaria\/","title":{"rendered":"Ugrain\u00e9 Dr. Kiss Annam\u00e1ria"},"content":{"rendered":"<p><strong>Fogad\u00f3\u00f3ra<\/strong>: el\u0151re egyeztetett id\u0151pontban<\/p> <p style=\"text-align: center\"><span style=\"font-size: 14pt\"><strong>Bemutatkoz\u00e1s\u00a0 <\/strong><\/span><\/p> <p style=\"text-align: left\">2021. febru\u00e1rj\u00e1ban \u00e1llatorvosk\u00e9nt v\u00e9geztem az \u00c1llatorvostudom\u00e1nyi Egyetemen, ahol 2017 \u00f3ta r\u00e9szt veszek \u00e1llatv\u00e9delemmel kapcsolatos projektekben, valamint 2019 \u00f3ta az \u00c1llatv\u00e9delem tant\u00e1rgy magyar, angol \u00e9s n\u00e9met nyelv\u0171 oktat\u00e1s\u00e1ban. 2021-t\u0151l a Labor\u00e1llat-tudom\u00e1ny \u00e9s bioetika tant\u00e1rgy keretein bel\u00fcl el\u0151ad\u00e1sokat tartok magyar \u00e9s angol nyelven. Megkezdtem tanulm\u00e1nyaimat a PhD k\u00e9pz\u00e9sen, \u00edgy tov\u00e1bbra is r\u00e9szt veszek az oktat\u00e1s mellett a tansz\u00e9k tudom\u00e1nyos kutat\u00e1saiban. A gyakorlati \u00e1llatorvosl\u00e1snak is helye van az \u00e9letemben, egri praxisomban t\u00e1rs-, \u00e9s haszon\u00e1llatok eg\u00e9szs\u00e9g\u00fcgyi ell\u00e1t\u00e1s\u00e1val foglalkozom.<\/p> <p><strong>F\u0151bb kutat\u00e1si ter\u00fcletek:\u00a0<\/strong><\/p> <ul> <li>\u00e1llatv\u00e9delem<\/li> <\/ul> <p><strong>El\u0151rehalad\u00e1s<\/strong><\/p> <p>2021-t\u0151l PhD hallgat\u00f3<\/p> <p><strong>Szakmai szervezeti tags\u00e1g<\/strong><\/p> <p><strong>Eddigi szakdolgozat\/TDK hallgat\u00f3k sz\u00e1ma<\/strong><\/p> <ul> <li><strong>Szakdolgozat<\/strong>: 1<\/li> <li><strong>TDK-dolgozat<\/strong>: 3<\/li> <\/ul> <p><strong>PhD-hallgat\u00f3k<\/strong><\/p> <p><strong>Publik\u00e1ci\u00f3s lista (Top10)<\/strong><\/p> <p>MTMT:\u00a0\u00a0https:\/\/m2.mtmt.hu\/gui2\/?type=authors&amp;mode=browse&amp;sel=authors10080928<\/p> <ol> <li>\u00a0Kiss Annam\u00e1ria; Lor\u00e1szk\u00f3 G\u00e1bor; Fodor Kinga: Az \u00e1llatv\u00e9delem t\u00e1rsadalmi, jogi \u00e9s k\u00f6zeg\u00e9szs\u00e9g\u00fcgyi vonatkoz\u00e1sai; MAGYAR \u00c1LLATORVOSOK LAPJA 142: 10 pp. 619-624., 6 p. (2020)<\/li> <li>\u00a0Kiss Annam\u00e1ria; Bers\u00e9nyi Andr\u00e1s; Kors\u00f3s Gabriella; Wagenhoffer Zsombor; Fodor Kinga: A t\u00f6rpesert\u00e9s, mint laborat\u00f3riumi \u00e1llat : Irodalmi \u00f6sszefoglal\u00f3; MAGYAR \u00c1LLATORVOSOK LAPJA 144 : 7 pp. 413-422., 10 p. (2022)<\/li> <li>\u00a0Major Edina; Kiss Annam\u00e1ria; Kors\u00f3s Gabriella; Fodor Kinga: A kutyapanzi\u00f3k m\u0171k\u00f6d\u00e9s\u00e9nek vizsg\u00e1lata \u00e1llatv\u00e9delmi \u00e9s \u00e1llateg\u00e9szs\u00e9g\u00fcgyi szempontb\u00f3l; MAGYAR \u00c1LLATORVOSOK LAPJA 144 : 5 pp. 269-279., 11 p. (2022)<\/li> <\/ol>","protected":false},"excerpt":{"rendered":"<p>Fogad\u00f3\u00f3ra: el\u0151re egyeztetett id\u0151pontban Bemutatkoz\u00e1s\u00a0 2021. febru\u00e1rj\u00e1ban \u00e1llatorvosk\u00e9nt v\u00e9geztem az \u00c1llatorvostudom\u00e1nyi Egyetemen, ahol 2017 \u00f3ta r\u00e9szt veszek \u00e1llatv\u00e9delemmel kapcsolatos projektekben, valamint 2019 \u00f3ta az \u00c1llatv\u00e9delem tant\u00e1rgy magyar, angol \u00e9s n\u00e9met nyelv\u0171 oktat\u00e1s\u00e1ban. 2021-t\u0151l a Labor\u00e1llat-tudom\u00e1ny \u00e9s bioetika tant\u00e1rgy keretein bel\u00fcl el\u0151ad\u00e1sokat tartok magyar \u00e9s angol nyelven. Megkezdtem tanulm\u00e1nyaimat a PhD k\u00e9pz\u00e9sen, \u00edgy tov\u00e1bbra is r\u00e9szt<\/p>\n","protected":false},"author":5824,"featured_media":0,"parent":858,"menu_order":37,"comment_status":"open","ping_status":"open","template":"","meta":{"_acf_changed":false,"footnotes":""},"categories":[],"tags":[],"class_list":["post-66196","page","type-page","status-publish","hentry"],"acf":[],"_links":{"self":[{"href":"https:\/\/univet.hu\/hu\/wp-json\/wp\/v2\/pages\/66196","targetHints":{"allow":["GET"]}}],"collection":[{"href":"https:\/\/univet.hu\/hu\/wp-json\/wp\/v2\/pages"}],"about":[{"href":"https:\/\/univet.hu\/hu\/wp-json\/wp\/v2\/types\/page"}],"author":[{"embeddable":true,"href":"https:\/\/univet.hu\/hu\/wp-json\/wp\/v2\/users\/5824"}],"replies":[{"embeddable":true,"href":"https:\/\/univet.hu\/hu\/wp-json\/wp\/v2\/comments?post=66196"}],"version-history":[{"count":1,"href":"https:\/\/univet.hu\/hu\/wp-json\/wp\/v2\/pages\/66196\/revisions"}],"predecessor-version":[{"id":197900,"href":"https:\/\/univet.hu\/hu\/wp-json\/wp\/v2\/pages\/66196\/revisions\/197900"}],"up":[{"embeddable":true,"href":"https:\/\/univet.hu\/hu\/wp-json\/wp\/v2\/pages\/858"}],"wp:attachment":[{"href":"https:\/\/univet.hu\/hu\/wp-json\/wp\/v2\/media?parent=66196"}],"wp:term":[{"taxonomy":"category","embeddable":true,"href":"https:\/\/univet.hu\/hu\/wp-json\/wp\/v2\/categories?post=66196"},{"taxonomy":"post_tag","embeddable":true,"href":"https:\/\/univet.hu\/hu\/wp-json\/wp\/v2\/tags?post=66196"}],"curies":[{"name":"wp","href":"https:\/\/api.w.org\/{rel}","templated":true}]}}