{"id":66464,"date":"2021-07-29T11:34:03","date_gmt":"2021-07-29T09:34:03","guid":{"rendered":"https:\/\/univet.hu\/hu\/klinikak\/haszonallat\/szolgaltatasok\/name\/"},"modified":"2021-07-29T11:34:03","modified_gmt":"2021-07-29T09:34:03","slug":"szarvasmarha-oltogyomor-helyzetvaltozas-endoszkopos-mutetje","status":"publish","type":"page","link":"https:\/\/univet.hu\/hu\/klinikak\/haszonallat\/szarvasmarha-oltogyomor-helyzetvaltozas-endoszkopos-mutetje\/","title":{"rendered":"Szarvasmarha olt\u00f3gyomor-helyzetv\u00e1ltoz\u00e1s endoszk\u00f3pos m\u0171t\u00e9tje"},"content":{"rendered":"<p>Egy \u00faj technika alkalmaz\u00e1s\u00e1val, a helysz\u00ednen v\u00e9gzett laparoszk\u00f3pos beavatkoz\u00e1ssal oldjuk meg a bal oldali olt\u00f3gyomor-helyzetv\u00e1ltoz\u00e1st. A hagyom\u00e1nyos m\u0171t\u00e9ti m\u00f3dszerekhez k\u00e9pest gyorsabban vissza\u00e1ll\u00edthat\u00f3k a termel\u00e9sbe az \u00edgy gy\u00f3gykezelt \u00e1llatok.<\/p> <p><strong>Kapcsolat:<\/strong><\/p> <p><a href=\"https:\/\/univet.hu\/hu\/egyetem\/munkatarsak\/horvath-andras\/\" target=\"_blank\" rel=\"noopener\" data-replaced=\"true\">Dr. Horv\u00e1th Andr\u00e1s \u00bb<\/a><br \/> <a href=\"https:\/\/univet.hu\/hu\/egyetem\/munkatarsak\/szelenyi-zoltan\/\" target=\"_blank\" rel=\"noopener\" data-replaced=\"true\">Dr. Szel\u00e9nyi Zolt\u00e1n \u00bb<\/a><\/p>  \t\t<ul id='gallery-1' class='gallery galleryid-66464 block-grid-xs-2 block-grid-sm-3 block-grid-md-4 block-grid-lg-5'><li class='gallery-item'>         <span class='gallery-icon'>             <a href='https:\/\/univet.hu\/wp-content\/uploads\/2018\/09\/szarvasmarha-oltogyomor-1.jpg'><img loading=\"lazy\" decoding=\"async\" width=\"320\" height=\"320\" src=\"https:\/\/univet.hu\/wp-content\/uploads\/2018\/09\/szarvasmarha-oltogyomor-1-320x320.jpg\" class=\"attachment-thumbnail size-thumbnail\" alt=\"\" \/><\/a>         <\/span><\/li><li class='gallery-item'>         <span class='gallery-icon'>             <a href='https:\/\/univet.hu\/wp-content\/uploads\/2018\/09\/szarvasmarha-oltogyomor-2.jpg'><img loading=\"lazy\" decoding=\"async\" width=\"320\" height=\"320\" src=\"https:\/\/univet.hu\/wp-content\/uploads\/2018\/09\/szarvasmarha-oltogyomor-2-320x320.jpg\" class=\"attachment-thumbnail size-thumbnail\" alt=\"\" \/><\/a>         <\/span><\/li><li class='gallery-item'>         <span class='gallery-icon'>             <a href='https:\/\/univet.hu\/wp-content\/uploads\/2018\/09\/szarvasmarha-oltogyomor-3.jpg'><img loading=\"lazy\" decoding=\"async\" width=\"320\" height=\"320\" src=\"https:\/\/univet.hu\/wp-content\/uploads\/2018\/09\/szarvasmarha-oltogyomor-3-320x320.jpg\" class=\"attachment-thumbnail size-thumbnail\" alt=\"\" \/><\/a>         <\/span><\/li><li class='gallery-item'>         <span class='gallery-icon'>             <a href='https:\/\/univet.hu\/wp-content\/uploads\/2018\/09\/szarvasmarha-oltogyomor-4.jpg'><img loading=\"lazy\" decoding=\"async\" width=\"320\" height=\"320\" src=\"https:\/\/univet.hu\/wp-content\/uploads\/2018\/09\/szarvasmarha-oltogyomor-4-320x320.jpg\" class=\"attachment-thumbnail size-thumbnail\" alt=\"\" \/><\/a>         <\/span><\/li><\/ul>","protected":false},"excerpt":{"rendered":"<p>Egy \u00faj technika alkalmaz\u00e1s\u00e1val, a helysz\u00ednen v\u00e9gzett laparoszk\u00f3pos beavatkoz\u00e1ssal oldjuk meg a bal oldali olt\u00f3gyomor-helyzetv\u00e1ltoz\u00e1st. A hagyom\u00e1nyos m\u0171t\u00e9ti m\u00f3dszerekhez k\u00e9pest gyorsabban vissza\u00e1ll\u00edthat\u00f3k a termel\u00e9sbe az \u00edgy gy\u00f3gykezelt \u00e1llatok. Kapcsolat: Dr. Horv\u00e1th Andr\u00e1s \u00bb Dr. Szel\u00e9nyi Zolt\u00e1n \u00bb<\/p>\n","protected":false},"author":2518,"featured_media":0,"parent":2213,"menu_order":0,"comment_status":"open","ping_status":"open","template":"","meta":{"_acf_changed":false,"footnotes":""},"categories":[],"tags":[],"class_list":["post-66464","page","type-page","status-publish","hentry"],"acf":[],"_links":{"self":[{"href":"https:\/\/univet.hu\/hu\/wp-json\/wp\/v2\/pages\/66464","targetHints":{"allow":["GET"]}}],"collection":[{"href":"https:\/\/univet.hu\/hu\/wp-json\/wp\/v2\/pages"}],"about":[{"href":"https:\/\/univet.hu\/hu\/wp-json\/wp\/v2\/types\/page"}],"author":[{"embeddable":true,"href":"https:\/\/univet.hu\/hu\/wp-json\/wp\/v2\/users\/2518"}],"replies":[{"embeddable":true,"href":"https:\/\/univet.hu\/hu\/wp-json\/wp\/v2\/comments?post=66464"}],"version-history":[{"count":0,"href":"https:\/\/univet.hu\/hu\/wp-json\/wp\/v2\/pages\/66464\/revisions"}],"up":[{"embeddable":true,"href":"https:\/\/univet.hu\/hu\/wp-json\/wp\/v2\/pages\/2213"}],"wp:attachment":[{"href":"https:\/\/univet.hu\/hu\/wp-json\/wp\/v2\/media?parent=66464"}],"wp:term":[{"taxonomy":"category","embeddable":true,"href":"https:\/\/univet.hu\/hu\/wp-json\/wp\/v2\/categories?post=66464"},{"taxonomy":"post_tag","embeddable":true,"href":"https:\/\/univet.hu\/hu\/wp-json\/wp\/v2\/tags?post=66464"}],"curies":[{"name":"wp","href":"https:\/\/api.w.org\/{rel}","templated":true}]}}