{"id":66469,"date":"2021-07-29T11:40:22","date_gmt":"2021-07-29T09:40:22","guid":{"rendered":"https:\/\/univet.hu\/hu\/klinikak\/haszonallat\/szolgaltatasok\/name\/"},"modified":"2021-07-29T11:40:22","modified_gmt":"2021-07-29T09:40:22","slug":"szuleszeti-alapszolgaltatasok","status":"publish","type":"page","link":"https:\/\/univet.hu\/hu\/klinikak\/haszonallat\/szuleszeti-alapszolgaltatasok\/","title":{"rendered":"Sz\u00fcl\u00e9szeti alapszolg\u00e1ltat\u00e1sok"},"content":{"rendered":"<ul> <li>Ell\u00e9si seg\u00edts\u00e9gny\u00fajt\u00e1s: cs\u00e1sz\u00e1rmetsz\u00e9s \u00e9s magzatdarabol\u00e1s<\/li> <li>S\u00fcrg\u0151ss\u00e9gi \u00e9s rutin sz\u00fcl\u00e9szeti diagnosztika \u00e9s ell\u00e1t\u00e1s (m\u00e9hcsavar, h\u00fcvelyel\u0151es\u00e9s stb.)<\/li> <li>\u00dajsz\u00fcl\u00f6ttek intenz\u00edv ell\u00e1t\u00e1sa (neonatol\u00f3gia), \u00e1llapotdiagnosztika, sav-b\u00e1zis-h\u00e1ztart\u00e1s szab\u00e1lyoz\u00e1sa<\/li> <\/ul> <p>A sz\u00fcl\u00e9szeti alapszolg\u00e1ltat\u00e1sok az \u00e9v minden napj\u00e1n 0-24 \u00f3r\u00e1ig el\u00e9rhet\u0151ek, \u00e9jszak\u00e1nk\u00e9nt \u00e9s a h\u00e9tv\u00e9g\u00e9ken \u00fcgyeleti jelleggel. K\u00e9rj\u00fck, a <a href=\"https:\/\/univet.hu\/hu\/klinikak\/haszonallat\/elerhetoseg\/\" data-replaced=\"true\">klinika k\u00f6zponti sz\u00e1m\u00e1n<\/a> vagy az \u00e1llatorvosok al\u00e1bbi el\u00e9rhet\u0151s\u00e9gein jelezz\u00e9k \u00e9rkez\u00e9si sz\u00e1nd\u00e9kukat a miel\u0151bbi seg\u00edts\u00e9gny\u00fajt\u00e1s \u00e9rdek\u00e9ben!<\/p> <p><strong>Kapcsolat:\u00a0<\/strong>Dr. Bajcsy \u00c1rp\u00e1d Csaba \u00bbDr. B\u00f3dai Emese \u00bb<a href=\"https:\/\/univet.hu\/hu\/egyetem\/munkatarsak\/horvath-andras\/\" target=\"_blank\" rel=\"noopener\" data-replaced=\"true\"> Dr. Horv\u00e1th Andr\u00e1s \u00bb<\/a><a href=\"https:\/\/univet.hu\/hu\/egyetem\/munkatarsak\/szelenyi-zoltan\/\" target=\"_blank\" rel=\"noopener\" data-replaced=\"true\"> Dr. Szel\u00e9nyi Zolt\u00e1n \u00bb<\/a><a href=\"https:\/\/univet.hu\/hu\/egyetem\/munkatarsak\/szenci-otto\/\" target=\"_blank\" rel=\"noopener\" data-replaced=\"true\"> Dr. Szenci Ott\u00f3 \u00bb<\/a><\/p>  \t\t<ul id='gallery-1' class='gallery galleryid-66469 block-grid-xs-2 block-grid-sm-3 block-grid-md-4 block-grid-lg-5'><li class='gallery-item'>         <span class='gallery-icon'>             <a href='https:\/\/univet.hu\/wp-content\/uploads\/2018\/09\/szuleszet-4.jpg'><img loading=\"lazy\" decoding=\"async\" width=\"320\" height=\"320\" src=\"https:\/\/univet.hu\/wp-content\/uploads\/2018\/09\/szuleszet-4-320x320.jpg\" class=\"attachment-thumbnail size-thumbnail\" alt=\"\" \/><\/a>         <\/span><\/li><li class='gallery-item'>         <span class='gallery-icon'>             <a href='https:\/\/univet.hu\/wp-content\/uploads\/2018\/09\/szuleszet-3.jpg'><img loading=\"lazy\" decoding=\"async\" width=\"320\" height=\"320\" src=\"https:\/\/univet.hu\/wp-content\/uploads\/2018\/09\/szuleszet-3-320x320.jpg\" class=\"attachment-thumbnail size-thumbnail\" alt=\"\" \/><\/a>         <\/span><\/li><li class='gallery-item'>         <span class='gallery-icon'>             <a href='https:\/\/univet.hu\/wp-content\/uploads\/2018\/09\/szuleszet-2.jpg'><img loading=\"lazy\" decoding=\"async\" width=\"320\" height=\"320\" src=\"https:\/\/univet.hu\/wp-content\/uploads\/2018\/09\/szuleszet-2-320x320.jpg\" class=\"attachment-thumbnail size-thumbnail\" alt=\"\" \/><\/a>         <\/span><\/li><li class='gallery-item'>         <span class='gallery-icon'>             <a href='https:\/\/univet.hu\/wp-content\/uploads\/2018\/09\/szuleszet-1.jpg'><img loading=\"lazy\" decoding=\"async\" width=\"320\" height=\"320\" src=\"https:\/\/univet.hu\/wp-content\/uploads\/2018\/09\/szuleszet-1-320x320.jpg\" class=\"attachment-thumbnail size-thumbnail\" alt=\"\" \/><\/a>         <\/span><\/li><\/ul>","protected":false},"excerpt":{"rendered":"<p>Ell\u00e9si seg\u00edts\u00e9gny\u00fajt\u00e1s: cs\u00e1sz\u00e1rmetsz\u00e9s \u00e9s magzatdarabol\u00e1s S\u00fcrg\u0151ss\u00e9gi \u00e9s rutin sz\u00fcl\u00e9szeti diagnosztika \u00e9s ell\u00e1t\u00e1s (m\u00e9hcsavar, h\u00fcvelyel\u0151es\u00e9s stb.) \u00dajsz\u00fcl\u00f6ttek intenz\u00edv ell\u00e1t\u00e1sa (neonatol\u00f3gia), \u00e1llapotdiagnosztika, sav-b\u00e1zis-h\u00e1ztart\u00e1s szab\u00e1lyoz\u00e1sa A sz\u00fcl\u00e9szeti alapszolg\u00e1ltat\u00e1sok az \u00e9v minden napj\u00e1n 0-24 \u00f3r\u00e1ig el\u00e9rhet\u0151ek, \u00e9jszak\u00e1nk\u00e9nt \u00e9s a h\u00e9tv\u00e9g\u00e9ken \u00fcgyeleti jelleggel. K\u00e9rj\u00fck, a klinika k\u00f6zponti sz\u00e1m\u00e1n vagy az \u00e1llatorvosok al\u00e1bbi el\u00e9rhet\u0151s\u00e9gein jelezz\u00e9k \u00e9rkez\u00e9si sz\u00e1nd\u00e9kukat a miel\u0151bbi seg\u00edts\u00e9gny\u00fajt\u00e1s \u00e9rdek\u00e9ben!<\/p>\n","protected":false},"author":2518,"featured_media":0,"parent":2213,"menu_order":0,"comment_status":"open","ping_status":"open","template":"","meta":{"_acf_changed":false,"footnotes":""},"categories":[],"tags":[],"class_list":["post-66469","page","type-page","status-publish","hentry"],"acf":[],"_links":{"self":[{"href":"https:\/\/univet.hu\/hu\/wp-json\/wp\/v2\/pages\/66469","targetHints":{"allow":["GET"]}}],"collection":[{"href":"https:\/\/univet.hu\/hu\/wp-json\/wp\/v2\/pages"}],"about":[{"href":"https:\/\/univet.hu\/hu\/wp-json\/wp\/v2\/types\/page"}],"author":[{"embeddable":true,"href":"https:\/\/univet.hu\/hu\/wp-json\/wp\/v2\/users\/2518"}],"replies":[{"embeddable":true,"href":"https:\/\/univet.hu\/hu\/wp-json\/wp\/v2\/comments?post=66469"}],"version-history":[{"count":0,"href":"https:\/\/univet.hu\/hu\/wp-json\/wp\/v2\/pages\/66469\/revisions"}],"up":[{"embeddable":true,"href":"https:\/\/univet.hu\/hu\/wp-json\/wp\/v2\/pages\/2213"}],"wp:attachment":[{"href":"https:\/\/univet.hu\/hu\/wp-json\/wp\/v2\/media?parent=66469"}],"wp:term":[{"taxonomy":"category","embeddable":true,"href":"https:\/\/univet.hu\/hu\/wp-json\/wp\/v2\/categories?post=66469"},{"taxonomy":"post_tag","embeddable":true,"href":"https:\/\/univet.hu\/hu\/wp-json\/wp\/v2\/tags?post=66469"}],"curies":[{"name":"wp","href":"https:\/\/api.w.org\/{rel}","templated":true}]}}