{"id":66475,"date":"2021-07-29T11:45:03","date_gmt":"2021-07-29T09:45:03","guid":{"rendered":"https:\/\/univet.hu\/hu\/klinikak\/haszonallat\/szolgaltatasok\/name\/"},"modified":"2021-07-29T11:45:03","modified_gmt":"2021-07-29T09:45:03","slug":"szarvasmarha-allomanyok-szaporodasbiologiai-gondozasa","status":"publish","type":"page","link":"https:\/\/univet.hu\/hu\/klinikak\/haszonallat\/szarvasmarha-allomanyok-szaporodasbiologiai-gondozasa\/","title":{"rendered":"Szarvasmarha-\u00e1llom\u00e1nyok szaporod\u00e1sbiol\u00f3giai gondoz\u00e1sa"},"content":{"rendered":"<ul> <li>Rendszeres \u00e9s eseti szaporod\u00e1sbiol\u00f3giai vizsg\u00e1latok. Szaporod\u00e1sbiol\u00f3giai probl\u00e9m\u00e1k okainak r\u00e9szletes felt\u00e1r\u00e1sa \u00e9s javaslatt\u00e9tel a megold\u00e1sra. A rendszeres vizsg\u00e1latok keret\u00e9ben teljes k\u00f6r\u0171 szaporod\u00e1sbiol\u00f3giai \u00e1llom\u00e1nygondoz\u00e1s, mely mag\u00e1ban foglalja az ell\u00e9s ut\u00e1ni menedzsmentet, a ciklusba lend\u00fcl\u00e9s ellen\u0151rz\u00e9s\u00e9t, a korai vemhess\u00e9g vizsg\u00e1latokat (ultrahang) \u00e9s a medd\u0151 \u00e1llatok vizsg\u00e1lat\u00e1t, valamint kezel\u00e9s\u00e9t.<\/li> <li>Anyagcsere (metabolikus) profilvizsg\u00e1latok. A reprodukci\u00f3s zavarokkal, termel\u00e9s-cs\u00f6kken\u00e9ssel kapcsolatos c\u00e9lzott probl\u00e9m\u00e1k felt\u00e1r\u00e1s\u00e1ra teljes k\u00f6r\u0171 laborat\u00f3riumi h\u00e1tt\u00e9r vehet\u0151 ig\u00e9nybe.<\/li> <li>Fert\u0151z\u0151 \u00e9s hirtelen fell\u00e9p\u0151 nagyar\u00e1ny\u00fa megbeteged\u00e9s eset\u00e9n ig\u00e9ny szerint helysz\u00edni vizsg\u00e1lat, k\u00f3rbonctani r\u00e9szleg\u00fcnk\u00f6n pedig teljes k\u00f6r\u0171 diagnosztikai vizsg\u00e1lat \u00e1ll rendelkez\u00e9sre.<\/li> <\/ul> <p><strong>Kapcsolat:<\/strong><\/p> <p>Dr. Bajcsy \u00c1rp\u00e1d Csaba \u00bb<br \/> Dr. B\u00f3dai Emese \u00bb<br \/> <a href=\"https:\/\/univet.hu\/hu\/egyetem\/munkatarsak\/horvath-andras\/\" target=\"_blank\" rel=\"noopener\" data-replaced=\"true\">Dr. Horv\u00e1th Andr\u00e1s \u00bb<\/a><br \/> <a href=\"https:\/\/univet.hu\/hu\/egyetem\/munkatarsak\/szelenyi-zoltan\/\" target=\"_blank\" rel=\"noopener\" data-replaced=\"true\">Dr. Szel\u00e9nyi Zolt\u00e1n \u00bb<\/a><br \/> <a href=\"https:\/\/univet.hu\/hu\/egyetem\/munkatarsak\/szenci-otto\/\" target=\"_blank\" rel=\"noopener\" data-replaced=\"true\">Dr. Szenci Ott\u00f3 \u00bb<\/a><\/p>  \t\t<ul id='gallery-1' class='gallery galleryid-66475 block-grid-xs-2 block-grid-sm-3 block-grid-md-4 block-grid-lg-5'><li class='gallery-item'>         <span class='gallery-icon'>             <a href='https:\/\/univet.hu\/wp-content\/uploads\/2018\/09\/szarvasmarha-allomany-szaporodasbiologiai-gondozasa-1.jpg'><img loading=\"lazy\" decoding=\"async\" width=\"320\" height=\"320\" src=\"https:\/\/univet.hu\/wp-content\/uploads\/2018\/09\/szarvasmarha-allomany-szaporodasbiologiai-gondozasa-1-320x320.jpg\" class=\"attachment-thumbnail size-thumbnail\" alt=\"\" srcset=\"https:\/\/univet.hu\/wp-content\/uploads\/2018\/09\/szarvasmarha-allomany-szaporodasbiologiai-gondozasa-1-320x320.jpg 320w, https:\/\/univet.hu\/wp-content\/uploads\/2018\/09\/szarvasmarha-allomany-szaporodasbiologiai-gondozasa-1-640x640.jpg 640w\" sizes=\"auto, (max-width: 320px) 100vw, 320px\" \/><\/a>         <\/span><\/li><li class='gallery-item'>         <span class='gallery-icon'>             <a href='https:\/\/univet.hu\/wp-content\/uploads\/2018\/09\/szarvasmarha-allomany-szaporodasbiologiai-gondozasa-2.jpg'><img loading=\"lazy\" decoding=\"async\" width=\"320\" height=\"320\" src=\"https:\/\/univet.hu\/wp-content\/uploads\/2018\/09\/szarvasmarha-allomany-szaporodasbiologiai-gondozasa-2-320x320.jpg\" class=\"attachment-thumbnail size-thumbnail\" alt=\"\" \/><\/a>         <\/span><\/li><li class='gallery-item'>         <span class='gallery-icon'>             <a href='https:\/\/univet.hu\/wp-content\/uploads\/2018\/09\/szarvasmarha-allomany-szaporodasbiologiai-gondozasa-3.jpg'><img loading=\"lazy\" decoding=\"async\" width=\"320\" height=\"320\" src=\"https:\/\/univet.hu\/wp-content\/uploads\/2018\/09\/szarvasmarha-allomany-szaporodasbiologiai-gondozasa-3-320x320.jpg\" class=\"attachment-thumbnail size-thumbnail\" alt=\"\" \/><\/a>         <\/span><\/li><li class='gallery-item'>         <span class='gallery-icon'>             <a href='https:\/\/univet.hu\/wp-content\/uploads\/2018\/09\/szarvasmarha-allomany-szaporodasbiologiai-gondozasa-4.jpg'><img loading=\"lazy\" decoding=\"async\" width=\"320\" height=\"320\" src=\"https:\/\/univet.hu\/wp-content\/uploads\/2018\/09\/szarvasmarha-allomany-szaporodasbiologiai-gondozasa-4-320x320.jpg\" class=\"attachment-thumbnail size-thumbnail\" alt=\"\" \/><\/a>         <\/span><\/li><\/ul>","protected":false},"excerpt":{"rendered":"<p>Rendszeres \u00e9s eseti szaporod\u00e1sbiol\u00f3giai vizsg\u00e1latok. Szaporod\u00e1sbiol\u00f3giai probl\u00e9m\u00e1k okainak r\u00e9szletes felt\u00e1r\u00e1sa \u00e9s javaslatt\u00e9tel a megold\u00e1sra. A rendszeres vizsg\u00e1latok keret\u00e9ben teljes k\u00f6r\u0171 szaporod\u00e1sbiol\u00f3giai \u00e1llom\u00e1nygondoz\u00e1s, mely mag\u00e1ban foglalja az ell\u00e9s ut\u00e1ni menedzsmentet, a ciklusba lend\u00fcl\u00e9s ellen\u0151rz\u00e9s\u00e9t, a korai vemhess\u00e9g vizsg\u00e1latokat (ultrahang) \u00e9s a medd\u0151 \u00e1llatok vizsg\u00e1lat\u00e1t, valamint kezel\u00e9s\u00e9t. Anyagcsere (metabolikus) profilvizsg\u00e1latok. A reprodukci\u00f3s zavarokkal, termel\u00e9s-cs\u00f6kken\u00e9ssel kapcsolatos c\u00e9lzott probl\u00e9m\u00e1k<\/p>\n","protected":false},"author":2518,"featured_media":0,"parent":2213,"menu_order":0,"comment_status":"open","ping_status":"open","template":"","meta":{"_acf_changed":false,"footnotes":""},"categories":[],"tags":[],"class_list":["post-66475","page","type-page","status-publish","hentry"],"acf":[],"_links":{"self":[{"href":"https:\/\/univet.hu\/hu\/wp-json\/wp\/v2\/pages\/66475","targetHints":{"allow":["GET"]}}],"collection":[{"href":"https:\/\/univet.hu\/hu\/wp-json\/wp\/v2\/pages"}],"about":[{"href":"https:\/\/univet.hu\/hu\/wp-json\/wp\/v2\/types\/page"}],"author":[{"embeddable":true,"href":"https:\/\/univet.hu\/hu\/wp-json\/wp\/v2\/users\/2518"}],"replies":[{"embeddable":true,"href":"https:\/\/univet.hu\/hu\/wp-json\/wp\/v2\/comments?post=66475"}],"version-history":[{"count":0,"href":"https:\/\/univet.hu\/hu\/wp-json\/wp\/v2\/pages\/66475\/revisions"}],"up":[{"embeddable":true,"href":"https:\/\/univet.hu\/hu\/wp-json\/wp\/v2\/pages\/2213"}],"wp:attachment":[{"href":"https:\/\/univet.hu\/hu\/wp-json\/wp\/v2\/media?parent=66475"}],"wp:term":[{"taxonomy":"category","embeddable":true,"href":"https:\/\/univet.hu\/hu\/wp-json\/wp\/v2\/categories?post=66475"},{"taxonomy":"post_tag","embeddable":true,"href":"https:\/\/univet.hu\/hu\/wp-json\/wp\/v2\/tags?post=66475"}],"curies":[{"name":"wp","href":"https:\/\/api.w.org\/{rel}","templated":true}]}}