{"id":66481,"date":"2021-07-29T11:52:58","date_gmt":"2021-07-29T09:52:58","guid":{"rendered":"https:\/\/univet.hu\/hu\/klinikak\/haszonallat\/szolgaltatasok\/name\/"},"modified":"2021-07-29T11:52:58","modified_gmt":"2021-07-29T09:52:58","slug":"sertes-allomanyok-szaporodasbiologiai-gondozasa","status":"publish","type":"page","link":"https:\/\/univet.hu\/hu\/klinikak\/haszonallat\/sertes-allomanyok-szaporodasbiologiai-gondozasa\/","title":{"rendered":"Sert\u00e9s-\u00e1llom\u00e1nyok szaporod\u00e1sbiol\u00f3giai gondoz\u00e1sa"},"content":{"rendered":"<ul> <li>Mesters\u00e9ges term\u00e9keny\u00edt\u00e9s munkafolyamat\u00e1nak terjes \u00e1ttekint\u00e9se, a kritikus pontok meghat\u00e1roz\u00e1sa az ond\u00f3v\u00e9telt\u0151l a term\u00e9keny\u00edt\u00e9sig<\/li> <li>Az ond\u00f3 mennyis\u00e9gi \u00e9s min\u0151s\u00e9gi vizsg\u00e1lata (ld. androl\u00f3giai laborat\u00f3rium)<\/li> <li>Term\u00e9keny\u00fcl\u00e9si \u00e9s medd\u0151s\u00e9gi probl\u00e9m\u00e1k vizsg\u00e1lata<\/li> <li>Ivarz\u00e1s indukci\u00f3 \u00e9s szinkroniz\u00e1l\u00e1s<\/li> <li>Term\u00e9keny\u00edt\u00e9s m\u00e9lyfagyasztott ond\u00f3val<\/li> <li>Korai vemhess\u00e9g vizsg\u00e1latok ultrahanggal<\/li> <\/ul> <p><strong>Kapcsolat:<\/strong><\/p> <p><a href=\"https:\/\/univet.hu\/hu\/egyetem\/munkatarsak\/horvath-andras\/\" target=\"_blank\" rel=\"noopener\" data-replaced=\"true\">Dr. Horv\u00e1th Andr\u00e1s \u00bb<\/a><\/p>  \t\t<ul id='gallery-1' class='gallery galleryid-66481 block-grid-xs-2 block-grid-sm-3 block-grid-md-4 block-grid-lg-5'><li class='gallery-item'>         <span class='gallery-icon'>             <a href='https:\/\/univet.hu\/wp-content\/uploads\/2018\/09\/sertes-allomanyok-szaporodasbiologiai-gondozasa-1.jpg'><img loading=\"lazy\" decoding=\"async\" width=\"320\" height=\"256\" src=\"https:\/\/univet.hu\/wp-content\/uploads\/2018\/09\/sertes-allomanyok-szaporodasbiologiai-gondozasa-1-320x256.jpg\" class=\"attachment-thumbnail size-thumbnail\" alt=\"\" \/><\/a>         <\/span><\/li><li class='gallery-item'>         <span class='gallery-icon'>             <a href='https:\/\/univet.hu\/wp-content\/uploads\/2018\/09\/sertes-allomanyok-szaporodasbiologiai-gondozasa-2.jpg'><img loading=\"lazy\" decoding=\"async\" width=\"320\" height=\"320\" src=\"https:\/\/univet.hu\/wp-content\/uploads\/2018\/09\/sertes-allomanyok-szaporodasbiologiai-gondozasa-2-320x320.jpg\" class=\"attachment-thumbnail size-thumbnail\" alt=\"\" \/><\/a>         <\/span><\/li><li class='gallery-item'>         <span class='gallery-icon'>             <a href='https:\/\/univet.hu\/wp-content\/uploads\/2018\/09\/sertes-allomanyok-szaporodasbiologiai-gondozasa-3.jpg'><img loading=\"lazy\" decoding=\"async\" width=\"320\" height=\"320\" src=\"https:\/\/univet.hu\/wp-content\/uploads\/2018\/09\/sertes-allomanyok-szaporodasbiologiai-gondozasa-3-320x320.jpg\" class=\"attachment-thumbnail size-thumbnail\" alt=\"\" \/><\/a>         <\/span><\/li><li class='gallery-item'>         <span class='gallery-icon'>             <a href='https:\/\/univet.hu\/wp-content\/uploads\/2018\/09\/sertes-allomanyok-szaporodasbiologiai-gondozasa-4.jpg'><img loading=\"lazy\" decoding=\"async\" width=\"320\" height=\"320\" src=\"https:\/\/univet.hu\/wp-content\/uploads\/2018\/09\/sertes-allomanyok-szaporodasbiologiai-gondozasa-4-320x320.jpg\" class=\"attachment-thumbnail size-thumbnail\" alt=\"\" \/><\/a>         <\/span><\/li><\/ul>","protected":false},"excerpt":{"rendered":"<p>Mesters\u00e9ges term\u00e9keny\u00edt\u00e9s munkafolyamat\u00e1nak terjes \u00e1ttekint\u00e9se, a kritikus pontok meghat\u00e1roz\u00e1sa az ond\u00f3v\u00e9telt\u0151l a term\u00e9keny\u00edt\u00e9sig Az ond\u00f3 mennyis\u00e9gi \u00e9s min\u0151s\u00e9gi vizsg\u00e1lata (ld. androl\u00f3giai laborat\u00f3rium) Term\u00e9keny\u00fcl\u00e9si \u00e9s medd\u0151s\u00e9gi probl\u00e9m\u00e1k vizsg\u00e1lata Ivarz\u00e1s indukci\u00f3 \u00e9s szinkroniz\u00e1l\u00e1s Term\u00e9keny\u00edt\u00e9s m\u00e9lyfagyasztott ond\u00f3val Korai vemhess\u00e9g vizsg\u00e1latok ultrahanggal Kapcsolat: Dr. Horv\u00e1th Andr\u00e1s \u00bb<\/p>\n","protected":false},"author":2518,"featured_media":0,"parent":2213,"menu_order":0,"comment_status":"open","ping_status":"open","template":"","meta":{"_acf_changed":false,"footnotes":""},"categories":[],"tags":[],"class_list":["post-66481","page","type-page","status-publish","hentry"],"acf":[],"_links":{"self":[{"href":"https:\/\/univet.hu\/hu\/wp-json\/wp\/v2\/pages\/66481","targetHints":{"allow":["GET"]}}],"collection":[{"href":"https:\/\/univet.hu\/hu\/wp-json\/wp\/v2\/pages"}],"about":[{"href":"https:\/\/univet.hu\/hu\/wp-json\/wp\/v2\/types\/page"}],"author":[{"embeddable":true,"href":"https:\/\/univet.hu\/hu\/wp-json\/wp\/v2\/users\/2518"}],"replies":[{"embeddable":true,"href":"https:\/\/univet.hu\/hu\/wp-json\/wp\/v2\/comments?post=66481"}],"version-history":[{"count":0,"href":"https:\/\/univet.hu\/hu\/wp-json\/wp\/v2\/pages\/66481\/revisions"}],"up":[{"embeddable":true,"href":"https:\/\/univet.hu\/hu\/wp-json\/wp\/v2\/pages\/2213"}],"wp:attachment":[{"href":"https:\/\/univet.hu\/hu\/wp-json\/wp\/v2\/media?parent=66481"}],"wp:term":[{"taxonomy":"category","embeddable":true,"href":"https:\/\/univet.hu\/hu\/wp-json\/wp\/v2\/categories?post=66481"},{"taxonomy":"post_tag","embeddable":true,"href":"https:\/\/univet.hu\/hu\/wp-json\/wp\/v2\/tags?post=66481"}],"curies":[{"name":"wp","href":"https:\/\/api.w.org\/{rel}","templated":true}]}}