{"id":66489,"date":"2021-07-29T11:59:24","date_gmt":"2021-07-29T09:59:24","guid":{"rendered":"https:\/\/univet.hu\/hu\/klinikak\/haszonallat\/szolgaltatasok\/name\/"},"modified":"2021-07-29T11:59:24","modified_gmt":"2021-07-29T09:59:24","slug":"kiskerodzok-szakellatasa","status":"publish","type":"page","link":"https:\/\/univet.hu\/hu\/klinikak\/haszonallat\/kiskerodzok-szakellatasa\/","title":{"rendered":"Kisk\u00e9r\u0151dz\u0151k szakell\u00e1t\u00e1sa"},"content":{"rendered":"<p>A kisk\u00e9r\u0151dz\u0151k (juh, kecske) n\u00f6vekv\u0151 ig\u00e9nyeihez alkalmazkodva komplex ell\u00e1t\u00e1st k\u00edn\u00e1lunk ezen fajok sz\u00e1m\u00e1ra, felhaszn\u00e1lva teljes laborat\u00f3riumi \u00e9s diagnosztikai kapacit\u00e1sunkat.<\/p> <p><strong>Kapcsolat<\/strong>:<\/p> <p>Dr. Bajcsy \u00c1rp\u00e1d Csaba \u00bb<br \/> <a href=\"https:\/\/univet.hu\/hu\/egyetem\/munkatarsak\/horvath-andras\/\" target=\"_blank\" rel=\"noopener\" data-replaced=\"true\">Dr. Horv\u00e1th Andr\u00e1s \u00bb<\/a><br \/> <a href=\"https:\/\/univet.hu\/hu\/egyetem\/munkatarsak\/szelenyi-zoltan\/\" target=\"_blank\" rel=\"noopener\" data-replaced=\"true\">Dr. Szel\u00e9nyi Zolt\u00e1n \u00bb<\/a><br \/> <a href=\"https:\/\/univet.hu\/hu\/egyetem\/munkatarsak\/szenci-otto\/\" target=\"_blank\" rel=\"noopener\" data-replaced=\"true\">Dr. Szenci Ott\u00f3 \u00bb<\/a><\/p>  \t\t<ul id='gallery-1' class='gallery galleryid-66489 block-grid-xs-2 block-grid-sm-3 block-grid-md-4 block-grid-lg-5'><li class='gallery-item'>         <span class='gallery-icon'>             <a href='https:\/\/univet.hu\/wp-content\/uploads\/2018\/09\/kiskerodzo-szakellatasa-1.jpg'><img loading=\"lazy\" decoding=\"async\" width=\"320\" height=\"320\" src=\"https:\/\/univet.hu\/wp-content\/uploads\/2018\/09\/kiskerodzo-szakellatasa-1-320x320.jpg\" class=\"attachment-thumbnail size-thumbnail\" alt=\"\" \/><\/a>         <\/span><\/li><li class='gallery-item'>         <span class='gallery-icon'>             <a href='https:\/\/univet.hu\/wp-content\/uploads\/2018\/09\/kiskerodzo-szakellatasa-2.jpg'><img loading=\"lazy\" decoding=\"async\" width=\"320\" height=\"320\" src=\"https:\/\/univet.hu\/wp-content\/uploads\/2018\/09\/kiskerodzo-szakellatasa-2-320x320.jpg\" class=\"attachment-thumbnail size-thumbnail\" alt=\"\" \/><\/a>         <\/span><\/li><li class='gallery-item'>         <span class='gallery-icon'>             <a href='https:\/\/univet.hu\/wp-content\/uploads\/2018\/09\/kiskerodzo-szakellatasa-3.jpg'><img loading=\"lazy\" decoding=\"async\" width=\"320\" height=\"320\" src=\"https:\/\/univet.hu\/wp-content\/uploads\/2018\/09\/kiskerodzo-szakellatasa-3-320x320.jpg\" class=\"attachment-thumbnail size-thumbnail\" alt=\"\" \/><\/a>         <\/span><\/li><\/ul>","protected":false},"excerpt":{"rendered":"<p>A kisk\u00e9r\u0151dz\u0151k (juh, kecske) n\u00f6vekv\u0151 ig\u00e9nyeihez alkalmazkodva komplex ell\u00e1t\u00e1st k\u00edn\u00e1lunk ezen fajok sz\u00e1m\u00e1ra, felhaszn\u00e1lva teljes laborat\u00f3riumi \u00e9s diagnosztikai kapacit\u00e1sunkat. Kapcsolat: Dr. Bajcsy \u00c1rp\u00e1d Csaba \u00bb Dr. Horv\u00e1th Andr\u00e1s \u00bb Dr. Szel\u00e9nyi Zolt\u00e1n \u00bb Dr. Szenci Ott\u00f3 \u00bb<\/p>\n","protected":false},"author":2518,"featured_media":0,"parent":2213,"menu_order":0,"comment_status":"open","ping_status":"open","template":"","meta":{"_acf_changed":false,"footnotes":""},"categories":[],"tags":[],"class_list":["post-66489","page","type-page","status-publish","hentry"],"acf":[],"_links":{"self":[{"href":"https:\/\/univet.hu\/hu\/wp-json\/wp\/v2\/pages\/66489","targetHints":{"allow":["GET"]}}],"collection":[{"href":"https:\/\/univet.hu\/hu\/wp-json\/wp\/v2\/pages"}],"about":[{"href":"https:\/\/univet.hu\/hu\/wp-json\/wp\/v2\/types\/page"}],"author":[{"embeddable":true,"href":"https:\/\/univet.hu\/hu\/wp-json\/wp\/v2\/users\/2518"}],"replies":[{"embeddable":true,"href":"https:\/\/univet.hu\/hu\/wp-json\/wp\/v2\/comments?post=66489"}],"version-history":[{"count":0,"href":"https:\/\/univet.hu\/hu\/wp-json\/wp\/v2\/pages\/66489\/revisions"}],"up":[{"embeddable":true,"href":"https:\/\/univet.hu\/hu\/wp-json\/wp\/v2\/pages\/2213"}],"wp:attachment":[{"href":"https:\/\/univet.hu\/hu\/wp-json\/wp\/v2\/media?parent=66489"}],"wp:term":[{"taxonomy":"category","embeddable":true,"href":"https:\/\/univet.hu\/hu\/wp-json\/wp\/v2\/categories?post=66489"},{"taxonomy":"post_tag","embeddable":true,"href":"https:\/\/univet.hu\/hu\/wp-json\/wp\/v2\/tags?post=66489"}],"curies":[{"name":"wp","href":"https:\/\/api.w.org\/{rel}","templated":true}]}}