{"id":66503,"date":"2021-07-29T12:11:28","date_gmt":"2021-07-29T10:11:28","guid":{"rendered":"https:\/\/univet.hu\/hu\/klinikak\/haszonallat\/szolgaltatasok\/name\/"},"modified":"2021-07-29T12:11:28","modified_gmt":"2021-07-29T10:11:28","slug":"andrologiai-laboratorium","status":"publish","type":"page","link":"https:\/\/univet.hu\/hu\/klinikak\/haszonallat\/andrologiai-laboratorium\/","title":{"rendered":"Androl\u00f3giai laborat\u00f3rium"},"content":{"rendered":"<ul> <li>H\u00edm \u00e1llatok term\u00e9keny\u00edt\u0151 k\u00e9pess\u00e9g\u00e9nek vizsg\u00e1lata (ultrahang, endoszk\u00f3pia, biopszia, hormon vizsg\u00e1latok)<\/li> <li>Apa\u00e1llatok (sert\u00e9skan, kos, bika) ond\u00f3j\u00e1nak mennyis\u00e9gi \u00e9s min\u0151s\u00e9gi vizsg\u00e1lata <ul> <li>Mozg\u00e1stani (motilit\u00e1s) vizsg\u00e1latok mozg\u00e1selemz\u0151 programmal (CASA \u2013 computer assisted sperm analiser)<\/li> <li>Alaktani (morfol\u00f3gia) vizsg\u00e1latok<\/li> <li>Kieg\u00e9sz\u00edt\u0151 vizsg\u00e1latok: koncentr\u00e1ci\u00f3, pH, bakteriol\u00f3gia, citol\u00f3gia stb.<\/li> <\/ul> <\/li> <li>Ond\u00f3 m\u00e9lyfagyaszt\u00e1s (kan)<\/li> <\/ul> <p><strong>Kapcsolat:<\/strong><\/p> <p><a href=\"https:\/\/univet.hu\/hu\/egyetem\/munkatarsak\/horvath-andras\/\" target=\"_blank\" rel=\"noopener\" data-replaced=\"true\">Dr. Horv\u00e1th Andr\u00e1s \u00bb<\/a><\/p>  \t\t<ul id='gallery-1' class='gallery galleryid-66503 block-grid-xs-2 block-grid-sm-3 block-grid-md-4 block-grid-lg-5'><li class='gallery-item'>         <span class='gallery-icon'>             <a href='https:\/\/univet.hu\/wp-content\/uploads\/2018\/09\/andrologia-1.jpg'><img loading=\"lazy\" decoding=\"async\" width=\"320\" height=\"320\" src=\"https:\/\/univet.hu\/wp-content\/uploads\/2018\/09\/andrologia-1-320x320.jpg\" class=\"attachment-thumbnail size-thumbnail\" alt=\"\" \/><\/a>         <\/span><\/li><li class='gallery-item'>         <span class='gallery-icon'>             <a href='https:\/\/univet.hu\/wp-content\/uploads\/2018\/09\/andrologia-2.jpg'><img loading=\"lazy\" decoding=\"async\" width=\"320\" height=\"320\" src=\"https:\/\/univet.hu\/wp-content\/uploads\/2018\/09\/andrologia-2-320x320.jpg\" class=\"attachment-thumbnail size-thumbnail\" alt=\"\" \/><\/a>         <\/span><\/li><li class='gallery-item'>         <span class='gallery-icon'>             <a href='https:\/\/univet.hu\/wp-content\/uploads\/2018\/09\/andrologia-3.jpg'><img loading=\"lazy\" decoding=\"async\" width=\"320\" height=\"320\" src=\"https:\/\/univet.hu\/wp-content\/uploads\/2018\/09\/andrologia-3-320x320.jpg\" class=\"attachment-thumbnail size-thumbnail\" alt=\"\" \/><\/a>         <\/span><\/li><li class='gallery-item'>         <span class='gallery-icon'>             <a href='https:\/\/univet.hu\/wp-content\/uploads\/2018\/09\/andrologia-4.jpg'><img loading=\"lazy\" decoding=\"async\" width=\"320\" height=\"320\" src=\"https:\/\/univet.hu\/wp-content\/uploads\/2018\/09\/andrologia-4-320x320.jpg\" class=\"attachment-thumbnail size-thumbnail\" alt=\"\" \/><\/a>         <\/span><\/li><\/ul>","protected":false},"excerpt":{"rendered":"<p>H\u00edm \u00e1llatok term\u00e9keny\u00edt\u0151 k\u00e9pess\u00e9g\u00e9nek vizsg\u00e1lata (ultrahang, endoszk\u00f3pia, biopszia, hormon vizsg\u00e1latok) Apa\u00e1llatok (sert\u00e9skan, kos, bika) ond\u00f3j\u00e1nak mennyis\u00e9gi \u00e9s min\u0151s\u00e9gi vizsg\u00e1lata Mozg\u00e1stani (motilit\u00e1s) vizsg\u00e1latok mozg\u00e1selemz\u0151 programmal (CASA \u2013 computer assisted sperm analiser) Alaktani (morfol\u00f3gia) vizsg\u00e1latok Kieg\u00e9sz\u00edt\u0151 vizsg\u00e1latok: koncentr\u00e1ci\u00f3, pH, bakteriol\u00f3gia, citol\u00f3gia stb. Ond\u00f3 m\u00e9lyfagyaszt\u00e1s (kan) Kapcsolat: Dr. Horv\u00e1th Andr\u00e1s \u00bb<\/p>\n","protected":false},"author":2518,"featured_media":0,"parent":2213,"menu_order":0,"comment_status":"open","ping_status":"open","template":"","meta":{"_acf_changed":false,"footnotes":""},"categories":[],"tags":[],"class_list":["post-66503","page","type-page","status-publish","hentry"],"acf":[],"_links":{"self":[{"href":"https:\/\/univet.hu\/hu\/wp-json\/wp\/v2\/pages\/66503","targetHints":{"allow":["GET"]}}],"collection":[{"href":"https:\/\/univet.hu\/hu\/wp-json\/wp\/v2\/pages"}],"about":[{"href":"https:\/\/univet.hu\/hu\/wp-json\/wp\/v2\/types\/page"}],"author":[{"embeddable":true,"href":"https:\/\/univet.hu\/hu\/wp-json\/wp\/v2\/users\/2518"}],"replies":[{"embeddable":true,"href":"https:\/\/univet.hu\/hu\/wp-json\/wp\/v2\/comments?post=66503"}],"version-history":[{"count":0,"href":"https:\/\/univet.hu\/hu\/wp-json\/wp\/v2\/pages\/66503\/revisions"}],"up":[{"embeddable":true,"href":"https:\/\/univet.hu\/hu\/wp-json\/wp\/v2\/pages\/2213"}],"wp:attachment":[{"href":"https:\/\/univet.hu\/hu\/wp-json\/wp\/v2\/media?parent=66503"}],"wp:term":[{"taxonomy":"category","embeddable":true,"href":"https:\/\/univet.hu\/hu\/wp-json\/wp\/v2\/categories?post=66503"},{"taxonomy":"post_tag","embeddable":true,"href":"https:\/\/univet.hu\/hu\/wp-json\/wp\/v2\/tags?post=66503"}],"curies":[{"name":"wp","href":"https:\/\/api.w.org\/{rel}","templated":true}]}}