{"id":66646,"date":"2021-08-04T13:40:38","date_gmt":"2021-08-04T11:40:38","guid":{"rendered":"https:\/\/univet.hu\/hu\/egyetem\/palyazati-projektek\/nkfih-palyazatok\/hsup\/"},"modified":"2025-08-15T11:06:23","modified_gmt":"2025-08-15T09:06:23","slug":"hsup-program","status":"publish","type":"page","link":"https:\/\/univet.hu\/hu\/egyetem\/palyazati-projektek\/nkfih-palyazatok\/hsup-program\/","title":{"rendered":"HSUP program"},"content":{"rendered":"<p><a href=\"https:\/\/univet.hu\/hu\/egyetem\/palyazati-projektek\/nkfih-palyazatok\/hsup-program\/hsup_horizontal_rgb_logo_1-2\/\" rel=\"attachment wp-att-188746\"><img loading=\"lazy\" decoding=\"async\" class=\"alignnone wp-image-188746\" src=\"https:\/\/univet.hu\/wp-content\/uploads\/2025\/08\/HSUP_horizontal_rgb_logo_1-960x242.png\" alt=\"\" width=\"587\" height=\"148\" srcset=\"https:\/\/univet.hu\/wp-content\/uploads\/2025\/08\/HSUP_horizontal_rgb_logo_1-960x242.png 960w, https:\/\/univet.hu\/wp-content\/uploads\/2025\/08\/HSUP_horizontal_rgb_logo_1-320x81.png 320w, https:\/\/univet.hu\/wp-content\/uploads\/2025\/08\/HSUP_horizontal_rgb_logo_1-768x194.png 768w, https:\/\/univet.hu\/wp-content\/uploads\/2025\/08\/HSUP_horizontal_rgb_logo_1-1536x387.png 1536w, https:\/\/univet.hu\/wp-content\/uploads\/2025\/08\/HSUP_horizontal_rgb_logo_1-2048x516.png 2048w\" sizes=\"auto, (max-width: 587px) 100vw, 587px\" \/><\/a> <a href=\"https:\/\/univet.hu\/hu\/egyetem\/palyazati-projektek\/nkfih-palyazatok\/hsup-program\/1niu-logo-hu-color-onwhite-hor-2\/\" rel=\"attachment wp-att-188743\"><img loading=\"lazy\" decoding=\"async\" class=\"wp-image-188743 alignright\" src=\"https:\/\/univet.hu\/wp-content\/uploads\/2025\/08\/1niu-logo-HU-color-onwhite-hor-960x202.png\" alt=\"\" width=\"318\" height=\"67\" srcset=\"https:\/\/univet.hu\/wp-content\/uploads\/2025\/08\/1niu-logo-HU-color-onwhite-hor-960x202.png 960w, https:\/\/univet.hu\/wp-content\/uploads\/2025\/08\/1niu-logo-HU-color-onwhite-hor-320x67.png 320w, https:\/\/univet.hu\/wp-content\/uploads\/2025\/08\/1niu-logo-HU-color-onwhite-hor-768x162.png 768w, https:\/\/univet.hu\/wp-content\/uploads\/2025\/08\/1niu-logo-HU-color-onwhite-hor-1536x324.png 1536w, https:\/\/univet.hu\/wp-content\/uploads\/2025\/08\/1niu-logo-HU-color-onwhite-hor-2048x431.png 2048w\" sizes=\"auto, (max-width: 318px) 100vw, 318px\" \/><\/a><\/p> <p><strong>Hungarian Startup University Program 2025 (HSUP)<\/strong><\/p> <p>A Hungarian Startup University Program Magyarorsz\u00e1g els\u0151, angol nyelv\u0171 fels\u0151oktat\u00e1si szint\u0171 startup kurzusa. A Program egy k\u00e9t f\u00e9l\u00e9ves e-learning t\u00e1rgy, amelynek I. f\u00e9l\u00e9v\u00e9ben az innovat\u00edv gondolkod\u00e1sm\u00f3d \u00e9s a startup vil\u00e1g megismer\u00e9se ker\u00fcl a f\u00f3kuszba, m\u00edg a II. f\u00e9l\u00e9vben v\u00e1llalat\u00e9p\u00edt\u00e9ssel kapcsolatos gyakorlati tud\u00e1st saj\u00e1t\u00edthatnak el a hallgat\u00f3k. Az els\u0151 f\u00e9l\u00e9v v\u00e9g\u00e9n a vizsga mellett a hallgat\u00f3k v\u00e1llalkoz\u00e1si \u00f6tlet\u00fckr\u0151l egy one-pagert k\u00e9sz\u00edtenek, amelyen a m\u00e1sodik f\u00e9l\u00e9v sor\u00e1n egyetem\u00fck javaslat\u00e1ra \u00e9s a Nemzeti Innov\u00e1ci\u00f3s \u00dcgyn\u00f6ks\u00e9g t\u00e1mogat\u00e1s\u00e1val dolgozhatnak. A m\u00e1sodik f\u00e9l\u00e9vet is elv\u00e9gz\u0151 hallgat\u00f3k v\u00e1llalkoz\u00e1si \u00f6tlet\u00fcket \u00e9s az elk\u00e9sz\u00fclt MVP-t (Minimum Viable Product &#8211; legkor\u00e1bban haszn\u00e1lhat\u00f3, \u00e9letk\u00e9pes protot\u00edpus) ak\u00e1r befektet\u0151k el\u0151tt is bemutathatj\u00e1k. A program egy szereposzt\u00f3 teszt (16 personalities) kit\u00f6lt\u00e9s\u00e9vel kezd\u0151dik, amely alapj\u00e1n a startup vil\u00e1g 4 legfontosabb alap\u00edt\u00f3i szerepe k\u00f6z\u00fcl javaslatot tesz\u00fcnk arra, hogy milyen szerepben v\u00e9gezze el a hallgat\u00f3 k\u00e9pz\u00e9st.<\/p> <p><strong>Projekt neve:<\/strong> HSUP program lebonyol\u00edt\u00e1sa 2025<\/p> <p><strong>Projektazonos\u00edt\u00f3:<\/strong>\u00a0STARTUP-2025-HSUP-005<br \/> <strong>Felh\u00edv\u00e1s:<\/strong>\u00a0STARTUP-2025-HSUP<\/p> <p><strong>\u00c1TE\u00a0 t\u00e1mogat\u00e1si \u00f6sszeg:<\/strong>\u00a04 500 000 HUF<br \/> <strong>T\u00e1mogat\u00e1si intenzit\u00e1s:<\/strong>\u00a0100%<\/p> <p><strong>Projekt futamideje:<\/strong> 2025.02.01-2025.06.30<\/p> <p><strong>K\u00f6zrem\u0171k\u00f6d\u0151 szervezet:<\/strong> Nemzeti Innov\u00e1ci\u00f3s \u00dcgyn\u00f6ks\u00e9g<\/p> <p>Tematika:<\/p> <p style=\"font-weight: 400\"><b><strong>I.\u00a0\u00a0 <u>Semester &#8211; f\u00e9l\u00e9v<\/u><\/strong><\/b><\/p> <ol> <li style=\"font-weight: 400\">Idea Validation \u2013 \u00d6tletgener\u00e1l\u00e1s<\/li> <li style=\"font-weight: 400\">Market Research and Product Development \u2013 Piackutat\u00e1s \u00e9s term\u00e9kfejleszt\u00e9s<\/li> <li style=\"font-weight: 400\">Marketing -Marketing<\/li> <li style=\"font-weight: 400\">Business models \u2013 \u00c9rt\u00e9kes\u00edt\u00e9si strat\u00e9gia \u00e9s \u00fczleti modellek<\/li> <li style=\"font-weight: 400\">Financial Planning \u2013 P\u00e9nz\u00fcgyi Tervez\u00e9s<\/li> <li style=\"font-weight: 400\">Basics of Legal and HR \u2013 Jogi \u00e9s HR alapok<\/li> <li style=\"font-weight: 400\">Introduction tot he Startup World \u2013 Bevezet\u00e9s a startup vil\u00e1gba<\/li> <\/ol> <p><b><strong>II.\u00a0\u00a0 <u>Semester &#8211; f\u00e9l\u00e9v<\/u><\/strong><\/b><\/p> <ol> <li style=\"font-weight: 400\">The Team \u2013 A csapat<\/li> <li style=\"font-weight: 400\">Writing a Business Plan \u2013 \u00dczleti terv \u00edr\u00e1sa<\/li> <li style=\"font-weight: 400\">Investment and Investors \u2013 Befektet\u00e9s \u00e9s befektet\u0151k<\/li> <li style=\"font-weight: 400\">Softwares and Tools for Efficient Operation \u2013 Szoftverek \u00e9s eszk\u00f6z\u00f6k a hat\u00e9kony m\u0171k\u00f6d\u00e9shez<\/li> <li style=\"font-weight: 400\">Case Studies in Details \u2013 Esettanulm\u00e1nyok r\u00e9szletesen<\/li> <\/ol> <p>Programr\u00f3l b\u0151vebben:<\/p> <p><a href=\"https:\/\/niu.hu\/hu\/service\/hsup\">Hungarian Startup University Program (HSUP) <\/a><\/p> <p><a href=\"https:\/\/hsup.niu.hu\/\">HSUP platform<\/a><\/p> <p>&nbsp;<\/p> <p>&#8212;&#8212;&#8212;&#8212;&#8212;&#8212;&#8212;&#8212;&#8212;&#8212;&#8212;&#8212;&#8212;&#8212;&#8212;&#8212;&#8212;&#8212;&#8212;&#8212;&#8212;&#8212;&#8212;&#8212;&#8212;&#8212;&#8212;&#8211;<\/p> <p>&nbsp;<\/p> <p>H\u00cdREK:<\/p> <p><a href=\"https:\/\/niu.hu\/news\/eredmenyesen-zarult-a-hsup-tavaszi-feleve-24\">EREDM\u00c9NYESEN Z\u00c1RT A HSUP TAVASZI F\u00c9L\u00c9VE<\/a><\/p> <p>&nbsp;<\/p> <p><strong>FELH\u00cdV\u00c1S 2023\/2024-es tan\u00e9vre:<\/strong><\/p> <p><a href=\"https:\/\/univet.hu\/hu\/oktatas\/kurzusok\/innovaciomenedzsment-2\/\">INNOV\u00c1CI\u00d3MENEDZSMENT 2.<\/a><\/p> <p><a href=\"https:\/\/univet.hu\/hu\/oktatas\/kurzusok\/innovaciomenedzsment-1\/\">INNOV\u00c1CI\u00d3MENEDZSMENT 1.<\/a><\/p> <p><a href=\"https:\/\/univet.hu\/hu\/2023\/08\/28\/ujra-itt-a-hungarian-startup-university-program\/hsup2\/\" rel=\"attachment wp-att-91439\"><img loading=\"lazy\" decoding=\"async\" class=\"alignnone size-large wp-image-91439\" src=\"https:\/\/univet.hu\/wp-content\/uploads\/2023\/08\/hsup2-679x960.jpg\" alt=\"\" width=\"640\" height=\"905\" srcset=\"https:\/\/univet.hu\/wp-content\/uploads\/2023\/08\/hsup2-679x960.jpg 679w, https:\/\/univet.hu\/wp-content\/uploads\/2023\/08\/hsup2-226x320.jpg 226w, https:\/\/univet.hu\/wp-content\/uploads\/2023\/08\/hsup2-768x1086.jpg 768w, https:\/\/univet.hu\/wp-content\/uploads\/2023\/08\/hsup2.jpg 1414w\" sizes=\"auto, (max-width: 640px) 100vw, 640px\" \/><\/a><\/p> <p>FELH\u00cdV\u00c1S 2022\/2023 -as tan\u00e9vre:<\/p> <p><a href=\"https:\/\/univet.hu\/hu\/oktatas\/kurzusok\/innovaciomenedzsment-1\/\">Innov\u00e1ci\u00f3menedzsment 1. \u2013 \u00c1llatorvostudom\u00e1nyi Egyetem (univet.hu)<\/a><\/p> <p><a href=\"https:\/\/univet.hu\/hu\/oktatas\/kurzusok\/innovaciomenedzsment-2\/\">Innov\u00e1ci\u00f3menedzsment 2. \u2013 \u00c1llatorvostudom\u00e1nyi Egyetem (univet.hu)<\/a><\/p> <p>&nbsp;<\/p> <p>FELH\u00cdV\u00c1S 2021\/2022<\/p> <p><a href=\"https:\/\/univet.hu\/en\/egyetem\/palyazati-projektek\/nkfih-palyazatok\/hsup-program\/innovaciomenedzsment-nagy-plakat_page-0001\/\" rel=\"attachment wp-att-77846\"><img loading=\"lazy\" decoding=\"async\" class=\"alignnone size-large wp-image-77846\" src=\"https:\/\/univet.hu\/wp-content\/uploads\/2022\/08\/Innov\u00e1ci\u00f3menedzsment-nagy-plak\u00e1t_page-0001-742x960.jpg\" alt=\"\" width=\"640\" height=\"828\" srcset=\"https:\/\/univet.hu\/wp-content\/uploads\/2022\/08\/Innov\u00e1ci\u00f3menedzsment-nagy-plak\u00e1t_page-0001-742x960.jpg 742w, https:\/\/univet.hu\/wp-content\/uploads\/2022\/08\/Innov\u00e1ci\u00f3menedzsment-nagy-plak\u00e1t_page-0001-247x320.jpg 247w, https:\/\/univet.hu\/wp-content\/uploads\/2022\/08\/Innov\u00e1ci\u00f3menedzsment-nagy-plak\u00e1t_page-0001-768x994.jpg 768w, https:\/\/univet.hu\/wp-content\/uploads\/2022\/08\/Innov\u00e1ci\u00f3menedzsment-nagy-plak\u00e1t_page-0001.jpg 1275w\" sizes=\"auto, (max-width: 640px) 100vw, 640px\" \/><\/a> <a href=\"https:\/\/univet.hu\/en\/egyetem\/palyazati-projektek\/nkfih-palyazatok\/hsup-program\/innovaciomenedzsment-szorolap_page-0002\/\" rel=\"attachment wp-att-77848\"><img loading=\"lazy\" decoding=\"async\" class=\"alignnone size-large wp-image-77848\" src=\"https:\/\/univet.hu\/wp-content\/uploads\/2022\/08\/Innov\u00e1ci\u00f3menedzsment-sz\u00f3r\u00f3lap_page-0002-679x960.jpg\" alt=\"\" width=\"640\" height=\"905\" srcset=\"https:\/\/univet.hu\/wp-content\/uploads\/2022\/08\/Innov\u00e1ci\u00f3menedzsment-sz\u00f3r\u00f3lap_page-0002-679x960.jpg 679w, https:\/\/univet.hu\/wp-content\/uploads\/2022\/08\/Innov\u00e1ci\u00f3menedzsment-sz\u00f3r\u00f3lap_page-0002-226x320.jpg 226w, https:\/\/univet.hu\/wp-content\/uploads\/2022\/08\/Innov\u00e1ci\u00f3menedzsment-sz\u00f3r\u00f3lap_page-0002-768x1086.jpg 768w\" sizes=\"auto, (max-width: 640px) 100vw, 640px\" \/><\/a> <a href=\"https:\/\/univet.hu\/en\/egyetem\/palyazati-projektek\/nkfih-palyazatok\/hsup-program\/innovaciomenedzsment-szorolap_page-0001\/\" rel=\"attachment wp-att-77847\"><img loading=\"lazy\" decoding=\"async\" class=\"alignnone size-large wp-image-77847\" src=\"https:\/\/univet.hu\/wp-content\/uploads\/2022\/08\/Innov\u00e1ci\u00f3menedzsment-sz\u00f3r\u00f3lap_page-0001-679x960.jpg\" alt=\"\" width=\"640\" height=\"905\" srcset=\"https:\/\/univet.hu\/wp-content\/uploads\/2022\/08\/Innov\u00e1ci\u00f3menedzsment-sz\u00f3r\u00f3lap_page-0001-679x960.jpg 679w, https:\/\/univet.hu\/wp-content\/uploads\/2022\/08\/Innov\u00e1ci\u00f3menedzsment-sz\u00f3r\u00f3lap_page-0001-226x320.jpg 226w, https:\/\/univet.hu\/wp-content\/uploads\/2022\/08\/Innov\u00e1ci\u00f3menedzsment-sz\u00f3r\u00f3lap_page-0001-768x1086.jpg 768w\" sizes=\"auto, (max-width: 640px) 100vw, 640px\" \/><\/a><\/p> <p>H\u00edrek<\/p> <ul> <li>Az \u00c1llatorvostudom\u00e1nyi Egyetemen\u00a0 2021\/2022-es tan\u00e9vben \u00f6sszesen 25 hallgat\u00f3 kezdte meg a k\u00e9pz\u00e9st \u00e9s vette fel a HSUP\/Innov\u00e1ci\u00f3menedzsment tant\u00e1rgyat az\u00a0 az els\u0151 Hungarian Sturtup University program keret\u00e9ben.<\/li> <\/ul> <p>&nbsp;<\/p> <ul> <li>M\u00e1sodik f\u00e9l\u00e9vet 19 \u00c1TE hallgat\u00f3 folytatta, k\u00f6z\u00fcl\u00fck is 11-en jogosultak\u00a0 HSUP \u00f6szt\u00f6nd\u00edjra!<\/li> <\/ul> <ul> <li>HSUP \u00f6szt\u00f6nd\u00edjas ChromatAir (\u00c1TE) csapata k\u00fcl\u00f6nd\u00edjas helyez\u00e9st \u00e9rt el a NAK-Techlab hackathon versenyen!! B\u0151vebben:\u00a0<a href=\"https:\/\/www.naktechlab.hu\/post\/friss-lend%C3%BCletet-kreativit%C3%A1s-%C3%A9s-fejl%C5%91d%C3%A9s\">Friss lend\u00fcletet, kreativit\u00e1s \u00e9s fejl\u0151d\u00e9s (naktechlab.hu)<\/a><\/li> <\/ul> <div class=\"article_intro\"> <p>A Hungarian Startup University Program m\u00e1sodik tan\u00e9v\u00e9nek z\u00e1r\u00e1sak\u00e9nt 2022. j\u00falius 13-\u00e1n rendezt\u00e9k meg K\u00e1poln\u00e1sny\u00e9ken a HSUP Demo Day nev\u0171 pitch versenyt.<\/p> <\/div> <div class=\"article_txt\"> <p>A Hungarian Startup University Program m\u00e1sodik tan\u00e9v\u00e9nek z\u00e1r\u00e1sak\u00e9nt ism\u00e9t megrendezt\u00e9k a HSUP Demo Day nev\u0171 pitch versenyt, amelyen az orsz\u00e1gos program 27 tagegyetem\u00e9nek 189 projektcsapata k\u00f6z\u00fcl a legjobbak vehettek r\u00e9szt. A kiv\u00e1laszt\u00e1s alapj\u00e1t a csapatok \u00e1ltal beny\u00fajtott Progress Reportok \u00e9s r\u00f6vid bemutatkoz\u00f3 vide\u00f3k jelentett\u00e9k, amelyek alapj\u00e1n a HSUP partner c\u00e9gei v\u00e1lasztott\u00e1k ki a legpiack\u00e9pesebb, \u00e9s szakmailag legink\u00e1bb megval\u00f3s\u00edthat\u00f3nak \u00edg\u00e9rkez\u0151 20 projektet. Az \u00c1llatorvostudom\u00e1nyi Egyetemr\u0151l 1 projekt jutott be a d\u00f6nt\u0151be.<\/p> <\/div> <p>B\u0151vebben:<\/p> <p><a href=\"https:\/\/insiderblog.hu\/blogzine\/2022\/07\/21\/magyar-egyetemi-otletek-hodithatjak-meg-a-vilagot\/\">Magyar egyetemi \u00f6tletek h\u00f3d\u00edthatj\u00e1k mega vil\u00e1got (insiderblog.hu)<\/a><\/p> <p>&nbsp;<\/p> <p><em>A Hungarian Startup University Program a Nemzeti Kutat\u00e1si, Fejleszt\u00e9si \u00e9s Innov\u00e1ci\u00f3s Hivatal t\u00e1mogat\u00e1s\u00e1val val\u00f3sult meg.\u00a0<\/em><\/p> <p><img loading=\"lazy\" decoding=\"async\" class=\"alignnone size-medium wp-image-66651\" src=\"https:\/\/univet.hu\/wp-content\/uploads\/2021\/08\/NKFIA_infoblokk_program_fekvo_2019_HU-320x69.png\" alt=\"\" width=\"320\" height=\"69\" srcset=\"https:\/\/univet.hu\/wp-content\/uploads\/2021\/08\/NKFIA_infoblokk_program_fekvo_2019_HU-320x69.png 320w, https:\/\/univet.hu\/wp-content\/uploads\/2021\/08\/NKFIA_infoblokk_program_fekvo_2019_HU-768x165.png 768w, https:\/\/univet.hu\/wp-content\/uploads\/2021\/08\/NKFIA_infoblokk_program_fekvo_2019_HU-960x206.png 960w, https:\/\/univet.hu\/wp-content\/uploads\/2021\/08\/NKFIA_infoblokk_program_fekvo_2019_HU.png 1098w\" sizes=\"auto, (max-width: 320px) 100vw, 320px\" \/><\/p>","protected":false},"excerpt":{"rendered":"<p>Hungarian Startup University Program 2025 (HSUP) A Hungarian Startup University Program Magyarorsz\u00e1g els\u0151, angol nyelv\u0171 fels\u0151oktat\u00e1si szint\u0171 startup kurzusa. A Program egy k\u00e9t f\u00e9l\u00e9ves e-learning t\u00e1rgy, amelynek I. f\u00e9l\u00e9v\u00e9ben az innovat\u00edv gondolkod\u00e1sm\u00f3d \u00e9s a startup vil\u00e1g megismer\u00e9se ker\u00fcl a f\u00f3kuszba, m\u00edg a II. f\u00e9l\u00e9vben v\u00e1llalat\u00e9p\u00edt\u00e9ssel kapcsolatos gyakorlati tud\u00e1st saj\u00e1t\u00edthatnak el a hallgat\u00f3k. Az els\u0151 f\u00e9l\u00e9v<\/p>\n","protected":false},"author":2572,"featured_media":0,"parent":45583,"menu_order":0,"comment_status":"open","ping_status":"open","template":"","meta":{"_acf_changed":false,"footnotes":""},"categories":[],"tags":[],"class_list":["post-66646","page","type-page","status-publish","hentry"],"acf":[],"_links":{"self":[{"href":"https:\/\/univet.hu\/hu\/wp-json\/wp\/v2\/pages\/66646","targetHints":{"allow":["GET"]}}],"collection":[{"href":"https:\/\/univet.hu\/hu\/wp-json\/wp\/v2\/pages"}],"about":[{"href":"https:\/\/univet.hu\/hu\/wp-json\/wp\/v2\/types\/page"}],"author":[{"embeddable":true,"href":"https:\/\/univet.hu\/hu\/wp-json\/wp\/v2\/users\/2572"}],"replies":[{"embeddable":true,"href":"https:\/\/univet.hu\/hu\/wp-json\/wp\/v2\/comments?post=66646"}],"version-history":[{"count":3,"href":"https:\/\/univet.hu\/hu\/wp-json\/wp\/v2\/pages\/66646\/revisions"}],"predecessor-version":[{"id":188796,"href":"https:\/\/univet.hu\/hu\/wp-json\/wp\/v2\/pages\/66646\/revisions\/188796"}],"up":[{"embeddable":true,"href":"https:\/\/univet.hu\/hu\/wp-json\/wp\/v2\/pages\/45583"}],"wp:attachment":[{"href":"https:\/\/univet.hu\/hu\/wp-json\/wp\/v2\/media?parent=66646"}],"wp:term":[{"taxonomy":"category","embeddable":true,"href":"https:\/\/univet.hu\/hu\/wp-json\/wp\/v2\/categories?post=66646"},{"taxonomy":"post_tag","embeddable":true,"href":"https:\/\/univet.hu\/hu\/wp-json\/wp\/v2\/tags?post=66646"}],"curies":[{"name":"wp","href":"https:\/\/api.w.org\/{rel}","templated":true}]}}