{"id":66657,"date":"2021-08-05T11:13:40","date_gmt":"2021-08-05T09:13:40","guid":{"rendered":"https:\/\/univet.hu\/?page_id=66657"},"modified":"2024-11-25T09:20:53","modified_gmt":"2024-11-25T08:20:53","slug":"murtal-ausztria","status":"publish","type":"page","link":"https:\/\/univet.hu\/hu\/oktatas\/tanulmanyi-osztaly\/allasajanlatok\/murtal-ausztria\/","title":{"rendered":"Murtal, Ausztria"},"content":{"rendered":"<p>2024.11.25<\/p> <p>Tierarztpraxis im Murtal, sehr gut ausgestattet, mit Kleintier- Nutztier- und Pferdeanteil sucht Verst\u00e4rkung f\u00fcr den Kleintierbereich. Bei Interesse auch Mitarbeit in anderen Bereichen m\u00f6glich. Bei Erfahrung oder Zusatzqualifikation Bereitschaft zur \u00dcberbezahlung.<br \/> Tel.: 0664 5067728<br \/> Mindestgehalt: 3300 \u20ac (14x j\u00e4hrlich)<br \/> Kontaktdaten:\u00a0<a class=\"decrypt\" rel=\"xbmmofsAujfslmjojl.xbmmofs\/bu\" href=\"javascript:void(0);\">[Kattintson az emailc\u00edmhez]<\/a><br \/> Kontaktdaten: 06645067728<\/p> <p>2021.08.05<\/p> <p>Ausztri\u00e1ba, Murtali j\u00e1r\u00e1sba keres\u00fcnk egy csal\u00e1dias \u00e1llatorvosi praxisba szarvasmarh\u00e1hoz \u00e9rt\u0151, n\u00e9met\u00fcl j\u00f3l besz\u00e9l\u0151 \u00e1llatorvost, \u0151sz v\u00e9gi kezd\u00e9ssel.<\/p> <p>P\u00e1lyakezd\u0151k jelentkez\u00e9s\u00e9t is sz\u00edvesen v\u00e1rjuk.<\/p> <p>A k\u00f6rzet koncentr\u00e1lt (kb. 50 km \u00e1tm\u00e9r\u0151j\u00fc), f\u0151k\u00e9pp 5-50 l\u00e9tsz\u00e1m\u00fa tejhaszn\u00fa gazdas\u00e1gok.<\/p> <p>Kiemelked\u0151, b\u00e9rez\u00e9s (13.+14. havi fizet\u00e9s), lakhat\u00e1sban tudunk seg\u00edteni.<\/p> <p>\u00c8rdekl\u0151dni:<\/p> <p>Pusk\u00e1s Mikl\u00f3s &#8211; 00436601047755<\/p> <p><a class=\"decrypt\" rel=\"qn82:1Agsffnbjm\/iv\" href=\"javascript:void(0);\">[Kattintson az emailc\u00edmhez]<\/a><\/p>","protected":false},"excerpt":{"rendered":"<p>2024.11.25 Tierarztpraxis im Murtal, sehr gut ausgestattet, mit Kleintier- Nutztier- und Pferdeanteil sucht Verst\u00e4rkung f\u00fcr den Kleintierbereich. Bei Interesse auch Mitarbeit in anderen Bereichen m\u00f6glich. Bei Erfahrung oder Zusatzqualifikation Bereitschaft zur \u00dcberbezahlung. Tel.: 0664 5067728 Mindestgehalt: 3300 \u20ac (14x j\u00e4hrlich) Kontaktdaten:\u00a0[Kattintson az emailc\u00edmhez] Kontaktdaten: 06645067728 2021.08.05 Ausztri\u00e1ba, Murtali j\u00e1r\u00e1sba keres\u00fcnk egy csal\u00e1dias \u00e1llatorvosi praxisba szarvasmarh\u00e1hoz<\/p>\n","protected":false},"author":2961,"featured_media":0,"parent":26415,"menu_order":112,"comment_status":"closed","ping_status":"closed","template":"","meta":{"_acf_changed":false,"footnotes":""},"categories":[],"tags":[],"class_list":["post-66657","page","type-page","status-publish","hentry"],"acf":[],"_links":{"self":[{"href":"https:\/\/univet.hu\/hu\/wp-json\/wp\/v2\/pages\/66657","targetHints":{"allow":["GET"]}}],"collection":[{"href":"https:\/\/univet.hu\/hu\/wp-json\/wp\/v2\/pages"}],"about":[{"href":"https:\/\/univet.hu\/hu\/wp-json\/wp\/v2\/types\/page"}],"author":[{"embeddable":true,"href":"https:\/\/univet.hu\/hu\/wp-json\/wp\/v2\/users\/2961"}],"replies":[{"embeddable":true,"href":"https:\/\/univet.hu\/hu\/wp-json\/wp\/v2\/comments?post=66657"}],"version-history":[{"count":0,"href":"https:\/\/univet.hu\/hu\/wp-json\/wp\/v2\/pages\/66657\/revisions"}],"up":[{"embeddable":true,"href":"https:\/\/univet.hu\/hu\/wp-json\/wp\/v2\/pages\/26415"}],"wp:attachment":[{"href":"https:\/\/univet.hu\/hu\/wp-json\/wp\/v2\/media?parent=66657"}],"wp:term":[{"taxonomy":"category","embeddable":true,"href":"https:\/\/univet.hu\/hu\/wp-json\/wp\/v2\/categories?post=66657"},{"taxonomy":"post_tag","embeddable":true,"href":"https:\/\/univet.hu\/hu\/wp-json\/wp\/v2\/tags?post=66657"}],"curies":[{"name":"wp","href":"https:\/\/api.w.org\/{rel}","templated":true}]}}