{"id":67080,"date":"2021-08-14T07:51:51","date_gmt":"2021-08-14T05:51:51","guid":{"rendered":"https:\/\/univet.hu\/hu\/oktatas\/kurzusok\/new-course-page-2\/"},"modified":"2025-11-10T15:42:22","modified_gmt":"2025-11-10T14:42:22","slug":"innovaciomenedzsment-1","status":"publish","type":"page","link":"https:\/\/univet.hu\/hu\/oktatas\/kurzusok\/innovaciomenedzsment-1\/","title":{"rendered":"Innov\u00e1ci\u00f3menedzsment 1."},"content":{"rendered":"<p align=\"justify\"><a href=\"https:\/\/univet.hu\/hu\/oktatas\/kurzusok\/innovaciomenedzsment-1\/1niu-logo-hu-color-onwhite-hor\/\" rel=\"attachment wp-att-194775\"><img loading=\"lazy\" decoding=\"async\" class=\"alignnone  wp-image-194775\" src=\"https:\/\/univet.hu\/wp-content\/uploads\/2025\/11\/1niu-logo-HU-color-onwhite-hor-960x202.png\" alt=\"\" width=\"219\" height=\"46\" srcset=\"https:\/\/univet.hu\/wp-content\/uploads\/2025\/11\/1niu-logo-HU-color-onwhite-hor-960x202.png 960w, https:\/\/univet.hu\/wp-content\/uploads\/2025\/11\/1niu-logo-HU-color-onwhite-hor-320x67.png 320w, https:\/\/univet.hu\/wp-content\/uploads\/2025\/11\/1niu-logo-HU-color-onwhite-hor-768x162.png 768w, https:\/\/univet.hu\/wp-content\/uploads\/2025\/11\/1niu-logo-HU-color-onwhite-hor-1536x324.png 1536w, https:\/\/univet.hu\/wp-content\/uploads\/2025\/11\/1niu-logo-HU-color-onwhite-hor-2048x431.png 2048w\" sizes=\"auto, (max-width: 219px) 100vw, 219px\" \/><\/a>\u00a0 \u00a0<a href=\"https:\/\/univet.hu\/hu\/oktatas\/kurzusok\/innovaciomenedzsment-1\/hsup_horizontal_rgb_logo_1\/\" rel=\"attachment wp-att-194778\"><img loading=\"lazy\" decoding=\"async\" class=\"wp-image-194778 alignright\" src=\"https:\/\/univet.hu\/wp-content\/uploads\/2025\/11\/HSUP_horizontal_rgb_logo_1-960x242.png\" alt=\"\" width=\"278\" height=\"70\" srcset=\"https:\/\/univet.hu\/wp-content\/uploads\/2025\/11\/HSUP_horizontal_rgb_logo_1-960x242.png 960w, https:\/\/univet.hu\/wp-content\/uploads\/2025\/11\/HSUP_horizontal_rgb_logo_1-320x81.png 320w, https:\/\/univet.hu\/wp-content\/uploads\/2025\/11\/HSUP_horizontal_rgb_logo_1-768x194.png 768w, https:\/\/univet.hu\/wp-content\/uploads\/2025\/11\/HSUP_horizontal_rgb_logo_1-1536x387.png 1536w, https:\/\/univet.hu\/wp-content\/uploads\/2025\/11\/HSUP_horizontal_rgb_logo_1-2048x516.png 2048w\" sizes=\"auto, (max-width: 278px) 100vw, 278px\" \/><\/a><\/p> <p align=\"justify\"> <p align=\"justify\"> <p align=\"justify\"> <p align=\"justify\">A Nemzeti Kutat\u00e1si, Fejleszt\u00e9si \u00e9s Innov\u00e1ci\u00f3s Hivatal (a tov\u00e1bbiakban: NKFI Hivatal) \u00e1ltal, az Innov\u00e1ci\u00f3s \u00e9s Technol\u00f3giai Miniszt\u00e9rium szakpolitikai t\u00e1mogat\u00e1s\u00e1val \u00e9letre h\u00edvott Hungarian Startup University Program (a tov\u00e1bbiakban: HSUP vagy Program) Magyarorsz\u00e1g els\u0151 fels\u0151oktat\u00e1si szint\u0171 startup kurzusa. A program c\u00e9lja, hogy felkeltse az egyetemist\u00e1k \u00e9rdekl\u0151d\u00e9s\u00e9t az innov\u00e1ci\u00f3 \u00e9s a v\u00e1llalkoz\u00f3i l\u00e9t ir\u00e1nt \u00e9s n\u00f6velje az \u00e1ltaluk ind\u00edtott innovat\u00edv v\u00e1llalkoz\u00e1sok sz\u00e1m\u00e1t. A Program f\u00f3kusz\u00e1ban az innov\u00e1ci\u00f3s szeml\u00e9letm\u00f3d elsaj\u00e1t\u00edttat\u00e1sa \u00e9s az innov\u00e1ci\u00f3 ir\u00e1nti \u00e9rdekl\u0151d\u00e9s felkelt\u00e9se \u00e1ll.<\/p> <p align=\"justify\">A Program megismerteti a fiatal gener\u00e1ci\u00f3val az innov\u00e1ci\u00f3s \u00f6kosziszt\u00e9ma fel\u00e9p\u00edt\u00e9s\u00e9t \u00e9s m\u0171k\u00f6d\u00e9s\u00e9t, tov\u00e1bb\u00e1 lehet\u0151s\u00e9get k\u00edn\u00e1l sz\u00e1mukra a bekapcsol\u00f3d\u00e1sra. A HSUP-hoz kapcsol\u00f3d\u00f3 egyetemi kurzus keret\u00e9ben a hallgat\u00f3k sz\u00e1mos startup szektorban tev\u00e9kenyked\u0151 szak\u00e9rt\u0151 bevon\u00e1s\u00e1val ismerhetik meg a megold\u00e1sk\u00f6zpont\u00fa gondolkod\u00e1sm\u00f3dot, \u00edgy az Y \u00e9s Z gener\u00e1ci\u00f3 innov\u00e1ci\u00f3s k\u00f6rnyezetbe val\u00f3 bevon\u00e1sa a gener\u00e1ci\u00f3k \u00f6sszek\u00f6t\u00e9s\u00e9vel val\u00f3sul meg, aminek eredm\u00e9nyek\u00e9nt l\u00e9trej\u00f6n egy \u201einnov\u00e1ci\u00f3s gener\u00e1ci\u00f3\u201d.<\/p> <p><iframe loading=\"lazy\" title=\"Hungarian Startup University Program\" width=\"1280\" height=\"720\" src=\"https:\/\/www.youtube.com\/embed\/Ae_duthFBlw?feature=oembed\" frameborder=\"0\" allow=\"accelerometer; autoplay; clipboard-write; encrypted-media; gyroscope; picture-in-picture; web-share\" referrerpolicy=\"strict-origin-when-cross-origin\" allowfullscreen><\/iframe><\/p> <p>&nbsp;<\/p> <p>&nbsp;<\/p> <p><a href=\"https:\/\/univet.hu\/hu\/oktatas\/kurzusok\/innovaciomenedzsment-1\/nih_logo_allo_szeles-2\/\" rel=\"attachment wp-att-194787\"><img loading=\"lazy\" decoding=\"async\" class=\"alignnone  wp-image-194787\" src=\"https:\/\/univet.hu\/wp-content\/uploads\/2025\/11\/NKFIH-logo-2soros-bw-1-1-960x715.jpg\" alt=\"\" width=\"339\" height=\"252\" srcset=\"https:\/\/univet.hu\/wp-content\/uploads\/2025\/11\/NKFIH-logo-2soros-bw-1-1-960x715.jpg 960w, https:\/\/univet.hu\/wp-content\/uploads\/2025\/11\/NKFIH-logo-2soros-bw-1-1-320x238.jpg 320w, https:\/\/univet.hu\/wp-content\/uploads\/2025\/11\/NKFIH-logo-2soros-bw-1-1-768x572.jpg 768w, https:\/\/univet.hu\/wp-content\/uploads\/2025\/11\/NKFIH-logo-2soros-bw-1-1.jpg 1240w\" sizes=\"auto, (max-width: 339px) 100vw, 339px\" \/><\/a><a href=\"https:\/\/univet.hu\/hu\/oktatas\/kurzusok\/innovaciomenedzsment-1\/nkfih-social-logo\/\" rel=\"attachment wp-att-194790\"><img loading=\"lazy\" decoding=\"async\" class=\"wp-image-194790 alignright\" src=\"https:\/\/univet.hu\/wp-content\/uploads\/2025\/11\/nkfih-social-logo.png\" alt=\"\" width=\"217\" height=\"217\" srcset=\"https:\/\/univet.hu\/wp-content\/uploads\/2025\/11\/nkfih-social-logo.png 800w, https:\/\/univet.hu\/wp-content\/uploads\/2025\/11\/nkfih-social-logo-320x320.png 320w, https:\/\/univet.hu\/wp-content\/uploads\/2025\/11\/nkfih-social-logo-768x768.png 768w, https:\/\/univet.hu\/wp-content\/uploads\/2025\/11\/nkfih-social-logo-640x640.png 640w\" sizes=\"auto, (max-width: 217px) 100vw, 217px\" \/><\/a><\/p> <p style=\"text-align: center\"><strong><span style=\"font-size: 24pt\">2025\/2026. tan\u00e9v<\/span><\/strong><\/p> <p style=\"text-align: center\"><img loading=\"lazy\" decoding=\"async\" class=\"alignnone size-full wp-image-190029\" src=\"https:\/\/univet.hu\/wp-content\/uploads\/2025\/09\/Innovaciomenedzsment-menetrend-2025.jpg\" alt=\"\" width=\"622\" height=\"879\" srcset=\"https:\/\/univet.hu\/wp-content\/uploads\/2025\/09\/Innovaciomenedzsment-menetrend-2025.jpg 622w, https:\/\/univet.hu\/wp-content\/uploads\/2025\/09\/Innovaciomenedzsment-menetrend-2025-226x320.jpg 226w\" sizes=\"auto, (max-width: 622px) 100vw, 622px\" \/><\/p> <p>&nbsp;<\/p> <p style=\"text-align: left\"><span style=\"font-size: 18pt\"><strong>A programr\u00f3l b\u0151vebben:<\/strong><\/span><\/p> <p style=\"text-align: left\"><a href=\"https:\/\/niu.hu\/hu\/service\/hsup\">Hungarian Startup University Program (HSUP)<\/a><\/p> <p style=\"text-align: left\"><a href=\"https:\/\/hsup.niu.hu\/\">HSUP pla<\/a><a href=\"https:\/\/hsup.niu.hu\/\">tform<\/a><\/p> <p>&nbsp;<\/p> <p style=\"text-align: center\"><strong><span style=\"font-size: 24pt\">2024\/2025. tan\u00e9v<\/span><\/strong><\/p> <p style=\"text-align: left\"><span style=\"font-size: 18pt\"><strong>A HSUP platform megnyit\u00e1s\u00e1nak, \u00e9s az els\u0151 f\u00e9l\u00e9v kezdet\u00e9nek id\u0151pontja 2024. szeptember 23.<\/strong><\/span><\/p> <p style=\"text-align: left\">Tematika:<\/p> <p style=\"text-align: left\">I. f\u00e9l\u00e9v:<\/p> <p style=\"text-align: left\">Idea Validation \u2013 \u00d6tletgener\u00e1l\u00e1s<\/p> <p style=\"text-align: left\">Market Research and Product Development \u2013 Piackutat\u00e1s \u00e9s term\u00e9kfejleszt\u00e9s<\/p> <p style=\"text-align: left\">Marketing -Marketing<\/p> <p style=\"text-align: left\">Business models \u2013 \u00c9rt\u00e9kes\u00edt\u00e9si strat\u00e9gia \u00e9s \u00fczleti modellek<\/p> <p style=\"text-align: left\">Financial Planning \u2013 P\u00e9nz\u00fcgyi Tervez\u00e9s<\/p> <p style=\"text-align: left\">Basics of Legal and HR \u2013 Jogi \u00e9s HR alapok<\/p> <p style=\"text-align: left\">Introduction tot he Startup World \u2013 Bevezet\u00e9s a startup vil\u00e1gba<\/p> <p style=\"text-align: left\"><span style=\"font-size: 18pt\"><strong>Programr\u00f3l b\u0151vebben:<\/strong><\/span><\/p> <p style=\"text-align: left\"><a href=\"https:\/\/niu.hu\/hu\/service\/hsup\">Hungarian Startup University Program (HSUP)<\/a><\/p> <p style=\"text-align: left\"><a href=\"https:\/\/hsup.niu.hu\/\">HSUP pla<\/a><a href=\"https:\/\/hsup.niu.hu\/\">tform<\/a><\/p> <p>&nbsp;<\/p> <p style=\"text-align: center\"><strong><span style=\"font-size: 24pt\">2023\/2024. tan\u00e9v<\/span><\/strong><\/p> <p style=\"text-align: center\"><span style=\"font-size: 18pt\"><strong>A HSUP platform megnyit\u00e1s\u00e1nak, \u00e9s az els\u0151 f\u00e9l\u00e9v kezdet\u00e9nek v\u00e1rhat\u00f3 id\u0151pontja 2023. okt\u00f3ber 02. A programr\u00f3l r\u00e9szletesen a <a href=\"https:\/\/hsup.nkfih.gov.hu\/\">https:\/\/hsup.nkfih.gov.hu\/<\/a> oldalon olvashattok.<\/strong><\/span><\/p> <p style=\"text-align: center\"><img loading=\"lazy\" decoding=\"async\" class=\"alignnone size-full wp-image-91199\" src=\"https:\/\/univet.hu\/wp-content\/uploads\/2023\/08\/1.jpg\" alt=\"\" width=\"1414\" height=\"2000\" srcset=\"https:\/\/univet.hu\/wp-content\/uploads\/2023\/08\/1.jpg 1414w, https:\/\/univet.hu\/wp-content\/uploads\/2023\/08\/1-226x320.jpg 226w, https:\/\/univet.hu\/wp-content\/uploads\/2023\/08\/1-768x1086.jpg 768w, https:\/\/univet.hu\/wp-content\/uploads\/2023\/08\/1-679x960.jpg 679w\" sizes=\"auto, (max-width: 1414px) 100vw, 1414px\" \/><\/p> <p>&nbsp;<\/p> <p style=\"text-align: center\"><img loading=\"lazy\" decoding=\"async\" class=\"alignnone size-full wp-image-91200\" src=\"https:\/\/univet.hu\/wp-content\/uploads\/2023\/08\/2.jpg\" alt=\"\" width=\"1414\" height=\"2000\" srcset=\"https:\/\/univet.hu\/wp-content\/uploads\/2023\/08\/2.jpg 1414w, https:\/\/univet.hu\/wp-content\/uploads\/2023\/08\/2-226x320.jpg 226w, https:\/\/univet.hu\/wp-content\/uploads\/2023\/08\/2-768x1086.jpg 768w, https:\/\/univet.hu\/wp-content\/uploads\/2023\/08\/2-679x960.jpg 679w\" sizes=\"auto, (max-width: 1414px) 100vw, 1414px\" \/><\/p> <p style=\"text-align: center\"><strong><span style=\"font-size: 24pt\">2022\/2023. tan\u00e9v<\/span><\/strong><\/p> <p style=\"text-align: center\"><strong><span style=\"font-size: 18pt\">A HSUP platform megnyit\u00e1s\u00e1nak, \u00e9s az els\u0151 f\u00e9l\u00e9v kezdet\u00e9nek v\u00e1rhat\u00f3 id\u0151pontja: 2022. okt\u00f3ber 3. <\/span><\/strong><\/p> <p><img loading=\"lazy\" decoding=\"async\" class=\"size-full wp-image-77813 aligncenter\" src=\"https:\/\/univet.hu\/wp-content\/uploads\/2022\/08\/Brown-and-Beige-Scrapbook-Introduction-to-Geography-Education-Infographic.jpg\" alt=\"\" width=\"800\" height=\"2000\" srcset=\"https:\/\/univet.hu\/wp-content\/uploads\/2022\/08\/Brown-and-Beige-Scrapbook-Introduction-to-Geography-Education-Infographic.jpg 800w, https:\/\/univet.hu\/wp-content\/uploads\/2022\/08\/Brown-and-Beige-Scrapbook-Introduction-to-Geography-Education-Infographic-128x320.jpg 128w, https:\/\/univet.hu\/wp-content\/uploads\/2022\/08\/Brown-and-Beige-Scrapbook-Introduction-to-Geography-Education-Infographic-768x1920.jpg 768w, https:\/\/univet.hu\/wp-content\/uploads\/2022\/08\/Brown-and-Beige-Scrapbook-Introduction-to-Geography-Education-Infographic-384x960.jpg 384w\" sizes=\"auto, (max-width: 800px) 100vw, 800px\" \/><\/p> <p style=\"text-align: center\"><span style=\"font-size: 24pt\"><strong>2021\/2022. tan\u00e9v<\/strong><\/span><\/p> <p>A tavalyi HSUP Virtu\u00e1lis Campus facebook csoport id\u00e9n HSUP Alumni csoport lett. Azonban sok hasznos inform\u00e1ci\u00f3t olvashattok ott is a tavalyi \u00e9vb\u0151l:<\/p> <p>R\u00e9gi facebook fel\u00fclet: <a href=\"https:\/\/www.facebook.com\/groups\/355396512549181\">https:\/\/www.facebook.com\/groups\/355396512549181<\/a><\/p> <p>Az idei \u00faj hallgat\u00f3knak k\u00fcl\u00f6n facebook csoport lett l\u00e9trehozva, <strong>HSUP 2021-2022<\/strong> n\u00e9ven:<\/p> <p>\u00daj facebook fel\u00fclet: <a href=\"https:\/\/www.facebook.com\/groups\/586077359105107\">https:\/\/www.facebook.com\/groups\/586077359105107<\/a><\/p> <p>A csoport nagy seg\u00edts\u00e9g volt tavaly is, p\u00e9ld\u00e1ul csapatok keres\u00e9s\u00e9ben \u00e9s az aktu\u00e1lis programok hirdet\u00e9s\u00e9ben.<\/p> <p>Tov\u00e1bb\u00e1 elk\u00e9sz\u00fclt egy mobil applik\u00e1ci\u00f3 is <strong>HSUP<\/strong> n\u00e9vvel, amit \u00e9rdemes let\u00f6lteni. Az applik\u00e1ci\u00f3 let\u00f6lt\u00e9s\u00e9n\u00e9l fontos, hogy az \u00e9rtes\u00edt\u00e9seket enged\u00e9lyezz\u00e9tek, \u00edgy a legfontosabb inform\u00e1ci\u00f3kr\u00f3l \u00e9s hat\u00e1rid\u0151kr\u0151l mindig \u00e9rtes\u00fclt\u00f6k.<\/p> <p>&nbsp;<\/p> <p align=\"justify\"><img loading=\"lazy\" decoding=\"async\" class=\"size-full wp-image-67298 aligncenter\" src=\"https:\/\/univet.hu\/wp-content\/uploads\/2021\/08\/Innov\u00e1ci\u00f3menedzsment.png\" alt=\"\" width=\"816\" height=\"1056\" srcset=\"https:\/\/univet.hu\/wp-content\/uploads\/2021\/08\/Innov\u00e1ci\u00f3menedzsment.png 816w, https:\/\/univet.hu\/wp-content\/uploads\/2021\/08\/Innov\u00e1ci\u00f3menedzsment-247x320.png 247w, https:\/\/univet.hu\/wp-content\/uploads\/2021\/08\/Innov\u00e1ci\u00f3menedzsment-768x994.png 768w, https:\/\/univet.hu\/wp-content\/uploads\/2021\/08\/Innov\u00e1ci\u00f3menedzsment-742x960.png 742w\" sizes=\"auto, (max-width: 816px) 100vw, 816px\" \/><\/p>","protected":false},"excerpt":{"rendered":"<p>\u00a0 \u00a0 A Nemzeti Kutat\u00e1si, Fejleszt\u00e9si \u00e9s Innov\u00e1ci\u00f3s Hivatal (a tov\u00e1bbiakban: NKFI Hivatal) \u00e1ltal, az Innov\u00e1ci\u00f3s \u00e9s Technol\u00f3giai Miniszt\u00e9rium szakpolitikai t\u00e1mogat\u00e1s\u00e1val \u00e9letre h\u00edvott Hungarian Startup University Program (a tov\u00e1bbiakban: HSUP vagy Program) Magyarorsz\u00e1g els\u0151 fels\u0151oktat\u00e1si szint\u0171 startup kurzusa. A program c\u00e9lja, hogy felkeltse az egyetemist\u00e1k \u00e9rdekl\u0151d\u00e9s\u00e9t az innov\u00e1ci\u00f3 \u00e9s a v\u00e1llalkoz\u00f3i l\u00e9t ir\u00e1nt \u00e9s n\u00f6velje<\/p>\n","protected":false},"author":3837,"featured_media":0,"parent":677,"menu_order":0,"comment_status":"open","ping_status":"open","template":"","meta":{"_acf_changed":false,"footnotes":""},"categories":[],"tags":[],"class_list":["post-67080","page","type-page","status-publish","hentry"],"acf":[],"_links":{"self":[{"href":"https:\/\/univet.hu\/hu\/wp-json\/wp\/v2\/pages\/67080","targetHints":{"allow":["GET"]}}],"collection":[{"href":"https:\/\/univet.hu\/hu\/wp-json\/wp\/v2\/pages"}],"about":[{"href":"https:\/\/univet.hu\/hu\/wp-json\/wp\/v2\/types\/page"}],"author":[{"embeddable":true,"href":"https:\/\/univet.hu\/hu\/wp-json\/wp\/v2\/users\/3837"}],"replies":[{"embeddable":true,"href":"https:\/\/univet.hu\/hu\/wp-json\/wp\/v2\/comments?post=67080"}],"version-history":[{"count":5,"href":"https:\/\/univet.hu\/hu\/wp-json\/wp\/v2\/pages\/67080\/revisions"}],"predecessor-version":[{"id":188773,"href":"https:\/\/univet.hu\/hu\/wp-json\/wp\/v2\/pages\/67080\/revisions\/188773"}],"up":[{"embeddable":true,"href":"https:\/\/univet.hu\/hu\/wp-json\/wp\/v2\/pages\/677"}],"wp:attachment":[{"href":"https:\/\/univet.hu\/hu\/wp-json\/wp\/v2\/media?parent=67080"}],"wp:term":[{"taxonomy":"category","embeddable":true,"href":"https:\/\/univet.hu\/hu\/wp-json\/wp\/v2\/categories?post=67080"},{"taxonomy":"post_tag","embeddable":true,"href":"https:\/\/univet.hu\/hu\/wp-json\/wp\/v2\/tags?post=67080"}],"curies":[{"name":"wp","href":"https:\/\/api.w.org\/{rel}","templated":true}]}}