{"id":67090,"date":"2021-08-14T08:32:48","date_gmt":"2021-08-14T06:32:48","guid":{"rendered":"https:\/\/univet.hu\/hu\/egyetem\/munkatarsak\/new-staff-member-page-4\/"},"modified":"2026-02-10T03:58:15","modified_gmt":"2026-02-10T02:58:15","slug":"paliczne-kustan-bianka","status":"publish","type":"page","link":"https:\/\/univet.hu\/hu\/egyetem\/munkatarsak\/paliczne-kustan-bianka\/","title":{"rendered":"Paliczn\u00e9 Kust\u00e1n Bianka"},"content":{"rendered":"<p align=\"justify\">Paliczn\u00e9 Kust\u00e1n Bianka k\u00e9mia szakon v\u00e9gzett a Szegedi Tudom\u00e1nyegyetemen, majd ugyanitt folytatta tanulm\u00e1nyait \u00e9s k\u00f6rnyezettudom\u00e1nyi mesterszakos v\u00e9gzetts\u00e9get szerzett. 2021 \u00f3ta az \u00c1llatorvostudom\u00e1nyi Egyetem Gy\u00f3gyszertani \u00e9s M\u00e9regtani Tansz\u00e9k\u00e9nek munkat\u00e1rsa, ahol 2024-ben kezdte meg PhD-tanulm\u00e1nyait. Kutat\u00e1sa az antimikrobi\u00e1lis rezisztencia k\u00f6rnyezeti terjed\u00e9s\u00e9nek vizsg\u00e1lat\u00e1ra f\u00f3kusz\u00e1l \u00e1llattart\u00f3 telepek k\u00f6rnyezet\u00e9ben. Tudom\u00e1nyos munk\u00e1j\u00e1t Dr. Jerzsele \u00c1kos \u00e9s Dr. Pal\u00f3cz Orsolya t\u00e9mavezet\u00e9se mellett v\u00e9gzi, emellett a Doktorandusz \u00d6nkorm\u00e1nyzat tagja.<\/p>","protected":false},"excerpt":{"rendered":"<p>Paliczn\u00e9 Kust\u00e1n Bianka k\u00e9mia szakon v\u00e9gzett a Szegedi Tudom\u00e1nyegyetemen, majd ugyanitt folytatta tanulm\u00e1nyait \u00e9s k\u00f6rnyezettudom\u00e1nyi mesterszakos v\u00e9gzetts\u00e9get szerzett. 2021 \u00f3ta az \u00c1llatorvostudom\u00e1nyi Egyetem Gy\u00f3gyszertani \u00e9s M\u00e9regtani Tansz\u00e9k\u00e9nek munkat\u00e1rsa, ahol 2024-ben kezdte meg PhD-tanulm\u00e1nyait. Kutat\u00e1sa az antimikrobi\u00e1lis rezisztencia k\u00f6rnyezeti terjed\u00e9s\u00e9nek vizsg\u00e1lat\u00e1ra f\u00f3kusz\u00e1l \u00e1llattart\u00f3 telepek k\u00f6rnyezet\u00e9ben. Tudom\u00e1nyos munk\u00e1j\u00e1t Dr. Jerzsele \u00c1kos \u00e9s Dr. Pal\u00f3cz Orsolya t\u00e9mavezet\u00e9se mellett<\/p>\n","protected":false},"author":5824,"featured_media":0,"parent":858,"menu_order":37,"comment_status":"open","ping_status":"open","template":"","meta":{"_acf_changed":false,"footnotes":""},"categories":[],"tags":[],"class_list":["post-67090","page","type-page","status-publish","hentry"],"acf":[],"_links":{"self":[{"href":"https:\/\/univet.hu\/hu\/wp-json\/wp\/v2\/pages\/67090","targetHints":{"allow":["GET"]}}],"collection":[{"href":"https:\/\/univet.hu\/hu\/wp-json\/wp\/v2\/pages"}],"about":[{"href":"https:\/\/univet.hu\/hu\/wp-json\/wp\/v2\/types\/page"}],"author":[{"embeddable":true,"href":"https:\/\/univet.hu\/hu\/wp-json\/wp\/v2\/users\/5824"}],"replies":[{"embeddable":true,"href":"https:\/\/univet.hu\/hu\/wp-json\/wp\/v2\/comments?post=67090"}],"version-history":[{"count":5,"href":"https:\/\/univet.hu\/hu\/wp-json\/wp\/v2\/pages\/67090\/revisions"}],"predecessor-version":[{"id":184542,"href":"https:\/\/univet.hu\/hu\/wp-json\/wp\/v2\/pages\/67090\/revisions\/184542"}],"up":[{"embeddable":true,"href":"https:\/\/univet.hu\/hu\/wp-json\/wp\/v2\/pages\/858"}],"wp:attachment":[{"href":"https:\/\/univet.hu\/hu\/wp-json\/wp\/v2\/media?parent=67090"}],"wp:term":[{"taxonomy":"category","embeddable":true,"href":"https:\/\/univet.hu\/hu\/wp-json\/wp\/v2\/categories?post=67090"},{"taxonomy":"post_tag","embeddable":true,"href":"https:\/\/univet.hu\/hu\/wp-json\/wp\/v2\/tags?post=67090"}],"curies":[{"name":"wp","href":"https:\/\/api.w.org\/{rel}","templated":true}]}}