{"id":67208,"date":"2021-08-16T15:39:21","date_gmt":"2021-08-16T13:39:21","guid":{"rendered":"https:\/\/univet.hu\/hu\/egyetem\/szervezeti-egysegek\/allatvedelmi-jogi-elemzo-es-modszertani-kozpont\/name\/"},"modified":"2025-08-28T15:21:05","modified_gmt":"2025-08-28T13:21:05","slug":"gazdijogsi","status":"publish","type":"page","link":"https:\/\/univet.hu\/hu\/egyetem\/szervezeti-egysegek\/allatvedelmi-jogi-elemzo-es-modszertani-kozpont\/gazdijogsi\/","title":{"rendered":"Gazdijogsi"},"content":{"rendered":"<p>A <a href=\"https:\/\/gazdijogsi.hu\/\">Gazdijogsi<\/a> jelenl\u00e9ti k\u00e9pz\u00e9st az \u00c1llatorvostudom\u00e1nyi Egyetem \u00c1llatv\u00e9delmi K\u00f6zpontja \u00e9s Tov\u00e1bbk\u00e9pz\u00e9si Csoportja szervezte az Agr\u00e1rminiszt\u00e9riummal \u00e9s a N\u00c9BIH-hel egy\u00fcttm\u0171k\u00f6d\u00e9sben.<\/p> <p>Az el\u0151ad\u00f3k az egyetem oktat\u00f3i. A leadott tananyag megegyezik a Gazdijogsi<\/p> <p data-start=\"389\" data-end=\"610\">Az el\u0151ad\u00e1sokat az egyetem oktat\u00f3i tartott\u00e1k, a leadott tananyag megegyezett a <strong data-start=\"467\" data-end=\"497\">Gazdijogsi online tananyag<\/strong> tartalm\u00e1val. A k\u00e9tnapos, \u00f6sszesen <strong data-start=\"532\" data-end=\"543\">16 \u00f3r\u00e1s<\/strong> k\u00e9pz\u00e9s t\u00e9r\u00edt\u00e9smentes volt, de <strong data-start=\"574\" data-end=\"609\">el\u0151zetes regisztr\u00e1ci\u00f3hoz k\u00f6t\u00f6tt<\/strong>.<\/p> <p data-start=\"612\" data-end=\"763\">Alkalmank\u00e9nt <strong data-start=\"625\" data-end=\"635\">100 f\u0151<\/strong> vett r\u00e9szt a programon, a r\u00e9sztvev\u0151k a k\u00e9pz\u00e9st k\u00f6vet\u0151en a Gazdijogsi honlapon, regisztr\u00e1ci\u00f3 ut\u00e1n tud\u00e1spr\u00f3b\u00e1t is teljes\u00edthettek.<\/p> <p data-start=\"765\" data-end=\"958\">A k\u00e9pz\u00e9st a j\u00e1rv\u00e1nyhelyzet esetleges v\u00e1ltoz\u00e1saira is felk\u00e9sz\u00fclve szervezt\u00e9k \u2013 sz\u00fcks\u00e9g eset\u00e9n webin\u00e1riumi form\u00e1ban is megval\u00f3sult volna, azonban minden esem\u00e9ny szem\u00e9lyes r\u00e9szv\u00e9tellel zajlott le.<\/p> <p data-start=\"960\" data-end=\"1008\">A program sor\u00e1n az al\u00e1bbi t\u00e9m\u00e1kat dolgozt\u00e1k fel:<\/p> <ol data-start=\"1010\" data-end=\"1312\"> <li data-start=\"1010\" data-end=\"1043\"> <p data-start=\"1013\" data-end=\"1043\">A kutyav\u00e1laszt\u00e1s szempontjai<\/p> <\/li> <li data-start=\"1044\" data-end=\"1084\"> <p data-start=\"1047\" data-end=\"1084\">Anat\u00f3miai \u00e9s \u00e9lettani alapismeretek<\/p> <\/li> <li data-start=\"1085\" data-end=\"1141\"> <p data-start=\"1088\" data-end=\"1141\">A kutya alapvet\u0151 sz\u00fcks\u00e9gletei \u00e9s viselked\u00e9si form\u00e1i<\/p> <\/li> <li data-start=\"1142\" data-end=\"1168\"> <p data-start=\"1145\" data-end=\"1168\">Viselked\u00e9si probl\u00e9m\u00e1k<\/p> <\/li> <li data-start=\"1169\" data-end=\"1190\"> <p data-start=\"1172\" data-end=\"1190\">A kutya nevel\u00e9se<\/p> <\/li> <li data-start=\"1191\" data-end=\"1222\"> <p data-start=\"1194\" data-end=\"1222\">Eg\u00e9szs\u00e9g\u00fcgyi alapismeretek<\/p> <\/li> <li data-start=\"1223\" data-end=\"1267\"> <p data-start=\"1226\" data-end=\"1267\">A kutyatart\u00e1s szab\u00e1lyai, jogi ismeretek<\/p> <\/li> <li data-start=\"1268\" data-end=\"1312\"> <p data-start=\"1271\" data-end=\"1312\">Kihez fordulhatunk? Illet\u00e9kes hat\u00f3s\u00e1gok<\/p> <\/li> <\/ol> <p data-start=\"1590\" data-end=\"1666\"><strong data-start=\"1593\" data-end=\"1605\">Helysz\u00edn<\/strong>: \u00c1llatorvostudom\u00e1nyi Egyetem<br data-start=\"1634\" data-end=\"1637\" \/>1078 Budapest, Istv\u00e1n utca 2.<\/p> <p data-start=\"1668\" data-end=\"1924\">A program kiemelked\u0151 \u00e9rdekl\u0151d\u00e9s mellett zajlott, \u00e9s kiv\u00e1l\u00f3 visszajelz\u00e9seket kapott a r\u00e9sztvev\u0151 gazdik \u00e9s gazdijel\u00f6ltek r\u00e9sz\u00e9r\u0151l. A Gazdijogsi c\u00e9lja a <strong data-start=\"1818\" data-end=\"1852\">tudatos \u00e9s felel\u0151s \u00e1llattart\u00e1s<\/strong> el\u0151seg\u00edt\u00e9se \u2013 a k\u00e9pz\u00e9s ehhez hat\u00e9kony, \u00e9lm\u00e9nyalap\u00fa keretet biztos\u00edtott.<\/p> <div> <p>&nbsp;<\/p> <\/div> <div> <p>&nbsp;<\/p> <\/div>","protected":false},"excerpt":{"rendered":"<p>A Gazdijogsi jelenl\u00e9ti k\u00e9pz\u00e9st az \u00c1llatorvostudom\u00e1nyi Egyetem \u00c1llatv\u00e9delmi K\u00f6zpontja \u00e9s Tov\u00e1bbk\u00e9pz\u00e9si Csoportja szervezte az Agr\u00e1rminiszt\u00e9riummal \u00e9s a N\u00c9BIH-hel egy\u00fcttm\u0171k\u00f6d\u00e9sben. Az el\u0151ad\u00f3k az egyetem oktat\u00f3i. A leadott tananyag megegyezik a Gazdijogsi Az el\u0151ad\u00e1sokat az egyetem oktat\u00f3i tartott\u00e1k, a leadott tananyag megegyezett a Gazdijogsi online tananyag tartalm\u00e1val. A k\u00e9tnapos, \u00f6sszesen 16 \u00f3r\u00e1s k\u00e9pz\u00e9s t\u00e9r\u00edt\u00e9smentes volt, de el\u0151zetes<\/p>\n","protected":false},"author":3837,"featured_media":0,"parent":61160,"menu_order":32,"comment_status":"open","ping_status":"open","template":"","meta":{"_acf_changed":false,"footnotes":""},"categories":[],"tags":[],"class_list":["post-67208","page","type-page","status-publish","hentry"],"acf":[],"_links":{"self":[{"href":"https:\/\/univet.hu\/hu\/wp-json\/wp\/v2\/pages\/67208","targetHints":{"allow":["GET"]}}],"collection":[{"href":"https:\/\/univet.hu\/hu\/wp-json\/wp\/v2\/pages"}],"about":[{"href":"https:\/\/univet.hu\/hu\/wp-json\/wp\/v2\/types\/page"}],"author":[{"embeddable":true,"href":"https:\/\/univet.hu\/hu\/wp-json\/wp\/v2\/users\/3837"}],"replies":[{"embeddable":true,"href":"https:\/\/univet.hu\/hu\/wp-json\/wp\/v2\/comments?post=67208"}],"version-history":[{"count":2,"href":"https:\/\/univet.hu\/hu\/wp-json\/wp\/v2\/pages\/67208\/revisions"}],"predecessor-version":[{"id":188411,"href":"https:\/\/univet.hu\/hu\/wp-json\/wp\/v2\/pages\/67208\/revisions\/188411"}],"up":[{"embeddable":true,"href":"https:\/\/univet.hu\/hu\/wp-json\/wp\/v2\/pages\/61160"}],"wp:attachment":[{"href":"https:\/\/univet.hu\/hu\/wp-json\/wp\/v2\/media?parent=67208"}],"wp:term":[{"taxonomy":"category","embeddable":true,"href":"https:\/\/univet.hu\/hu\/wp-json\/wp\/v2\/categories?post=67208"},{"taxonomy":"post_tag","embeddable":true,"href":"https:\/\/univet.hu\/hu\/wp-json\/wp\/v2\/tags?post=67208"}],"curies":[{"name":"wp","href":"https:\/\/api.w.org\/{rel}","templated":true}]}}