{"id":67443,"date":"2021-09-01T14:28:57","date_gmt":"2021-09-01T12:28:57","guid":{"rendered":"https:\/\/univet.hu\/hu\/oktatas\/kurzusok\/new-course-page-2\/"},"modified":"2026-01-12T16:47:26","modified_gmt":"2026-01-12T15:47:26","slug":"viselkedeszavarok-es-kezelesuk-i","status":"publish","type":"page","link":"https:\/\/univet.hu\/hu\/oktatas\/kurzusok\/viselkedeszavarok-es-kezelesuk-i\/","title":{"rendered":"Viselked\u00e9szavarok \u00e9s kezel\u00e9s\u00fck I."},"content":{"rendered":"<p>Tant\u00e1rgyfelel\u0151s \u00e9s oktat\u00f3: Dr. S\u00e1tori \u00c1gnes<\/p> <p>A tant\u00e1rgy \u00e1ltal\u00e1nos c\u00e9lja: A tant\u00e1rgy 2 f\u00e9l\u00e9vre tervezve (I,II.) megismerteti a hallgat\u00f3kat a kutya \u00e9s a macska norm\u00e1l viselked\u00e9s\u00e9vel \u00e9s a leggyakoribb viselked\u00e9si probl\u00e9m\u00e1kkal. Az etol\u00f3giai alapokt\u00f3l kiindulva, a t\u00e1rsk\u00e9nt tartott \u00e1llatok \u201eelfogadott\u201d viselked\u00e9s\u00e9n kereszt\u00fcl jut el a m\u00e1r viselked\u00e9si zavarnak tekinthet\u0151 probl\u00e9m\u00e1k ismertet\u00e9s\u00e9hez. A tant\u00e1rgy els\u0151 f\u00e9l\u00e9ve kifejezetten a norm\u00e1l viselked\u00e9ssel, a viselked\u00e9si probl\u00e9m\u00e1k diagnosztik\u00e1j\u00e1val \u00e9s a lehets\u00e9ges kezel\u00e9si m\u00f3dok ismertet\u00e9s\u00e9vel foglalkozik. Hangs\u00falyt kap a viselked\u00e9si zavarok kialakul\u00e1s\u00e1nak megel\u0151z\u00e9s\u00e9t c\u00e9lz\u00f3 ismeretek \u00e1tad\u00e1sa, illetve az \u00e1llatorvosi praxis dolgoz\u00f3inak involv\u00e1lts\u00e1ga is.<\/p> <p>El\u0151tanulm\u00e1nyi k\u00f6vetelm\u00e9nyek: T\u00e1rs\u00e1llatok \u00e9s emberek kapcsolata 1 \u00e9s 2.<\/p>","protected":false},"excerpt":{"rendered":"<p>Tant\u00e1rgyfelel\u0151s \u00e9s oktat\u00f3: Dr. S\u00e1tori \u00c1gnes A tant\u00e1rgy \u00e1ltal\u00e1nos c\u00e9lja: A tant\u00e1rgy 2 f\u00e9l\u00e9vre tervezve (I,II.) megismerteti a hallgat\u00f3kat a kutya \u00e9s a macska norm\u00e1l viselked\u00e9s\u00e9vel \u00e9s a leggyakoribb viselked\u00e9si probl\u00e9m\u00e1kkal. Az etol\u00f3giai alapokt\u00f3l kiindulva, a t\u00e1rsk\u00e9nt tartott \u00e1llatok \u201eelfogadott\u201d viselked\u00e9s\u00e9n kereszt\u00fcl jut el a m\u00e1r viselked\u00e9si zavarnak tekinthet\u0151 probl\u00e9m\u00e1k ismertet\u00e9s\u00e9hez. A tant\u00e1rgy els\u0151 f\u00e9l\u00e9ve<\/p>\n","protected":false},"author":3837,"featured_media":0,"parent":677,"menu_order":0,"comment_status":"open","ping_status":"open","template":"","meta":{"_acf_changed":false,"footnotes":""},"categories":[],"tags":[],"class_list":["post-67443","page","type-page","status-publish","hentry"],"acf":[],"_links":{"self":[{"href":"https:\/\/univet.hu\/hu\/wp-json\/wp\/v2\/pages\/67443","targetHints":{"allow":["GET"]}}],"collection":[{"href":"https:\/\/univet.hu\/hu\/wp-json\/wp\/v2\/pages"}],"about":[{"href":"https:\/\/univet.hu\/hu\/wp-json\/wp\/v2\/types\/page"}],"author":[{"embeddable":true,"href":"https:\/\/univet.hu\/hu\/wp-json\/wp\/v2\/users\/3837"}],"replies":[{"embeddable":true,"href":"https:\/\/univet.hu\/hu\/wp-json\/wp\/v2\/comments?post=67443"}],"version-history":[{"count":5,"href":"https:\/\/univet.hu\/hu\/wp-json\/wp\/v2\/pages\/67443\/revisions"}],"predecessor-version":[{"id":197785,"href":"https:\/\/univet.hu\/hu\/wp-json\/wp\/v2\/pages\/67443\/revisions\/197785"}],"up":[{"embeddable":true,"href":"https:\/\/univet.hu\/hu\/wp-json\/wp\/v2\/pages\/677"}],"wp:attachment":[{"href":"https:\/\/univet.hu\/hu\/wp-json\/wp\/v2\/media?parent=67443"}],"wp:term":[{"taxonomy":"category","embeddable":true,"href":"https:\/\/univet.hu\/hu\/wp-json\/wp\/v2\/categories?post=67443"},{"taxonomy":"post_tag","embeddable":true,"href":"https:\/\/univet.hu\/hu\/wp-json\/wp\/v2\/tags?post=67443"}],"curies":[{"name":"wp","href":"https:\/\/api.w.org\/{rel}","templated":true}]}}