{"id":67486,"date":"2021-09-02T13:07:58","date_gmt":"2021-09-02T11:07:58","guid":{"rendered":"https:\/\/univet.hu\/?page_id=67486"},"modified":"2026-03-16T15:19:58","modified_gmt":"2026-03-16T14:19:58","slug":"wermer-kata","status":"publish","type":"page","link":"https:\/\/univet.hu\/hu\/egyetem\/munkatarsak\/wermer-kata\/","title":{"rendered":"Wermer Kata"},"content":{"rendered":"<p><em><strong>Bemutatkoz\u00e1s:<\/strong><\/em><\/p> <p>2017-ben v\u00e9geztem az \u00c1llatorvostudom\u00e1nyi Egyetemen.<\/p> <p>2017 \u00e9s 2019 k\u00f6z\u00f6tt az \u00c1llatorvostudom\u00e1nyi Egyetem L\u00f3gy\u00f3gy\u00e1szati Tansz\u00e9k \u00e9s Klinik\u00e1j\u00e1n dolgoztam, mint klinikus \u00e1llatorvos.<\/p> <p>&nbsp;<\/p> <p>Friss\u00edtve: 2026.03.16.<\/p>","protected":false},"excerpt":{"rendered":"<p>Bemutatkoz\u00e1s: 2017-ben v\u00e9geztem az \u00c1llatorvostudom\u00e1nyi Egyetemen. 2017 \u00e9s 2019 k\u00f6z\u00f6tt az \u00c1llatorvostudom\u00e1nyi Egyetem L\u00f3gy\u00f3gy\u00e1szati Tansz\u00e9k \u00e9s Klinik\u00e1j\u00e1n dolgoztam, mint klinikus \u00e1llatorvos. &nbsp; Friss\u00edtve: 2026.03.16.<\/p>\n","protected":false},"author":5824,"featured_media":0,"parent":858,"menu_order":38,"comment_status":"closed","ping_status":"closed","template":"","meta":{"_acf_changed":false,"footnotes":""},"categories":[],"tags":[],"class_list":["post-67486","page","type-page","status-publish","hentry"],"acf":[],"_links":{"self":[{"href":"https:\/\/univet.hu\/hu\/wp-json\/wp\/v2\/pages\/67486","targetHints":{"allow":["GET"]}}],"collection":[{"href":"https:\/\/univet.hu\/hu\/wp-json\/wp\/v2\/pages"}],"about":[{"href":"https:\/\/univet.hu\/hu\/wp-json\/wp\/v2\/types\/page"}],"author":[{"embeddable":true,"href":"https:\/\/univet.hu\/hu\/wp-json\/wp\/v2\/users\/5824"}],"replies":[{"embeddable":true,"href":"https:\/\/univet.hu\/hu\/wp-json\/wp\/v2\/comments?post=67486"}],"version-history":[{"count":3,"href":"https:\/\/univet.hu\/hu\/wp-json\/wp\/v2\/pages\/67486\/revisions"}],"predecessor-version":[{"id":203035,"href":"https:\/\/univet.hu\/hu\/wp-json\/wp\/v2\/pages\/67486\/revisions\/203035"}],"up":[{"embeddable":true,"href":"https:\/\/univet.hu\/hu\/wp-json\/wp\/v2\/pages\/858"}],"wp:attachment":[{"href":"https:\/\/univet.hu\/hu\/wp-json\/wp\/v2\/media?parent=67486"}],"wp:term":[{"taxonomy":"category","embeddable":true,"href":"https:\/\/univet.hu\/hu\/wp-json\/wp\/v2\/categories?post=67486"},{"taxonomy":"post_tag","embeddable":true,"href":"https:\/\/univet.hu\/hu\/wp-json\/wp\/v2\/tags?post=67486"}],"curies":[{"name":"wp","href":"https:\/\/api.w.org\/{rel}","templated":true}]}}