{"id":67568,"date":"2021-09-03T10:09:15","date_gmt":"2021-09-03T08:09:15","guid":{"rendered":"https:\/\/univet.hu\/hu\/mat2021\/name\/"},"modified":"2021-09-03T13:41:21","modified_gmt":"2021-09-03T11:41:21","slug":"altalanos-informaciok","status":"publish","type":"page","link":"https:\/\/univet.hu\/hu\/mat2021\/altalanos-informaciok\/","title":{"rendered":"\u00c1ltal\u00e1nos inform\u00e1ci\u00f3k"},"content":{"rendered":"<h4><\/h4> <h4 style=\"text-align: center;\"><strong>Inform\u00e1ci\u00f3k a kongresszussal kapcsolatban<\/strong><\/h4> <p>&nbsp;<\/p> <p>Az <strong>el\u0151ad\u00e1sokhoz<\/strong> Ms Windows alap\u00fa sz\u00e1m\u00edt\u00f3g\u00e9pes kivet\u00edt\u0151t haszn\u00e1lunk, Ms Power Point office alkalmaz\u00e1ssal. K\u00e9rj\u00fck, hogy az el\u0151ad\u00e1s PPT vagy kompatibilis form\u00e1tum\u00fa anyag\u00e1t az adott szekci\u00f3 el\u0151tt legk\u00e9s\u0151bb f\u00e9l \u00f3r\u00e1val a k\u00f6zponti sz\u00e1m\u00edt\u00f3g\u00e9pre t\u00f6ltse fel. Amennyiben ett\u0151l elt\u00e9r\u0151, illetve nem szokv\u00e1nyos technikai h\u00e1tt\u00e9rre van sz\u00fcks\u00e9ge, k\u00e9rj\u00fck, hogy a regisztr\u00e1ci\u00f3n\u00e1l illetve az IT-s koll\u00e9g\u00e1knak jelezze. Szervez\u0151ink k\u00e9szs\u00e9ggel \u00e1llnak rendelkez\u00e9sre.<\/p> <p>A <strong>poszterek<\/strong> sz\u00e1m\u00e1ra 90 cm sz\u00e9les \u00e9s 120 cm magas fel\u00fcletet biztos\u00edtunk (portrait), amelyekre t\u0171z\u00e9ssel r\u00f6gz\u00edthet\u0151k a prezent\u00e1ci\u00f3k. A poszterek r\u00f6gz\u00edt\u00e9s\u00e9hez az anyagokat biztos\u00edtjuk. A posztereket p\u00e9ntek reggel 8 \u00f3r\u00e1t\u00f3l lehets\u00e9ges kitenni az Aul\u00e1ban \u00e9s szombaton legk\u00e9s\u0151bb 13 \u00f3r\u00e1ig kell elt\u00e1vol\u00edtani. K\u00e9rj\u00fck, hogy a szerz\u0151k a <strong>poszter szekci\u00f3 id\u0151tartam\u00e1ban (p\u00e9ntek 12:30-14:00 \u00f3ra k\u00f6z\u00f6tt)<\/strong> sz\u00edveskedjenek a poszter\u00fck mellett tart\u00f3zkodni.<\/p> <p><strong>\u00c9tkez\u00e9s<\/strong><\/p> <p>A tudom\u00e1nyos program sz\u00fcneteiben a szendvicseb\u00e9d az Aul\u00e1ban, \u00e1ll\u00f3fogad\u00e1s jelleg\u0171en lesz.<\/p> <p><strong>\u00dcll\u0151i kir\u00e1ndul\u00e1s<\/strong><\/p> <p>Utaz\u00e1s busszal az \u00c1TE Campusr\u00f3l. Az utaz\u00e1ssal kapcsolatos r\u00e9szleteket a kongresszuson hirdetjuk.<\/p>","protected":false},"excerpt":{"rendered":"<p>Inform\u00e1ci\u00f3k a kongresszussal kapcsolatban &nbsp; Az el\u0151ad\u00e1sokhoz Ms Windows alap\u00fa sz\u00e1m\u00edt\u00f3g\u00e9pes kivet\u00edt\u0151t haszn\u00e1lunk, Ms Power Point office alkalmaz\u00e1ssal. K\u00e9rj\u00fck, hogy az el\u0151ad\u00e1s PPT vagy kompatibilis form\u00e1tum\u00fa anyag\u00e1t az adott szekci\u00f3 el\u0151tt legk\u00e9s\u0151bb f\u00e9l \u00f3r\u00e1val a k\u00f6zponti sz\u00e1m\u00edt\u00f3g\u00e9pre t\u00f6ltse fel. Amennyiben ett\u0151l elt\u00e9r\u0151, illetve nem szokv\u00e1nyos technikai h\u00e1tt\u00e9rre van sz\u00fcks\u00e9ge, k\u00e9rj\u00fck, hogy a regisztr\u00e1ci\u00f3n\u00e1l illetve az<\/p>\n","protected":false},"author":2518,"featured_media":0,"parent":65245,"menu_order":0,"comment_status":"open","ping_status":"open","template":"","meta":{"_acf_changed":false,"footnotes":""},"categories":[],"tags":[],"class_list":["post-67568","page","type-page","status-publish","hentry"],"acf":[],"_links":{"self":[{"href":"https:\/\/univet.hu\/hu\/wp-json\/wp\/v2\/pages\/67568","targetHints":{"allow":["GET"]}}],"collection":[{"href":"https:\/\/univet.hu\/hu\/wp-json\/wp\/v2\/pages"}],"about":[{"href":"https:\/\/univet.hu\/hu\/wp-json\/wp\/v2\/types\/page"}],"author":[{"embeddable":true,"href":"https:\/\/univet.hu\/hu\/wp-json\/wp\/v2\/users\/2518"}],"replies":[{"embeddable":true,"href":"https:\/\/univet.hu\/hu\/wp-json\/wp\/v2\/comments?post=67568"}],"version-history":[{"count":0,"href":"https:\/\/univet.hu\/hu\/wp-json\/wp\/v2\/pages\/67568\/revisions"}],"up":[{"embeddable":true,"href":"https:\/\/univet.hu\/hu\/wp-json\/wp\/v2\/pages\/65245"}],"wp:attachment":[{"href":"https:\/\/univet.hu\/hu\/wp-json\/wp\/v2\/media?parent=67568"}],"wp:term":[{"taxonomy":"category","embeddable":true,"href":"https:\/\/univet.hu\/hu\/wp-json\/wp\/v2\/categories?post=67568"},{"taxonomy":"post_tag","embeddable":true,"href":"https:\/\/univet.hu\/hu\/wp-json\/wp\/v2\/tags?post=67568"}],"curies":[{"name":"wp","href":"https:\/\/api.w.org\/{rel}","templated":true}]}}