{"id":67570,"date":"2021-09-03T10:10:11","date_gmt":"2021-09-03T08:10:11","guid":{"rendered":"https:\/\/univet.hu\/hu\/mat2021\/name\/"},"modified":"2021-10-08T08:48:21","modified_gmt":"2021-10-08T06:48:21","slug":"reszletes-program","status":"publish","type":"page","link":"https:\/\/univet.hu\/hu\/mat2021\/reszletes-program\/","title":{"rendered":"R\u00e9szletes program"},"content":{"rendered":"<h4 style=\"text-align: center;\"><strong>A Kongresszus r\u00e9szletes programja<\/strong><\/h4> <p>&nbsp;<\/p> <p><span class=\"emphasis\" style=\"font-size: 14pt;\"><strong>\u00a02021.\u00a0<\/strong><strong>szeptember 17. p\u00e9ntek<\/strong><\/span><\/p> <p><strong>\u00a0<\/strong><strong>9:00 Megnyit\u00f3<\/strong><\/p> <p><em>Prof. S\u00f3tonyi P\u00e9ter<\/em>, Rektor, \u00c1llatorvostudom\u00e1nyi Egyetem<\/p> <p><em>Prof. Gerber G\u00e1bor,<\/em> D\u00e9k\u00e1n, Semmelweis Egyetem, a MAT eln\u00f6ke<\/p> <p><strong>\u00a0<\/strong><\/p> <p><strong>9:15- 10:30 Kerekasztal besz\u00e9lget\u00e9s az anat\u00f3mia int\u00e9zetek oktat\u00e1si tapasztalatair\u00f3l a Covid-j\u00e1rv\u00e1ny idej\u00e9n\u00a0<\/strong><\/p> <p><strong>Moder\u00e1torok:<\/strong> S\u00f3tonyi P\u00e9ter \u00e9s Gerber G\u00e1bor<\/p> <p><strong>\u00a0<\/strong><\/p> <p><strong>EL\u0150AD\u00c1SOK I.<\/strong><\/p> <p><strong>Eln\u00f6k: R\u00e1cz Bence (\u00c1TE)<\/strong><\/p> <p><strong>\u00a0<\/strong><strong>E1 10:30 <\/strong>Z\u00e1k\u00e1ny R\u00f3za, V\u00e1g\u00f3 Judit, Katona \u00c9va, Matta Csaba<\/p> <p><strong><em>A kondrogenikus sejtek cirkadi\u00e1n ritmus\u00e1nak szab\u00e1lyoz\u00e1si lehet\u0151s\u00e9gei mechanikai ingerl\u00e9s \u00e9s \u00e9hez\u00e9s \u00fatj\u00e1n<\/em><\/strong><\/p> <p>Debreceni Egyetem, \u00c1OK, Anat\u00f3miai, Sz\u00f6vet- \u00e9s Fejl\u0151d\u00e9stani<\/p> <p>&nbsp;<\/p> <p><strong>E2 10:45 <\/strong>Halasy Vikt\u00f3ria, Kov\u00e1cs Tam\u00e1s, Sz\u0151cs Em\u0151ke, So\u00f3s \u00c1d\u00e1m, Jancsovics Dalma, Nagy N\u00e1ndor<\/p> <p><strong><em>The role of\u00a0 CXCR4-CXCL12\u00a0 signaling in extrinsic innervation of enteric nervous system development<\/em><\/strong><\/p> <p>Semmelweis Egyetem, Anat\u00f3miai, Sz\u00f6vet- \u00e9s Fejl\u0151d\u00e9stani Int\u00e9zet<strong><em>\u00a0<\/em><\/strong><\/p> <p>&nbsp;<\/p> <p><strong>E3 11:00 <\/strong>Fejsz\u00e1k N\u00f3ra, Halasy Vikt\u00f3ria, Kocsis Katalin, Sz\u0151cs Em\u0151ke, So\u00f3s \u00c1d\u00e1m, Nagy N\u00e1ndor<\/p> <p><strong><em>Ontogeny of cortical B cells in bursa of fabricius<\/em><\/strong><\/p> <p>Semmelweis Egyetem, Anat\u00f3miai, Sz\u00f6vet- \u00e9s Fejl\u0151d\u00e9stani Int\u00e9zet<\/p> <p><strong>\u00a0<\/strong><\/p> <p><strong>E4 11:15 <\/strong>Vilm\u00e1nyi Csaba, H.-Mink\u00f3 Krisztina, Goda Vera, Kriv\u00e1n Gergely, B\u00f3di Ildik\u00f3<\/p> <p><strong><em>A thymus sz\u00f6vettani \u00e9s funkcion\u00e1lis elt\u00e9r\u00e9sei sz\u00edvbeteg gyermekek eset\u00e9ben<\/em><\/strong><\/p> <p>Semmelweis Egyetem, Anat\u00f3miai, Sz\u00f6vet- \u00e9s Fejl\u0151d\u00e9stani Int\u00e9zet<\/p> <p><strong>\u00a0<\/strong><\/p> <p><strong>E5 11:30 <\/strong>Nagy Andr\u00e1s, Riho Mochimaru, Hiyori Kudo, Akhilesh Reddy<\/p> <p><strong><em>Cirkadi\u00e1n ritmus fibroblaszt sejtkult\u00far\u00e1ban &#8211; sejtciklus \u00e9s redox szab\u00e1lyoz\u00e1s vizsg\u00e1lata<\/em><\/strong><\/p> <p>P\u00e9csi Tudom\u00e1nyegyetem, \u00c1OK,\u00a0 Anat\u00f3miai Int\u00e9zet<\/p> <p>&nbsp;<\/p> <p><strong>E6 11:45<\/strong> Kapiller M\u00e1ty\u00e1s, R\u00e1cz Bence<\/p> <p><strong><em>A l\u00f3pata sz\u00f6vettana<\/em><\/strong><\/p> <p>\u00c1llatorvostudom\u00e1nyi Egyetem, Anat\u00f3miai \u00e9s Sz\u00f6vettani Tansz\u00e9k<\/p> <p>&nbsp;<\/p> <p><strong>E7 12:00 A Lenhoss\u00e9k-D\u00edj \u00e1tad\u00e1sa \u00e9s a nyertes el\u0151ad\u00e1sa<\/strong><\/p> <p><strong>12:30 &#8211; 14:00 Poszter szekci\u00f3 (P1 \u2013 P42)<\/strong><\/p> <p><strong>14:00 &#8211; 21:00 Kir\u00e1ndul\u00e1s \u00d3cs\u00e1ra ill. \u00dcll\u0151 D\u00f3ra Majorba <\/strong>(a L\u00f3gy\u00f3gy\u00e1szati Tansz\u00e9k \u00e9s Klinika megtekint\u00e9se, gasztron\u00f3miai \u00e9s meglepet\u00e9s program)<\/p> <p>&nbsp;<\/p> <p><span class=\"emphasis\" style=\"font-size: 14pt;\"><strong>2021. szeptember 18.<\/strong><\/span><\/p> <p><strong>8:30 &#8211; 9:30 Flerk\u00f3-B\u00e1rdos D\u00edjak \u00e1tad\u00e1sa \u00e9s a d\u00edjazottak el\u0151ad\u00e1sai<\/strong><\/p> <p>A d\u00edjakat \u00e1tadj\u00e1k a Kurat\u00f3rium tagjai: Horv\u00e1th Judit (eln\u00f6k), Regl\u0151di D\u00f3ra \u00e9s Gaszner Bal\u00e1zs<\/p> <p>&nbsp;<\/p> <p><span style=\"text-decoration: underline;\"><strong>2020.\u00a0\u00e9vi\u00a0 nyertesek:<\/strong><\/span><\/p> <p><strong>E8 Kov\u00e1cs Krisztina &#8211; <\/strong>szenior \u00e9rem<\/p> <p>Kov\u00e1cs Krisztina*, Kuti D\u00e1niel \u00e9s Ferenczi Szilam\u00e9r<\/p> <p><strong><em>A b\u00e9l mikrobiom szerepe a neuroendokrin szab\u00e1lyoz\u00e1sban<\/em><\/strong><\/p> <p>ELKH K\u00eds\u00e9rleti Orvostudom\u00e1nyi Kutat\u00f3int\u00e9zet<\/p> <p><em>\u00a0<\/em><\/p> <p><strong>E9 Pajer Kriszti\u00e1n &#8211; <\/strong>junior \u00e9rem<\/p> <p>Pajer Kriszti\u00e1n*, Bell\u00e1k Tam\u00e1s, Redl Heinz, N\u00f3gr\u00e1di Antal<\/p> <p><strong><em>Transzplant\u00e1lt neuroektoderm\u00e1lis \u0151ssejtek \u00e1ltal termelt l\u00e9zi\u00f3-induk\u00e1lt szekret\u00f3m el\u0151mozd\u00edtja a gerincvel\u0151 kont\u00fazi\u00f3s s\u00e9r\u00fcl\u00e9s\u00e9t k\u00f6vet\u0151 regener\u00e1ci\u00f3t<\/em><\/strong><\/p> <p>Szegedi Tudom\u00e1nyegyetem, Szent-Gy\u00f6rgyi Albert Orvostudom\u00e1nyi Kar, Anat\u00f3miai, Sz\u00f6vet- \u00e9s Fejl\u0151d\u00e9stani Int\u00e9zet<\/p> <p>&nbsp;<\/p> <p><span style=\"text-decoration: underline;\"><strong>2021.\u00a0<\/strong><strong>\u00e9vi nyertesek:<\/strong><\/span><\/p> <p><strong>E10 Nagy N\u00e1ndor &#8211; <\/strong>szenior \u00e9rem<\/p> <p>Nagy N\u00e1ndor*, Richard A. Guyer, Ryo Hotta, Dongcheng Zhang, Donald F. Newgreen, Vikt\u00f3ria Halasy, Tam\u00e1s Kov\u00e1cs, Allan M Goldstein<\/p> <p><strong><em>A RET<\/em><em>\u00a0jel\u00e1tvitel aktiv\u00e1l\u00e1sa intesztin\u00e1lis ganglioneurom\u00e1val-asszoci\u00e1lt\u00a0Hirschsprung-k\u00f3rt okoz<\/em><\/strong><\/p> <p>Semmelweis Egyetem, Anat\u00f3miai, Sz\u00f6vet- \u00e9s Fejl\u0151d\u00e9stani Int\u00e9zet<\/p> <p><strong>\u00a0<\/strong><\/p> <p><strong>E11 T\u00f3th E Melinda <\/strong>&#8211; junior \u00e9rem<\/p> <p>Dukay Brigitta, WalterFruzsina R., Vigh Judit P., Barab\u00e1si Be\u00e1ta, HajduPetra, Balassa Tam\u00e1s, Migh Ede, Kincses Andr\u00e1s, Hoyk Zs\u00f3fia, Sz\u00f6gi Titanilla, Borb\u00e9ly Em\u0151ke, Csoboz B\u00e1lint, Horv\u00e1th P\u00e9ter, F\u00fcl\u00f6p L\u00edvia, Penke Botond, V\u00edgh L\u00e1szl\u00f3, Deli M\u00e1ria A., S\u00e1ntha Mikl\u00f3s, T\u00f3th E. Melinda*<\/p> <p><strong><em>A HSPB1 feh\u00e9rje akut idegrendszeri gyullad\u00e1st fokoz\u00f3 hat\u00e1s\u00e1nak vizsg\u00e1lata transzgenikus eg\u00e9rmodellben\u00a0<\/em><\/strong><\/p> <p>Szegedi Biol\u00f3giai Kutat\u00f3k\u00f6zpont Biok\u00e9miai Int\u00e9zete<\/p> <p>&nbsp;<\/p> <p><strong>K\u00e1v\u00e9sz\u00fcnet<\/strong><\/p> <p><strong>10:15 \u2013 A MAT \u00e9ves k\u00f6zgy\u0171l\u00e9se \u00e9s vezet\u0151s\u00e9gv\u00e1laszt\u00e1s\u00a0<\/strong><\/p> <p><strong>\u00a0<\/strong><\/p> <p><strong>EL\u0150AD\u00c1SOK II.<\/strong><\/p> <p><strong>Eln\u00f6k: Regl\u0151di D\u00f3ra (PTE)<\/strong><\/p> <p><strong>\u00a0<\/strong><\/p> <p><strong>E12 11:30 <\/strong>R\u00e9thelyi Mikl\u00f3s<\/p> <p><strong><em>100 \u00e9ve sz\u00fcletett az Agyvel\u0151 boncol\u00e1sa tank\u00f6nyv szerz\u0151je, Kom\u00e1romy L\u00e1szl\u00f3<\/em><\/strong><\/p> <p>Semmelweis Egyetem, Anat\u00f3miai, Sz\u00f6vet- \u00e9s Fejl\u0151d\u00e9stani Int\u00e9zet<\/p> <p><strong>\u00a0<\/strong><\/p> <p><strong>E13 11:45 <\/strong>Durst M\u00e1t\u00e9, K\u00f6ncz\u00f6l Katalin, Ocskay Klementina, S\u00edpos Klaudia, Stiftn\u00e9 Szilv\u00e1sy Szab\u00f3 Anett, Fekete Csaba, T\u00f3th Zsuzsanna E.<\/p> <p><strong><em>A nesfatin neuropeptid szerepe intrauterin retard\u00e1ci\u00f3t k\u00f6vet\u0151 metabolikus v\u00e1ltoz\u00e1sokban<\/em><\/strong><\/p> <p>Semmelweis Egyetem, Anat\u00f3miai, Sz\u00f6vet- \u00e9s Fejl\u0151d\u00e9stani Int\u00e9zet<\/p> <p>&nbsp;<\/p> <p><strong>E14 12:00 <\/strong>Kov\u00e1cs Tam\u00e1s, Halasy Vikt\u00f3ria, Peth\u0151 Csongor, Nagy N\u00e1ndor<\/p> <p><strong><em>Az embryon\u00e1lis coecum \u00e9s a Wnt jel\u00e1tvitel szerepe a b\u00e9lidegrendszer fejl\u0151d\u00e9s\u00e9ben<\/em><\/strong><\/p> <p>Semmelweis Egyetem, Anat\u00f3miai, Sz\u00f6vet- \u00e9s Fejl\u0151d\u00e9stani Int\u00e9zet<\/p> <p>&nbsp;<\/p> <p><strong>E15 12:15 <\/strong>D\u00f3ra D\u00e1vid<\/p> <p><strong><em>Evidence of a myenteric plexus barrier and its macrophage-dependent degradation during murine colitis: implications in enteric neuroinflammation\u00a0<\/em><\/strong><\/p> <p>Semmelweis Egyetem, Anat\u00f3miai, Sz\u00f6vet- \u00e9s Fejl\u0151d\u00e9stani Int\u00e9zet<\/p> <p><strong>\u00a0<\/strong><\/p> <p><strong>E16 12:30 <\/strong>Ujv\u00e1ri Bal\u00e1zs, Pytel Bence, M\u00e1rton Zsombor, Kov\u00e1cs L\u00e1szl\u00f3 \u00c1kos, Farkas J\u00f3zsef, Gaszner Tam\u00e1s, Kecsk\u00e9s Ang\u00e9la, Kormos Vikt\u00f3ria, Farkas Bogl\u00e1rka, F\u00fcredi N\u00f3ra, Gaszner Bal\u00e1zs<\/p> <p><strong><em>A centr\u00e1lis-projekci\u00f3j\u00fa Edinger-Westphal mag szerepe Parkinson-k\u00f3rhoz t\u00e1rsul\u00f3 hangulatzavarokban <\/em><\/strong><\/p> <p>P\u00e9csi Tudom\u00e1nyegyetem, \u00c1OK, Anat\u00f3miai Int\u00e9zet<\/p> <p>&nbsp;<\/p> <p><strong>E17 12:45 <\/strong>Sz\u0151cs Szil\u00e1rd, Ag\u00f3cs-Laboda \u00c1gnes<\/p> <p><strong><em>Parasubiculum \u00e9s a dorzalis hippocampus k\u00f6z\u00f6tti kapcsolati mot\u00edvumok<\/em><\/strong><\/p> <p>P\u00e9csi Tudom\u00e1nyegyetem, \u00c1OK,\u00a0 \u00c9lettani Int\u00e9zet<\/p> <p>&nbsp;<\/p> <p><strong>E18 13:00<\/strong> G\u00e1csi Krist\u00f3f, M\u00e1ty\u00e1s Adrienne, Krisztinn\u00e9 P\u00e9va Be\u00e1ta, Fejesn\u00e9 Bakos M\u00f3nika, Moln\u00e1r Gergely, N\u00f3gr\u00e1di Antal<\/p> <p><em><strong>A koponyab\u00e1zis \u00e9s intracranialis strukt\u00far\u00e1k cadaver alap\u00fa 3D-s modelljeinek felhaszn\u00e1l\u00e1sa az \u00e1ltal\u00e1nos orvostudom\u00e1nyi alapk\u00e9pz\u00e9sben \u00e9s a klinikai gyakorlatban<\/strong><\/em><\/p> <p>Szegedi Tudom\u00e1nyegyetem, Anat\u00f3miai, Sz\u00f6vet- \u00e9s Fejl\u0151d\u00e9stani Int\u00e9zet<\/p> <p>&nbsp;<\/p> <p><strong>13:00 \u2013 Z\u00e1rsz\u00f3<\/strong><\/p> <p><strong>13:15 \u2013 Szendvicseb\u00e9d<\/strong><\/p>","protected":false},"excerpt":{"rendered":"<p>A Kongresszus r\u00e9szletes programja &nbsp; \u00a02021.\u00a0szeptember 17. p\u00e9ntek \u00a09:00 Megnyit\u00f3 Prof. S\u00f3tonyi P\u00e9ter, Rektor, \u00c1llatorvostudom\u00e1nyi Egyetem Prof. Gerber G\u00e1bor, D\u00e9k\u00e1n, Semmelweis Egyetem, a MAT eln\u00f6ke \u00a0 9:15- 10:30 Kerekasztal besz\u00e9lget\u00e9s az anat\u00f3mia int\u00e9zetek oktat\u00e1si tapasztalatair\u00f3l a Covid-j\u00e1rv\u00e1ny idej\u00e9n\u00a0 Moder\u00e1torok: S\u00f3tonyi P\u00e9ter \u00e9s Gerber G\u00e1bor \u00a0 EL\u0150AD\u00c1SOK I. Eln\u00f6k: R\u00e1cz Bence (\u00c1TE) \u00a0E1 10:30 Z\u00e1k\u00e1ny R\u00f3za,<\/p>\n","protected":false},"author":2518,"featured_media":0,"parent":65245,"menu_order":0,"comment_status":"open","ping_status":"open","template":"","meta":{"_acf_changed":false,"footnotes":""},"categories":[],"tags":[],"class_list":["post-67570","page","type-page","status-publish","hentry"],"acf":[],"_links":{"self":[{"href":"https:\/\/univet.hu\/hu\/wp-json\/wp\/v2\/pages\/67570","targetHints":{"allow":["GET"]}}],"collection":[{"href":"https:\/\/univet.hu\/hu\/wp-json\/wp\/v2\/pages"}],"about":[{"href":"https:\/\/univet.hu\/hu\/wp-json\/wp\/v2\/types\/page"}],"author":[{"embeddable":true,"href":"https:\/\/univet.hu\/hu\/wp-json\/wp\/v2\/users\/2518"}],"replies":[{"embeddable":true,"href":"https:\/\/univet.hu\/hu\/wp-json\/wp\/v2\/comments?post=67570"}],"version-history":[{"count":0,"href":"https:\/\/univet.hu\/hu\/wp-json\/wp\/v2\/pages\/67570\/revisions"}],"up":[{"embeddable":true,"href":"https:\/\/univet.hu\/hu\/wp-json\/wp\/v2\/pages\/65245"}],"wp:attachment":[{"href":"https:\/\/univet.hu\/hu\/wp-json\/wp\/v2\/media?parent=67570"}],"wp:term":[{"taxonomy":"category","embeddable":true,"href":"https:\/\/univet.hu\/hu\/wp-json\/wp\/v2\/categories?post=67570"},{"taxonomy":"post_tag","embeddable":true,"href":"https:\/\/univet.hu\/hu\/wp-json\/wp\/v2\/tags?post=67570"}],"curies":[{"name":"wp","href":"https:\/\/api.w.org\/{rel}","templated":true}]}}