{"id":67572,"date":"2021-09-03T10:11:01","date_gmt":"2021-09-03T08:11:01","guid":{"rendered":"https:\/\/univet.hu\/hu\/mat2021\/name\/"},"modified":"2021-09-09T15:37:06","modified_gmt":"2021-09-09T13:37:06","slug":"poszterek","status":"publish","type":"page","link":"https:\/\/univet.hu\/hu\/mat2021\/poszterek\/","title":{"rendered":"Poszterek"},"content":{"rendered":"<h4 style=\"text-align: center;\"><strong>A kongresszus posztereinek list\u00e1ja<\/strong><\/h4> <p style=\"text-align: center;\"><span class=\"emphasis\"><strong>Poszter szekci\u00f3: szeptember 17. 12:30-14:00<\/strong><\/span><\/p> <p><strong>\u00a0<\/strong><\/p> <p><strong>P1\u00a0<\/strong><em>Vicena Vikt\u00f3ria, J\u00fcngling Ad\u00e9l, Szab\u00f3 Edina, Horv\u00e1th G\u00e1bor, T\u00f3th T\u00fcnde, Balogh Dorottya, Uzelman Emese, Sparks Jason, Lucas Lili\u00e1na, Rivny\u00e1k \u00c1d\u00e1m, Kerekes Krist\u00f3f, Rohonczi Mirtill, Regl\u0151di D\u00f3ra, Tam\u00e1s Andrea<\/em><\/p> <p><strong>Kutat\u00f3k \u00e9jszak\u00e1ja gyerekeknek: ismerked\u00e9s az emberi testtel<\/strong><\/p> <p><strong>\u00a0<\/strong><\/p> <p><strong>P2\u00a0<\/strong><em>Sparks Jason, Regl\u0151di D\u00f3ra, Tam\u00e1s Andrea<\/em><\/p> <p><strong>Demonstr\u00e1tori munka a Covid-19 pand\u00e9mia alatt a PTE \u00c1OK Anat\u00f3miai Int\u00e9zetben<\/strong><\/p> <p><strong>\u00a0<\/strong><\/p> <p><strong>P3\u00a0<\/strong><em>Farkas J\u00f3zsef, J\u00f3n\u00e1s Ivett, T\u00f3th Andor, Koltai Arnold, Moln\u00e1r Ferenc, Regl\u0151di D\u00f3ra, Rendeki Szil\u00e1rd <\/em><\/p> <p><strong>Az anat\u00f3mia oktat\u00e1s helye a PTE \u00c1OK MEDIC k\u00e9pz\u00e9seiben<\/strong><\/p> <p><strong>\u00a0<\/strong><\/p> <p><strong>P4\u00a0<\/strong><em>Nagy Andr\u00e1s, Marek Joukal, Zdravko Petanjek, Amani Eltayb, Cecilia Brassett<\/em><\/p> <p><strong>Erasmus+ nemzetk\u00f6zi projekt az anat\u00f3mia t\u00e1rgy hagyom\u00e1nyos oktat\u00e1si tradici\u00f3inak meg\u0151rz\u00e9s\u00e9re<\/strong><\/p> <p><strong>\u00a0<\/strong><\/p> <p><strong>P5\u00a0<\/strong><em>Holl\u00f3sy Tibor<\/em><\/p> <p><strong>Online bonckurzus a p\u00e9csi Anat\u00f3miai Int\u00e9zetben 2020-ban, a koronav\u00edrus-j\u00e1rv\u00e1ny alatt<\/strong><\/p> <p><strong>\u00a0<\/strong><\/p> <p><strong>P6\u00a0<\/strong><em>Uzelman Emese, Vicena Vikt\u00f3ria, Nyilas M\u00e1rta, Regl\u0151di D\u00f3ra<\/em><\/p> <p><strong>Sz\u00f6vettan \u00e9s vizu\u00e1lis \u00e1br\u00e1zol\u00e1s &#8211; fakultat\u00edv kurzus a m\u0171v\u00e9szeti karral<\/strong><\/p> <p><strong>\u00a0<\/strong><\/p> <p><strong>P7\u00a0<\/strong><em>F\u00e1bi\u00e1n Eszter<sup>1<\/sup>, Regl\u0151di D\u00f3ra<\/em><\/p> <p><strong>COVID-19: kih\u00edv\u00e1sok \u00e9s megold\u00e1sok egy nem v\u00e1rt helyzetben<\/strong><\/p> <p><strong>\u00a0<\/strong><\/p> <p><strong>P8\u00a0<\/strong><em>Ujv\u00e1ri Bal\u00e1zs, Pytel Bence, M\u00e1rton Zsombor, Bogn\u00e1r M\u00e1t\u00e9<sup>, <\/sup>Kov\u00e1cs L\u00e1szl\u00f3 \u00c1kos, Farkas J\u00f3zsef, Gaszner Tam\u00e1s, Kecsk\u00e9s Ang\u00e9la, Kormos Vikt\u00f3ria, Farkas Bogl\u00e1rka, F\u00fcredi N\u00f3ra, Gaszner Bal\u00e1zs<\/em><\/p> <p><strong>A centr\u00e1lis projekci\u00f3j\u00fa Edinger-Westphal mag k\u00e1rosod\u00e1sa hozz\u00e1j\u00e1rul a parkinson-k\u00f3r nem-motoros t\u00fcneteihez patk\u00e1nyban<\/strong><\/p> <p>&nbsp;<\/p> <p><strong>P9\u00a0<\/strong><em>D\u00f3ra Fanni, Rashmi Kumari, Renner \u00c9va, Palkovits Mikl\u00f3s, Dobolyi \u00c1rp\u00e1d<\/em><\/p> <p><strong>A dorsomedi\u00e1lis prefront\u00e1lis k\u00e9reg transzkriptom szint\u0171 vizsg\u00e1lata \u00f6ngyilkos szem\u00e9lyekben<\/strong><\/p> <p><strong>\u00a0<\/strong><\/p> <p><strong>P10\u00a0<\/strong><em>Keller D\u00e1vid, L\u00e1ng Tam\u00e1s, Cserven\u00e1k Melinda, Puska Gina, Barna J\u00e1nos, Dobolyi \u00c1rp\u00e1d<\/em><\/p> <p><strong>New brain mechanism promoting direct social contact behavior in mammals<\/strong><\/p> <p><strong>\u00a0<\/strong><\/p> <p><strong>P11\u00a0<\/strong><em>D\u00e1vid Csaba, Salma Andr\u00e1s, Acs\u00e1dy L\u00e1szl\u00f3<\/em><\/p> <p><strong>A hum\u00e1n anterior thalamus funkcion\u00e1lis t\u00e9rk\u00e9pez\u00e9se anat\u00f3miai markerek seg\u00edts\u00e9g\u00e9vel<\/strong><\/p> <p><strong>\u00a0<\/strong><\/p> <p><strong>P12\u00a0<\/strong><em>Somogyi Attila, Wolf Ervin<\/em><\/p> <p><strong>A human mut\u00e1ns tau feh\u00e9rje hat\u00e1sa a III. r\u00e9tegbeli neocorticalis piramissejtek intraneuron\u00e1lis inger\u00fcletvezet\u00e9s\u00e9re<\/strong><\/p> <p><strong>\u00a0<\/strong><\/p> <p><strong>P13\u00a0<\/strong><em>S\u00edpos Klaudia; Papp Rege Sug\u00e1rka; Durst M\u00e1t\u00e9; T\u00f3th Zsuzsanna Emese<\/em><\/p> <p><strong>A nesfatin-1 szerep\u00e9nek vizsg\u00e1lata patk\u00e1ny szupraoptikus magj\u00e1ban<\/strong><\/p> <p><strong>\u00a0<\/strong><\/p> <p><strong>P14\u00a0<\/strong><em>Hoppa, Paulina; Tyler, Teadora; Frank, Erzsebet; Roszik, Lilla; Szmetana, Kornel; Adorjan, Istvan<\/em><\/p> <p><strong>Investigation of astroglial heterogeneity in the human cortex and caudate nucleus<\/strong><\/p> <p><strong>\u00a0<\/strong><\/p> <p><strong>P15*\u00a0<\/strong><em>Csaba Cser\u00e9p, Bal\u00e1zs P\u00f3sfai, Nikolett L\u00e9n\u00e1rt, Rebeka Fekete, Zs\u00f3fia I. L\u00e1szl\u00f3, Zsolt Lele, Barbara Orsolits, G\u00e1bor Moln\u00e1r, Steffanie Heindl, Anett D\u00f3ra Schwarcz, Katinka Ujv\u00e1ri, Zsuzsanna K\u00f6rnyei, Krisztina T\u00f3th, Eszter Szabadits, Be\u00e1ta Sperl\u00e1gh, M\u00e1ria Baranyi, L\u00e1szl\u00f3 Csiba, Tibor Hortob\u00e1gyi, Zs\u00f3fia Magl\u00f3czky, Bernadett Martinecz, G\u00e1bor Szab\u00f3, Ferenc Erd\u00e9lyi, R\u00f3bert Szip\u0151cs, Michael M. Tamkun, Benno Gesierich, Marco Duering, Istv\u00e1n Katona, Arthur Liesz, G\u00e1bor Tam\u00e1s, \u00c1d\u00e1m D\u00e9nes<\/em><\/p> <p><strong>Microglia Monitor And Protect Neuronal Function Via Specialized Somatic Purinergic Junctions<\/strong><\/p> <p><strong>\u00a0<\/strong><\/p> <p><strong>P16*\u00a0<\/strong><em>Kov\u00e1cs L\u00e1szl\u00f3 \u00c1kos, Berta Gergely, Csernus Val\u00e9r, Ujv\u00e1ri Bal\u00e1zs, F\u00fcredi N\u00f3ra, Gaszner Bal\u00e1zs<\/em><\/p> <p><strong>A nucleus paraventricularis hypothalami \u00e9s a t\u00e1gabb \u00e9rtelemben vett amygdala magok corticotropin-releasing factor tartalm\u00fa idegsejtjeinek aktivit\u00e1s\u00e1nak vizsg\u00e1lata, a kor f\u00fcggv\u00e9ny\u00e9ben akut \u00e9s kr\u00f3nikus stressz patk\u00e1nymodellben<\/strong><\/p> <p>&nbsp;<\/p> <p><strong>P17\u00a0<\/strong><em>G\u00f6m\u00f6ri L\u00eddia, K\u00f3kai \u00c9va, Sivad\u00f3 Mikl\u00f3s, N\u00e1n\u00e1sin\u00e9 Moln\u00e1r T\u00edmea, Sz\u00fccs P\u00e9ter<\/em><\/p> <p><strong>G\u00e1tl\u00f3 projekci\u00f3s neuronok a gerincvel\u0151 h\u00e1ts\u00f3 szarv\u00e1ban?<\/strong><\/p> <p><strong>\u00a0<\/strong><\/p> <p><strong>P18*\u00a0<\/strong><em>F\u00fcl\u00f6p Bal\u00e1zs D\u00e1niel, Gyurok Gerg\u0151, Pham D\u00e1niel, N\u00e9meth Adrienn, Gaszner Bal\u00e1zs, Regl\u0151di D\u00f3ra, Tam\u00e1s Andrea<\/em><\/p> <p><strong>A PAC1 receptor kolokaliz\u00e1ci\u00f3j\u00e1nak vizsg\u00e1lata Ca<sup>2+<\/sup>-k\u00f6t\u0151 feh\u00e9rj\u00e9kkel \u00e9s cochlearis efferensekkel hipof\u00edzis adenil\u00e1t-cikl\u00e1z aktiv\u00e1l\u00f3 polipeptid-g\u00e9nki\u00fct\u00f6tt (PACAP KO) \u00e9s vad t\u00edpus\u00fa (wt) egerek hall\u00f3p\u00e1ly\u00e1j\u00e1ban<\/strong><\/p> <p><strong>\u00a0<\/strong><\/p> <p><strong>P19\u00a0<\/strong><em>Angelika Varga, Zolt\u00e1n M\u00e9sz\u00e1r, \u00c9va K\u00f3kai, Rita Varga, L\u00e1szl\u00f3 Ducza, Monika B\u00e9resov\u00e1, Marianna Nagy, P\u00e9ter Sz\u00fccs<\/em><\/p> <p><strong>CRISPR\/cas9-based mutagenesis of histone h3.1 in dynorphinergic neurons attenuates thermal sensitivity in transgenic mice<\/strong><\/p> <p><strong>\u00a0<\/strong><\/p> <p><strong>P20\u00a0<\/strong><em>Viktor Kilin, R\u00f3bert Lunacsek, M\u00e1rk Kozsurek, Phuong Kov\u00e1cs, Vikt\u00f3ria Zsiros, Anna L. Kiss, Korn\u00e9l Kir\u00e1ly, Andrea Gajtk\u00f3, Krisztina Holl\u00f3, Zita Pusk\u00e1r<\/em><\/p> <p><strong>Interaction between Toll-like Receptor-4 and Dipeptidyl peptidase-4 in inflammation<\/strong><\/p> <p><strong>\u00a0<\/strong><\/p> <p><strong>P21\u00a0<\/strong><em>Patthy \u00c1goston, Alp\u00e1r Al\u00e1n<\/em><\/p> <p><strong>Kannabinoid receptor expresszi\u00f3 magzati agyvel\u0151ben \u00e9s v\u00e1ltoz\u00e1sai Down-k\u00f3rban<\/strong><\/p> <p><strong>\u00a0<\/strong><\/p> <p><strong>P22\u00a0<\/strong><em>Teadora Tyler, Erzs\u00e9bet Frank, Lilla Rosz\u00edk, Virginia Feh\u00e9r, Istv\u00e1n Adorj\u00e1n<\/em><\/p> <p><strong>Prefrontal cortical interneurons impaired in schizophrenia<\/strong><\/p> <p>&nbsp;<\/p> <p><strong>P23*\u00a0<\/strong><em>\u00c1gnes Magyar, \u00c9va R\u00e1cz, Clara Matesz, Ervin Wolf, Peter Kiss, Botond Ga\u00e1l<\/em><\/p> <p><strong>Lesion induced modification of brevican expression in the perineuronal net of the superior vestibular nucleus<\/strong><\/p> <p><strong>\u00a0<\/strong><\/p> <p><strong>P24\u00a0<\/strong><em>Hud\u00e1k No\u00e9mi, dr. Somogyi Attila, Wolf Ervin <\/em><\/p> <p><strong>Mut\u00e1ns, hum\u00e1n tau feh\u00e9rj\u00e9t expressz\u00e1l\u00f3 rTg4510-es \u00e9s vad t\u00edpus\u00fa egerek neokortik\u00e1lis piramissejtjeinek \u00f6sszehasonl\u00edt\u00e1sa a morfofunkcion\u00e1lis m\u00e1trixok m\u00f3dszer\u00e9vel<\/strong><\/p> <p><strong>\u00a0<\/strong><\/p> <p><strong>P25\u00a0<\/strong><em>Em\u0151ke Sz\u0151cs, \u00c1d\u00e1m So\u00f3s, Vikt\u00f3ria Halasy, Dalma Jancsovics, N\u00e1ndor Nagy<\/em><\/p> <p><strong>Detailed characterization of developing bursa of fabricius reveals a novel lymphoid follicle inducer cell type<\/strong><\/p> <p><strong>\u00a0<\/strong><\/p> <p><strong>P26\u00a0<\/strong><em>So\u00f3s \u00c1d\u00e1m, Sz\u0151cs Em\u0151ke, Fejsz\u00e1k N\u00f3ra, Jancsovics Dalma, Halasy Vikt\u00f3ria, Kov\u00e1cs Tam\u00e1s, Nagy N\u00e1ndor<\/em><\/p> <p><strong>Characterization and development of the lymphoid follicular cortex of the bursa of fabricius<\/strong><\/p> <p>&nbsp;<\/p> <p><strong>P27\u00a0<\/strong><em>Kov\u00e1cs Patrik, Hajd\u00fa Tibor, V\u00e1g\u00f3 Judit, Tak\u00e1cs Roland, Z\u00e1k\u00e1ny R\u00f3za, P\u00f3liska Szil\u00e1rd, Matta Csaba<\/em><\/p> <p><strong>Transzporterek expresszi\u00f3j\u00e1nak \u00e1tfog\u00f3 szeml\u00e9let\u0171 elemz\u00e9se a porcdifferenci\u00e1ci\u00f3 sor\u00e1n<\/strong><\/p> <p><em>\u00a0<\/em><\/p> <p><strong>P28\u00a0<\/strong><em>Matta Csaba, V\u00e1g\u00f3 Judit, Katona \u00c9va, Tak\u00e1cs Roland, Daan van der Veen, Z\u00e1k\u00e1ny R\u00f3za<\/em><\/p> <p><strong>Mechanikai ingerek szinkroniz\u00e1lj\u00e1k a cirkadi\u00e1n ritmust differenci\u00e1l\u00f3d\u00f3 porcsejtekben<\/strong><\/p> <p><strong>\u00a0<\/strong><\/p> <p><strong>P29\u00a0<\/strong><em>Tak\u00e1cs Roland \u00c1d\u00e1m, V\u00e1g\u00f3 Judit, Matta Csaba, Z\u00e1k\u00e1ny R\u00f3za<\/em><\/p> <p><strong>A septin citoszkelet\u00e1lis feh\u00e9rj\u00e9k \u00e1trendez\u0151d\u00e9s\u00e9nek g\u00e1tl\u00e1sa cs\u00f6kkenti az <em>in vitro<\/em> porck\u00e9pz\u0151d\u00e9st<\/strong><\/p> <p><strong>\u00a0<\/strong><\/p> <p><strong>P30\u00a0<\/strong><em>Stephan Roch, H.-Mink\u00f3 Krisztina, Sophie Creuzet, B\u00f3di Ildik\u00f3<\/em><\/p> <p><strong>A d\u00facl\u00e9c szerepe a thymus fejl\u0151d\u00e9s\u00e9ben<\/strong><\/p> <p><strong>\u00a0<\/strong><\/p> <p><strong>P31\u00a0<\/strong><em>Hargitai D\u00f3ra, Vilm\u00e1nyi Csaba, F\u00e9s\u00fcs G\u00e1bor, Haltrich Ir\u00e9n, Kiss Andr\u00e1s, Prod\u00e1n Zsolt \u00e9s B\u00f3di Ildik\u00f3<\/em><\/p> <p><strong>Nemi fejl\u0151d\u00e9si zavarral t\u00e1rsult sz\u00edvfejl\u0151d\u00e9si rendelleness\u00e9gek vizsg\u00e1lata<\/strong><\/p> <p><strong>\u00a0<\/strong><\/p> <p><strong>P32\u00a0<\/strong><em>Kocsis, Katalin, B\u00f3di, Ildik\u00f3, Fejsz\u00e1k, N\u00f3ra, Ol\u00e1h, Imre<\/em><\/p> <p><strong>Histology of chicken (<em>Gallus gallus domescticus<\/em>) lung<\/strong><\/p> <p><strong>\u00a0<\/strong><\/p> <p><strong>P33\u00a0<\/strong><em>Szegeczki Vince, Kulcs\u00e1r M\u00e1t\u00e9, Fazekas L\u00e1szl\u00f3, Orlik Brigitta, T\u00f6r\u00f6k P\u00e9ter, Jakab Attila, Regl\u0151di D\u00f3ra, Juh\u00e1sz Tam\u00e1s<\/em><\/p> <p><strong>PACAP-kezelt endometrioid sz\u00f6vetkult\u00far\u00e1k mRNS expresszi\u00f3s elt\u00e9r\u00e9seinek vizsg\u00e1lata<\/strong><\/p> <p><strong>\u00a0<\/strong><\/p> <p><strong>P34\u00a0<\/strong><em>Jason Sparks, Dora Reglodi, Adel Jungling, Attila Bardosi, Krisztina Kovacs, Attila Miseta, Gabriella Kiss, Ibolya Lamar<\/em><\/p> <p><strong>Role of Pacap in age-related systemic amyloidosis<\/strong><\/p> <p><strong>\u00a0<\/strong><\/p> <p><strong>P35\u00a0<\/strong><em>D\u00e1niel Pham, Bal\u00e1zs D\u00e1niel F\u00fcl\u00f6p, Be\u00e1ta Polg\u00e1r, Zal\u00e1n Sz\u00e1nt\u00f3, Ad\u00e9l J\u00fcngling, Norbert Kov\u00e1cs, Istv\u00e1n Bal\u00e1s, Endre P\u00e1l, T\u00fcnde T\u00f3th, Bal\u00e1zs Fazekas, Robert Herczeg, Attila Gyenesei, D\u00f3ra Regl\u0151di, Andrea Tam\u00e1s<\/em><\/p> <p><strong>Changes of blood PACAP level in patients with Parkinson\u2019s disease<\/strong><\/p> <p><strong>\u00a0<\/strong><\/p> <p><strong>P36\u00a0<\/strong><em>Varga Rita, Sz\u00fccs P\u00e9ter, M\u00e9sz\u00e1r Zolt\u00e1n<\/em><\/p> <p><strong>A SEMA3 n\u00e9lk\u00fcl\u00f6zhetetlen a neuroprogenitor sejtek differenci\u00e1l\u00f3d\u00e1s\u00e1ban \u00e9s a sejtciklus szab\u00e1lyoz\u00e1s\u00e1ban csirke embri\u00f3 gerincvel\u0151ben<\/strong><\/p> <p><strong>\u00a0<\/strong><\/p> <p><strong>P37\u00a0<\/strong><em>L\u00e1szl\u00f3 Ducza, Andrea Gajtk\u00f3, Krisztina Heged\u00fcs, Erzs\u00e9bet Bakk, Krisztina Holl\u00f3<\/em><\/p> <p><strong>Inflammasome regulation of rat spinal dorsal horn in persistent inflammatory pain<\/strong><\/p> <p><strong>\u00a0<\/strong><\/p> <p><strong>P38\u00a0<\/strong><em>Kriszti\u00e1n Pajer, Tam\u00e1s Bell\u00e1k, L\u00e1szl\u00f3 G\u00e1l, Zolt\u00e1n Fek\u00e9cs, D\u00e9nes T\u00f6r\u00f6k, Antal N\u00f3gr\u00e1di<\/em><\/p> <p><strong>Intravenous infusion of neuroectodermal stem cells improves functional outcome of spinal cord injury<\/strong><\/p> <p><strong>\u00a0<\/strong><\/p> <p><strong>P39\u00a0<\/strong><em>Zolt\u00e1n Fek\u00e9cs, Kriszti\u00e1n Pajer, Bern\u00e1t N\u00f3gr\u00e1di, Roland Patai, L\u00e1szl\u00f3 Sikl\u00f3s, Antal N\u00f3gr\u00e1di<\/em><\/p> <p><strong>Age-related degeneration in the motor endplates and axons of mice leaves the motoneuron soma unaffected<\/strong><\/p> <p><strong>\u00a0<\/strong><\/p> <p><strong>P40\u00a0<\/strong><em>Tam\u00e1s Bell\u00e1k, Kriszti\u00e1n Pajer, L\u00e1szl\u00f3 G\u00e1l, Annam\u00e1ria Marton, Csaba Vizler, Zolt\u00e1n Fek\u00e9cs, Antal N\u00f3gr\u00e1di<\/em><\/p> <p><strong>Modulatory effects of grafted neuroectodermal stem cells after chronic spinal cord contusion injury<\/strong><\/p> <p>&nbsp;<\/p> <p><strong>P41\u00a0<\/strong><em>D\u00e9nes T\u00f6r\u00f6k, M\u00e1t\u00e9 Vass, Kriszti\u00e1n Pajer, Antal N\u00f3gr\u00e1di<\/em><\/p> <p><strong>Effects of dorsal root avulsion injury on the spinal ganglia and spinal cord<\/strong><\/p> <p><strong>\u00a0<\/strong><\/p> <p><strong>P42\u00a0<\/strong><em>Magda D\u00e1niel, Gerend\u00e1s Lili, Asb\u00f3th Barbara, Lovas S\u00e1ndor, Kilin Ferenc, Nagy Zolt\u00e1n Zsolt, Szab\u00f3 Arnold <\/em><\/p> <p><strong>Oszt\u00f3d\u00f3 sejtek el\u0151fordul\u00e1s\u00e1nak vizsg\u00e1lata feln\u0151tt emberi retin\u00e1ban<\/strong><\/p> <p>&nbsp;<\/p> <p><strong>P43<\/strong> <em>Gerend\u00e1s Lili, Asb\u00f3th Barbara, Magda\u00a0D\u00e1niel, Lovas\u00a0S\u00e1ndor, Kilin\u00a0Ferenc, Nagy Zolt\u00e1n\u00a0Zsolt, Szab\u00f3\u00a0Arnold<\/em><\/p> <p><strong>Progenitor markerek expresszi\u00f3ja feln\u0151tt emberi retin\u00e1ban\u00a0<\/strong><\/p>","protected":false},"excerpt":{"rendered":"<p>A kongresszus posztereinek list\u00e1ja Poszter szekci\u00f3: szeptember 17. 12:30-14:00 \u00a0 P1\u00a0Vicena Vikt\u00f3ria, J\u00fcngling Ad\u00e9l, Szab\u00f3 Edina, Horv\u00e1th G\u00e1bor, T\u00f3th T\u00fcnde, Balogh Dorottya, Uzelman Emese, Sparks Jason, Lucas Lili\u00e1na, Rivny\u00e1k \u00c1d\u00e1m, Kerekes Krist\u00f3f, Rohonczi Mirtill, Regl\u0151di D\u00f3ra, Tam\u00e1s Andrea Kutat\u00f3k \u00e9jszak\u00e1ja gyerekeknek: ismerked\u00e9s az emberi testtel \u00a0 P2\u00a0Sparks Jason, Regl\u0151di D\u00f3ra, Tam\u00e1s Andrea Demonstr\u00e1tori munka a<\/p>\n","protected":false},"author":2518,"featured_media":0,"parent":65245,"menu_order":0,"comment_status":"open","ping_status":"open","template":"","meta":{"_acf_changed":false,"footnotes":""},"categories":[],"tags":[],"class_list":["post-67572","page","type-page","status-publish","hentry"],"acf":[],"_links":{"self":[{"href":"https:\/\/univet.hu\/hu\/wp-json\/wp\/v2\/pages\/67572","targetHints":{"allow":["GET"]}}],"collection":[{"href":"https:\/\/univet.hu\/hu\/wp-json\/wp\/v2\/pages"}],"about":[{"href":"https:\/\/univet.hu\/hu\/wp-json\/wp\/v2\/types\/page"}],"author":[{"embeddable":true,"href":"https:\/\/univet.hu\/hu\/wp-json\/wp\/v2\/users\/2518"}],"replies":[{"embeddable":true,"href":"https:\/\/univet.hu\/hu\/wp-json\/wp\/v2\/comments?post=67572"}],"version-history":[{"count":0,"href":"https:\/\/univet.hu\/hu\/wp-json\/wp\/v2\/pages\/67572\/revisions"}],"up":[{"embeddable":true,"href":"https:\/\/univet.hu\/hu\/wp-json\/wp\/v2\/pages\/65245"}],"wp:attachment":[{"href":"https:\/\/univet.hu\/hu\/wp-json\/wp\/v2\/media?parent=67572"}],"wp:term":[{"taxonomy":"category","embeddable":true,"href":"https:\/\/univet.hu\/hu\/wp-json\/wp\/v2\/categories?post=67572"},{"taxonomy":"post_tag","embeddable":true,"href":"https:\/\/univet.hu\/hu\/wp-json\/wp\/v2\/tags?post=67572"}],"curies":[{"name":"wp","href":"https:\/\/api.w.org\/{rel}","templated":true}]}}