{"id":67611,"date":"2021-09-06T08:56:29","date_gmt":"2021-09-06T06:56:29","guid":{"rendered":"https:\/\/univet.hu\/hu\/egyetem\/munkatarsak\/new-staff-member-page-5\/"},"modified":"2026-02-10T03:56:09","modified_gmt":"2026-02-10T02:56:09","slug":"palinkas-szilvia","status":"publish","type":"page","link":"https:\/\/univet.hu\/hu\/egyetem\/munkatarsak\/palinkas-szilvia\/","title":{"rendered":"P\u00e1link\u00e1s Szilvia"},"content":{"rendered":"<p>BSc: Budapesti Metropolitan Egyetem, K\u00f6zgazd\u00e1sz turizmus-vend\u00e9gl\u00e1t\u00e1s szakon, 2013-2017<\/p>","protected":false},"excerpt":{"rendered":"<p>BSc: Budapesti Metropolitan Egyetem, K\u00f6zgazd\u00e1sz turizmus-vend\u00e9gl\u00e1t\u00e1s szakon, 2013-2017<\/p>\n","protected":false},"author":5824,"featured_media":0,"parent":858,"menu_order":0,"comment_status":"open","ping_status":"open","template":"","meta":{"_acf_changed":false,"footnotes":""},"categories":[],"tags":[],"class_list":["post-67611","page","type-page","status-publish","hentry"],"acf":[],"_links":{"self":[{"href":"https:\/\/univet.hu\/hu\/wp-json\/wp\/v2\/pages\/67611","targetHints":{"allow":["GET"]}}],"collection":[{"href":"https:\/\/univet.hu\/hu\/wp-json\/wp\/v2\/pages"}],"about":[{"href":"https:\/\/univet.hu\/hu\/wp-json\/wp\/v2\/types\/page"}],"author":[{"embeddable":true,"href":"https:\/\/univet.hu\/hu\/wp-json\/wp\/v2\/users\/5824"}],"replies":[{"embeddable":true,"href":"https:\/\/univet.hu\/hu\/wp-json\/wp\/v2\/comments?post=67611"}],"version-history":[{"count":1,"href":"https:\/\/univet.hu\/hu\/wp-json\/wp\/v2\/pages\/67611\/revisions"}],"predecessor-version":[{"id":190647,"href":"https:\/\/univet.hu\/hu\/wp-json\/wp\/v2\/pages\/67611\/revisions\/190647"}],"up":[{"embeddable":true,"href":"https:\/\/univet.hu\/hu\/wp-json\/wp\/v2\/pages\/858"}],"wp:attachment":[{"href":"https:\/\/univet.hu\/hu\/wp-json\/wp\/v2\/media?parent=67611"}],"wp:term":[{"taxonomy":"category","embeddable":true,"href":"https:\/\/univet.hu\/hu\/wp-json\/wp\/v2\/categories?post=67611"},{"taxonomy":"post_tag","embeddable":true,"href":"https:\/\/univet.hu\/hu\/wp-json\/wp\/v2\/tags?post=67611"}],"curies":[{"name":"wp","href":"https:\/\/api.w.org\/{rel}","templated":true}]}}