{"id":67644,"date":"2021-09-06T09:30:32","date_gmt":"2021-09-06T07:30:32","guid":{"rendered":"https:\/\/univet.hu\/hu\/egyetem\/munkatarsak\/new-staff-member-page-5\/"},"modified":"2026-02-10T03:55:42","modified_gmt":"2026-02-10T02:55:42","slug":"marton-rege","status":"publish","type":"page","link":"https:\/\/univet.hu\/hu\/egyetem\/munkatarsak\/marton-rege\/","title":{"rendered":"M\u00e1rton Rege"},"content":{"rendered":"<p><span style=\"font-size: 12pt\"><strong>Tanulm\u00e1nyok:<\/strong> \u00c1llatorvostudom\u00e1nyi Egyetem, 2015-2021<\/span><\/p> <p><span style=\"font-size: 12pt\"><strong>Oktat\u00e1s:<\/strong><\/span><\/p> <p><span style=\"font-size: 12pt\">\u00c1llatorvosi biok\u00e9mia gyakorlatok tart\u00e1sa magyar \u00e9s angol nyelven<\/span><\/p> <p><span style=\"font-size: 12pt\">Biol\u00f3gus k\u00e9pz\u00e9sen el\u0151ad\u00e1sok tart\u00e1sa<\/span><\/p> <p>Fogad\u00f3\u00f3ra: P\u00e9ntek, 10:00-12:00<\/p> <p>&nbsp;<\/p>","protected":false},"excerpt":{"rendered":"<p>Tanulm\u00e1nyok: \u00c1llatorvostudom\u00e1nyi Egyetem, 2015-2021 Oktat\u00e1s: \u00c1llatorvosi biok\u00e9mia gyakorlatok tart\u00e1sa magyar \u00e9s angol nyelven Biol\u00f3gus k\u00e9pz\u00e9sen el\u0151ad\u00e1sok tart\u00e1sa Fogad\u00f3\u00f3ra: P\u00e9ntek, 10:00-12:00 &nbsp;<\/p>\n","protected":false},"author":5824,"featured_media":0,"parent":858,"menu_order":0,"comment_status":"open","ping_status":"open","template":"","meta":{"_acf_changed":false,"footnotes":""},"categories":[],"tags":[],"class_list":["post-67644","page","type-page","status-publish","hentry"],"acf":[],"_links":{"self":[{"href":"https:\/\/univet.hu\/hu\/wp-json\/wp\/v2\/pages\/67644","targetHints":{"allow":["GET"]}}],"collection":[{"href":"https:\/\/univet.hu\/hu\/wp-json\/wp\/v2\/pages"}],"about":[{"href":"https:\/\/univet.hu\/hu\/wp-json\/wp\/v2\/types\/page"}],"author":[{"embeddable":true,"href":"https:\/\/univet.hu\/hu\/wp-json\/wp\/v2\/users\/5824"}],"replies":[{"embeddable":true,"href":"https:\/\/univet.hu\/hu\/wp-json\/wp\/v2\/comments?post=67644"}],"version-history":[{"count":1,"href":"https:\/\/univet.hu\/hu\/wp-json\/wp\/v2\/pages\/67644\/revisions"}],"predecessor-version":[{"id":190644,"href":"https:\/\/univet.hu\/hu\/wp-json\/wp\/v2\/pages\/67644\/revisions\/190644"}],"up":[{"embeddable":true,"href":"https:\/\/univet.hu\/hu\/wp-json\/wp\/v2\/pages\/858"}],"wp:attachment":[{"href":"https:\/\/univet.hu\/hu\/wp-json\/wp\/v2\/media?parent=67644"}],"wp:term":[{"taxonomy":"category","embeddable":true,"href":"https:\/\/univet.hu\/hu\/wp-json\/wp\/v2\/categories?post=67644"},{"taxonomy":"post_tag","embeddable":true,"href":"https:\/\/univet.hu\/hu\/wp-json\/wp\/v2\/tags?post=67644"}],"curies":[{"name":"wp","href":"https:\/\/api.w.org\/{rel}","templated":true}]}}