{"id":67661,"date":"2021-09-06T10:01:00","date_gmt":"2021-09-06T08:01:00","guid":{"rendered":"https:\/\/univet.hu\/hu\/egyetem\/szervezeti-egysegek\/allatvedelmi-jogi-elemzo-es-modszertani-kozpont\/allatvedelmi-kodex\/name\/"},"modified":"2021-10-05T11:34:38","modified_gmt":"2021-10-05T09:34:38","slug":"allatvedelmi-kodex-szovege","status":"publish","type":"page","link":"https:\/\/univet.hu\/hu\/egyetem\/szervezeti-egysegek\/allatvedelmi-jogi-elemzo-es-modszertani-kozpont\/allatvedelmi-kodex\/allatvedelmi-kodex-szovege\/","title":{"rendered":"\u00c1llatv\u00e9delmi K\u00f3dex sz\u00f6vege"},"content":{"rendered":"<p><strong>Az \u00c1llatorvostudom\u00e1nyi Egyetem \u00c1llatv\u00e9delmi K\u00f3dex sz\u00f6vege <\/strong><\/p> <p>Alul\u00edrott szervezetek (tov\u00e1bbiakban: Al\u00e1\u00edr\u00f3k) annak tudat\u00e1ban, hogy<\/p> <ul> <li>az \u00e1llatok v\u00e9delm\u00e9r\u0151l \u00e9s k\u00edm\u00e9let\u00e9r\u0151l sz\u00f3l\u00f3 t\u00f6rv\u00e9ny szellem\u00e9ben az \u00e1llatok \u00e9rezni, szenvedni \u00e9s \u00f6r\u00fclni k\u00e9pes \u00e9l\u0151l\u00e9nyek,<\/li> <li>minden \u00e1llategyed egyszeri \u00e9s megism\u00e9telhetetlen,<\/li> <li>a biol\u00f3giai sokf\u00e9les\u00e9g v\u00e9delme \u00e9s a term\u00e9szet fenntarthat\u00f3s\u00e1ga korunk egyik legfontosabb k\u00e9rd\u00e9se, \u00e9s ennek szerves r\u00e9sze lehet az \u00e1llategyedek v\u00e9delme,<\/li> <li>az etikus fogyaszt\u00f3i magatart\u00e1s, tudatos v\u00e1s\u00e1rl\u00e1si szok\u00e1sok jelent\u0151s\u00e9ge folyamatosan n\u00f6vekszik vil\u00e1gszerte,<\/li> <li>valamint az \u00e1llatokkal szembeni kegyetlens\u00e9g \u00e9s az emberek elleni er\u0151szak szoros \u00f6sszef\u00fcgg\u00e9se imm\u00e1r tudom\u00e1nyosan igazolt,<\/li> <\/ul> <p>az \u00c1llatorvostudom\u00e1nyi Egyetem \u00e1ltal kezdem\u00e9nyezett \u00e9s koordin\u00e1lt egyeztet\u00e9sek eredm\u00e9nyek\u00e9ppen az al\u00e1bbi sz\u00e1nd\u00e9knyilatkozatot teszik.<\/p> <p>Az Al\u00e1\u00edr\u00f3k elk\u00f6telezettek a szakmai alapokon \u00e9s \u00f6sszefog\u00e1son nyugv\u00f3 \u00e1llatv\u00e9delem mellett.<\/p> <p>Az Al\u00e1\u00edr\u00f3k al\u00e1\u00edr\u00e1sukkal igazolj\u00e1k, hogy mindent megtesznek annak \u00e9rdek\u00e9ben, hogy az <strong>\u00e9l\u0151 \u00e1llatokkal b\u00e1rmilyen m\u00f3don kapcsolatba ker\u00fcl\u0151 munkat\u00e1rsaik, tagjaik, illetve \u00f6nk\u00e9nteseik a hat\u00e1lyos \u00e1llatv\u00e9delmi joganyagot megismerj\u00e9k \u00e9s az abban foglaltakat betarts\u00e1k<\/strong>, k\u00fcl\u00f6n\u00f6s tekintettel az \u00e1ltal\u00e1nos \u00e1llatv\u00e9delmi szab\u00e1lyoz\u00e1sra \u00e9s azokra a r\u00e9szletszab\u00e1lyokra, amelyek az Al\u00e1\u00edr\u00f3 szervezet tev\u00e9kenys\u00e9g\u00e9hez k\u00f6t\u0151d\u0151 fajokat \u00e9rintik.<\/p> <p>Az Al\u00e1\u00edr\u00f3k v\u00e1llalj\u00e1k, hogy jogh\u00e9zag vagy nem egy\u00e9rtelm\u0171 jogi szab\u00e1lyoz\u00e1s eset\u00e9n <strong>t\u00f6rekednek az olyan jog\u00e9rtelmez\u00e9sre<\/strong>, amely az \u00e9l\u0151 \u00e1llatok szenved\u00e9smentess\u00e9g\u00e9nek c\u00e9lj\u00e1t szolg\u00e1lja.<\/p> <p>Az Al\u00e1\u00edr\u00f3k v\u00e1llalj\u00e1k, hogy lehet\u0151s\u00e9geikhez m\u00e9rten <strong>k\u00f6vetik a leg\u00fajabb \u00e1llatj\u00f3ll\u00e9ti, \u00e1llatv\u00e9delmi, az \u00e1llatok f\u00e1jdalom\u00e9rzet\u00e9t \u00e9s viselked\u00e9s\u00e9t \u00e9rint\u0151<\/strong> <strong>kutat\u00e1sokat<\/strong>, \u00e9s t\u00f6rekednek arra, hogy ezeknek megfelel\u0151en fejlessz\u00e9k az \u00e9l\u0151 \u00e1llatokkal kapcsolatos szeml\u00e9let\u00fcket, b\u00e1n\u00e1sm\u00f3djukat, technol\u00f3gi\u00e1jukat.<\/p> <p>Az Al\u00e1\u00edr\u00f3k v\u00e1llalj\u00e1k, hogy a <strong>felel\u0151s \u00e1llattart\u00e1st \u00e9s az \u00e1llatb\u00e1ntalmaz\u00e1s elleni fell\u00e9p\u00e9s sz\u00fcks\u00e9gess\u00e9g\u00e9t<\/strong> k\u00e9pviselik tev\u00e9kenys\u00e9g\u00fck \u00e9s megnyilatkoz\u00e1saik sor\u00e1n.<\/p> <p>Az Al\u00e1\u00edr\u00f3k v\u00e1llalj\u00e1k, hogy <strong>\u00e9l\u0151 \u00e1llatok sors\u00e1t \u00e9rint\u0151 elj\u00e1r\u00e1saik<\/strong> sor\u00e1n szem el\u0151tt tartj\u00e1k az \u00e1llatok \u00e9rdekeit. Ha egy elj\u00e1r\u00e1s vagy m\u00f3dszer helyettes\u00edthet\u0151 egy olyan elj\u00e1r\u00e1ssal vagy m\u00f3dszerrel, amely az \u00e9l\u0151 \u00e1llat \u00e9rdek\u00e9t jobban szolg\u00e1lja, az Al\u00e1\u00edr\u00f3k er\u0151forr\u00e1saikhoz m\u00e9rten t\u00f6rekednek ut\u00f3bbi alkalmaz\u00e1s\u00e1ra, illetve erre \u00f6szt\u00f6nzik munkat\u00e1rsaikat, tagjaikat, \u00f6nk\u00e9nteseiket is.<\/p> <p>Az Al\u00e1\u00edr\u00f3k v\u00e1llalj\u00e1k, hogy amennyiben \u00e1llattart\u00f3k, igyekeznek a t\u0151l\u00fck telhet\u0151 legteljesebb m\u00e9rt\u00e9kben biztos\u00edtani a gondoz\u00e1sukban l\u00e9v\u0151 \u00e1llatoknak az <strong>\u201e\u00f6t \u00e1llati szabads\u00e1got\u201d<\/strong> (\u00e9hs\u00e9g \u00e9s szomj\u00fas\u00e1g n\u00e9lk\u00fcli \u00e9let, sz\u00fcks\u00e9gtelen k\u00e9nyelmetlens\u00e9g, f\u00e1jdalom, megel\u0151zhet\u0151 s\u00e9r\u00fcl\u00e9s \u00e9s betegs\u00e9g n\u00e9lk\u00fcli \u00e9let, lehet\u0151s\u00e9g a fajnak illetve fajt\u00e1nak megfelel\u0151 viselked\u00e9s kifejez\u00e9s\u00e9hez, f\u00e9lelem \u00e9s gy\u00f6trelem n\u00e9lk\u00fcli \u00e9let). Ha er\u0151forr\u00e1saik megengedik, keresik a <strong>minimumk\u00f6vetelm\u00e9nyeket megfogalmaz\u00f3 \u00e1llatv\u00e9delmi jogszab\u00e1lyokt\u00f3l val\u00f3 pozit\u00edv ir\u00e1ny\u00fa elt\u00e9r\u00e9s<\/strong> lehet\u0151s\u00e9geit.<\/p> <p>Az Al\u00e1\u00edr\u00f3k v\u00e1llalj\u00e1k, hogy <strong>kommunik\u00e1ci\u00f3juk<\/strong> sor\u00e1n igyekeznek a felel\u0151s \u00e1llattart\u00e1ssal \u00e9s \u00e1llatv\u00e9delemmel kapcsolatos gondolatokat is megosztani. Amennyiben rendelkeznek honlappal vagy k\u00f6z\u00f6ss\u00e9gi m\u00e9dia fel\u00fclettel, v\u00e1llalj\u00e1k, hogy ezeken \u2013 tev\u00e9kenys\u00e9g\u00fckh\u00f6z kapcsol\u00f3d\u00f3an \u2013 felel\u0151s \u00e1llattart\u00e1sra, a helyes \u00e1llattart\u00e1si kult\u00fara megismertet\u00e9s\u00e9re, \u00e1llatv\u00e9delemre \u00f6szt\u00f6nz\u0151 bejegyz\u00e9seket is k\u00f6z\u00f6lnek.<\/p> <p>Az Al\u00e1\u00edr\u00f3k v\u00e1llalj\u00e1k, hogy amennyiben <strong>t\u00e1rsadalmi felel\u0151ss\u00e9gv\u00e1llal\u00e1ssal<\/strong> (CSR) kapcsolatos akci\u00f3 szervez\u00e9s\u00e9re, vagy ebben val\u00f3 r\u00e9szv\u00e9telre van lehet\u0151s\u00e9g\u00fck, fontol\u00f3ra veszik az \u00e1ltaluk v\u00e1lasztott \u00e1llatv\u00e9delmi szervezetekkel val\u00f3 egy\u00fcttm\u0171k\u00f6d\u00e9st is.<\/p> <p>Az Al\u00e1\u00edr\u00f3k v\u00e1llalj\u00e1k, hogy az \u00e1llatok v\u00e9delm\u00e9n t\u00fal t\u00f6rekednek a <strong>fenntarthat\u00f3s\u00e1g<\/strong> szem el\u0151tt tart\u00e1s\u00e1ra, illetve <strong>k\u00f6rnyezetk\u00edm\u00e9l\u0151<\/strong> megold\u00e1sok alkalmaz\u00e1s\u00e1ra is.<\/p> <p>A jelen meg\u00e1llapod\u00e1st kezdem\u00e9nyez\u0151 \u00c1llatorvostudom\u00e1nyi Egyetem v\u00e1llalja, hogy a K\u00f3dex al\u00e1\u00edr\u00e1s\u00e1t k\u00f6vet\u0151en biztos\u00edtja azt az online fel\u00fcletet, amely seg\u00edts\u00e9g\u00e9vel a K\u00f3dexhez \u00fajabb Al\u00e1\u00edr\u00f3k csatlakozhatnak. A K\u00f3dexhez az els\u0151 al\u00e1\u00edr\u00e1st k\u00f6vet\u0151en csatlakozni sz\u00e1nd\u00e9koz\u00f3k elfogadj\u00e1k, hogy az els\u0151 Al\u00e1\u00edr\u00f3k (tov\u00e1bbiakban Alap\u00edt\u00f3k) t\u00f6bbs\u00e9ge elutas\u00edt\u00f3 d\u00f6nt\u00e9st hozhat a csatlakoz\u00e1sr\u00f3l, illetve egy Al\u00e1\u00edr\u00f3 kiz\u00e1r\u00e1s\u00e1r\u00f3l is hat\u00e1rozhat. Az Alap\u00edt\u00f3k v\u00e1llalj\u00e1k, hogy ezzel a lehet\u0151s\u00e9ggel csak rendk\u00edv\u00fcl indokolt esetben \u00e9lnek, akkor, ha alaposan feltehet\u0151, hogy a csatlakozni sz\u00e1nd\u00e9koz\u00f3 szervezet tev\u00e9kenys\u00e9ge, szeml\u00e9lete s\u00falyosan ellent\u00e9tes az \u00c1llatv\u00e9delmi K\u00f3dex szellemis\u00e9g\u00e9vel.<\/p> <p>Az Al\u00e1\u00edr\u00f3k kijel\u00f6lnek egy kapcsolattart\u00f3 szem\u00e9lyt, \u00e9s el\u00e9rhet\u0151s\u00e9g\u00e9t megadj\u00e1k az \u00c1llatorvostudom\u00e1nyi Egyetem \u00c1llatv\u00e9delmi Jogi, Elemz\u0151- \u00e9s M\u00f3dszertani K\u00f6zpontnak, \u00e1llatv\u00e9delmi oktat\u00e1si-kutat\u00e1si c\u00e9l\u00fa kapcsolatfelv\u00e9tel, illetve az \u00c1llatv\u00e9delmi K\u00f3dexszel kapcsolatos inform\u00e1ci\u00f3csere c\u00e9lj\u00e1b\u00f3l.<\/p>","protected":false},"excerpt":{"rendered":"<p>Az \u00c1llatorvostudom\u00e1nyi Egyetem \u00c1llatv\u00e9delmi K\u00f3dex sz\u00f6vege Alul\u00edrott szervezetek (tov\u00e1bbiakban: Al\u00e1\u00edr\u00f3k) annak tudat\u00e1ban, hogy az \u00e1llatok v\u00e9delm\u00e9r\u0151l \u00e9s k\u00edm\u00e9let\u00e9r\u0151l sz\u00f3l\u00f3 t\u00f6rv\u00e9ny szellem\u00e9ben az \u00e1llatok \u00e9rezni, szenvedni \u00e9s \u00f6r\u00fclni k\u00e9pes \u00e9l\u0151l\u00e9nyek, minden \u00e1llategyed egyszeri \u00e9s megism\u00e9telhetetlen, a biol\u00f3giai sokf\u00e9les\u00e9g v\u00e9delme \u00e9s a term\u00e9szet fenntarthat\u00f3s\u00e1ga korunk egyik legfontosabb k\u00e9rd\u00e9se, \u00e9s ennek szerves r\u00e9sze lehet az \u00e1llategyedek v\u00e9delme, az<\/p>\n","protected":false},"author":3837,"featured_media":0,"parent":67651,"menu_order":0,"comment_status":"open","ping_status":"open","template":"","meta":{"_acf_changed":false,"footnotes":""},"categories":[],"tags":[],"class_list":["post-67661","page","type-page","status-publish","hentry"],"acf":[],"_links":{"self":[{"href":"https:\/\/univet.hu\/hu\/wp-json\/wp\/v2\/pages\/67661","targetHints":{"allow":["GET"]}}],"collection":[{"href":"https:\/\/univet.hu\/hu\/wp-json\/wp\/v2\/pages"}],"about":[{"href":"https:\/\/univet.hu\/hu\/wp-json\/wp\/v2\/types\/page"}],"author":[{"embeddable":true,"href":"https:\/\/univet.hu\/hu\/wp-json\/wp\/v2\/users\/3837"}],"replies":[{"embeddable":true,"href":"https:\/\/univet.hu\/hu\/wp-json\/wp\/v2\/comments?post=67661"}],"version-history":[{"count":0,"href":"https:\/\/univet.hu\/hu\/wp-json\/wp\/v2\/pages\/67661\/revisions"}],"up":[{"embeddable":true,"href":"https:\/\/univet.hu\/hu\/wp-json\/wp\/v2\/pages\/67651"}],"wp:attachment":[{"href":"https:\/\/univet.hu\/hu\/wp-json\/wp\/v2\/media?parent=67661"}],"wp:term":[{"taxonomy":"category","embeddable":true,"href":"https:\/\/univet.hu\/hu\/wp-json\/wp\/v2\/categories?post=67661"},{"taxonomy":"post_tag","embeddable":true,"href":"https:\/\/univet.hu\/hu\/wp-json\/wp\/v2\/tags?post=67661"}],"curies":[{"name":"wp","href":"https:\/\/api.w.org\/{rel}","templated":true}]}}