{"id":67669,"date":"2021-09-06T11:00:41","date_gmt":"2021-09-06T09:00:41","guid":{"rendered":"https:\/\/univet.hu\/hu\/egyetem\/szervezeti-egysegek\/allatvedelmi-jogi-elemzo-es-modszertani-kozpont\/allatvedelmi-kodex\/name\/"},"modified":"2021-10-01T21:14:02","modified_gmt":"2021-10-01T19:14:02","slug":"csatlakozasi-kerelem-szervezeteknek","status":"publish","type":"page","link":"https:\/\/univet.hu\/hu\/egyetem\/szervezeti-egysegek\/allatvedelmi-jogi-elemzo-es-modszertani-kozpont\/allatvedelmi-kodex\/csatlakozasi-kerelem-szervezeteknek\/","title":{"rendered":"Csatlakoz\u00e1si k\u00e9relem szervezeteknek"},"content":{"rendered":"<p>Az \u00c1llatorvostudom\u00e1nyi Egyetem \u00c1llatv\u00e9delmi K\u00f3dex k\u00f6z\u00f6ss\u00e9g\u00e9hez mag\u00e1nszem\u00e9lyek nem, csak szervezetek csatlakozhatnak. Jelentkezni <a href=\"https:\/\/forms.gle\/Aq85KBXcx7aHhsF49\">ITT<\/a> lehet.<\/p>","protected":false},"excerpt":{"rendered":"<p>Az \u00c1llatorvostudom\u00e1nyi Egyetem \u00c1llatv\u00e9delmi K\u00f3dex k\u00f6z\u00f6ss\u00e9g\u00e9hez mag\u00e1nszem\u00e9lyek nem, csak szervezetek csatlakozhatnak. Jelentkezni ITT lehet.<\/p>\n","protected":false},"author":3837,"featured_media":0,"parent":67651,"menu_order":0,"comment_status":"open","ping_status":"open","template":"","meta":{"_acf_changed":false,"footnotes":""},"categories":[],"tags":[],"class_list":["post-67669","page","type-page","status-publish","hentry"],"acf":[],"_links":{"self":[{"href":"https:\/\/univet.hu\/hu\/wp-json\/wp\/v2\/pages\/67669","targetHints":{"allow":["GET"]}}],"collection":[{"href":"https:\/\/univet.hu\/hu\/wp-json\/wp\/v2\/pages"}],"about":[{"href":"https:\/\/univet.hu\/hu\/wp-json\/wp\/v2\/types\/page"}],"author":[{"embeddable":true,"href":"https:\/\/univet.hu\/hu\/wp-json\/wp\/v2\/users\/3837"}],"replies":[{"embeddable":true,"href":"https:\/\/univet.hu\/hu\/wp-json\/wp\/v2\/comments?post=67669"}],"version-history":[{"count":0,"href":"https:\/\/univet.hu\/hu\/wp-json\/wp\/v2\/pages\/67669\/revisions"}],"up":[{"embeddable":true,"href":"https:\/\/univet.hu\/hu\/wp-json\/wp\/v2\/pages\/67651"}],"wp:attachment":[{"href":"https:\/\/univet.hu\/hu\/wp-json\/wp\/v2\/media?parent=67669"}],"wp:term":[{"taxonomy":"category","embeddable":true,"href":"https:\/\/univet.hu\/hu\/wp-json\/wp\/v2\/categories?post=67669"},{"taxonomy":"post_tag","embeddable":true,"href":"https:\/\/univet.hu\/hu\/wp-json\/wp\/v2\/tags?post=67669"}],"curies":[{"name":"wp","href":"https:\/\/api.w.org\/{rel}","templated":true}]}}