{"id":67679,"date":"2021-09-06T13:48:47","date_gmt":"2021-09-06T11:48:47","guid":{"rendered":"https:\/\/univet.hu\/?page_id=67679"},"modified":"2026-02-10T03:57:38","modified_gmt":"2026-02-10T02:57:38","slug":"wagenhoffer-zsombor","status":"publish","type":"page","link":"https:\/\/univet.hu\/hu\/egyetem\/munkatarsak\/wagenhoffer-zsombor\/","title":{"rendered":"Wagenhoffer Zsombor"},"content":{"rendered":"<p><strong>Bemutatkoz\u00e1s<\/strong><\/p> <p><strong>F\u0151bb kutat\u00e1si ter\u00fcletek: <\/strong><\/p> <ul> <li>teny\u00e9szt\u00e9s-szervez\u00e9s,<\/li> <li>h\u00fasmarhateny\u00e9szt\u00e9s,<\/li> <li>h\u00fasmarh\u00e1k k\u00fcllemi b\u00edr\u00e1lata,<\/li> <li>szarvasmarh\u00e1k, juhok hizlal\u00e1si lehet\u0151s\u00e9ge, v\u00e1g\u00e1si- \u00e9s h\u00fasmin\u0151s\u00e9ge,<\/li> <li>\u00e1llati term\u00e9kek glob\u00e1lis piaca,<\/li> <li>szarvasmarha-, juh-, l\u00f3- \u00e9s sert\u00e9s\u00e1gazati elemz\u00e9sek, strat\u00e9gi\u00e1k,<\/li> <li>KAP \u00e9s a t\u00e1mogat\u00e1si rendszerei,<\/li> <li>legel\u0151re alapozott \u00e1llattart\u00e1s,<\/li> <li>szakmak\u00f6zi szervezetek<\/li> <\/ul> <p style=\"text-align: center;\"><strong>Szakmai szervezeti tags\u00e1g<\/strong><\/p> <table style=\"height: 108px;\"> <tbody> <tr style=\"height: 12px;\"> <td style=\"width: 352px; height: 12px; text-align: center;\">Bizotts\u00e1g neve<\/td> <td style=\"width: 97.5167px; height: 12px;\">Id\u0151<\/td> <td style=\"width: 215.45px; height: 12px; text-align: center;\">Tiszts\u00e9g<\/td> <\/tr> <tr style=\"height: 24px;\"> <td style=\"width: 352px; height: 24px; text-align: center;\">Nemzeti Agr\u00e1rgazdas\u00e1gi Kamara<\/td> <td style=\"width: 97.5167px; height: 24px; text-align: center;\">2018-<\/td> <td style=\"width: 215.45px; height: 24px; text-align: center;\">orsz\u00e1gos oszt\u00e1lyeln\u00f6k<\/td> <\/tr> <tr style=\"height: 24px;\"> <td style=\"width: 352px; height: 24px; text-align: center;\">\u00c1llatteny\u00e9szt\u00e9s \u00e9s Takarm\u00e1nyoz\u00e1s<\/td> <td style=\"width: 97.5167px; height: 24px; text-align: center;\">2010-<\/td> <td style=\"width: 215.45px; height: 24px; text-align: center;\">szerkeszt\u0151bizotts\u00e1gi tag<\/td> <\/tr> <tr style=\"height: 24px;\"> <td style=\"width: 352px; height: 24px; text-align: center;\">Magyar \u00c1llatteny\u00e9szt\u0151k Lapja<\/td> <td style=\"width: 97.5167px; height: 24px; text-align: center;\">2007-<\/td> <td style=\"width: 215.45px; height: 24px; text-align: center;\">f\u0151szerkeszt\u0151<\/td> <\/tr> <tr style=\"height: 24px;\"> <td style=\"width: 352px; height: 24px; text-align: center;\">Magyar \u00c1llatteny\u00e9szt\u0151k Sz\u00f6vets\u00e9ge<\/td> <td style=\"width: 97.5167px; height: 24px; text-align: center;\">2005-<\/td> <td style=\"width: 215.45px; height: 24px; text-align: center;\">\u00fcgyvezet\u0151 igazgat\u00f3<\/td> <\/tr> <\/tbody> <\/table> <p>&nbsp;<\/p> <p><strong>D\u00edjak:<\/strong><\/p> <p>Konkoly-Thege S\u00e1ndor d\u00edj (2019)<\/p> <p>&nbsp;<\/p> <p><strong>Publik\u00e1ci\u00f3k <\/strong><\/p> <p><a href=\"https:\/\/matarka.hu\/\"><strong>MATARKA<\/strong><\/a> adatb\u00e1zisban megjelent cikkek sz\u00e1ma: 510<\/p> <p><a href=\"https:\/\/m2.mtmt.hu\/gui2\/?type=authors&amp;mode=browse&amp;sel=10011032&amp;view=pubTable\">MTMT \u00f6sszefoglal\u00f3 t\u00e1bl\u00e1zat<\/a><\/p> <p><a href=\"https:\/\/m2.mtmt.hu\/gui2\/?type=authors&amp;mode=browse&amp;sel=authors10011032\">MTMT-link<\/a><\/p>","protected":false},"excerpt":{"rendered":"<p>Bemutatkoz\u00e1s F\u0151bb kutat\u00e1si ter\u00fcletek: teny\u00e9szt\u00e9s-szervez\u00e9s, h\u00fasmarhateny\u00e9szt\u00e9s, h\u00fasmarh\u00e1k k\u00fcllemi b\u00edr\u00e1lata, szarvasmarh\u00e1k, juhok hizlal\u00e1si lehet\u0151s\u00e9ge, v\u00e1g\u00e1si- \u00e9s h\u00fasmin\u0151s\u00e9ge, \u00e1llati term\u00e9kek glob\u00e1lis piaca, szarvasmarha-, juh-, l\u00f3- \u00e9s sert\u00e9s\u00e1gazati elemz\u00e9sek, strat\u00e9gi\u00e1k, KAP \u00e9s a t\u00e1mogat\u00e1si rendszerei, legel\u0151re alapozott \u00e1llattart\u00e1s, szakmak\u00f6zi szervezetek Szakmai szervezeti tags\u00e1g Bizotts\u00e1g neve Id\u0151 Tiszts\u00e9g Nemzeti Agr\u00e1rgazdas\u00e1gi Kamara 2018- orsz\u00e1gos oszt\u00e1lyeln\u00f6k \u00c1llatteny\u00e9szt\u00e9s \u00e9s Takarm\u00e1nyoz\u00e1s 2010- szerkeszt\u0151bizotts\u00e1gi<\/p>\n","protected":false},"author":5824,"featured_media":0,"parent":858,"menu_order":0,"comment_status":"closed","ping_status":"closed","template":"","meta":{"_acf_changed":false,"footnotes":""},"categories":[56],"tags":[],"class_list":["post-67679","page","type-page","status-publish","hentry","category-munkatarsak"],"acf":[],"_links":{"self":[{"href":"https:\/\/univet.hu\/hu\/wp-json\/wp\/v2\/pages\/67679","targetHints":{"allow":["GET"]}}],"collection":[{"href":"https:\/\/univet.hu\/hu\/wp-json\/wp\/v2\/pages"}],"about":[{"href":"https:\/\/univet.hu\/hu\/wp-json\/wp\/v2\/types\/page"}],"author":[{"embeddable":true,"href":"https:\/\/univet.hu\/hu\/wp-json\/wp\/v2\/users\/5824"}],"replies":[{"embeddable":true,"href":"https:\/\/univet.hu\/hu\/wp-json\/wp\/v2\/comments?post=67679"}],"version-history":[{"count":1,"href":"https:\/\/univet.hu\/hu\/wp-json\/wp\/v2\/pages\/67679\/revisions"}],"predecessor-version":[{"id":199411,"href":"https:\/\/univet.hu\/hu\/wp-json\/wp\/v2\/pages\/67679\/revisions\/199411"}],"up":[{"embeddable":true,"href":"https:\/\/univet.hu\/hu\/wp-json\/wp\/v2\/pages\/858"}],"wp:attachment":[{"href":"https:\/\/univet.hu\/hu\/wp-json\/wp\/v2\/media?parent=67679"}],"wp:term":[{"taxonomy":"category","embeddable":true,"href":"https:\/\/univet.hu\/hu\/wp-json\/wp\/v2\/categories?post=67679"},{"taxonomy":"post_tag","embeddable":true,"href":"https:\/\/univet.hu\/hu\/wp-json\/wp\/v2\/tags?post=67679"}],"curies":[{"name":"wp","href":"https:\/\/api.w.org\/{rel}","templated":true}]}}