{"id":67716,"date":"2021-09-06T15:02:09","date_gmt":"2021-09-06T13:02:09","guid":{"rendered":"https:\/\/univet.hu\/?page_id=67716"},"modified":"2026-02-10T03:55:50","modified_gmt":"2026-02-10T02:55:50","slug":"moravszki-leticia","status":"publish","type":"page","link":"https:\/\/univet.hu\/hu\/egyetem\/munkatarsak\/moravszki-leticia\/","title":{"rendered":"Moravszki Let\u00edcia"},"content":{"rendered":"<p style=\"text-align: center;\"><span style=\"font-size: 14pt;\"><strong>Bemutatkoz\u00e1s\u00a0\u00a0 <\/strong><\/span><\/p> <p><b><span data-contrast=\"auto\">Oktatott t\u00e1rgyak:<\/span><\/b><span data-ccp-props=\"{&quot;201341983&quot;:0,&quot;335559739&quot;:160,&quot;335559740&quot;:259}\">\u00a0<\/span><\/p> <ul> <li data-leveltext=\"\uf0b7\" data-font=\"Symbol\" data-listid=\"7\" data-list-defn-props=\"{&quot;335552541&quot;:1,&quot;335559683&quot;:0,&quot;335559684&quot;:-2,&quot;335559685&quot;:720,&quot;335559991&quot;:360,&quot;469769226&quot;:&quot;Symbol&quot;,&quot;469769242&quot;:[8226],&quot;469777803&quot;:&quot;left&quot;,&quot;469777804&quot;:&quot;\uf0b7&quot;,&quot;469777815&quot;:&quot;hybridMultilevel&quot;}\" aria-setsize=\"-1\" data-aria-posinset=\"1\" data-aria-level=\"1\">K\u00f6telez\u0151 t\u00e1rgyak: <ul> <li data-leveltext=\"\uf0b7\" data-font=\"Symbol\" data-listid=\"7\" data-list-defn-props=\"{&quot;335552541&quot;:1,&quot;335559683&quot;:0,&quot;335559684&quot;:-2,&quot;335559685&quot;:720,&quot;335559991&quot;:360,&quot;469769226&quot;:&quot;Symbol&quot;,&quot;469769242&quot;:[8226],&quot;469777803&quot;:&quot;left&quot;,&quot;469777804&quot;:&quot;\uf0b7&quot;,&quot;469777815&quot;:&quot;hybridMultilevel&quot;}\" aria-setsize=\"-1\" data-aria-posinset=\"1\" data-aria-level=\"1\">Takarm\u00e1nyoz\u00e1stan I. \u00e9s II.<\/li> <\/ul> <\/li> <li data-leveltext=\"\uf0b7\" data-font=\"Symbol\" data-listid=\"7\" data-list-defn-props=\"{&quot;335552541&quot;:1,&quot;335559683&quot;:0,&quot;335559684&quot;:-2,&quot;335559685&quot;:720,&quot;335559991&quot;:360,&quot;469769226&quot;:&quot;Symbol&quot;,&quot;469769242&quot;:[8226],&quot;469777803&quot;:&quot;left&quot;,&quot;469777804&quot;:&quot;\uf0b7&quot;,&quot;469777815&quot;:&quot;hybridMultilevel&quot;}\" aria-setsize=\"-1\" data-aria-posinset=\"2\" data-aria-level=\"1\">Fakultat\u00edv t\u00e1rgyak: <ul> <li data-leveltext=\"o\" data-font=\"Courier New\" data-listid=\"7\" data-list-defn-props=\"{&quot;335552541&quot;:1,&quot;335559683&quot;:1,&quot;335559684&quot;:-2,&quot;335559685&quot;:1440,&quot;335559991&quot;:360,&quot;469769226&quot;:&quot;Courier New&quot;,&quot;469769242&quot;:[9675],&quot;469777803&quot;:&quot;left&quot;,&quot;469777804&quot;:&quot;o&quot;,&quot;469777815&quot;:&quot;hybridMultilevel&quot;}\" aria-setsize=\"-1\" data-aria-posinset=\"2\" data-aria-level=\"2\">L\u00f3 dietetika<\/li> <li data-leveltext=\"o\" data-font=\"Courier New\" data-listid=\"7\" data-list-defn-props=\"{&quot;335552541&quot;:1,&quot;335559683&quot;:1,&quot;335559684&quot;:-2,&quot;335559685&quot;:1440,&quot;335559991&quot;:360,&quot;469769226&quot;:&quot;Courier New&quot;,&quot;469769242&quot;:[9675],&quot;469777803&quot;:&quot;left&quot;,&quot;469777804&quot;:&quot;o&quot;,&quot;469777815&quot;:&quot;hybridMultilevel&quot;}\" aria-setsize=\"-1\" data-aria-posinset=\"3\" data-aria-level=\"2\">Lovak teljes\u00edtm\u00e9ny-\u00e9lettana \u00e9s a sportl\u00f3gy\u00f3gy\u00e1szat<\/li> <\/ul> <\/li> <\/ul> <p><strong>Nyelvismeret:<\/strong> angol, n\u00e9met<\/p> <p><strong><span class=\"TextRun SCXW57096656 BCX8\" lang=\"HU-HU\" xml:lang=\"HU-HU\" data-contrast=\"auto\"><span class=\"NormalTextRun SCXW57096656 BCX8\">K\u00e9pzetts\u00e9g:<\/span> <\/span><\/strong><span class=\"TextRun SCXW57096656 BCX8\" lang=\"HU-HU\" xml:lang=\"HU-HU\" data-contrast=\"auto\"><span class=\"NormalTextRun SCXW57096656 BCX8\">\u00c1llatorvos-doktor diploma<\/span><span class=\"NormalTextRun SCXW57096656 BCX8\">, <\/span><span class=\"NormalTextRun SCXW57096656 BCX8\">L\u00f3-eg\u00e9szs\u00e9g\u00fcgyi szak\u00e1llatorvos<\/span><\/span><span class=\"EOP SCXW57096656 BCX8\" data-ccp-props=\"{&quot;201341983&quot;:0,&quot;335559739&quot;:160,&quot;335559740&quot;:259}\">\u00a0<\/span><\/p> <p><strong>K\u00fclf\u00f6ldi tanulm\u00e1nyutak:\u00a0<\/strong><\/p> <ul> <li data-leveltext=\"\uf0b7\" data-font=\"Symbol\" data-listid=\"9\" data-list-defn-props=\"{&quot;335552541&quot;:1,&quot;335559683&quot;:0,&quot;335559684&quot;:-2,&quot;335559685&quot;:720,&quot;335559991&quot;:360,&quot;469769226&quot;:&quot;Symbol&quot;,&quot;469769242&quot;:[8226],&quot;469777803&quot;:&quot;left&quot;,&quot;469777804&quot;:&quot;\uf0b7&quot;,&quot;469777815&quot;:&quot;hybridMultilevel&quot;}\" aria-setsize=\"-1\" data-aria-posinset=\"3\" data-aria-level=\"1\">2013: K\u00e9toldal\u00fa egyezm\u00e9ny, Tier\u00e4rztliche Hochschule Hannover, Klinik f\u00fcr Pferde<\/li> <\/ul> <p><strong>\u00a0<\/strong><strong>F\u0151bb kutat\u00e1si ter\u00fcletek:<\/strong><\/p> <ul> <li>A melan\u00f3ma egyes megjelen\u00e9si form\u00e1inak el\u0151fordul\u00e1si gyakoris\u00e1ga magyarorsz\u00e1gi arab l\u00f3fajt\u00e1kban<\/li> <li>Az Equid Herpeszv\u00edrus 5 elterjedts\u00e9g\u00e9nek \u00e9s k\u00f3rtani szerep\u00e9nek vizsg\u00e1lata<\/li> <li><span class=\"TextRun SCXW38292526 BCX8\" lang=\"EN-US\" xml:lang=\"EN-US\" data-contrast=\"auto\"><span class=\"NormalTextRun SCXW38292526 BCX8\">T\u00e1rs\u00e1llat<\/span> <span class=\"NormalTextRun SCXW38292526 BCX8\">etet\u00e9si<\/span> <span class=\"NormalTextRun SCXW38292526 BCX8\">szok\u00e1sok<\/span> <span class=\"NormalTextRun SCXW38292526 BCX8\">\u00e9s<\/span> <span class=\"NormalTextRun SCXW38292526 BCX8\">trendek<\/span> <span class=\"NormalTextRun SCXW38292526 BCX8\">vizsg\u00e1lata<\/span><\/span><span class=\"EOP SCXW38292526 BCX8\" data-ccp-props=\"{&quot;201341983&quot;:0,&quot;335559739&quot;:0,&quot;335559740&quot;:360}\">\u00a0<\/span><\/li> <\/ul> <p><strong><span class=\"TextRun SCXW248724908 BCX8\" lang=\"HU-HU\" xml:lang=\"HU-HU\" data-contrast=\"auto\"><span class=\"NormalTextRun SCXW248724908 BCX8\">El\u0151rehalad\u00e1s:<\/span><\/span><span class=\"EOP SCXW248724908 BCX8\" data-ccp-props=\"{&quot;201341983&quot;:0,&quot;335559739&quot;:160,&quot;335559740&quot;:259}\">\u00a0<\/span><\/strong><\/p> <ul> <li>2008: \u00c1llatorvos-doktor diploma<\/li> <li>2009: tansz\u00e9ki \u00e1llatorvos L\u00f3gy\u00f3gy\u00e1szati Tansz\u00e9k \u00e9s Klinika (belgy\u00f3gy\u00e1szat)<\/li> <li>2017: L\u00f3-eg\u00e9szs\u00e9g\u00fcgyi szak\u00e1llatorvos<\/li> <li>2021: tansz\u00e9ki \u00e1llatorvos Takarm\u00e1nyoz\u00e1stani \u00e9s Klinikai Dietetikai Tansz\u00e9k<\/li> <li>2023: PhD hallgat\u00f3<\/li> <\/ul> <p><strong><span class=\"TextRun SCXW173998425 BCX8\" lang=\"HU-HU\" xml:lang=\"HU-HU\" data-contrast=\"auto\"><span class=\"NormalTextRun SCXW173998425 BCX8\">Szakmai szervezeti tags\u00e1g:<\/span><\/span><span class=\"EOP SCXW173998425 BCX8\" data-ccp-props=\"{&quot;201341983&quot;:0,&quot;335559739&quot;:160,&quot;335559740&quot;:259}\">\u00a0<\/span><\/strong><\/p> <ul> <li><span class=\"TextRun SCXW239567558 BCX8\" lang=\"EN-US\" xml:lang=\"EN-US\" data-contrast=\"auto\"><span class=\"NormalTextRun SCXW239567558 BCX8\">European Society of Veterinary and Comparative Nutrition<\/span><span class=\"NormalTextRun SCXW239567558 BCX8\">: tag 2022-t\u0151l<\/span><\/span><\/li> <\/ul> <p><strong>Eddigi szakdolgozat\/TDK hallgat\u00f3k sz\u00e1ma<\/strong>:<\/p> <ul> <li>Szakdolgozat: 3<\/li> <li>TDK: 1<\/li> <\/ul> <p><strong>Szakdolgozatok\/TDK:<\/strong><\/p> <ol> <li>A b\u00f3d\u00edt\u00e1s hat\u00e1sa az or\u00e1lis gl\u00fck\u00f3z abszorpci\u00f3s tesztre (2012, szakdolgozat)<\/li> <li>A melanoma el\u0151fordul\u00e1si gyakoris\u00e1ga magyarorsz\u00e1gi arab l\u00f3fajt\u00e1kban (2013, TDK)<\/li> <li>Spurious Hypokalemia in Horses: The Role of Serum Insulin Levels and Sample Storage Conditions (2014, szakdolgozat)<\/li> <li>The impact of probiotics on the canine gastrointestinal microbiota: A literature review (2021, szakdolgozat)<\/li> <\/ol> <p><strong>Publik\u00e1ci\u00f3s lista<\/strong><\/p> <p>MTMT:\u00a0 <a href=\"https:\/\/m2.mtmt.hu\/gui2\/?type=authors&amp;mode=browse&amp;sel=authors10023449\">https:\/\/m2.mtmt.hu\/gui2\/?type=authors&amp;mode=browse&amp;sel=authors10023449\u00a0<\/a><\/p> <table style=\"height: 546px;\" width=\"976\"> <tbody> <tr style=\"height: 60px;\"> <td style=\"width: 34.9667px; height: 60px;\">1.<\/td> <td style=\"width: 925.033px; height: 60px;\"> <p><span data-contrast=\"auto\">Het\u00e9nyi, Nikoletta; <\/span><b><span data-contrast=\"auto\">Moravszki, Let\u00edcia: <\/span><\/b><span data-contrast=\"auto\">Gy\u00f3gyn\u00f6v\u00e9nyek haszn\u00e1lata a cukorbetegs\u00e9g ter\u00e1pi\u00e1j\u00e1ban: Irodalmi \u00f6sszefoglal\u00f3<\/span><span data-ccp-props=\"{&quot;201341983&quot;:0,&quot;335559739&quot;:160,&quot;335559740&quot;:259}\">\u00a0<\/span><\/p> <p><span data-contrast=\"auto\">MAGYAR \u00c1LLATORVOSOK LAPJA 145: 6 pp. 359-371., 13 p. (2023)<\/span><span data-ccp-props=\"{&quot;201341983&quot;:0,&quot;335559685&quot;:720,&quot;335559739&quot;:160,&quot;335559740&quot;:259}\">\u00a0<\/span><\/td> <\/tr> <tr style=\"height: 125px;\"> <td style=\"width: 34.9667px; height: 125px;\">2.<\/td> <td style=\"width: 925.033px; height: 125px;\"> <p><b><span data-contrast=\"auto\">L, Moravszki<\/span><\/b><span data-contrast=\"auto\">; T, Bakonyi; P, Miko; S, Sardi; Zs, Bohak; E, B\u00f3dai; O, Kutasi: Detection of equine herpesvirus 5 in different respiratory samples of horses<\/span><span data-ccp-props=\"{&quot;201341983&quot;:0,&quot;335559739&quot;:160,&quot;335559740&quot;:259}\">\u00a0<\/span><\/p> <p><span data-contrast=\"auto\">JOURNAL OF VETERINARY INTERNAL MEDICINE 29 pp. 977-991., 15 p. (2015)<\/span><span data-ccp-props=\"{&quot;201341983&quot;:0,&quot;335559685&quot;:720,&quot;335559739&quot;:160,&quot;335559740&quot;:259}\">\u00a0<\/span><\/td> <\/tr> <tr style=\"height: 96px;\"> <td style=\"width: 34.9667px; height: 96px;\">3.<\/td> <td style=\"width: 925.033px; height: 96px;\"> <p><span data-contrast=\"auto\">O, Kutasi; <\/span><b><span data-contrast=\"auto\">L, Moravszki<\/span><\/b><span data-contrast=\"auto\">; S, Sardi; Zs, Bohak; P, Miko; N, Balogh; K, Nagy; T, Bakonyi: Equine herpesvirus type 5 in bronchoalveolar lavage fluid of horses with equine multinodular pulmonary fibrosis (EMPF) and with other chronic respiratory disorders<\/span><span data-ccp-props=\"{&quot;201341983&quot;:0,&quot;335559739&quot;:160,&quot;335559740&quot;:259}\">\u00a0<\/span><\/p> <p><span data-contrast=\"auto\">JOURNAL OF VETERINARY INTERNAL MEDICINE 28: 2 Paper: 10.1111\/jvim.12326 (2014)<\/span><span data-ccp-props=\"{&quot;201341983&quot;:0,&quot;335559685&quot;:720,&quot;335559739&quot;:160,&quot;335559740&quot;:259}\">\u00a0<\/span><\/td> <\/tr> <tr style=\"height: 136px;\"> <td style=\"width: 34.9667px; height: 136px;\">4.<\/td> <td style=\"width: 925.033px; height: 136px;\"> <p><span data-contrast=\"auto\">Orsolya, Kutasi; <\/span><b><span data-contrast=\"auto\">Let\u00edcia, Moravszki<\/span><\/b><span data-contrast=\"auto\">; S\u00e1ra, S\u00e1rdi; Zs\u00f3fia, Boh\u00e1k; Imre, Biksi; Ferenc, Baska; Ott\u00f3, Szenci<\/span><span data-ccp-props=\"{&quot;201341983&quot;:0,&quot;335559739&quot;:160,&quot;335559740&quot;:259}\">\u00a0<\/span><\/p> <p><span data-contrast=\"auto\">Systemic granulomatous disease in a Hungarian warmblood gelding<\/span><span data-ccp-props=\"{&quot;201341983&quot;:0,&quot;335559685&quot;:720,&quot;335559739&quot;:160,&quot;335559740&quot;:259}\">\u00a0<\/span><\/p> <p><span data-contrast=\"auto\">JOURNAL OF EQUINE VETERINARY SCIENCE 34: 6 pp. 810-815., 6 p. (2014)<\/span><span data-ccp-props=\"{&quot;201341983&quot;:0,&quot;335559685&quot;:720,&quot;335559739&quot;:160,&quot;335559740&quot;:259}\">\u00a0<\/span><\/td> <\/tr> <tr style=\"height: 160px;\"> <td style=\"width: 34.9667px; height: 129px;\">5.<\/td> <td style=\"width: 925.033px; height: 129px;\"> <p><b><span data-contrast=\"auto\">Moravszki, Leticia<\/span><\/b><span data-contrast=\"auto\">; Votion, Dominique; Lekeux, Pierre; Kutasi, Orsolya: Kieg\u00e9sz\u00edt\u0151 vizsg\u00e1latok lovak l\u00e9gz\u0151szervi betegs\u00e9geinek meg\u00e1llap\u00edt\u00e1s\u00e1hoz: Irodalmi \u00e1ttekint\u00e9s: Ancillary diagnostic methods in the diagnosis of equine respiratory diseases. Literature review<\/span><span data-ccp-props=\"{&quot;201341983&quot;:0,&quot;335559739&quot;:160,&quot;335559740&quot;:259}\">\u00a0<\/span><\/p> <p><span data-contrast=\"auto\">MAGYAR \u00c1LLATORVOSOK LAPJA 135: 4 pp. 195-205., 11 p. (2013)<\/span><\/td> <\/tr> <\/tbody> <\/table> <p>&nbsp;<\/p> <p><strong>Fogad\u00f3\u00f3ra<\/strong>: emailen t\u00f6rt\u00e9n\u0151 el\u0151zetes egyeztet\u00e9s alapj\u00e1n<\/p> <p>&nbsp;<\/p> <p>&nbsp;<\/p> <p>&nbsp;<\/p> <p>&nbsp;<\/p>","protected":false},"excerpt":{"rendered":"<p>Bemutatkoz\u00e1s\u00a0\u00a0 Oktatott t\u00e1rgyak:\u00a0 K\u00f6telez\u0151 t\u00e1rgyak: Takarm\u00e1nyoz\u00e1stan I. \u00e9s II. Fakultat\u00edv t\u00e1rgyak: L\u00f3 dietetika Lovak teljes\u00edtm\u00e9ny-\u00e9lettana \u00e9s a sportl\u00f3gy\u00f3gy\u00e1szat Nyelvismeret: angol, n\u00e9met K\u00e9pzetts\u00e9g: \u00c1llatorvos-doktor diploma, L\u00f3-eg\u00e9szs\u00e9g\u00fcgyi szak\u00e1llatorvos\u00a0 K\u00fclf\u00f6ldi tanulm\u00e1nyutak:\u00a0 2013: K\u00e9toldal\u00fa egyezm\u00e9ny, Tier\u00e4rztliche Hochschule Hannover, Klinik f\u00fcr Pferde \u00a0F\u0151bb kutat\u00e1si ter\u00fcletek: A melan\u00f3ma egyes megjelen\u00e9si form\u00e1inak el\u0151fordul\u00e1si gyakoris\u00e1ga magyarorsz\u00e1gi arab l\u00f3fajt\u00e1kban Az Equid Herpeszv\u00edrus 5 elterjedts\u00e9g\u00e9nek<\/p>\n","protected":false},"author":5824,"featured_media":0,"parent":858,"menu_order":0,"comment_status":"closed","ping_status":"closed","template":"","meta":{"_acf_changed":false,"footnotes":""},"categories":[56],"tags":[],"class_list":["post-67716","page","type-page","status-publish","hentry","category-munkatarsak"],"acf":[],"_links":{"self":[{"href":"https:\/\/univet.hu\/hu\/wp-json\/wp\/v2\/pages\/67716","targetHints":{"allow":["GET"]}}],"collection":[{"href":"https:\/\/univet.hu\/hu\/wp-json\/wp\/v2\/pages"}],"about":[{"href":"https:\/\/univet.hu\/hu\/wp-json\/wp\/v2\/types\/page"}],"author":[{"embeddable":true,"href":"https:\/\/univet.hu\/hu\/wp-json\/wp\/v2\/users\/5824"}],"replies":[{"embeddable":true,"href":"https:\/\/univet.hu\/hu\/wp-json\/wp\/v2\/comments?post=67716"}],"version-history":[{"count":1,"href":"https:\/\/univet.hu\/hu\/wp-json\/wp\/v2\/pages\/67716\/revisions"}],"predecessor-version":[{"id":199340,"href":"https:\/\/univet.hu\/hu\/wp-json\/wp\/v2\/pages\/67716\/revisions\/199340"}],"up":[{"embeddable":true,"href":"https:\/\/univet.hu\/hu\/wp-json\/wp\/v2\/pages\/858"}],"wp:attachment":[{"href":"https:\/\/univet.hu\/hu\/wp-json\/wp\/v2\/media?parent=67716"}],"wp:term":[{"taxonomy":"category","embeddable":true,"href":"https:\/\/univet.hu\/hu\/wp-json\/wp\/v2\/categories?post=67716"},{"taxonomy":"post_tag","embeddable":true,"href":"https:\/\/univet.hu\/hu\/wp-json\/wp\/v2\/tags?post=67716"}],"curies":[{"name":"wp","href":"https:\/\/api.w.org\/{rel}","templated":true}]}}