{"id":686,"date":"2018-07-16T15:31:00","date_gmt":"2017-12-13T08:45:00","guid":{"rendered":"http:\/\/univet.hu\/oktatas\/tovabbkepzes\/elerhetoseg-munkatarsak\/"},"modified":"2024-04-15T14:29:14","modified_gmt":"2024-04-15T12:29:14","slug":"elerhetoseg-munkatarsak","status":"publish","type":"page","link":"https:\/\/univet.hu\/hu\/oktatas\/tovabbkepzes\/elerhetoseg-munkatarsak\/","title":{"rendered":"El\u00e9rhet\u0151s\u00e9g \/ Munkat\u00e1rsak"},"content":{"rendered":"<p>&nbsp;<\/p> <h2><strong>Tov\u00e1bbk\u00e9pz\u00e9si Oszt\u00e1ly<\/strong><\/h2> <p>&nbsp;<\/p> <p><strong>C\u00edm: \u00a0<\/strong>1078 Budapest, Istv\u00e1n u. 2. &#8222;N&#8221; \u00e9p\u00fclet, III. emelet 331. szoba<\/p> <p><strong>Levelez\u00e9si c\u00edm:\u00a0<\/strong>1400 Budapest, pf.: 2<\/p> <p><strong>Telefon <\/strong>+36 (1) 478-4100\/8880, 8883, 8884-es mell\u00e9k (h\u00edvhat\u00f3 munkaid\u0151ben: H-CS: 07:30-16:00\u00a0 P: 07:30-13:30)<\/p> <p><strong>Mobiltelefon el\u00e9rhet\u0151s\u00e9g:<\/strong><\/p> <p><span style=\"color: #00ccff;\"><span style=\"color: #33cccc;\"> <strong>+36-(30)-820-8709<\/strong><\/span>\u00a0<\/span>\u00a0(h\u00edvhat\u00f3 f\u00e9lfogad\u00e1si id\u0151ben)<\/p> <p><strong>E-mail:\u00a0<\/strong><a class=\"decrypt\" rel=\"benjo\/ullAvojwfu\/iv\" href=\"javascript:void(0);\">[Kattintson az emailc\u00edmhez]<\/a><\/p> <p><strong>Facebook<\/strong>:\u00a0<a href=\"https:\/\/www.facebook.com\/TKKvet\/\">https:\/\/facebook.com\/TKKvet\/<\/a><\/p> <p><u><strong>F\u00e9lfogad\u00e1s:<\/strong><\/u><\/p> <p><strong>H\u00e9tf\u0151 9:00 &#8211; 13:00<\/strong><\/p> <p><strong>Szerda 9:00 &#8211; 13:00<\/strong><\/p> <p><strong>Cs\u00fct\u00f6rt\u00f6k \u00a09:00 &#8211; 11:00 \u00e9s 13:00 &#8211; 15:00<\/strong><\/p> <p><strong>Szem\u00e9lyes \u00fcgyf\u00e9lfogad\u00e1s, kiz\u00e1r\u00f3lag el\u0151zetes bejelentkez\u00e9s alapj\u00e1n, el\u0151re egyeztetett id\u0151pontban lehets\u00e9ges.\u00a0<\/strong><\/p> <p>&nbsp;<\/p> <h3><strong>Munkat\u00e1rsak:<\/strong><\/h3> <p>&nbsp;<\/p> <p><strong>Prof. Dr. \u00d3zsv\u00e1ri L\u00e1szl\u00f3<\/strong> &#8211; oktat\u00e1si rektorhelyettes, tansz\u00e9kvezet\u0151, egyetemi tan\u00e1r<\/p> <p><img decoding=\"async\" style=\"height: 149px; width: 110px;\" src=\"https:\/\/univet.hu\/files\/subpages\/36\/images\/Ozsv%C3%A1ri-ig.k%C3%A9p.jpg\" alt=\"\" data-replaced=\"true\" \/><\/p> <p>E-mail: <a class=\"decrypt\" rel=\"p{twbsj\/mbt{mpAvojwfu\/iv\" href=\"javascript:void(0);\">[Kattintson az emailc\u00edmhez]<\/a><\/p> <p>Telefonsz\u00e1m: +36 (1) 478-4100\/8591<\/p> <p>&nbsp;<\/p> <p><strong>Dr. Gyurcs\u00f3 Adrienn<\/strong> &#8211; tov\u00e1bbk\u00e9pz\u00e9si igazgat\u00f3<\/p> <p>E-mail: <a class=\"decrypt\" rel=\"hzvsdtp\/besjfooAvojwfu\/iv\" href=\"javascript:void(0);\">[Kattintson az emailc\u00edmhez]<\/a><\/p> <p>Telefonsz\u00e1m: +36 (1) 478-4100\/8775<\/p> <p>&nbsp;<\/p> <p><strong>Leffler Adrienn <\/strong>tov\u00e1bbk\u00e9pz\u00e9si \u00fcgyint\u00e9z\u0151<\/p> <p>E-mail: <a class=\"decrypt\" rel=\"mfggmfs\/besjfooAvojwfu\/iv\" href=\"javascript:void(0);\">[Kattintson az emailc\u00edmhez]<\/a><\/p> <p>Telefonsz\u00e1m: +36 (1) 478-4100\/8883, +36- 30-820-8709<\/p> <ul> <li>\u00c1llatorvosi asszisztens feln\u0151ttk\u00e9pz\u00e9s<\/li> <li>Patkol\u00f3kov\u00e1cs feln\u0151ttk\u00e9pz\u00e9s<\/li> <li>Labor\u00e1llat-gondoz\u00f3 feln\u0151ttk\u00e9pz\u00e9s<\/li> <li>\u00c1llatk\u00eds\u00e9rleti technikus feln\u0151ttk\u00e9pz\u00e9s<\/li> <li>Vadk\u00e1rbecsl\u00e9si szak\u00e9rt\u0151i feladatokra felk\u00e9sz\u00edt\u0151 szakir\u00e1ny\u00fa tov\u00e1bbk\u00e9pz\u00e9s<\/li> <\/ul> <p>&nbsp;<\/p> <p><strong>Kosztrabszky Be\u00e1ta <\/strong>tov\u00e1bbk\u00e9pz\u00e9si \u00fcgyint\u00e9z\u0151<\/p> <p>E-mail: <a class=\"decrypt\" rel=\"lpt{usbct{lz\/cfbubAvojwfu\/iv\" href=\"javascript:void(0);\">[Kattintson az emailc\u00edmhez]<\/a><\/p> <p>Telefonsz\u00e1m: +36 (1) 478-4100\/8880,\u00a0 +36-30-820-8709<\/p> <ul> <li>L\u00f3-eg\u00e9szs\u00e9g\u00fcgyi szak\u00e1llatorvos szakir\u00e1ny\u00fa tov\u00e1bbk\u00e9pz\u00e9s<\/li> <li>Kis\u00e1llatgy\u00f3gy\u00e1sz szak\u00e1llatorvos szakir\u00e1ny\u00fa tov\u00e1bbk\u00e9pz\u00e9s<\/li> <li>Egzotikus \u00e1llatok gy\u00f3gy\u00e1szata szak\u00e1llatorvos szakir\u00e1ny\u00fa tov\u00e1bbk\u00e9pz\u00e9s<\/li> <li>Alkalmazott biostatisztikus szakir\u00e1ny\u00fa tov\u00e1bbk\u00e9pz\u00e9s<\/li> <li>Kieg\u00e9sz\u00edt\u0151 \u00e9s alternat\u00edv m\u00f3dszerek az \u00e1llatorvosl\u00e1sban szakir\u00e1ny\u00fa tov\u00e1bbk\u00e9pz\u00e9s<\/li> <\/ul> <p>&nbsp;<\/p>","protected":false},"excerpt":{"rendered":"<p>&nbsp; Tov\u00e1bbk\u00e9pz\u00e9si Oszt\u00e1ly &nbsp; C\u00edm: \u00a01078 Budapest, Istv\u00e1n u. 2. &#8222;N&#8221; \u00e9p\u00fclet, III. emelet 331. szoba Levelez\u00e9si c\u00edm:\u00a01400 Budapest, pf.: 2 Telefon +36 (1) 478-4100\/8880, 8883, 8884-es mell\u00e9k (h\u00edvhat\u00f3 munkaid\u0151ben: H-CS: 07:30-16:00\u00a0 P: 07:30-13:30) Mobiltelefon el\u00e9rhet\u0151s\u00e9g: +36-(30)-820-8709\u00a0\u00a0(h\u00edvhat\u00f3 f\u00e9lfogad\u00e1si id\u0151ben) E-mail:\u00a0[Kattintson az emailc\u00edmhez] Facebook:\u00a0https:\/\/facebook.com\/TKKvet\/ F\u00e9lfogad\u00e1s: H\u00e9tf\u0151 9:00 &#8211; 13:00 Szerda 9:00 &#8211; 13:00 Cs\u00fct\u00f6rt\u00f6k \u00a09:00 &#8211;<\/p>\n","protected":false},"author":1,"featured_media":0,"parent":680,"menu_order":228,"comment_status":"closed","ping_status":"closed","template":"","meta":{"_acf_changed":false,"footnotes":""},"categories":[],"tags":[],"class_list":["post-686","page","type-page","status-publish","hentry"],"acf":[],"_links":{"self":[{"href":"https:\/\/univet.hu\/hu\/wp-json\/wp\/v2\/pages\/686","targetHints":{"allow":["GET"]}}],"collection":[{"href":"https:\/\/univet.hu\/hu\/wp-json\/wp\/v2\/pages"}],"about":[{"href":"https:\/\/univet.hu\/hu\/wp-json\/wp\/v2\/types\/page"}],"author":[{"embeddable":true,"href":"https:\/\/univet.hu\/hu\/wp-json\/wp\/v2\/users\/1"}],"replies":[{"embeddable":true,"href":"https:\/\/univet.hu\/hu\/wp-json\/wp\/v2\/comments?post=686"}],"version-history":[{"count":0,"href":"https:\/\/univet.hu\/hu\/wp-json\/wp\/v2\/pages\/686\/revisions"}],"up":[{"embeddable":true,"href":"https:\/\/univet.hu\/hu\/wp-json\/wp\/v2\/pages\/680"}],"wp:attachment":[{"href":"https:\/\/univet.hu\/hu\/wp-json\/wp\/v2\/media?parent=686"}],"wp:term":[{"taxonomy":"category","embeddable":true,"href":"https:\/\/univet.hu\/hu\/wp-json\/wp\/v2\/categories?post=686"},{"taxonomy":"post_tag","embeddable":true,"href":"https:\/\/univet.hu\/hu\/wp-json\/wp\/v2\/tags?post=686"}],"curies":[{"name":"wp","href":"https:\/\/api.w.org\/{rel}","templated":true}]}}