{"id":68666,"date":"2021-09-28T16:40:11","date_gmt":"2021-09-28T14:40:11","guid":{"rendered":"https:\/\/univet.hu\/?page_id=68666"},"modified":"2024-11-19T09:41:37","modified_gmt":"2024-11-19T08:41:37","slug":"csongrad-csanad-megyei-kormanyhivatal","status":"publish","type":"page","link":"https:\/\/univet.hu\/hu\/oktatas\/tanulmanyi-osztaly\/allasajanlatok\/csongrad-csanad-megyei-kormanyhivatal\/","title":{"rendered":"Csongr\u00e1d-Csan\u00e1d Megyei Korm\u00e1nyhivatal"},"content":{"rendered":"<p>2024.11.19<\/p> <p><a href=\"https:\/\/univet.hu\/wp-content\/uploads\/2024\/11\/P\u00e1ly\u00e1zat_hat\u00f3s\u00e1gi-\u00e1llatorvos_hat\u00e1r_2024_SZSZ.pdf\">Hat\u00f3s\u00e1gi \u00e1llatorvos<\/a><\/p> <p>2022.01.18<\/p> <p><a href=\"https:\/\/univet.hu\/wp-content\/uploads\/2022\/01\/\u00c1llatorvos-p\u00e1ly\u00e1zat.pdf\">Hat\u00f3s\u00e1gi \u00e1llatorvos<\/a><\/p> <p>2021.09.28<\/p> <p><a href=\"https:\/\/univet.hu\/wp-content\/uploads\/2021\/09\/Hat\u00f3s\u00e1gi-\u00e1llatorvos-p\u00e1ly\u00e1zat_egyetem.pdf\">Hat\u00f3s\u00e1gi \u00e1llatorvos p\u00e1ly\u00e1zat<\/a><\/p>","protected":false},"excerpt":{"rendered":"<p>2024.11.19 Hat\u00f3s\u00e1gi \u00e1llatorvos 2022.01.18 Hat\u00f3s\u00e1gi \u00e1llatorvos 2021.09.28 Hat\u00f3s\u00e1gi \u00e1llatorvos p\u00e1ly\u00e1zat<\/p>\n","protected":false},"author":2961,"featured_media":0,"parent":26415,"menu_order":112,"comment_status":"closed","ping_status":"closed","template":"","meta":{"_acf_changed":false,"footnotes":""},"categories":[],"tags":[],"class_list":["post-68666","page","type-page","status-publish","hentry"],"acf":[],"_links":{"self":[{"href":"https:\/\/univet.hu\/hu\/wp-json\/wp\/v2\/pages\/68666","targetHints":{"allow":["GET"]}}],"collection":[{"href":"https:\/\/univet.hu\/hu\/wp-json\/wp\/v2\/pages"}],"about":[{"href":"https:\/\/univet.hu\/hu\/wp-json\/wp\/v2\/types\/page"}],"author":[{"embeddable":true,"href":"https:\/\/univet.hu\/hu\/wp-json\/wp\/v2\/users\/2961"}],"replies":[{"embeddable":true,"href":"https:\/\/univet.hu\/hu\/wp-json\/wp\/v2\/comments?post=68666"}],"version-history":[{"count":0,"href":"https:\/\/univet.hu\/hu\/wp-json\/wp\/v2\/pages\/68666\/revisions"}],"up":[{"embeddable":true,"href":"https:\/\/univet.hu\/hu\/wp-json\/wp\/v2\/pages\/26415"}],"wp:attachment":[{"href":"https:\/\/univet.hu\/hu\/wp-json\/wp\/v2\/media?parent=68666"}],"wp:term":[{"taxonomy":"category","embeddable":true,"href":"https:\/\/univet.hu\/hu\/wp-json\/wp\/v2\/categories?post=68666"},{"taxonomy":"post_tag","embeddable":true,"href":"https:\/\/univet.hu\/hu\/wp-json\/wp\/v2\/tags?post=68666"}],"curies":[{"name":"wp","href":"https:\/\/api.w.org\/{rel}","templated":true}]}}