{"id":69267,"date":"2021-10-28T15:43:10","date_gmt":"2021-10-28T13:43:10","guid":{"rendered":"https:\/\/univet.hu\/hu\/oktatas\/tovabbkepzes\/name\/"},"modified":"2023-02-15T10:01:08","modified_gmt":"2023-02-15T09:01:08","slug":"szakmai-napok-2022","status":"publish","type":"page","link":"https:\/\/univet.hu\/hu\/oktatas\/tovabbkepzes\/szakmai-napok-2022\/","title":{"rendered":"Szakmai Napok 2022"},"content":{"rendered":"<p>&nbsp;<\/p> <p>&nbsp;<\/p> <p><strong>\u201eA tudom\u00e1nyos halad\u00e1s mor\u00e1lis \u00fatveszt\u0151i\u201d szakmai nap 2022. november 11.<\/strong><\/p> <p>HELYSZ\u00cdNI\/ONLINE r\u00e9szv\u00e9tel<\/p> <p>Hirdet\u00e9s: <a href=\"https:\/\/univet.hu\/wp-content\/uploads\/2022\/08\/Mora\u0301lis-u\u0301tveszto\u030bk-A4-220817.pdf\">Itt<\/a><\/p> <p>Jelentkez\u00e9si lap: <a href=\"https:\/\/forms.office.com\/Pages\/ResponsePage.aspx?id=cI-IPWq9kUSJE9qdG6_HR6U2mupHfSZPuW1DaX-WBj9UREFYQktJNkwxNE1ITjBLMzY2UkNZM0Y2Qi4u\">Itt<\/a><\/p> <p><strong>Jelentkez\u00e9si hat\u00e1rid\u0151: 2022. okt\u00f3ber 28. (23:59)<\/strong><\/p> <p>Kamarai pont:<strong>\u00a036 pont<\/strong><\/p> <p>&nbsp;<\/p> <p><strong>&#8222;Ny\u00edlt tudom\u00e1ny a gyakorlatban&#8221; workshop <\/strong><\/p> <p>HELYSZ\u00cdNI\/ONLINE r\u00e9szv\u00e9tel<\/p> <p>Hirdet\u00e9s:\u00a0<a href=\"https:\/\/univet.hu\/wp-content\/uploads\/2022\/10\/Euro\u0301pai-egyu\u0308ttmu\u030bko\u0308de\u0301s-A4-221013_02.pdf\">ITT<\/a><\/p> <p>Jelentkez\u00e9s: <a href=\"https:\/\/forms.office.com\/r\/PVnPkr0GHm\">ITT<\/a><\/p> <p>Jelentkez\u00e9si hat\u00e1rid\u0151: 2022. november 15. (kedd)<\/p> <p>Kamarai pont: 40 pont<\/p> <p>A r\u00e9szv\u00e9tel ingyenes, de el\u0151zetes regisztr\u00e1ci\u00f3hoz k\u00f6t\u00f6tt!<\/p> <p>&nbsp;<\/p> <p><strong>&#8222;Antimikrobi\u00e1lis szerek helyes haszn\u00e1lata \u00e9lelmiszertermel\u0151 \u00e1llatokban&#8221; szakmai nap 2022. 11. 22 &#8211; 23.<\/strong><\/p> <p>HELYSZ\u00cdNI\/ONLINE r\u00e9szv\u00e9tel<\/p> <p>Hirdet\u00e9s: <a href=\"https:\/\/univet.hu\/wp-content\/uploads\/2022\/10\/Antimikrobia\u0301lis-szerek-helyes-haszn\u00e1lata-\u00c1TE-nov22-23.pdf\">ITT<\/a><\/p> <p>Jelentkez\u00e9si lap: <a href=\"https:\/\/forms.office.com\/Pages\/ResponsePage.aspx?id=cI-IPWq9kUSJE9qdG6_HR6U2mupHfSZPuW1DaX-WBj9UREExWTAySzVIRjZFMUtTTllQQjNEUUhQNS4u\">ITT<\/a><\/p> <p><strong>Jelentkez\u00e9si hat\u00e1rid\u0151: 2022. okt\u00f3ber 31.\u00a0\u00a0<\/strong><\/p> <p>Kamarai pont:<strong> 88 pont<\/strong>\u00a0 (KIEMELT RENDEZV\u00c9NY)<\/p> <p>Tanulm\u00e1nyi felel\u0151s: Szem\u0151k Szilvia (<a class=\"decrypt\" rel=\"t{fnpl\/t{jmwjbAvojwfu\/iv\" href=\"javascript:void(0);\">[Kattintson az emailc\u00edmhez]<\/a>)<\/p> <p>&nbsp;<\/p> <p><strong>\u201eSPECIAL OPERATIVE PROCEDURES IN SMALL ANIMALS &#8211;\u00a0<\/strong><\/p> <p><strong>GASTROINTESTINAL SURGERY\u201d<\/strong><\/p> <p><em>(WORKSHOP)<\/em><\/p> <p><strong>&#8222;SPECI\u00c1LIS M\u0170T\u00c9TI ELJ\u00c1R\u00c1SOK KIS\u00c1LLATOKON &#8211;\u00a0<\/strong><\/p> <p><strong>A GYOMOR \u00e9s B\u00c9LRENDSZER SEB\u00c9SZETE&#8221;<\/strong><\/p> <p><em>(WORKSHOP)<\/em><\/p> <p>Date\/Id\u0151pont: <strong>25<sup>th<\/sup> November 2022.<\/strong><\/p> <p>Supervisor\/ A k\u00e9pz\u00e9s felel\u0151se: <strong>Prof. Dr. Tibor N\u00e9meth PhD, Diplomate ECVS<\/strong>, Head of small animal surgery<\/p> <p>Advertisement\/ Hirdet\u00e9s: <a href=\"https:\/\/univet.hu\/wp-content\/uploads\/2022\/08\/GASTROINTESTINAL-SURGERY-A4-220822.pdf\">here\/itt<\/a><\/p> <p>Registration form\/Jelentkez\u00e9si lap: <a href=\"https:\/\/forms.office.com\/Pages\/ResponsePage.aspx?id=cI-IPWq9kUSJE9qdG6_HR6U2mupHfSZPuW1DaX-WBj9UOU44SDNBQThYWkkzM0kxRTBEQlhPRVdaMi4u\">here\/itt<\/a><\/p> <p>Registration deadline\/Jelentkez\u00e9si hat\u00e1rid\u0151: <strong>28. October 2022.<\/strong><\/p> <p>Study administrator\/Tanulm\u00e1nyi felel\u0151s: Szem\u0151k Szilvia (<a class=\"decrypt\" rel=\"t{fnpl\/t{jmwjbAvojwfu\/iv\" href=\"javascript:void(0);\">[Kattintson az emailc\u00edmhez]<\/a>)<\/p> <p>&nbsp;<\/p> <p><strong>&#8222;Antimikrobi\u00e1lis szerek helyes haszn\u00e1lata \u00e9lelmiszertermel\u0151 \u00e1llatokban&#8221; szakmai nap 2022. szeptember 20 &#8211; 21.<\/strong><\/p> <p>HELYSZ\u00cdNI\/ONLINE r\u00e9szv\u00e9tel<\/p> <p>Hirdet\u00e9s: <a href=\"https:\/\/univet.hu\/wp-content\/uploads\/2022\/06\/Antimikrobia\u0301lis-hirdete\u0301s-A5-web-220628.pdf\">ITT<\/a><\/p> <p>Program: <a href=\"https:\/\/univet.hu\/wp-content\/uploads\/2022\/09\/Antimikrobia\u0301lis-hirdete\u0301s-A4-220907.pdf\">ITT<\/a><\/p> <p>Jelentkez\u00e9si lap: <a href=\"https:\/\/forms.office.com\/Pages\/ResponsePage.aspx?id=cI-IPWq9kUSJE9qdG6_HR6U2mupHfSZPuW1DaX-WBj9UMEdCMFVRNDIxNFo0OEU2MEs1WDE1OUJPOC4u\">ITT<\/a><\/p> <p><strong>Jelentkez\u00e9si hat\u00e1rid\u0151: 2022. szeptember 9. 23:59<\/strong><\/p> <p>Kamarai pont:<strong> 88 pont<\/strong>\u00a0 (KIEMELT RENDEZV\u00c9NY)<\/p> <p>Tanulm\u00e1nyi felel\u0151s: Szem\u0151k Szilvia (<a class=\"decrypt\" rel=\"t{fnpl\/t{jmwjbAvojwfu\/iv\" href=\"javascript:void(0);\">[Kattintson az emailc\u00edmhez]<\/a>)<\/p> <p>&nbsp;<\/p> <p><strong>&#8222;Meta-anal\u00edzis&#8221; &#8211;\u00a0<b>5 napos egyetemi k\u00e9pz\u00e9s<\/b><\/strong><\/p> <p>HELYSZ\u00cdNI\/ONLINE r\u00e9szv\u00e9tel<\/p> <p>Hirdet\u00e9s: <a href=\"https:\/\/univet.hu\/wp-content\/uploads\/2022\/08\/Meta-anali\u0301zis-tanfolyam-A4-220803.pdf\">Itt<\/a><\/p> <p>Jelentkez\u00e9si lap: <a href=\"https:\/\/forms.office.com\/Pages\/ResponsePage.aspx?id=cI-IPWq9kUSJE9qdG6_HR6U2mupHfSZPuW1DaX-WBj9UNUdFSFRGRjMwSkZXV0RXRlRKWDdXUEdBOC4u\">Itt<\/a><\/p> <p><strong>Jelentkez\u00e9si hat\u00e1rid\u0151: 2022. augusztus 08.\u00a0<\/strong><\/p> <p>&nbsp;<\/p> <p><strong>&#8222;Statisztikai modellez\u00e9s&#8221; \u2013 5 napos egyetemi k\u00e9pz\u00e9s<\/strong><\/p> <p>Hirdet\u00e9s: <strong><a href=\"https:\/\/univet.hu\/wp-content\/uploads\/2022\/05\/Statisztikai-modelleze\u0301s-A4-220516.pdf\">ITT<\/a><\/strong><\/p> <p>Jelentkez\u00e9si lap:\u00a0<a href=\"https:\/\/forms.office.com\/Pages\/ResponsePage.aspx?id=cI-IPWq9kUSJE9qdG6_HR6U2mupHfSZPuW1DaX-WBj9URTNQODc4TktZU0hOWkdSV1o5Qlg5Q0lRQS4u\">ITT<\/a><\/p> <p>R\u00e9szv\u00e9teli d\u00edj: 90\u00a0000 Ft<\/p> <p><strong>Jelentkez\u00e9si hat\u00e1rid\u0151: 2022. j\u00fanius 3.<\/strong><\/p> <p>Tanulm\u00e1nyi felel\u0151s: Szem\u0151k Szilvia (szemok.szilvia<a class=\"decrypt\" rel=\"t{fnpl\/t{jmwjbAvojwfu\/iv\">@univet.hu<\/a>)<\/p> <p>&nbsp;<\/p> <p>\u201e<b>B\u0151v\u00edtett fokozat\u00fa sug\u00e1rv\u00e9delmi tanfolyam \u00e9s vizsga<\/b>\u201d h\u00e1rom napos egyetemi online k\u00e9pz\u00e9s <strong>2022.04.27-28-29. (szerda,cs\u00fct\u00f6rt\u00f6k p\u00e9ntek)<\/strong><\/p> <p class=\"x_MsoNormal\">Hirdet\u00e9s: <a href=\"https:\/\/univet.hu\/wp-content\/uploads\/2022\/04\/Suga\u0301rve\u0301delmi-hirdete\u0301s-A4-220405.pdf\">ITT<\/a><\/p> <p class=\"x_MsoNormal\">Jelentkez\u00e9si lap: <a href=\"https:\/\/forms.office.com\/Pages\/ResponsePage.aspx?id=cI-IPWq9kUSJE9qdG6_HR6U2mupHfSZPuW1DaX-WBj9UQkVNOEcxUUIzMktBTUY1TkFJR0JQT0FPMy4u\">ITT<\/a><\/p> <p class=\"x_MsoNormal\">R\u00e9szv\u00e9teli d\u00edj: 49.000 Ft<\/p> <p class=\"x_MsoNormal\">Jelentkez\u00e9si hat\u00e1rid\u0151: 2022. \u00e1prilis 13.<\/p> <p class=\"x_MsoNormal\">Tanulm\u00e1nyi felel\u0151s: B\u00e1lint Ildik\u00f3 (<a class=\"decrypt\" rel=\"t{fnpl\/t{jmwjbAvojwfu\/iv\"><a class=\"decrypt\" rel=\"cbmjou\/jmejlpAvojwfu\/iv\" href=\"javascript:void(0);\">[Kattintson az emailc\u00edmhez]<\/a><\/a>)<\/p> <p>&nbsp;<\/p> <p>&nbsp;<\/p> <p><strong>&#8222;Antimikrobi\u00e1lis szerek helyes haszn\u00e1lata \u00e9lelmiszertermel\u0151 \u00e1llatokban&#8221; szakmai nap 2022. 03. 22 &#8211; 23.<\/strong><\/p> <p>HELYSZ\u00cdNI\/ONLINE r\u00e9szv\u00e9tel<\/p> <p>Hirdet\u00e9s: <a href=\"https:\/\/univet.hu\/wp-content\/uploads\/2022\/02\/Antimikrobia\u0301lis-hirdete\u0301s-A4-220208.pdf\">ITT<\/a><\/p> <p>Jelentkez\u00e9si lap: <a href=\"https:\/\/forms.office.com\/Pages\/ResponsePage.aspx?id=cI-IPWq9kUSJE9qdG6_HR6U2mupHfSZPuW1DaX-WBj9UNjRJN1RWU01HVEZEUkpDNzEzR0RJVEo1My4u\">ITT<\/a><\/p> <p><strong>Jelentkez\u00e9si hat\u00e1rid\u0151: 2022. m\u00e1rcius 8.\u00a0\u00a0<\/strong><\/p> <p>Kamarai pont:<strong> 88 pont<\/strong>\u00a0 (KIEMELT RENDEZV\u00c9NY)<\/p> <p>Tanulm\u00e1nyi felel\u0151s: Szem\u0151k Szilvia (szemok.szilvia<a class=\"decrypt\" rel=\"t{fnpl\/t{jmwjbAvojwfu\/iv\">@univet.hu<\/a>)<\/p> <p>&nbsp;<\/p> <p>&nbsp;<\/p> <p><strong>&#8222;Prec\u00edzi\u00f3s rendszerek a k\u00f6rk\u00f6r\u00f6s gazd\u00e1lkod\u00e1s t\u00e1mogat\u00e1s\u00e1ra tejtermel\u0151 gazdas\u00e1gokban&#8221; szakmai nap 2022. 03.03. (cs\u00fct\u00f6rt\u00f6k)<\/strong><\/p> <p class=\"x_MsoNormal\">Jelentkez\u00e9si hat\u00e1rid\u0151: 2022. febru\u00e1r 24.\u00a0 23:59<\/p> <p class=\"x_MsoNormal\">Rendezv\u00e9ny pont\u00e9rt\u00e9ke: 20 pont<\/p> <p class=\"x_MsoNormal\">A r\u00e9szv\u00e9tel ingyenes, de el\u0151zetes regisztr\u00e1ci\u00f3hoz k\u00f6t\u00f6tt.<\/p> <p class=\"x_MsoNormal\">Hirdet\u00e9s: <a href=\"https:\/\/univet.hu\/wp-content\/uploads\/2022\/01\/Cirkul\u00e1ris-tejtermele\u0301s-hirdete\u0301s-20220303.pdf\">ITT<\/a><\/p> <p class=\"x_MsoNormal\">Regisztr\u00e1ci\u00f3: <a href=\"https:\/\/forms.office.com\/Pages\/ResponsePage.aspx?id=cI-IPWq9kUSJE9qdG6_HR6U2mupHfSZPuW1DaX-WBj9UQTRBWU5USElNNlUyQ1FPVjZUUjJGQ1pYMC4u\">ITT<\/a><\/p> <p class=\"x_MsoNormal\">A rendezv\u00e9ny a \u201eCirkul\u00e1ris modellek prec\u00edzi\u00f3s rendszer-t\u00e1mogat\u00e1sa tejtermel\u0151 gazdas\u00e1gokban\u201d c\u00edm\u0171 VP3 p\u00e1ly\u00e1zat t\u00e1mogat\u00e1s\u00e1val val\u00f3sul meg.<\/p> <p>Tanulm\u00e1nyi felel\u0151s: B\u00e1lint Ildik\u00f3 (<a class=\"decrypt\" rel=\"t{fnpl\/t{jmwjbAvojwfu\/iv\"><a class=\"decrypt\" rel=\"cbmjou\/jmejlpAvojwfu\/iv\" href=\"javascript:void(0);\">[Kattintson az emailc\u00edmhez]<\/a><\/a>)<\/p> <p>&nbsp;<\/p> <p><strong>\u201eHogyan v\u00e9dekezz\u00fcnk a fert\u0151z\u0151 szarvasmarha betegs\u00e9gek ellen?\u201d szakmai nap 2022.02.18. (p\u00e9ntek)<\/strong><\/p> <p>HELYSZ\u00cdNI r\u00e9szv\u00e9tel<\/p> <p>Hirdet\u00e9s: <a href=\"https:\/\/univet.hu\/wp-content\/uploads\/2021\/12\/Ferto\u030bzo\u030b-szarvasmarha-A4-211210.pdf\">Itt<\/a><\/p> <p>Jelentkez\u00e9si lap: <a href=\"https:\/\/forms.office.com\/Pages\/ResponsePage.aspx?id=cI-IPWq9kUSJE9qdG6_HR6U2mupHfSZPuW1DaX-WBj9UOVIxWlZNRENFSlZXTE9TN0hJV01QSjgxQi4u\">Itt<\/a><\/p> <p>R\u00e9szv\u00e9teli d\u00edj: 19\u00a0000 Ft<\/p> <p><strong>Jelentkez\u00e9si hat\u00e1rid\u0151: 2022. febru\u00e1r 04. (23:59)<br \/> <\/strong><\/p> <p>Kamarai pont: 35 pont<\/p> <p>Tanulm\u00e1nyi felel\u0151s: B\u00e1lint Ildik\u00f3 (<a class=\"decrypt\" rel=\"t{fnpl\/t{jmwjbAvojwfu\/iv\"><a class=\"decrypt\" rel=\"cbmjou\/jmejlpAvojwfu\/iv\" href=\"javascript:void(0);\">[Kattintson az emailc\u00edmhez]<\/a><\/a>)<\/p> <p><img loading=\"lazy\" decoding=\"async\" class=\"\" src=\"https:\/\/univet.hu\/wp-content\/uploads\/2021\/12\/ceva-logo.jpg\" width=\"90\" height=\"85\" \/><\/p> <p class=\"x_MsoNormal\">Bel\u00e9p\u00e9si szab\u00e1lyok az \u00c1llatorvostudom\u00e1nyi Egyetem ter\u00fclet\u00e9re:<\/p> <p class=\"x_MsoNormal\"><a id=\"LPlnk141283\" href=\"https:\/\/univet.hu\/hu\/2021\/11\/11\/belepesi-szabalyok-az-allatorvostudomanyi-egyetem-teruletere\/\" target=\"_blank\" rel=\"noopener noreferrer\" data-auth=\"NotApplicable\" data-linkindex=\"0\">https:\/\/univet.hu\/hu\/2021\/11\/11\/belepesi-szabalyok-az-allatorvostudomanyi-egyetem-teruletere\/<\/a><\/p> <p>&nbsp;<\/p> <p><strong>&#8222;Tr\u00fckk\u00f6s \u00e1llati t\u00fckreink \u2013 \u00c1llatorvosok \u00e9s pszichol\u00f3gusok egy\u00fcttm\u0171k\u00f6d\u00e9snek lehet\u0151s\u00e9gei&#8221; szakmai nap 2022.02.12. (szombat)<\/strong><\/p> <p>HELYSZ\u00cdNI\/ONLINE r\u00e9szv\u00e9tel<\/p> <p>Hirdet\u00e9s: <a href=\"https:\/\/univet.hu\/wp-content\/uploads\/2022\/01\/Tru\u0308kko\u0308s-a\u0301llati-tu\u0308kreink-0212.pdf\">ITT<\/a><\/p> <p>Jelentkez\u00e9si lap: <a href=\"https:\/\/forms.office.com\/Pages\/ResponsePage.aspx?id=cI-IPWq9kUSJE9qdG6_HR6U2mupHfSZPuW1DaX-WBj9UN0xSNzdVSjRHTFRTRVlETVBROTZRMk1BRy4u\">itt<\/a><\/p> <p>R\u00e9szv\u00e9teli d\u00edj: 25.000 Ft<\/p> <p><strong>Jelentkez\u00e9si hat\u00e1rid\u0151: 2022. janu\u00e1r 29.\u00a0 (23:59)<\/strong><\/p> <p class=\"x_MsoNormal\">Kamarai pont: 43 pont<\/p> <p>Tanulm\u00e1nyi felel\u0151s: Szem\u0151k Szilvia (szemok.szilvia<a class=\"decrypt\" rel=\"t{fnpl\/t{jmwjbAvojwfu\/iv\">@univet.hu<\/a>)<\/p> <p>&nbsp;<\/p> <p><strong><span class=\"ITWTqi_23IoOPmK3O6ErT\"><b>\u201c<\/b><\/span>V\u00e1logatott fejezetek a klinikai farmakol\u00f3gi\u00e1b\u00f3l a kis\u00e1llatgy\u00f3gy\u00e1szatban<\/strong>&#8221;\u00a0 <strong>2022.01.25.\u00a0 (kedd)<br \/> <\/strong><\/p> <p>HELYSZ\u00cdNI\/ONLINE r\u00e9szv\u00e9tel<\/p> <p>Hirdet\u00e9s: <a href=\"https:\/\/univet.hu\/wp-content\/uploads\/2021\/11\/Farmakolo\u0301gia-A4-211125.pdf\">Itt<\/a><\/p> <p>Jelentkez\u00e9si lap: <a href=\"https:\/\/forms.office.com\/Pages\/ResponsePage.aspx?id=cI-IPWq9kUSJE9qdG6_HR6U2mupHfSZPuW1DaX-WBj9UNFA5NjBQNkpIWkhTWE44M0xDRERUNjlNUS4u\">Itt<\/a><\/p> <p>R\u00e9szv\u00e9teli d\u00edj: 28.000 Ft<\/p> <p>Helysz\u00edni \/ online r\u00e9szv\u00e9tel (MS Teams)<\/p> <p>Helysz\u00edn: \u00c1llatorvostudom\u00e1nyi Egyetem, H. \u00e9p\u00fclet Tolnay S\u00e1ndor el\u0151ad\u00f3 terem<\/p> <p><strong>Jelentkez\u00e9si hat\u00e1rid\u0151: 2022. janu\u00e1r 11.\u00a0 (23:59)<\/strong><\/p> <p>Kamarai pont: 53 pont\u00a0 (KIEMELT RENDEZV\u00c9NY)<\/p> <p>Tanulm\u00e1nyi felel\u0151s: B\u00e1lint Ildik\u00f3 (<a class=\"decrypt\" rel=\"t{fnpl\/t{jmwjbAvojwfu\/iv\"><a class=\"decrypt\" rel=\"cbmjou\/jmejlpAvojwfu\/iv\" href=\"javascript:void(0);\">[Kattintson az emailc\u00edmhez]<\/a><\/a>)<\/p> <p>&nbsp;<\/p> <p><strong><span class=\"ITWTqi_23IoOPmK3O6ErT\"><b><img loading=\"lazy\" decoding=\"async\" class=\"alignnone wp-image-70205\" src=\"https:\/\/univet.hu\/wp-content\/uploads\/2021\/12\/Zoetis_c-320x121.jpg\" alt=\"\" width=\"111\" height=\"42\" \/><\/b><\/span><\/strong>\u00a0\u00a0\u00a0\u00a0\u00a0\u00a0\u00a0 <img loading=\"lazy\" decoding=\"async\" class=\"alignnone wp-image-70155\" src=\"https:\/\/univet.hu\/wp-content\/uploads\/2021\/12\/tolnagro-320x112.png\" alt=\"\" width=\"160\" height=\"56\" srcset=\"https:\/\/univet.hu\/wp-content\/uploads\/2021\/12\/tolnagro-320x112.png 320w, https:\/\/univet.hu\/wp-content\/uploads\/2021\/12\/tolnagro.png 461w\" sizes=\"auto, (max-width: 160px) 100vw, 160px\" \/><\/p>","protected":false},"excerpt":{"rendered":"<p>&nbsp; &nbsp; \u201eA tudom\u00e1nyos halad\u00e1s mor\u00e1lis \u00fatveszt\u0151i\u201d szakmai nap 2022. november 11. HELYSZ\u00cdNI\/ONLINE r\u00e9szv\u00e9tel Hirdet\u00e9s: Itt Jelentkez\u00e9si lap: Itt Jelentkez\u00e9si hat\u00e1rid\u0151: 2022. okt\u00f3ber 28. (23:59) Kamarai pont:\u00a036 pont &nbsp; &#8222;Ny\u00edlt tudom\u00e1ny a gyakorlatban&#8221; workshop HELYSZ\u00cdNI\/ONLINE r\u00e9szv\u00e9tel Hirdet\u00e9s:\u00a0ITT Jelentkez\u00e9s: ITT Jelentkez\u00e9si hat\u00e1rid\u0151: 2022. november 15. (kedd) Kamarai pont: 40 pont A r\u00e9szv\u00e9tel ingyenes, de el\u0151zetes regisztr\u00e1ci\u00f3hoz<\/p>\n","protected":false},"author":2518,"featured_media":0,"parent":680,"menu_order":233,"comment_status":"open","ping_status":"open","template":"","meta":{"_acf_changed":false,"footnotes":""},"categories":[],"tags":[],"class_list":["post-69267","page","type-page","status-publish","hentry"],"acf":[],"_links":{"self":[{"href":"https:\/\/univet.hu\/hu\/wp-json\/wp\/v2\/pages\/69267","targetHints":{"allow":["GET"]}}],"collection":[{"href":"https:\/\/univet.hu\/hu\/wp-json\/wp\/v2\/pages"}],"about":[{"href":"https:\/\/univet.hu\/hu\/wp-json\/wp\/v2\/types\/page"}],"author":[{"embeddable":true,"href":"https:\/\/univet.hu\/hu\/wp-json\/wp\/v2\/users\/2518"}],"replies":[{"embeddable":true,"href":"https:\/\/univet.hu\/hu\/wp-json\/wp\/v2\/comments?post=69267"}],"version-history":[{"count":0,"href":"https:\/\/univet.hu\/hu\/wp-json\/wp\/v2\/pages\/69267\/revisions"}],"up":[{"embeddable":true,"href":"https:\/\/univet.hu\/hu\/wp-json\/wp\/v2\/pages\/680"}],"wp:attachment":[{"href":"https:\/\/univet.hu\/hu\/wp-json\/wp\/v2\/media?parent=69267"}],"wp:term":[{"taxonomy":"category","embeddable":true,"href":"https:\/\/univet.hu\/hu\/wp-json\/wp\/v2\/categories?post=69267"},{"taxonomy":"post_tag","embeddable":true,"href":"https:\/\/univet.hu\/hu\/wp-json\/wp\/v2\/tags?post=69267"}],"curies":[{"name":"wp","href":"https:\/\/api.w.org\/{rel}","templated":true}]}}