{"id":69570,"date":"2021-11-18T15:42:09","date_gmt":"2021-11-18T14:42:09","guid":{"rendered":"https:\/\/univet.hu\/?page_id=69570"},"modified":"2024-10-17T14:37:53","modified_gmt":"2024-10-17T12:37:53","slug":"napkelet-allatorvosi-rendelo","status":"publish","type":"page","link":"https:\/\/univet.hu\/hu\/oktatas\/tanulmanyi-osztaly\/allasajanlatok\/napkelet-allatorvosi-rendelo\/","title":{"rendered":"Napkelet \u00c1llatorvosi Rendel\u0151"},"content":{"rendered":"<p>2024.10.17<\/p> <p><a href=\"https:\/\/univet.hu\/wp-content\/uploads\/2024\/10\/Napkelet-\u00e1ll\u00e1s.pdf\">\u00c1llatorvos<\/a><\/p> <p>2024.04.25<\/p> <p><a href=\"https:\/\/univet.hu\/wp-content\/uploads\/2024\/04\/Napkelet-\u00e1ll\u00e1s.docx\">\u00c1llatorvos<\/a><\/p> <p>2023.08.24<\/p> <p><a href=\"https:\/\/univet.hu\/wp-content\/uploads\/2023\/08\/Napkelet-\u00c1llatorvosi-Rendel\u0151be-\u00e1llatorvost-keres\u00fcnk.pdf\">\u00c1llatorvos<\/a><\/p> <p>2021.11.18<\/p> <p><a href=\"https:\/\/univet.hu\/wp-content\/uploads\/2021\/11\/\u00c1llatorvosi-\u00e1ll\u00e1s.pdf\">\u00c1llatorvos<\/a><\/p>","protected":false},"excerpt":{"rendered":"<p>2024.10.17 \u00c1llatorvos 2024.04.25 \u00c1llatorvos 2023.08.24 \u00c1llatorvos 2021.11.18 \u00c1llatorvos<\/p>\n","protected":false},"author":2961,"featured_media":0,"parent":26415,"menu_order":112,"comment_status":"closed","ping_status":"closed","template":"","meta":{"_acf_changed":false,"footnotes":""},"categories":[],"tags":[],"class_list":["post-69570","page","type-page","status-publish","hentry"],"acf":[],"_links":{"self":[{"href":"https:\/\/univet.hu\/hu\/wp-json\/wp\/v2\/pages\/69570","targetHints":{"allow":["GET"]}}],"collection":[{"href":"https:\/\/univet.hu\/hu\/wp-json\/wp\/v2\/pages"}],"about":[{"href":"https:\/\/univet.hu\/hu\/wp-json\/wp\/v2\/types\/page"}],"author":[{"embeddable":true,"href":"https:\/\/univet.hu\/hu\/wp-json\/wp\/v2\/users\/2961"}],"replies":[{"embeddable":true,"href":"https:\/\/univet.hu\/hu\/wp-json\/wp\/v2\/comments?post=69570"}],"version-history":[{"count":0,"href":"https:\/\/univet.hu\/hu\/wp-json\/wp\/v2\/pages\/69570\/revisions"}],"up":[{"embeddable":true,"href":"https:\/\/univet.hu\/hu\/wp-json\/wp\/v2\/pages\/26415"}],"wp:attachment":[{"href":"https:\/\/univet.hu\/hu\/wp-json\/wp\/v2\/media?parent=69570"}],"wp:term":[{"taxonomy":"category","embeddable":true,"href":"https:\/\/univet.hu\/hu\/wp-json\/wp\/v2\/categories?post=69570"},{"taxonomy":"post_tag","embeddable":true,"href":"https:\/\/univet.hu\/hu\/wp-json\/wp\/v2\/tags?post=69570"}],"curies":[{"name":"wp","href":"https:\/\/api.w.org\/{rel}","templated":true}]}}