{"id":69583,"date":"2021-11-23T13:05:12","date_gmt":"2021-11-23T12:05:12","guid":{"rendered":"https:\/\/univet.hu\/?page_id=69583"},"modified":"2026-03-25T12:09:18","modified_gmt":"2026-03-25T11:09:18","slug":"varga-kristof-attila","status":"publish","type":"page","link":"https:\/\/univet.hu\/hu\/egyetem\/munkatarsak\/varga-kristof-attila\/","title":{"rendered":"Dr. Varga Krist\u00f3f Attila"},"content":{"rendered":"<p><em>Jogi oszt\u00e1ly vezet\u00e9se, jog\u00e1sz koll\u00e9g\u00e1k ir\u00e1ny\u00edt\u00e1sa<\/em><em>, k\u00f6zbeszerz\u00e9sek \u00e9s szerz\u0151d\u00e9sek teljesk\u00f6r\u0171 lebonyol\u00edt\u00e1sa, k\u00f6zigazgat\u00e1si elj\u00e1r\u00e1sokban val\u00f3 k\u00f6zrem\u0171k\u00f6d\u00e9s, panaszkezel\u00e9s, szoci\u00e1lis-jogi t\u00e1mogat\u00e1s, EU-s \u00e9s hazai p\u00e1ly\u00e1zatokkal \u00f6sszef\u00fcgg\u0151 jogi seg\u00edts\u00e9gny\u00fajt\u00e1s, k\u00f6zrem\u0171k\u00f6d\u00e9s<\/em><\/p> <p>Tanulm\u00e1nyok: ELTE \u00c1JK 2021<\/p> <p>PhD Tanulm\u00e1nyok:\u00a0 Neumann J\u00e1nos Egyetem, Gazd\u00e1lkod\u00e1s- \u00e9s Szervez\u00e9studom\u00e1nyok Doktori Iskola (2024- jelenleg)<\/p>","protected":false},"excerpt":{"rendered":"<p>Jogi oszt\u00e1ly vezet\u00e9se, jog\u00e1sz koll\u00e9g\u00e1k ir\u00e1ny\u00edt\u00e1sa, k\u00f6zbeszerz\u00e9sek \u00e9s szerz\u0151d\u00e9sek teljesk\u00f6r\u0171 lebonyol\u00edt\u00e1sa, k\u00f6zigazgat\u00e1si elj\u00e1r\u00e1sokban val\u00f3 k\u00f6zrem\u0171k\u00f6d\u00e9s, panaszkezel\u00e9s, szoci\u00e1lis-jogi t\u00e1mogat\u00e1s, EU-s \u00e9s hazai p\u00e1ly\u00e1zatokkal \u00f6sszef\u00fcgg\u0151 jogi seg\u00edts\u00e9gny\u00fajt\u00e1s, k\u00f6zrem\u0171k\u00f6d\u00e9s Tanulm\u00e1nyok: ELTE \u00c1JK 2021 PhD Tanulm\u00e1nyok:\u00a0 Neumann J\u00e1nos Egyetem, Gazd\u00e1lkod\u00e1s- \u00e9s Szervez\u00e9studom\u00e1nyok Doktori Iskola (2024- jelenleg)<\/p>\n","protected":false},"author":5824,"featured_media":0,"parent":858,"menu_order":37,"comment_status":"closed","ping_status":"closed","template":"","meta":{"_acf_changed":false,"footnotes":""},"categories":[56],"tags":[],"class_list":["post-69583","page","type-page","status-publish","hentry","category-munkatarsak"],"acf":[],"_links":{"self":[{"href":"https:\/\/univet.hu\/hu\/wp-json\/wp\/v2\/pages\/69583","targetHints":{"allow":["GET"]}}],"collection":[{"href":"https:\/\/univet.hu\/hu\/wp-json\/wp\/v2\/pages"}],"about":[{"href":"https:\/\/univet.hu\/hu\/wp-json\/wp\/v2\/types\/page"}],"author":[{"embeddable":true,"href":"https:\/\/univet.hu\/hu\/wp-json\/wp\/v2\/users\/5824"}],"replies":[{"embeddable":true,"href":"https:\/\/univet.hu\/hu\/wp-json\/wp\/v2\/comments?post=69583"}],"version-history":[{"count":5,"href":"https:\/\/univet.hu\/hu\/wp-json\/wp\/v2\/pages\/69583\/revisions"}],"predecessor-version":[{"id":204272,"href":"https:\/\/univet.hu\/hu\/wp-json\/wp\/v2\/pages\/69583\/revisions\/204272"}],"up":[{"embeddable":true,"href":"https:\/\/univet.hu\/hu\/wp-json\/wp\/v2\/pages\/858"}],"wp:attachment":[{"href":"https:\/\/univet.hu\/hu\/wp-json\/wp\/v2\/media?parent=69583"}],"wp:term":[{"taxonomy":"category","embeddable":true,"href":"https:\/\/univet.hu\/hu\/wp-json\/wp\/v2\/categories?post=69583"},{"taxonomy":"post_tag","embeddable":true,"href":"https:\/\/univet.hu\/hu\/wp-json\/wp\/v2\/tags?post=69583"}],"curies":[{"name":"wp","href":"https:\/\/api.w.org\/{rel}","templated":true}]}}