{"id":69817,"date":"2021-11-30T12:09:13","date_gmt":"2021-11-30T11:09:13","guid":{"rendered":"https:\/\/univet.hu\/hu\/oktatas\/kurzusok\/new-course-page-2\/"},"modified":"2025-07-08T09:37:06","modified_gmt":"2025-07-08T07:37:06","slug":"kozgazdasagi-alapismeretek-allatorvos-menedzser-szakallatorvos","status":"publish","type":"page","link":"https:\/\/univet.hu\/hu\/oktatas\/kurzusok\/kozgazdasagi-alapismeretek-allatorvos-menedzser-szakallatorvos\/","title":{"rendered":"K\u00f6zgazdas\u00e1gi alapismeretek (\u00c1llatorvos-menedzser szak\u00e1llatorvos)"},"content":{"rendered":"<p>Posztgradu\u00e1lis k\u00e9pz\u00e9s<\/p> <p>Tant\u00e1rgyfelel\u0151s: Dr. \u00d3zsv\u00e1ri L\u00e1szl\u00f3<\/p> <p>&nbsp;<\/p>","protected":false},"excerpt":{"rendered":"<p>Posztgradu\u00e1lis k\u00e9pz\u00e9s Tant\u00e1rgyfelel\u0151s: Dr. \u00d3zsv\u00e1ri L\u00e1szl\u00f3 &nbsp;<\/p>\n","protected":false},"author":3837,"featured_media":0,"parent":677,"menu_order":0,"comment_status":"open","ping_status":"open","template":"","meta":{"_acf_changed":false,"footnotes":""},"categories":[],"tags":[],"class_list":["post-69817","page","type-page","status-publish","hentry"],"acf":[],"_links":{"self":[{"href":"https:\/\/univet.hu\/hu\/wp-json\/wp\/v2\/pages\/69817","targetHints":{"allow":["GET"]}}],"collection":[{"href":"https:\/\/univet.hu\/hu\/wp-json\/wp\/v2\/pages"}],"about":[{"href":"https:\/\/univet.hu\/hu\/wp-json\/wp\/v2\/types\/page"}],"author":[{"embeddable":true,"href":"https:\/\/univet.hu\/hu\/wp-json\/wp\/v2\/users\/3837"}],"replies":[{"embeddable":true,"href":"https:\/\/univet.hu\/hu\/wp-json\/wp\/v2\/comments?post=69817"}],"version-history":[{"count":1,"href":"https:\/\/univet.hu\/hu\/wp-json\/wp\/v2\/pages\/69817\/revisions"}],"predecessor-version":[{"id":187804,"href":"https:\/\/univet.hu\/hu\/wp-json\/wp\/v2\/pages\/69817\/revisions\/187804"}],"up":[{"embeddable":true,"href":"https:\/\/univet.hu\/hu\/wp-json\/wp\/v2\/pages\/677"}],"wp:attachment":[{"href":"https:\/\/univet.hu\/hu\/wp-json\/wp\/v2\/media?parent=69817"}],"wp:term":[{"taxonomy":"category","embeddable":true,"href":"https:\/\/univet.hu\/hu\/wp-json\/wp\/v2\/categories?post=69817"},{"taxonomy":"post_tag","embeddable":true,"href":"https:\/\/univet.hu\/hu\/wp-json\/wp\/v2\/tags?post=69817"}],"curies":[{"name":"wp","href":"https:\/\/api.w.org\/{rel}","templated":true}]}}