{"id":69844,"date":"2021-11-30T16:45:57","date_gmt":"2021-11-30T15:45:57","guid":{"rendered":"https:\/\/univet.hu\/hu\/oktatas\/kurzusok\/onismeret-es-onmenedzseles-allatorvos-menedzser-szakallatorvos\/"},"modified":"2025-07-08T09:37:33","modified_gmt":"2025-07-08T07:37:33","slug":"onismeret-es-onmenedzseles-allatorvos-menedzser-szakallatorvos","status":"publish","type":"page","link":"https:\/\/univet.hu\/hu\/oktatas\/kurzusok\/onismeret-es-onmenedzseles-allatorvos-menedzser-szakallatorvos\/","title":{"rendered":"\u00d6nismeret \u00e9s \u00f6nmenedzsel\u00e9s (\u00c1llatorvos-menedzser szak\u00e1llatorvos)"},"content":{"rendered":"<p>Posztgradu\u00e1lis k\u00e9pz\u00e9s<\/p> <p>Tant\u00e1rgyfelel\u0151s: Dr. \u00d3zsv\u00e1ri L\u00e1szl\u00f3<\/p>","protected":false},"excerpt":{"rendered":"<p>Posztgradu\u00e1lis k\u00e9pz\u00e9s Tant\u00e1rgyfelel\u0151s: Dr. \u00d3zsv\u00e1ri L\u00e1szl\u00f3<\/p>\n","protected":false},"author":3837,"featured_media":0,"parent":677,"menu_order":0,"comment_status":"open","ping_status":"open","template":"","meta":{"_acf_changed":false,"footnotes":""},"categories":[],"tags":[],"class_list":["post-69844","page","type-page","status-publish","hentry"],"acf":[],"_links":{"self":[{"href":"https:\/\/univet.hu\/hu\/wp-json\/wp\/v2\/pages\/69844","targetHints":{"allow":["GET"]}}],"collection":[{"href":"https:\/\/univet.hu\/hu\/wp-json\/wp\/v2\/pages"}],"about":[{"href":"https:\/\/univet.hu\/hu\/wp-json\/wp\/v2\/types\/page"}],"author":[{"embeddable":true,"href":"https:\/\/univet.hu\/hu\/wp-json\/wp\/v2\/users\/3837"}],"replies":[{"embeddable":true,"href":"https:\/\/univet.hu\/hu\/wp-json\/wp\/v2\/comments?post=69844"}],"version-history":[{"count":1,"href":"https:\/\/univet.hu\/hu\/wp-json\/wp\/v2\/pages\/69844\/revisions"}],"predecessor-version":[{"id":187805,"href":"https:\/\/univet.hu\/hu\/wp-json\/wp\/v2\/pages\/69844\/revisions\/187805"}],"up":[{"embeddable":true,"href":"https:\/\/univet.hu\/hu\/wp-json\/wp\/v2\/pages\/677"}],"wp:attachment":[{"href":"https:\/\/univet.hu\/hu\/wp-json\/wp\/v2\/media?parent=69844"}],"wp:term":[{"taxonomy":"category","embeddable":true,"href":"https:\/\/univet.hu\/hu\/wp-json\/wp\/v2\/categories?post=69844"},{"taxonomy":"post_tag","embeddable":true,"href":"https:\/\/univet.hu\/hu\/wp-json\/wp\/v2\/tags?post=69844"}],"curies":[{"name":"wp","href":"https:\/\/api.w.org\/{rel}","templated":true}]}}