{"id":69867,"date":"2021-12-01T09:22:11","date_gmt":"2021-12-01T08:22:11","guid":{"rendered":"https:\/\/univet.hu\/hu\/oktatas\/kurzusok\/fertozo-betegsegek-megelozesenek-es-lekuzdesenek-igazgatasi-szabalyai-baromfi-egeszsegugyi-szakallatorvos\/"},"modified":"2025-07-08T09:33:25","modified_gmt":"2025-07-08T07:33:25","slug":"fertozo-betegsegek-megelozesenek-es-lekuzdesenek-igazgatasi-szabalyai-baromfi-egeszsegugyi-szakallatorvos","status":"publish","type":"page","link":"https:\/\/univet.hu\/hu\/oktatas\/kurzusok\/fertozo-betegsegek-megelozesenek-es-lekuzdesenek-igazgatasi-szabalyai-baromfi-egeszsegugyi-szakallatorvos\/","title":{"rendered":"Fert\u0151z\u0151 betegs\u00e9gek megel\u0151z\u00e9s\u00e9nek \u00e9s lek\u00fczd\u00e9s\u00e9nek igazgat\u00e1si szab\u00e1lyai (Baromfi-eg\u00e9szs\u00e9g\u00fcgyi szak\u00e1llatorvos)"},"content":{"rendered":"<p>Posztgradu\u00e1lis k\u00e9pz\u00e9s<\/p> <p>Tant\u00e1rgyfelel\u0151s: Dr. \u00d3zsv\u00e1ri L\u00e1szl\u00f3<\/p>","protected":false},"excerpt":{"rendered":"<p>Posztgradu\u00e1lis k\u00e9pz\u00e9s Tant\u00e1rgyfelel\u0151s: Dr. \u00d3zsv\u00e1ri L\u00e1szl\u00f3<\/p>\n","protected":false},"author":3837,"featured_media":0,"parent":677,"menu_order":0,"comment_status":"open","ping_status":"open","template":"","meta":{"_acf_changed":false,"footnotes":""},"categories":[],"tags":[],"class_list":["post-69867","page","type-page","status-publish","hentry"],"acf":[],"_links":{"self":[{"href":"https:\/\/univet.hu\/hu\/wp-json\/wp\/v2\/pages\/69867","targetHints":{"allow":["GET"]}}],"collection":[{"href":"https:\/\/univet.hu\/hu\/wp-json\/wp\/v2\/pages"}],"about":[{"href":"https:\/\/univet.hu\/hu\/wp-json\/wp\/v2\/types\/page"}],"author":[{"embeddable":true,"href":"https:\/\/univet.hu\/hu\/wp-json\/wp\/v2\/users\/3837"}],"replies":[{"embeddable":true,"href":"https:\/\/univet.hu\/hu\/wp-json\/wp\/v2\/comments?post=69867"}],"version-history":[{"count":1,"href":"https:\/\/univet.hu\/hu\/wp-json\/wp\/v2\/pages\/69867\/revisions"}],"predecessor-version":[{"id":187796,"href":"https:\/\/univet.hu\/hu\/wp-json\/wp\/v2\/pages\/69867\/revisions\/187796"}],"up":[{"embeddable":true,"href":"https:\/\/univet.hu\/hu\/wp-json\/wp\/v2\/pages\/677"}],"wp:attachment":[{"href":"https:\/\/univet.hu\/hu\/wp-json\/wp\/v2\/media?parent=69867"}],"wp:term":[{"taxonomy":"category","embeddable":true,"href":"https:\/\/univet.hu\/hu\/wp-json\/wp\/v2\/categories?post=69867"},{"taxonomy":"post_tag","embeddable":true,"href":"https:\/\/univet.hu\/hu\/wp-json\/wp\/v2\/tags?post=69867"}],"curies":[{"name":"wp","href":"https:\/\/api.w.org\/{rel}","templated":true}]}}