{"id":69883,"date":"2021-12-01T10:54:24","date_gmt":"2021-12-01T09:54:24","guid":{"rendered":"https:\/\/univet.hu\/hu\/oktatas\/kurzusok\/allatorvosi-praxis-jogi-kerdesei-kisallatgyogyasz-szakallatorvos\/"},"modified":"2025-07-08T09:32:42","modified_gmt":"2025-07-08T07:32:42","slug":"allatorvosi-praxis-jogi-kerdesei-kisallatgyogyasz-szakallatorvos","status":"publish","type":"page","link":"https:\/\/univet.hu\/hu\/oktatas\/kurzusok\/allatorvosi-praxis-jogi-kerdesei-kisallatgyogyasz-szakallatorvos\/","title":{"rendered":"\u00c1llatorvosi praxis jogi k\u00e9rd\u00e9sei (Kis\u00e1llatgy\u00f3gy\u00e1sz szak\u00e1llatorvos)"},"content":{"rendered":"<p>Posztgradu\u00e1lis k\u00e9pz\u00e9s<\/p> <p>Tant\u00e1rgyfelel\u0151s: Dr. \u00d3zsv\u00e1ri L\u00e1szl\u00f3<\/p>","protected":false},"excerpt":{"rendered":"<p>Posztgradu\u00e1lis k\u00e9pz\u00e9s Tant\u00e1rgyfelel\u0151s: Dr. \u00d3zsv\u00e1ri L\u00e1szl\u00f3<\/p>\n","protected":false},"author":3837,"featured_media":0,"parent":677,"menu_order":0,"comment_status":"open","ping_status":"open","template":"","meta":{"_acf_changed":false,"footnotes":""},"categories":[],"tags":[],"class_list":["post-69883","page","type-page","status-publish","hentry"],"acf":[],"_links":{"self":[{"href":"https:\/\/univet.hu\/hu\/wp-json\/wp\/v2\/pages\/69883","targetHints":{"allow":["GET"]}}],"collection":[{"href":"https:\/\/univet.hu\/hu\/wp-json\/wp\/v2\/pages"}],"about":[{"href":"https:\/\/univet.hu\/hu\/wp-json\/wp\/v2\/types\/page"}],"author":[{"embeddable":true,"href":"https:\/\/univet.hu\/hu\/wp-json\/wp\/v2\/users\/3837"}],"replies":[{"embeddable":true,"href":"https:\/\/univet.hu\/hu\/wp-json\/wp\/v2\/comments?post=69883"}],"version-history":[{"count":1,"href":"https:\/\/univet.hu\/hu\/wp-json\/wp\/v2\/pages\/69883\/revisions"}],"predecessor-version":[{"id":187795,"href":"https:\/\/univet.hu\/hu\/wp-json\/wp\/v2\/pages\/69883\/revisions\/187795"}],"up":[{"embeddable":true,"href":"https:\/\/univet.hu\/hu\/wp-json\/wp\/v2\/pages\/677"}],"wp:attachment":[{"href":"https:\/\/univet.hu\/hu\/wp-json\/wp\/v2\/media?parent=69883"}],"wp:term":[{"taxonomy":"category","embeddable":true,"href":"https:\/\/univet.hu\/hu\/wp-json\/wp\/v2\/categories?post=69883"},{"taxonomy":"post_tag","embeddable":true,"href":"https:\/\/univet.hu\/hu\/wp-json\/wp\/v2\/tags?post=69883"}],"curies":[{"name":"wp","href":"https:\/\/api.w.org\/{rel}","templated":true}]}}