{"id":70095,"date":"2021-12-08T11:45:49","date_gmt":"2021-12-08T10:45:49","guid":{"rendered":"https:\/\/univet.hu\/?page_id=70095"},"modified":"2026-02-10T03:55:38","modified_gmt":"2026-02-10T02:55:38","slug":"loraszko-gabor","status":"publish","type":"page","link":"https:\/\/univet.hu\/hu\/egyetem\/munkatarsak\/loraszko-gabor\/","title":{"rendered":"Lor\u00e1szk\u00f3 G\u00e1bor"},"content":{"rendered":"<p><strong>\u00a0\u00a0\u00a0\u00a0\u00a0\u00a0\u00a0\u00a0\u00a0\u00a0\u00a0\u00a0\u00a0\u00a0\u00a0\u00a0\u00a0\u00a0\u00a0\u00a0\u00a0\u00a0\u00a0\u00a0\u00a0\u00a0\u00a0\u00a0\u00a0\u00a0\u00a0\u00a0\u00a0\u00a0\u00a0\u00a0\u00a0\u00a0\u00a0\u00a0\u00a0\u00a0\u00a0\u00a0\u00a0\u00a0\u00a0\u00a0\u00a0\u00a0\u00a0\u00a0\u00a0\u00a0\u00a0\u00a0\u00a0\u00a0\u00a0\u00a0 \u00a0 \u00a0 \u00a0 \u00a0 \u00a0 \u00a0 \u00a0 \u00a0 \u00a0 \u00a0 \u00a0 \u00a0 \u00a0 \u00a0 \u00a0 \u00a0 \u00a0 \u00a0 \u00a0 \u00a0 \u00a0<span style=\"font-size: 14pt;\"> \u00a0 Bemutatkoz\u00e1s<\/span><\/strong><\/p> <p>M\u00e1sod\u00e9ves hallgat\u00f3k\u00e9nt demonstr\u00e1tork\u00e9nt kezdtem r\u00e9szt venni az anat\u00f3mia oktat\u00e1s\u00e1ban, majd ezt gyakorl\u00f3 \u00e1llatorvosk\u00e9nt is folytattam, ill. folytatom. Rendk\u00edv\u00fcl hasznosnak tartom az elm\u00e9let \u00e9s a praxis ilyen k\u00f6lcs\u00f6nhat\u00e1s\u00e1t a h\u00e9tk\u00f6znapi \u00e1llatorvosi munk\u00e1ban, az igazs\u00e1g\u00fcgyi szak\u00e9rt\u0151i tev\u00e9kenys\u00e9g \u00e9s persze az egyetemi tan\u00edt\u00e1s sor\u00e1n is.<\/p> <p><strong>F\u0151bb kutat\u00e1si ter\u00fcletek:<\/strong><\/p> <ul> <li>igazs\u00e1g\u00fcgyi \u00e1llatorvostan,<\/li> <li>\u00e1llatv\u00e9delem<\/li> <\/ul> <p><strong>El\u0151rehalad\u00e1s<\/strong><\/p> <table style=\"height: 295px;\" width=\"1048\"> <tbody> <tr> <td style=\"width: 96.15px;\"><\/td> <td style=\"width: 625.967px;\"><strong>\u00a0\u00a0\u00a0\u00a0\u00a0\u00a0\u00a0\u00a0\u00a0\u00a0\u00a0\u00a0\u00a0\u00a0\u00a0\u00a0\u00a0\u00a0\u00a0\u00a0\u00a0\u00a0\u00a0\u00a0\u00a0\u00a0\u00a0\u00a0\u00a0\u00a0\u00a0\u00a0\u00a0\u00a0\u00a0\u00a0\u00a0\u00a0\u00a0\u00a0\u00a0\u00a0\u00a0\u00a0\u00a0\u00a0\u00a0\u00a0\u00a0\u00a0\u00a0\u00a0\u00a0\u00a0\u00a0\u00a0\u00a0\u00a0\u00a0 Int\u00e9zm\u00e9ny neve<\/strong><\/td> <td style=\"width: 305.483px;\">\u00a0\u00a0\u00a0\u00a0\u00a0\u00a0<strong>\u00a0 Beoszt\u00e1s<\/strong><\/td> <\/tr> <tr> <td style=\"width: 96.15px;\">2016-<\/td> <td style=\"width: 625.967px;\">\u00c1llatorvostudom\u00e1nyi Egyetem<\/td> <td style=\"width: 305.483px;\"><span class=\"TextRun  BCX8 SCXW192193320\" lang=\"HU-HU\" xml:lang=\"HU-HU\" data-contrast=\"none\"><span class=\"NormalTextRun  BCX8 SCXW192193320\">PhD hallgat\u00f3<\/span><\/span><\/td> <\/tr> <tr> <td style=\"width: 96.15px;\">2015-<\/td> <td style=\"width: 625.967px;\">\u00a0<span class=\"TextRun  BCX8 SCXW3341514\" lang=\"HU-HU\" xml:lang=\"HU-HU\" data-contrast=\"none\"><span class=\"NormalTextRun  BCX8 SCXW3341514\">\u00d3budai Egyetem<\/span><\/span><\/td> <td style=\"width: 305.483px;\">munkav\u00e9delmi szakember<\/td> <\/tr> <tr> <td style=\"width: 96.15px;\">2002-<\/td> <td style=\"width: 625.967px;\">\u00a0\u00c1llatorvostudom\u00e1nyi Egyetem<\/td> <td style=\"width: 305.483px;\">toxikol\u00f3gus<\/td> <\/tr> <tr> <td style=\"width: 96.15px;\">2001-<\/td> <td style=\"width: 625.967px;\">\u00a0<span class=\"TextRun  BCX8 SCXW216596788\" lang=\"HU-HU\" xml:lang=\"HU-HU\" data-contrast=\"none\"><span class=\"NormalTextRun  BCX8 SCXW216596788\">Magyar Igazs\u00e1g\u00fcgyi Szak\u00e9rt\u0151i Kamara<\/span><\/span><\/td> <td style=\"width: 305.483px;\">igazs\u00e1g\u00fcgyi szak\u00e9rt\u0151<\/td> <\/tr> <tr> <td style=\"width: 96.15px;\">2000-<\/td> <td style=\"width: 625.967px;\">\u00a0\u00c1llatorvostudom\u00e1nyi Egyetem<\/td> <td style=\"width: 305.483px;\">\u00a0kis\u00e1llat-gy\u00f3gy\u00e1sz szak\u00e1llatorvos<\/td> <\/tr> <tr> <td style=\"width: 96.15px;\">1990-<\/td> <td style=\"width: 625.967px;\">\u00a0\u00c1llatorvostudom\u00e1nyi Egyetem<\/td> <td style=\"width: 305.483px;\">\u00e1llatorvos doktor<\/td> <\/tr> <\/tbody> <\/table> <p><strong>Szakmai szervezeti tags\u00e1g<\/strong><\/p> <table style=\"height: 222px;\" width=\"993\"> <tbody> <tr> <td style=\"width: 602.367px;\">\u00a0\u00a0 <strong>Bizotts\u00e1g neve<\/strong><\/td> <td style=\"width: 201.133px;\">\u00a0\u00a0\u00a0 <strong>Id\u0151<\/strong><\/td> <td style=\"width: 169.1px;\">\u00a0\u00a0\u00a0\u00a0\u00a0 <strong>Tiszts\u00e9g<\/strong><\/td> <\/tr> <tr> <td style=\"width: 602.367px;\">Magyar \u00c1llatorvosi Kamara<\/td> <td style=\"width: 201.133px;\">1996<\/td> <td style=\"width: 169.1px;\">\u00a0megyei eln\u00f6k<\/td> <\/tr> <tr> <td style=\"width: 602.367px;\">Magyar Kis\u00e1llatortop\u00e9diai Egyes\u00fclet<\/td> <td style=\"width: 201.133px;\">2000<\/td> <td style=\"width: 169.1px;\">\u00a0tag<\/td> <\/tr> <tr> <td style=\"width: 602.367px;\">Magyar Igazs\u00e1g\u00fcgyi Szak\u00e9rt\u0151i Kamara<\/td> <td style=\"width: 201.133px;\">2001<\/td> <td style=\"width: 169.1px;\">\u00a0tag<\/td> <\/tr> <\/tbody> <\/table> <p><strong>Eddigi szakdolgozat\/TDK hallgat\u00f3k sz\u00e1ma:<\/strong> 2<\/p> <p><strong>Publik\u00e1ci\u00f3s lista (Top10)<\/strong><\/p> <table style=\"height: 569px;\" width=\"1003\"> <tbody> <tr> <td style=\"width: 62.25px;\">1.<\/td> <td style=\"width: 925.95px;\"> <p>Lor\u00e1szk\u00f3, G\u00e1bor ; R\u00e1cz, Bence ; Gerencs\u00e9r, Ferenc ; \u00d3zsv\u00e1ri, L\u00e1szl\u00f3<\/p> <p>B\u00edr\u00f3s\u00e1gok tapasztalatai az \u00e1llatk\u00ednz\u00e1s v\u00e1dj\u00e1val indult elj\u00e1r\u00e1sok sor\u00e1n Magyarorsz\u00e1gon<\/p> <p>MAGYAR \u00c1LLATORVOSOK LAPJA 143 : 9 pp. 569-576. , 8 p. (2021)<\/td> <\/tr> <tr> <td style=\"width: 62.25px;\">2.<\/td> <td style=\"width: 925.95px;\"> <p>Lor\u00e1szk\u00f3, G\u00e1bor ; R\u00e1cz, Bence ; Gerencs\u00e9r, Ferenc ; \u00d3zsv\u00e1ri, L\u00e1szl\u00f3<\/p> <p>Az \u00fcgy\u00e9szs\u00e9g tapasztalatai az \u00e1llatk\u00ednz\u00e1s v\u00e1dj\u00e1val indult b\u00edr\u00f3s\u00e1gi elj\u00e1r\u00e1sok sor\u00e1n Magyarorsz\u00e1gon<\/p> <p>MAGYAR \u00c1LLATORVOSOK LAPJA 143 : 3 pp. 165-172. , 8 p. (2021)<\/td> <\/tr> <tr> <td style=\"width: 62.25px;\">3.<\/td> <td style=\"width: 925.95px;\"> <p>Kiss, Annam\u00e1ria ; Lor\u00e1szk\u00f3, G\u00e1bor ; Fodor, Kinga<\/p> <p>Az \u00e1llatv\u00e9delem t\u00e1rsadalmi, jogi \u00e9s k\u00f6zeg\u00e9szs\u00e9g\u00fcgyi vonatkoz\u00e1sai<\/p> <p>MAGYAR \u00c1LLATORVOSOK LAPJA 142 : 10 pp. 619-624. , 6 p. (2020)<\/p> <p>&nbsp;<\/td> <\/tr> <\/tbody> <\/table> <p>&nbsp;<\/p> <p>&nbsp;<\/p> <p>&nbsp;<\/p>","protected":false},"excerpt":{"rendered":"<p>\u00a0\u00a0\u00a0\u00a0\u00a0\u00a0\u00a0\u00a0\u00a0\u00a0\u00a0\u00a0\u00a0\u00a0\u00a0\u00a0\u00a0\u00a0\u00a0\u00a0\u00a0\u00a0\u00a0\u00a0\u00a0\u00a0\u00a0\u00a0\u00a0\u00a0\u00a0\u00a0\u00a0\u00a0\u00a0\u00a0\u00a0\u00a0\u00a0\u00a0\u00a0\u00a0\u00a0\u00a0\u00a0\u00a0\u00a0\u00a0\u00a0\u00a0\u00a0\u00a0\u00a0\u00a0\u00a0\u00a0\u00a0\u00a0\u00a0\u00a0 \u00a0 \u00a0 \u00a0 \u00a0 \u00a0 \u00a0 \u00a0 \u00a0 \u00a0 \u00a0 \u00a0 \u00a0 \u00a0 \u00a0 \u00a0 \u00a0 \u00a0 \u00a0 \u00a0 \u00a0 \u00a0 \u00a0 Bemutatkoz\u00e1s M\u00e1sod\u00e9ves hallgat\u00f3k\u00e9nt demonstr\u00e1tork\u00e9nt kezdtem r\u00e9szt venni az anat\u00f3mia oktat\u00e1s\u00e1ban, majd ezt gyakorl\u00f3 \u00e1llatorvosk\u00e9nt is folytattam, ill. folytatom. Rendk\u00edv\u00fcl hasznosnak tartom az elm\u00e9let \u00e9s a praxis ilyen k\u00f6lcs\u00f6nhat\u00e1s\u00e1t a h\u00e9tk\u00f6znapi \u00e1llatorvosi munk\u00e1ban,<\/p>\n","protected":false},"author":5824,"featured_media":0,"parent":858,"menu_order":0,"comment_status":"closed","ping_status":"closed","template":"","meta":{"_acf_changed":false,"footnotes":""},"categories":[56],"tags":[],"class_list":["post-70095","page","type-page","status-publish","hentry","category-munkatarsak"],"acf":[],"_links":{"self":[{"href":"https:\/\/univet.hu\/hu\/wp-json\/wp\/v2\/pages\/70095","targetHints":{"allow":["GET"]}}],"collection":[{"href":"https:\/\/univet.hu\/hu\/wp-json\/wp\/v2\/pages"}],"about":[{"href":"https:\/\/univet.hu\/hu\/wp-json\/wp\/v2\/types\/page"}],"author":[{"embeddable":true,"href":"https:\/\/univet.hu\/hu\/wp-json\/wp\/v2\/users\/5824"}],"replies":[{"embeddable":true,"href":"https:\/\/univet.hu\/hu\/wp-json\/wp\/v2\/comments?post=70095"}],"version-history":[{"count":1,"href":"https:\/\/univet.hu\/hu\/wp-json\/wp\/v2\/pages\/70095\/revisions"}],"predecessor-version":[{"id":199331,"href":"https:\/\/univet.hu\/hu\/wp-json\/wp\/v2\/pages\/70095\/revisions\/199331"}],"up":[{"embeddable":true,"href":"https:\/\/univet.hu\/hu\/wp-json\/wp\/v2\/pages\/858"}],"wp:attachment":[{"href":"https:\/\/univet.hu\/hu\/wp-json\/wp\/v2\/media?parent=70095"}],"wp:term":[{"taxonomy":"category","embeddable":true,"href":"https:\/\/univet.hu\/hu\/wp-json\/wp\/v2\/categories?post=70095"},{"taxonomy":"post_tag","embeddable":true,"href":"https:\/\/univet.hu\/hu\/wp-json\/wp\/v2\/tags?post=70095"}],"curies":[{"name":"wp","href":"https:\/\/api.w.org\/{rel}","templated":true}]}}