{"id":70221,"date":"2021-12-13T09:40:29","date_gmt":"2021-12-13T08:40:29","guid":{"rendered":"https:\/\/univet.hu\/?page_id=70221"},"modified":"2026-03-18T15:04:16","modified_gmt":"2026-03-18T14:04:16","slug":"szeredi-levente","status":"publish","type":"page","link":"https:\/\/univet.hu\/hu\/egyetem\/munkatarsak\/szeredi-levente\/","title":{"rendered":"Szeredi Levente"},"content":{"rendered":"<p style=\"text-align: center\"><strong>\u00a0\u00a0\u00a0\u00a0\u00a0\u00a0\u00a0\u00a0\u00a0\u00a0\u00a0\u00a0\u00a0\u00a0\u00a0\u00a0\u00a0\u00a0\u00a0\u00a0\u00a0\u00a0\u00a0 Bemutatkoz\u00e1s<\/strong><\/p> <p>1990-ben szereztem \u00e1llatorvosi diplom\u00e1t a budapesti \u00c1llatorvostudom\u00e1nyi Egyetemen, majd 2003-ban ugyanitt a \u201eFert\u0151z\u0151 eredet\u0171 szaporod\u00e1si zavarok \u00e9s vet\u00e9l\u00e9sek vizsg\u00e1lata kanc\u00e1kban.\u201d c\u00edm\u0171 dolgozatommal a PhD fokozatot. 1990 \u00e9s 1997 k\u00f6z\u00f6tt az \u00c1OTE K\u00f3rbonctani Tansz\u00e9k\u00e9n mint tan\u00e1rseg\u00e9d, majd 1997 \u00e9s 2021 k\u00f6z\u00f6tt a N\u00c9BIH \u00c1DI (kor\u00e1bban Orsz\u00e1gos \u00c1llateg\u00e9szs\u00e9g\u00fcgyi Int\u00e9zet) Eml\u0151s-, Vad- \u00e9s Baromfibetegs\u00e9gek Laborat\u00f3rium\u00e1ban mint laborat\u00f3riumi \u00e1llatorvos dolgoztam. 2021-t\u0151l az \u00c1TE J\u00e1rv\u00e1nytani \u00e9s Mikrobiol\u00f3giai Tansz\u00e9k\u00e9n helyezkedtem el. Hazai \u00e9s k\u00fclf\u00f6ldi kutat\u00f3kkal kialak\u00edtott munkakapcsolatoknak is k\u00f6sz\u00f6nhet\u0151en sz\u00e1mos k\u00fclf\u00f6ldi patol\u00f3giai laborat\u00f3riumban dolgozhattam hosszabb-r\u00f6videbb ideig (N\u00e9metorsz\u00e1g, Sv\u00e1jc, Hollandia, \u00c9szak-\u00cdrorsz\u00e1g). Rendszeres el\u0151ad\u00f3ja vagyok az \u00c1TE gradu\u00e1lis \u00e9s posztgradu\u00e1lis k\u00e9pz\u00e9seinek, valamint k\u00fcl\u00f6nb\u00f6z\u0151 hazai \u00e9s nemzetk\u00f6zi kongresszusnak.<\/p> <p><strong>F\u0151bb kutat\u00e1si ter\u00fcletek:<\/strong><\/p> <ul> <li>\u00c1llati chlamydiosisok \u00e9s mycoplasmosisok,<\/li> <li>H\u00e1zi \u00e9s vadon \u00e9l\u0151 \u00e1llatok fert\u0151z\u0151 eredet\u0171 betegs\u00e9gei<\/li> <\/ul> <p><strong>Publik\u00e1ci\u00f3s lista (Top10)<\/strong><\/p> <p>MTMT:\u00a0 <a href=\"https:\/\/m2.mtmt.hu\/gui2\/?type=authors&amp;mode=browse&amp;sel=10012006&amp;view=pubTable\">https:\/\/m2.mtmt.hu\/gui2\/?type=authors&amp;mode=browse&amp;sel=10012006&amp;view=pubTable<\/a><\/p> <p>&nbsp;<\/p> <table style=\"height: 278px\" width=\"982\"> <tbody> <tr style=\"height: 26px\"> <td style=\"width: 41.05px;height: 26px;text-align: center\">1.<\/td> <td style=\"width: 926.15px;height: 26px;text-align: center\">Szeredi, L., Schiller, I., Sydler, T., Guscetti, F., Heinen, E., Corboz, L., Eggenberger, E., Jons, G. E., Pospischil, A.: Intestinal <em>Chlamydia<\/em> in finishing pigs. <em> Pathol<\/em>., 1996., 33:369-374.<\/td> <\/tr> <tr style=\"height: 27px\"> <td style=\"width: 41.05px;height: 27px;text-align: center\">2.<\/td> <td style=\"width: 926.15px;height: 27px;text-align: center\">Szeredi, L., Bacsadi, \u00c1.: Detection of <em>Chlamydophila <\/em>(<em>Chlamydia<\/em>) <em>abortus<\/em> and <em>Toxoplasma<\/em> <em>gondii <\/em>in smears from cases of ovine and caprine abortion by the streptavidin-biotin method. <em> Comp. Path<\/em>., 2002, 127:257-263.<\/td> <\/tr> <tr style=\"height: 26px\"> <td style=\"width: 41.05px;height: 26px;text-align: center\">3.<\/td> <td style=\"width: 926.15px;height: 26px;text-align: center\">Szeredi, L., Tenk, M., Schiller, I., R\u00e9v\u00e9sz, T.: Study of the role of <em>Chlamydia<\/em>, <em>Mycoplasma<\/em>, <em>Ureaplasma<\/em> and other microaerophilic and aerobic bacteria in uterine infections of mares with reproductive disorders. <em>Acta Vet. Hung<\/em>., 2003., 51:45-52.<\/td> <\/tr> <tr style=\"height: 26px\"> <td style=\"width: 41.05px;height: 26px;text-align: center\">4.<\/td> <td style=\"width: 926.15px;height: 26px;text-align: center\">szeredi, l., tenk, m., d\u00e1n, \u00e1.: Infection of two goatherds with <em>Mycoplasma my<\/em>coides subsp. <em>capri<\/em> in Hungary, evidence of a possible faecal excretion. <em> Vet. Med. B<\/em>, 2003., 50:172-177.<\/td> <\/tr> <tr style=\"height: 26px\"> <td style=\"width: 41.05px;height: 26px;text-align: center\">5.<\/td> <td style=\"width: 926.15px;height: 26px;text-align: center\">szeredi, l., Aupperle, h., steiger, k.: Detection of equine herpesvirus-1 in the fetal membranes of aborted equine fetuses by immunohistochemical and in-situ hybridisation techniques. <em> Comp. <\/em><em>Pathol.<\/em>, 2003., 129:147-153.<\/td> <\/tr> <tr style=\"height: 26px\"> <td style=\"width: 41.05px;height: 26px;text-align: center\">6.<\/td> <td style=\"width: 926.15px;height: 26px;text-align: center\">szeredi, L., hotzel, h., sachse, k.: High prevalence of chlamydial (<em>Chlamydophila psittaci<\/em>) infection in fetal membranes of aborted equine fetuses. <em>Veterinary Research Communications, <\/em>29(Suppl.1) 2005., 37-49.<\/td> <\/tr> <tr style=\"height: 26px\"> <td style=\"width: 41.05px;height: 26px;text-align: center\">7.<\/td> <td style=\"width: 926.15px;height: 26px;text-align: center\">Szeredi, l., Horny\u00e1k, \u00e1., P\u00e1lfi, v., Moln\u00e1r, t., Gl\u00e1vits, r., D\u00e9nes, b.: Study on the epidemiology of equine arteritis virus infection with different diagnostic techniques by investigating 96 cases of equine abortion in Hungary. <em> Microbiol., <\/em>2005., 108:235-242.<\/td> <\/tr> <tr style=\"height: 26px\"> <td style=\"width: 41.05px;height: 26px;text-align: center\">8.<\/td> <td style=\"width: 926.15px;height: 26px;text-align: center\">Nemes, r. gl\u00e1vits, M. Dobos-kov\u00e1cs, \u00e9. ivanics, \u00e9. kaszanyitzky, a. beregsz\u00e1szi, l. szeredi, l. dencs\u0151.: Typhlocolitis associated with spirochaetes in goose flocks. <em>Avian Pathology<\/em>, 2006., 35:4-11.<\/td> <\/tr> <tr style=\"height: 43px\"> <td style=\"width: 41.05px;height: 43px;text-align: center\">9.<\/td> <td style=\"width: 926.15px;height: 43px;text-align: center\">K\u00e1roly Erd\u00e9lyi, Krisztina Ursu, Em\u0151ke Ferenczi, Levente Szeredi, Ferenc R\u00e1tz, J\u00f3zsef Sk\u00e1re and Tam\u00e1s Bakonyi: Clinical and pathologic features of lineage 2 West Nile Virus Infections in birds of prey in Hungary. <em>Vector-Borne and Zoonotic Diseases<\/em>, 2007., 7:181-188.<\/td> <\/tr> <tr style=\"height: 26px\"> <td style=\"width: 41.05px;height: 26px;text-align: center\">10.<\/td> <td style=\"width: 926.15px;height: 26px;text-align: center\"> <p>Levente Szeredi, \u00c1d\u00e1m D\u00e1n, Nimr\u00f3d P\u00e1lmai, Krisztina Ursu, \u00c1d\u00e1m B\u00e1lint, Zs\u00f3fia Szeleczky, \u00c9va Ivanics, K\u00e1roly Erd\u00e9lyi, D\u00f3ra Rig\u00f3, Lajos Tekes and R\u00f3bert Gl\u00e1vits: Tissue tropism of H5N1 highly pathogenic avian influenza virus in naturally infected mute swans (<em>Cygnus olor<\/em>), domestic geese (<em>Anser anser var. domestica<\/em>), Pekin ducks (<em>Anas platyrhynchos<\/em>) and mulard ducks (<em>Cairina moschata x Anas platyrhynchos<\/em>). <em>Acta Vet. Hung<\/em>.,, 58:133-145.<\/p> <p>&nbsp;<\/td> <\/tr> <\/tbody> <\/table> <p>&nbsp;<\/p> <p>&nbsp;<\/p> <p>&nbsp;<\/p>","protected":false},"excerpt":{"rendered":"<p>\u00a0\u00a0\u00a0\u00a0\u00a0\u00a0\u00a0\u00a0\u00a0\u00a0\u00a0\u00a0\u00a0\u00a0\u00a0\u00a0\u00a0\u00a0\u00a0\u00a0\u00a0\u00a0\u00a0 Bemutatkoz\u00e1s 1990-ben szereztem \u00e1llatorvosi diplom\u00e1t a budapesti \u00c1llatorvostudom\u00e1nyi Egyetemen, majd 2003-ban ugyanitt a \u201eFert\u0151z\u0151 eredet\u0171 szaporod\u00e1si zavarok \u00e9s vet\u00e9l\u00e9sek vizsg\u00e1lata kanc\u00e1kban.\u201d c\u00edm\u0171 dolgozatommal a PhD fokozatot. 1990 \u00e9s 1997 k\u00f6z\u00f6tt az \u00c1OTE K\u00f3rbonctani Tansz\u00e9k\u00e9n mint tan\u00e1rseg\u00e9d, majd 1997 \u00e9s 2021 k\u00f6z\u00f6tt a N\u00c9BIH \u00c1DI (kor\u00e1bban Orsz\u00e1gos \u00c1llateg\u00e9szs\u00e9g\u00fcgyi Int\u00e9zet) Eml\u0151s-, Vad- \u00e9s Baromfibetegs\u00e9gek Laborat\u00f3rium\u00e1ban mint<\/p>\n","protected":false},"author":5824,"featured_media":0,"parent":858,"menu_order":0,"comment_status":"closed","ping_status":"closed","template":"","meta":{"_acf_changed":false,"footnotes":""},"categories":[56],"tags":[],"class_list":["post-70221","page","type-page","status-publish","hentry","category-munkatarsak"],"acf":[],"_links":{"self":[{"href":"https:\/\/univet.hu\/hu\/wp-json\/wp\/v2\/pages\/70221","targetHints":{"allow":["GET"]}}],"collection":[{"href":"https:\/\/univet.hu\/hu\/wp-json\/wp\/v2\/pages"}],"about":[{"href":"https:\/\/univet.hu\/hu\/wp-json\/wp\/v2\/types\/page"}],"author":[{"embeddable":true,"href":"https:\/\/univet.hu\/hu\/wp-json\/wp\/v2\/users\/5824"}],"replies":[{"embeddable":true,"href":"https:\/\/univet.hu\/hu\/wp-json\/wp\/v2\/comments?post=70221"}],"version-history":[{"count":2,"href":"https:\/\/univet.hu\/hu\/wp-json\/wp\/v2\/pages\/70221\/revisions"}],"predecessor-version":[{"id":203218,"href":"https:\/\/univet.hu\/hu\/wp-json\/wp\/v2\/pages\/70221\/revisions\/203218"}],"up":[{"embeddable":true,"href":"https:\/\/univet.hu\/hu\/wp-json\/wp\/v2\/pages\/858"}],"wp:attachment":[{"href":"https:\/\/univet.hu\/hu\/wp-json\/wp\/v2\/media?parent=70221"}],"wp:term":[{"taxonomy":"category","embeddable":true,"href":"https:\/\/univet.hu\/hu\/wp-json\/wp\/v2\/categories?post=70221"},{"taxonomy":"post_tag","embeddable":true,"href":"https:\/\/univet.hu\/hu\/wp-json\/wp\/v2\/tags?post=70221"}],"curies":[{"name":"wp","href":"https:\/\/api.w.org\/{rel}","templated":true}]}}