{"id":70411,"date":"2021-12-16T14:38:01","date_gmt":"2021-12-16T13:38:01","guid":{"rendered":"https:\/\/univet.hu\/hu\/oktatas\/kurzusok\/hallgatoilecke\/"},"modified":"2025-03-11T13:12:40","modified_gmt":"2025-03-11T12:12:40","slug":"elettan-hallgatoi-lecke","status":"publish","type":"page","link":"https:\/\/univet.hu\/hu\/oktatas\/kurzusok\/elettan-hallgatoi-lecke\/","title":{"rendered":"\u00c9lettan hallgat\u00f3i lecke"},"content":{"rendered":"<p>Az \u00e9lettan I \u00f6sszpontsz\u00e1ma alapj\u00e1n a hallgat\u00f3k \u00f6nk\u00e9ntes alapon hallgat\u00f3i leck\u00e9t dolgozhat ki. A Hallgat\u00f3i Leck\u00e9t a tansz\u00e9ki <a href=\"http:\/\/www.wiki.vetphysiol.hu\/\">wikiwikiweben<\/a> kell l\u00e9trehozni. A Hallgat\u00f3i Leck\u00e9k kidolgoz\u00e1s\u00e1n kereszt\u00fcl a hallgat\u00f3k belel\u00e1thatnak a tudom\u00e1nyos ismeretszerz\u00e9s vil\u00e1g\u00e1ba, megtanulhatj\u00e1k, hogyan lehet k\u00f6nyvt\u00e1r \u00e9s internet seg\u00edts\u00e9g\u00e9vel szakirodalmat gy\u0171jteni. A wikioldalt tudom\u00e1nyos k\u00f6zlem\u00e9nyek alapj\u00e1n, egy t\u00e9mavezet\u0151 seg\u00edts\u00e9g\u00e9vel kell elk\u00e9sz\u00edteni.<\/p> <p>Tov\u00e1bbi r\u00e9szletek a kurzus e-learning fel\u00fclet\u00e9n olvashat\u00f3k!<\/p>","protected":false},"excerpt":{"rendered":"<p>Az \u00e9lettan I \u00f6sszpontsz\u00e1ma alapj\u00e1n a hallgat\u00f3k \u00f6nk\u00e9ntes alapon hallgat\u00f3i leck\u00e9t dolgozhat ki. A Hallgat\u00f3i Leck\u00e9t a tansz\u00e9ki wikiwikiweben kell l\u00e9trehozni. A Hallgat\u00f3i Leck\u00e9k kidolgoz\u00e1s\u00e1n kereszt\u00fcl a hallgat\u00f3k belel\u00e1thatnak a tudom\u00e1nyos ismeretszerz\u00e9s vil\u00e1g\u00e1ba, megtanulhatj\u00e1k, hogyan lehet k\u00f6nyvt\u00e1r \u00e9s internet seg\u00edts\u00e9g\u00e9vel szakirodalmat gy\u0171jteni. A wikioldalt tudom\u00e1nyos k\u00f6zlem\u00e9nyek alapj\u00e1n, egy t\u00e9mavezet\u0151 seg\u00edts\u00e9g\u00e9vel kell elk\u00e9sz\u00edteni. Tov\u00e1bbi r\u00e9szletek a<\/p>\n","protected":false},"author":3837,"featured_media":0,"parent":677,"menu_order":0,"comment_status":"open","ping_status":"open","template":"","meta":{"_acf_changed":false,"footnotes":""},"categories":[],"tags":[],"class_list":["post-70411","page","type-page","status-publish","hentry"],"acf":[],"_links":{"self":[{"href":"https:\/\/univet.hu\/hu\/wp-json\/wp\/v2\/pages\/70411","targetHints":{"allow":["GET"]}}],"collection":[{"href":"https:\/\/univet.hu\/hu\/wp-json\/wp\/v2\/pages"}],"about":[{"href":"https:\/\/univet.hu\/hu\/wp-json\/wp\/v2\/types\/page"}],"author":[{"embeddable":true,"href":"https:\/\/univet.hu\/hu\/wp-json\/wp\/v2\/users\/3837"}],"replies":[{"embeddable":true,"href":"https:\/\/univet.hu\/hu\/wp-json\/wp\/v2\/comments?post=70411"}],"version-history":[{"count":2,"href":"https:\/\/univet.hu\/hu\/wp-json\/wp\/v2\/pages\/70411\/revisions"}],"predecessor-version":[{"id":176789,"href":"https:\/\/univet.hu\/hu\/wp-json\/wp\/v2\/pages\/70411\/revisions\/176789"}],"up":[{"embeddable":true,"href":"https:\/\/univet.hu\/hu\/wp-json\/wp\/v2\/pages\/677"}],"wp:attachment":[{"href":"https:\/\/univet.hu\/hu\/wp-json\/wp\/v2\/media?parent=70411"}],"wp:term":[{"taxonomy":"category","embeddable":true,"href":"https:\/\/univet.hu\/hu\/wp-json\/wp\/v2\/categories?post=70411"},{"taxonomy":"post_tag","embeddable":true,"href":"https:\/\/univet.hu\/hu\/wp-json\/wp\/v2\/tags?post=70411"}],"curies":[{"name":"wp","href":"https:\/\/api.w.org\/{rel}","templated":true}]}}