{"id":70442,"date":"2021-12-20T10:09:12","date_gmt":"2021-12-20T09:09:12","guid":{"rendered":"https:\/\/univet.hu\/hu\/egyetem\/szervezeti-egysegek\/elelmiszerhigieniai-tanszek\/name\/"},"modified":"2021-12-20T10:09:12","modified_gmt":"2021-12-20T09:09:12","slug":"takacs-janos-emlekules","status":"publish","type":"page","link":"https:\/\/univet.hu\/hu\/egyetem\/szervezeti-egysegek\/elelmiszerlanc-tudomanyi-intezet\/tanszekek\/elelmiszerhigieniai-tanszek\/takacs-janos-emlekules\/","title":{"rendered":"Tak\u00e1cs J\u00e1nos eml\u00e9k\u00fcl\u00e9s"},"content":{"rendered":"<p><a href=\"https:\/\/univet.hu\/wp-content\/uploads\/2021\/12\/Tak\u00e1cs-J\u00e1nos-megh\u00edv\u00f3-211123-1.jpg\"><img loading=\"lazy\" decoding=\"async\" class=\"aligncenter size-large wp-image-70437\" src=\"https:\/\/univet.hu\/wp-content\/uploads\/2021\/12\/Tak\u00e1cs-J\u00e1nos-megh\u00edv\u00f3-211123-1-960x960.jpg\" alt=\"\" width=\"640\" height=\"640\" srcset=\"https:\/\/univet.hu\/wp-content\/uploads\/2021\/12\/Tak\u00e1cs-J\u00e1nos-megh\u00edv\u00f3-211123-1-960x960.jpg 960w, https:\/\/univet.hu\/wp-content\/uploads\/2021\/12\/Tak\u00e1cs-J\u00e1nos-megh\u00edv\u00f3-211123-1-320x320.jpg 320w, https:\/\/univet.hu\/wp-content\/uploads\/2021\/12\/Tak\u00e1cs-J\u00e1nos-megh\u00edv\u00f3-211123-1-768x768.jpg 768w, https:\/\/univet.hu\/wp-content\/uploads\/2021\/12\/Tak\u00e1cs-J\u00e1nos-megh\u00edv\u00f3-211123-1-640x640.jpg 640w\" sizes=\"auto, (max-width: 640px) 100vw, 640px\" \/><\/a><\/p> <p>&nbsp;<\/p> <p><strong>N\u00e9zze vissza az eml\u00e9k\u00fcl\u00e9s felv\u00e9tel\u00e9t:<\/strong><\/p> <p>&nbsp;<\/p> <p style=\"text-align: center;\"><iframe loading=\"lazy\" title=\"YouTube video player\" src=\"https:\/\/www.youtube.com\/embed\/1ijygXLuy2A\" width=\"560\" height=\"315\" frameborder=\"0\" allowfullscreen=\"allowfullscreen\"><\/iframe><\/p>","protected":false},"excerpt":{"rendered":"<p>&nbsp; N\u00e9zze vissza az eml\u00e9k\u00fcl\u00e9s felv\u00e9tel\u00e9t: &nbsp;<\/p>\n","protected":false},"author":3837,"featured_media":0,"parent":3319,"menu_order":0,"comment_status":"open","ping_status":"open","template":"","meta":{"_acf_changed":false,"footnotes":""},"categories":[],"tags":[],"class_list":["post-70442","page","type-page","status-publish","hentry"],"acf":[],"_links":{"self":[{"href":"https:\/\/univet.hu\/hu\/wp-json\/wp\/v2\/pages\/70442","targetHints":{"allow":["GET"]}}],"collection":[{"href":"https:\/\/univet.hu\/hu\/wp-json\/wp\/v2\/pages"}],"about":[{"href":"https:\/\/univet.hu\/hu\/wp-json\/wp\/v2\/types\/page"}],"author":[{"embeddable":true,"href":"https:\/\/univet.hu\/hu\/wp-json\/wp\/v2\/users\/3837"}],"replies":[{"embeddable":true,"href":"https:\/\/univet.hu\/hu\/wp-json\/wp\/v2\/comments?post=70442"}],"version-history":[{"count":0,"href":"https:\/\/univet.hu\/hu\/wp-json\/wp\/v2\/pages\/70442\/revisions"}],"up":[{"embeddable":true,"href":"https:\/\/univet.hu\/hu\/wp-json\/wp\/v2\/pages\/3319"}],"wp:attachment":[{"href":"https:\/\/univet.hu\/hu\/wp-json\/wp\/v2\/media?parent=70442"}],"wp:term":[{"taxonomy":"category","embeddable":true,"href":"https:\/\/univet.hu\/hu\/wp-json\/wp\/v2\/categories?post=70442"},{"taxonomy":"post_tag","embeddable":true,"href":"https:\/\/univet.hu\/hu\/wp-json\/wp\/v2\/tags?post=70442"}],"curies":[{"name":"wp","href":"https:\/\/api.w.org\/{rel}","templated":true}]}}