{"id":70589,"date":"2022-01-05T09:33:55","date_gmt":"2022-01-05T08:33:55","guid":{"rendered":"https:\/\/univet.hu\/?page_id=70589"},"modified":"2026-02-10T03:54:43","modified_gmt":"2026-02-10T02:54:43","slug":"berlinger-balazs","status":"publish","type":"page","link":"https:\/\/univet.hu\/hu\/egyetem\/munkatarsak\/berlinger-balazs\/","title":{"rendered":"Berlinger Bal\u00e1zs"},"content":{"rendered":"<p><strong>Bemutatkoz\u00e1s:<\/strong><\/p> <p>Dr. Berlinger Bal\u00e1zs az 1998-ban megszerzett \u00e9retts\u00e9git k\u00f6vet\u0151en az E\u00f6tv\u00f6s Lor\u00e1nd Tudom\u00e1nyegyetem (ELTE) Term\u00e9szettudom\u00e1nyi Kar\u00e1nak (TTK) vegy\u00e9sz szak\u00e1n folytatta tanulm\u00e1nyait, \u00e9s 2003-ban szerzett vegy\u00e9sz diplom\u00e1t. 2003-ban kezdte meg doktori k\u00e9pz\u00e9s\u00e9t az ELTE TTK K\u00e9mia Doktori Iskol\u00e1j\u00e1ban. A doktori v\u00e9d\u00e9s\u00e9re 2010-ben ker\u00fclt sor (<em>summa cum laude<\/em> min\u0151s\u00edt\u00e9s), amikor m\u00e1r 3 \u00e9ve a Norv\u00e9g Munkaeg\u00e9szs\u00e9g\u00fcgyi Int\u00e9zetben dolgozott Osloban, ahov\u00e1 2007-ben egy f\u00e9l \u00e9vre sz\u00f3l\u00f3 Norv\u00e9g Kutat\u00e1si Tan\u00e1cs \u00e1ltal oda\u00edt\u00e9lt \u00f6szt\u00f6nd\u00edjjal ker\u00fclt.<\/p> <p>Tev\u00e9kenys\u00e9g\u00e9t eddig els\u0151sorban a munkaeg\u00e9szs\u00e9g\u00fcgy \u00e9s k\u00f6rnyezet-eg\u00e9szs\u00e9g\u00fcgy ter\u00fclet\u00e9n v\u00e9gezte, k\u00fcl\u00f6n\u00f6s tekintettel munkahelyi \u00e9s k\u00f6rnyezeti aeroszolok fizikai \u00e9s k\u00e9miai tulajdons\u00e1gainak meghat\u00e1roz\u00e1s\u00e1ra, illetve szervetlen vegy\u00fcletek biol\u00f3giai monitoroz\u00e1s\u00e1ra. Nagy tapasztalattal rendelkezik elemek meghat\u00e1roz\u00e1s\u00e1ban k\u00fcl\u00f6nb\u00f6z\u0151 biol\u00f3giai mint\u00e1kban: teljes v\u00e9r, sz\u00e9rum, vizelet, \u00e1llati \u00e9s emberi sz\u00f6vetek. T\u00f6bb mint 20 kutat\u00e1si projektben dolgozott tev\u00e9keny r\u00e9sztvev\u0151k\u00e9nt, t\u00f6bb alkalommal a projekt vezet\u0151jek\u00e9nt. Nagym\u0171szeres analitikai m\u00f3dszerek fejleszt\u00e9s\u00e9ben, optimaliz\u00e1l\u00e1s\u00e1ban \u00e9s valid\u00e1l\u00e1s\u00e1ban k\u00f6zel 20 \u00e9ves tapasztalattal rendelkezik.<\/p> <p><strong>F\u0151bb kutat\u00e1si ter\u00fcletek:<\/strong><\/p> <ul> <li>Munkahelyi \u00e9s k\u00f6rnyezeti leveg\u0151 fizikai \u00e9s k\u00e9miai tulajdons\u00e1gainak vizsg\u00e1lata<\/li> <li>Munkahelyi \u00e9s k\u00f6rnyezeti leveg\u0151ben megjelen\u0151 szervetlen vegy\u00fcletek biol\u00f3giai monitoringja<\/li> <li>L\u00e9gszennyez\u00e9s sz\u00edv- \u00e9s \u00e9rrendszerre gyakorolt hat\u00e1sainak vizsg\u00e1lata<\/li> <li>Atomspektroszk\u00f3piai m\u00f3dszerek fejleszt\u00e9se<\/li> <\/ul> <p><strong>El\u0151rehalad\u00e1s:<\/strong><\/p> <table style=\"height: 187px;\" width=\"1020\"> <tbody> <tr> <td style=\"width: 103.55px;\"><strong>Id\u0151<\/strong><\/td> <td style=\"width: 591.983px;\"><strong>Munkahely<\/strong><\/td> <td style=\"width: 304.067px;\"><strong>Beoszt\u00e1s<\/strong><\/td> <\/tr> <tr> <td style=\"width: 103.55px;\">2022-<\/td> <td style=\"width: 591.983px;\">\u00c1llatorvostudom\u00e1nyi Egyetem<\/td> <td style=\"width: 304.067px;\">tudom\u00e1nyos f\u0151munkat\u00e1rs<\/td> <\/tr> <tr> <td style=\"width: 103.55px;\">2021-<\/td> <td style=\"width: 591.983px;\">\u00c1llatorvostudom\u00e1nyi Egyetem<\/td> <td style=\"width: 304.067px;\">tansz\u00e9ki m\u00e9rn\u00f6k<\/td> <\/tr> <tr> <td style=\"width: 103.55px;\">2020-2021<\/td> <td style=\"width: 591.983px;\">Pannon Egyetem, M\u00e9rn\u00f6ki Kar<\/td> <td style=\"width: 304.067px;\">tudom\u00e1nyos munkat\u00e1rs<\/td> <\/tr> <tr> <td style=\"width: 103.55px;\">2019-2020<\/td> <td style=\"width: 591.983px;\">Nemzeti N\u00e9peg\u00e9szs\u00e9g\u00fcgyi K\u00f6zpont<\/td> <td style=\"width: 304.067px;\">kutat\u00f3<\/td> <\/tr> <tr> <td style=\"width: 103.55px;\">2008-2019<\/td> <td style=\"width: 591.983px;\">Norv\u00e9g Munkaeg\u00e9szs\u00e9g\u00fcgyi Int\u00e9zet (<em>Statens arbeidsmilj<\/em><em>\u00f8institutt<\/em>)<\/td> <td style=\"width: 304.067px;\">f\u0151m\u00e9rn\u00f6k, szenior m\u00e9rn\u00f6k, kutat\u00f3<\/td> <\/tr> <tr> <td style=\"width: 103.55px;\">2003-2008<\/td> <td style=\"width: 591.983px;\">Orsz\u00e1gos Munkahigi\u00e9n\u00e9s \u00e9s Foglalkoz\u00e1s-eg\u00e9szs\u00e9g\u00fcgyi Int\u00e9zet<\/td> <td style=\"width: 304.067px;\">beosztott vegy\u00e9sz<\/td> <\/tr> <\/tbody> <\/table> <p><strong>Szakmai szervezeti tags\u00e1g:<\/strong><\/p> <table style=\"height: 121px;\" width=\"1008\"> <tbody> <tr> <td style=\"text-align: center; width: 782.083px;\"><strong>Bizotts\u00e1g neve<\/strong><\/td> <td style=\"text-align: center; width: 81.5833px;\"><strong>Id\u0151<\/strong><\/td> <td style=\"text-align: center; width: 123.933px;\"><strong>Tiszts\u00e9g<\/strong><\/td> <\/tr> <tr> <td style=\"text-align: center; width: 782.083px;\">MTA Analitikai \u00e9s K\u00f6rnyezeti K\u00e9miai Tudom\u00e1nyos Bizotts\u00e1g<\/td> <td style=\"text-align: center; width: 81.5833px;\">2021-<\/td> <td style=\"text-align: center; width: 123.933px;\">tag<\/td> <\/tr> <tr> <td style=\"text-align: center; width: 782.083px;\">Magyar K\u00e9mikusok Egyes\u00fclete<\/td> <td style=\"text-align: center; width: 81.5833px;\">2005-<\/td> <td style=\"text-align: center; width: 123.933px;\">tag<\/td> <\/tr> <\/tbody> <\/table> <p><strong>Publik\u00e1ci\u00f3s lista (Top10)<\/strong><\/p> <p>MTMT: <a href=\"https:\/\/m2.mtmt.hu\/gui2\/?type=authors&amp;mode=browse&amp;sel=authors10070906\">https:\/\/m2.mtmt.hu\/gui2\/?type=authors&amp;mode=browse&amp;sel=authors10070906<\/a><\/p> <table style=\"height: 292px;\" width=\"949\"> <tbody> <tr> <td style=\"width: 47.0167px; text-align: center;\">1.<\/td> <td style=\"width: 887.183px; text-align: center;\">B. Berlinger, N. Benker, S. Weinbruch, B. L&#8217;Vov, M. Ebert, W. Koch, D. G. Ellingsen and Y. Thomassen, &#8216;Physicochemical Characterisation of Different Welding Aerosols&#8217;, <em>Analytical and Bioanalytical Chemistry<\/em>, 399 (2011), 1773-80.<\/td> <\/tr> <tr> <td style=\"width: 47.0167px; text-align: center;\">2.<\/td> <td style=\"width: 887.183px; text-align: center;\">B. Berlinger, D. G. Ellingsen, M. Naray, G. Zaray and Y. Thomassen, &#8216;A Study of the Bio-Accessibility of Welding Fumes&#8217;, <em>Journal of Environmental Monitoring<\/em>, 10 (2008), 1448-53.<\/td> <\/tr> <tr> <td style=\"width: 47.0167px; text-align: center;\">3.<\/td> <td style=\"width: 887.183px; text-align: center;\">B. Berlinger, M. Naray, I. Sajo and G. Zaray, &#8216;Critical Evaluation of Sequential Leaching Procedures for the Determination of Ni and Mn Species in Welding Fumes&#8217;, <em>Annals of Occupational Hygiene<\/em>, 53 (2009), 333-40.<\/td> <\/tr> <tr> <td style=\"width: 47.0167px; text-align: center;\">4.<\/td> <td style=\"width: 887.183px; text-align: center;\">D. G. Ellingsen, E. Zibarev, Z. Kusraeva, B. Berlinger, M. Chashchin, R. Bast-Pettersen, V. Chashchin and Y. Thomassen, &#8216;The Bioavailability of Manganese in Welders in Relation to Its Solubility in Welding Fumes&#8217;, <em>Environmental Science-Processes &amp; Impacts<\/em>, 15 (2013), 357-65.<\/td> <\/tr> <tr> <td style=\"width: 47.0167px; text-align: center;\">5.<\/td> <td style=\"width: 887.183px; text-align: center;\">J. Scancar, B. Berlinger, Y. Thomassen and R. Milacic, &#8216;Simultaneous speciation analysis of chromate, molybdate, tungstate and vanadate in welding fume alkaline extracts by HPLC-ICP-MS&#8217;, <em>Talanta<\/em>, 142 (2015), 164-9.<\/td> <\/tr> <tr> <td style=\"width: 47.0167px; text-align: center;\">6.<\/td> <td style=\"width: 887.183px; text-align: center;\">B. Berlinger, S. Weinbruch, D. G. Ellingsen, E. Zibarev, V. Chashchin, M. Chashchin and Y. Thomassen, \u00b4On the bio-accessibility of 14 elements in welding fumes\u00b4, Environmental Science-Processes &amp; Impacts, 21 (2019), 497-505.<\/td> <\/tr> <tr> <td style=\"width: 47.0167px; text-align: center;\">7.<\/td> <td style=\"width: 887.183px; text-align: center;\">B. Berlinger, U. Skogen, C. Meijer and Y. Thomassen, \u00b4Workplace exposure to particulate matter, bio-accessible and non-soluble metal compounds during hot work processes\u00b4, Journal of Occupational &amp; Environmental Hygiene, 16 (2019), 378-386.<\/td> <\/tr> <tr> <td style=\"width: 47.0167px; text-align: center;\">8.<\/td> <td style=\"width: 887.183px; text-align: center;\">B. Berlinger, D. G. Ellingsen, N. Romanova, G. Friisk, H. L. Daae, S. Weinbruch, N. P. Skaugset and Y. Thomassen, \u00b4Elemental carbon and nitrogen dioxide as markers of exposure to diesel exhaust in selected Norwegian industries\u00b4, Annals of Work Exposures and Health, 63 (2018), 349-358.<\/td> <\/tr> <tr> <td style=\"width: 47.0167px; text-align: center;\">9.<\/td> <td style=\"width: 887.183px; text-align: center;\">T. K. Ervik, N. Benker, S. Weinbruch, A. Skogstad, Y. Thomassen, D. G. Ellingsen, B. Berlinger, &#8216;Size Distribution and Single Particle Characterization of Airborne Particulate Matter collected in a Silicon Carbide Plant &#8216;, Environmental Science-Processes &amp; Impacts, 21 (2019) 564-574.<\/td> <\/tr> <tr> <td style=\"width: 47.0167px; text-align: center;\">10.<\/td> <td style=\"width: 887.183px; text-align: center;\">S. E. Hammer, T. E. Ervik, D. G. Ellingsen, Y. Thomassen, S. Weinbruch, N. Benker, B. Berlinger, \u00b4Particle characterisation and bioaccessibility of manganese in particulate matter in silico- and ferromanganese smelters\u00b4, Environmental Science-Processes &amp; Impacts, 23 (2021), 1488-1499.<\/td> <\/tr> <\/tbody> <\/table> <p>&nbsp;<\/p> <p>&nbsp;<\/p> <p>&nbsp;<\/p> <p>&nbsp;<\/p> <p><strong>\u00a0<\/strong><\/p>","protected":false},"excerpt":{"rendered":"<p>Bemutatkoz\u00e1s: Dr. Berlinger Bal\u00e1zs az 1998-ban megszerzett \u00e9retts\u00e9git k\u00f6vet\u0151en az E\u00f6tv\u00f6s Lor\u00e1nd Tudom\u00e1nyegyetem (ELTE) Term\u00e9szettudom\u00e1nyi Kar\u00e1nak (TTK) vegy\u00e9sz szak\u00e1n folytatta tanulm\u00e1nyait, \u00e9s 2003-ban szerzett vegy\u00e9sz diplom\u00e1t. 2003-ban kezdte meg doktori k\u00e9pz\u00e9s\u00e9t az ELTE TTK K\u00e9mia Doktori Iskol\u00e1j\u00e1ban. A doktori v\u00e9d\u00e9s\u00e9re 2010-ben ker\u00fclt sor (summa cum laude min\u0151s\u00edt\u00e9s), amikor m\u00e1r 3 \u00e9ve a Norv\u00e9g Munkaeg\u00e9szs\u00e9g\u00fcgyi Int\u00e9zetben<\/p>\n","protected":false},"author":5824,"featured_media":0,"parent":858,"menu_order":0,"comment_status":"closed","ping_status":"closed","template":"","meta":{"_acf_changed":false,"footnotes":""},"categories":[56],"tags":[],"class_list":["post-70589","page","type-page","status-publish","hentry","category-munkatarsak"],"acf":[],"_links":{"self":[{"href":"https:\/\/univet.hu\/hu\/wp-json\/wp\/v2\/pages\/70589","targetHints":{"allow":["GET"]}}],"collection":[{"href":"https:\/\/univet.hu\/hu\/wp-json\/wp\/v2\/pages"}],"about":[{"href":"https:\/\/univet.hu\/hu\/wp-json\/wp\/v2\/types\/page"}],"author":[{"embeddable":true,"href":"https:\/\/univet.hu\/hu\/wp-json\/wp\/v2\/users\/5824"}],"replies":[{"embeddable":true,"href":"https:\/\/univet.hu\/hu\/wp-json\/wp\/v2\/comments?post=70589"}],"version-history":[{"count":1,"href":"https:\/\/univet.hu\/hu\/wp-json\/wp\/v2\/pages\/70589\/revisions"}],"predecessor-version":[{"id":199267,"href":"https:\/\/univet.hu\/hu\/wp-json\/wp\/v2\/pages\/70589\/revisions\/199267"}],"up":[{"embeddable":true,"href":"https:\/\/univet.hu\/hu\/wp-json\/wp\/v2\/pages\/858"}],"wp:attachment":[{"href":"https:\/\/univet.hu\/hu\/wp-json\/wp\/v2\/media?parent=70589"}],"wp:term":[{"taxonomy":"category","embeddable":true,"href":"https:\/\/univet.hu\/hu\/wp-json\/wp\/v2\/categories?post=70589"},{"taxonomy":"post_tag","embeddable":true,"href":"https:\/\/univet.hu\/hu\/wp-json\/wp\/v2\/tags?post=70589"}],"curies":[{"name":"wp","href":"https:\/\/api.w.org\/{rel}","templated":true}]}}