{"id":70659,"date":"2022-01-10T14:27:52","date_gmt":"2022-01-10T13:27:52","guid":{"rendered":"https:\/\/univet.hu\/?page_id=70659"},"modified":"2022-03-01T14:32:29","modified_gmt":"2022-03-01T13:32:29","slug":"diplomaoszto-2022","status":"publish","type":"page","link":"https:\/\/univet.hu\/hu\/diplomaoszto-2022\/","title":{"rendered":"Doktorr\u00e1 avat\u00f3 \u00e9s diplomaoszt\u00f3 \u00fcnneps\u00e9g 2022"},"content":{"rendered":"<p>&nbsp;<\/p> <p><strong>N\u00e9zze vissza \u00fcnneps\u00e9g\u00fcnket:<\/strong><\/p> <p>&nbsp;<\/p> <p><iframe loading=\"lazy\" src=\"https:\/\/videosquare.eu\/recordings\/embed\/10979?fullscale=yes\" width=\"950\" height=\"550\" frameborder=\"0\" allowfullscreen=\"allowfullscreen\"><\/iframe><\/p> <p>&nbsp;<\/p> <p>&nbsp;<\/p> <p><strong>Id\u0151pont<\/strong>:\u00a02022. febru\u00e1r 25, p\u00e9ntek 10.00 \u00f3ra<\/p> <p><strong><span style=\"color: #ff0000;\">A rendezv\u00e9nyre korav\u00edrus ellen v\u00e9detts\u00e9ggel rendelkez\u0151 szem\u00e9lyek l\u00e9phetnek be, ennek hi\u00e1ny\u00e1ban 48 \u00f3r\u00e1n\u00e1l nem r\u00e9gebbi COVID-19 negat\u00edv PCR teszt bemutat\u00e1sa sz\u00fcks\u00e9ges.<\/span><\/strong><\/p> <p><strong><span style=\"color: #ff0000;\">A maszkvisel\u00e9s k\u00f6telez\u0151 \u00e9s a mindenkori j\u00e1rv\u00e1ny\u00fcgyi szab\u00e1lyok betart\u00e1sa.<\/span><\/strong><\/p> <p><a href=\"https:\/\/univet.hu\/en\/diplomaoszto-2022\/aotk-32-diplomaoszto-meghivo-5-szerkzsidai220127-1\/\" rel=\"attachment wp-att-71252\"><img loading=\"lazy\" decoding=\"async\" class=\"aligncenter wp-image-71252 size-full\" src=\"https:\/\/univet.hu\/wp-content\/uploads\/2022\/01\/AOTK-32-diplomaoszto-megh\u00edvo-5-szerkZsidai220127-1.jpg\" alt=\"\" width=\"2463\" height=\"1770\" srcset=\"https:\/\/univet.hu\/wp-content\/uploads\/2022\/01\/AOTK-32-diplomaoszto-megh\u00edvo-5-szerkZsidai220127-1.jpg 2463w, https:\/\/univet.hu\/wp-content\/uploads\/2022\/01\/AOTK-32-diplomaoszto-megh\u00edvo-5-szerkZsidai220127-1-320x230.jpg 320w, https:\/\/univet.hu\/wp-content\/uploads\/2022\/01\/AOTK-32-diplomaoszto-megh\u00edvo-5-szerkZsidai220127-1-768x552.jpg 768w, https:\/\/univet.hu\/wp-content\/uploads\/2022\/01\/AOTK-32-diplomaoszto-megh\u00edvo-5-szerkZsidai220127-1-960x690.jpg 960w\" sizes=\"auto, (max-width: 2463px) 100vw, 2463px\" \/><\/a><\/p>","protected":false},"excerpt":{"rendered":"<p>&nbsp; N\u00e9zze vissza \u00fcnneps\u00e9g\u00fcnket: &nbsp; &nbsp; &nbsp; Id\u0151pont:\u00a02022. febru\u00e1r 25, p\u00e9ntek 10.00 \u00f3ra A rendezv\u00e9nyre korav\u00edrus ellen v\u00e9detts\u00e9ggel rendelkez\u0151 szem\u00e9lyek l\u00e9phetnek be, ennek hi\u00e1ny\u00e1ban 48 \u00f3r\u00e1n\u00e1l nem r\u00e9gebbi COVID-19 negat\u00edv PCR teszt bemutat\u00e1sa sz\u00fcks\u00e9ges. A maszkvisel\u00e9s k\u00f6telez\u0151 \u00e9s a mindenkori j\u00e1rv\u00e1ny\u00fcgyi szab\u00e1lyok betart\u00e1sa.<\/p>\n","protected":false},"author":2518,"featured_media":0,"parent":0,"menu_order":0,"comment_status":"closed","ping_status":"closed","template":"","meta":{"_acf_changed":false,"footnotes":""},"categories":[],"tags":[],"class_list":["post-70659","page","type-page","status-publish","hentry"],"acf":[],"_links":{"self":[{"href":"https:\/\/univet.hu\/hu\/wp-json\/wp\/v2\/pages\/70659","targetHints":{"allow":["GET"]}}],"collection":[{"href":"https:\/\/univet.hu\/hu\/wp-json\/wp\/v2\/pages"}],"about":[{"href":"https:\/\/univet.hu\/hu\/wp-json\/wp\/v2\/types\/page"}],"author":[{"embeddable":true,"href":"https:\/\/univet.hu\/hu\/wp-json\/wp\/v2\/users\/2518"}],"replies":[{"embeddable":true,"href":"https:\/\/univet.hu\/hu\/wp-json\/wp\/v2\/comments?post=70659"}],"version-history":[{"count":0,"href":"https:\/\/univet.hu\/hu\/wp-json\/wp\/v2\/pages\/70659\/revisions"}],"wp:attachment":[{"href":"https:\/\/univet.hu\/hu\/wp-json\/wp\/v2\/media?parent=70659"}],"wp:term":[{"taxonomy":"category","embeddable":true,"href":"https:\/\/univet.hu\/hu\/wp-json\/wp\/v2\/categories?post=70659"},{"taxonomy":"post_tag","embeddable":true,"href":"https:\/\/univet.hu\/hu\/wp-json\/wp\/v2\/tags?post=70659"}],"curies":[{"name":"wp","href":"https:\/\/api.w.org\/{rel}","templated":true}]}}