{"id":70670,"date":"2022-01-11T09:05:15","date_gmt":"2022-01-11T08:05:15","guid":{"rendered":"https:\/\/univet.hu\/hu\/egyetem\/palyazati-projektek\/eu-projektek\/cirkularis-modellek-precizios-rendszer-tamogatasa-tejtermelo-gazdasagokban-vp3\/name-2\/"},"modified":"2022-04-05T22:54:04","modified_gmt":"2022-04-05T20:54:04","slug":"title","status":"publish","type":"page","link":"https:\/\/univet.hu\/hu\/egyetem\/palyazati-projektek\/eu-projektek\/cirkularis-modellek-precizios-rendszer-tamogatasa-tejtermelo-gazdasagokban-vp3\/title\/","title":{"rendered":"Projekt esem\u00e9nyek, publik\u00e1ci\u00f3k, eredm\u00e9nyek"},"content":{"rendered":"<header class=\"entry-header\"> <h2 class=\"entry-title\"><span style=\"text-decoration: underline; color: #0000ff;\"><span style=\"font-size: 16px;\">I.ESEM\u00c9NYEK<\/span><\/span><\/h2> <p>1.konferencia, id\u0151pont: 2020.11.12., helysz\u00edn: \u00c1TE<\/p> <\/header> <div class=\"entry-content\"> <p><a href=\"https:\/\/www.facebook.com\/TKKvet\/photos\/a.142514499503545\/1051777205243932\/\">ttps:\/\/www.facebook.com\/TKKvet\/photos\/a.142514499503545\/1051777205243932\/<\/a><\/p> <p>2.konferencia, id\u0151pont: 2021.05.12., helysz\u00edn: \u00c1TE<\/p> <p><a href=\"https:\/\/www.facebook.com\/TKKvet\/photos\/a.142514499503545\/1181260682295583\/\">https:\/\/www.facebook.com\/TKKvet\/photos\/a.142514499503545\/1181260682295583\/<\/a><\/p> <p>3. konferencia, id\u0151pont: 2022.03.03., helysz\u00edn: \u00c1TE<\/p> <p><a href=\"https:\/\/www.facebook.com\/TKKvet\/photos\/a.142514499503545\/1368485120239804\/\">https:\/\/www.facebook.com\/TKKvet\/photos\/a.142514499503545\/1368485120239804\/<\/a><\/p> <\/div> <p>4.\u00dczemi l\u00e1togat\u00e1s, id\u0151pont: 2021.04.21., helysz\u00edn: Hunland Farm Kft.<\/p> <p><a href=\"https:\/\/univet.hu\/en\/egyetem\/palyazati-projektek\/eu-projektek\/cirkularis-modellek-precizios-rendszer-tamogatasa-tejtermelo-gazdasagokban-vp3\/title\/projekt-zarasa-eredmenyek-bemutatasa\/277478038_827006828140790_3022298342366061977_n\/\" rel=\"attachment wp-att-72632\"><img loading=\"lazy\" decoding=\"async\" class=\"size-medium wp-image-72632 alignleft\" src=\"https:\/\/univet.hu\/wp-content\/uploads\/2022\/03\/277478038_827006828140790_3022298342366061977_n-320x240.jpg\" alt=\"\" width=\"320\" height=\"240\" srcset=\"https:\/\/univet.hu\/wp-content\/uploads\/2022\/03\/277478038_827006828140790_3022298342366061977_n-320x240.jpg 320w, https:\/\/univet.hu\/wp-content\/uploads\/2022\/03\/277478038_827006828140790_3022298342366061977_n-768x576.jpg 768w, https:\/\/univet.hu\/wp-content\/uploads\/2022\/03\/277478038_827006828140790_3022298342366061977_n-960x720.jpg 960w, https:\/\/univet.hu\/wp-content\/uploads\/2022\/03\/277478038_827006828140790_3022298342366061977_n.jpg 1734w\" sizes=\"auto, (max-width: 320px) 100vw, 320px\" \/><\/a><a href=\"https:\/\/univet.hu\/en\/egyetem\/palyazati-projektek\/eu-projektek\/cirkularis-modellek-precizios-rendszer-tamogatasa-tejtermelo-gazdasagokban-vp3\/title\/277405888_716266092892061_8639404582927677441_n-2\/\" rel=\"attachment wp-att-72637\"><img loading=\"lazy\" decoding=\"async\" class=\"size-medium wp-image-72637 alignnone\" src=\"https:\/\/univet.hu\/wp-content\/uploads\/2022\/03\/277405888_716266092892061_8639404582927677441_n-1-239x320.jpg\" alt=\"\" width=\"239\" height=\"320\" srcset=\"https:\/\/univet.hu\/wp-content\/uploads\/2022\/03\/277405888_716266092892061_8639404582927677441_n-1-239x320.jpg 239w, https:\/\/univet.hu\/wp-content\/uploads\/2022\/03\/277405888_716266092892061_8639404582927677441_n-1-768x1028.jpg 768w, https:\/\/univet.hu\/wp-content\/uploads\/2022\/03\/277405888_716266092892061_8639404582927677441_n-1-718x960.jpg 718w, https:\/\/univet.hu\/wp-content\/uploads\/2022\/03\/277405888_716266092892061_8639404582927677441_n-1.jpg 1296w\" sizes=\"auto, (max-width: 239px) 100vw, 239px\" \/><\/a><\/p> <div class=\"entry-content\"> <p>&nbsp;<\/p> <p><span style=\"text-decoration: underline; color: #0000ff;\"><b>II.PUBLIK\u00c1CI\u00d3K<\/b><\/span><\/p> <p><a href=\"https:\/\/univet.hu\/en\/egyetem\/palyazati-projektek\/eu-projektek\/cirkularis-modellek-precizios-rendszer-tamogatasa-tejtermelo-gazdasagokban-vp3\/01-fogarassy_et_al_value-creating-processes_hae\/\" rel=\"attachment wp-att-72464\">01 Fogarassy_et_al_Value-creating-processes_HAE<\/a><\/p> <\/div> <p><a href=\"https:\/\/univet.hu\/en\/egyetem\/palyazati-projektek\/eu-projektek\/cirkularis-modellek-precizios-rendszer-tamogatasa-tejtermelo-gazdasagokban-vp3\/02-czikkely_et_al_digitalization_bigdata_hae\/\" rel=\"attachment wp-att-72465\">02 Czikkely_et_al_Digitalization_bigdata_HAE<\/a><\/p> <p><a href=\"https:\/\/univet.hu\/en\/egyetem\/palyazati-projektek\/eu-projektek\/cirkularis-modellek-precizios-rendszer-tamogatasa-tejtermelo-gazdasagokban-vp3\/03-ivanyos_et_al_-mal_2020_12_707-716\/\" rel=\"attachment wp-att-72466\">03 Ivanyos_et_al_ MAL_2020_(12)_707-716<\/a><\/p> <p><a href=\"https:\/\/univet.hu\/en\/egyetem\/palyazati-projektek\/eu-projektek\/cirkularis-modellek-precizios-rendszer-tamogatasa-tejtermelo-gazdasagokban-vp3\/06-ivanyosozsvari_mal_2021_08_515-528\/\" rel=\"attachment wp-att-72469\">06 Ivanyos&amp;Ozsvari_MAL_2021_(08)_515-528<\/a><\/p> <p>&nbsp;<\/p> <p><strong><span style=\"color: #0000ff;\">III. H\u00cdREK MEGJELEN\u00c9SE:<\/span><\/strong><\/p> <p><a href=\"https:\/\/www.linkedin.com\/posts\/university-of-veterinary-medicine-budapest_2022-m%C3%A1rcius-31-%C3%A9n-z%C3%A1rul-a-sz%C3%A9chenyi-2020-activity-6914908904631996417-n7RW?utm_source=linkedin_share&amp;utm_medium=member_desktop_web\">https:\/\/www.linkedin.com\/posts\/university-of-veterinary-medicine-budapest_2022-m%C3%A1rcius-31-%C3%A9n-z%C3%A1rul-a-sz%C3%A9chenyi-2020-activity-6914908904631996417-n7RW?utm_source=linkedin_share&amp;utm_medium=member_desktop_web<\/a><\/p> <p><a href=\"https:\/\/www.facebook.com\/UnivetHU\/posts\/5208717285858410\">https:\/\/www.facebook.com\/permalink.php?story_fbid=5208717285858410&amp;id=160736477323208<\/a><\/p> <p><a href=\"https:\/\/twitter.com\/cirkularis\">Cirkul\u00e1ris modellek prec\u00edzi\u00f3s rendszer-t\u00e1mogat\u00e1sa (@cirkularis) \/ Twitter<\/a><\/p> <p>&nbsp;<\/p> <p>&nbsp;<\/p> <p>&nbsp;<\/p> <p>&nbsp;<\/p> <p>&nbsp;<\/p> <p>&nbsp;<\/p> <p><a href=\"https:\/\/univet.hu\/en\/egyetem\/palyazati-projektek\/eu-projektek\/cirkularis-modellek-precizios-rendszer-tamogatasa-tejtermelo-gazdasagokban-vp3\/title\/emva-logo-2\/\" rel=\"attachment wp-att-72653\"><img loading=\"lazy\" decoding=\"async\" class=\"alignleft size-medium wp-image-72653\" src=\"https:\/\/univet.hu\/wp-content\/uploads\/2022\/03\/EMVA-LOG\u00d3-320x133.jpg\" alt=\"\" width=\"320\" height=\"133\" srcset=\"https:\/\/univet.hu\/wp-content\/uploads\/2022\/03\/EMVA-LOG\u00d3-320x133.jpg 320w, https:\/\/univet.hu\/wp-content\/uploads\/2022\/03\/EMVA-LOG\u00d3-768x320.jpg 768w, https:\/\/univet.hu\/wp-content\/uploads\/2022\/03\/EMVA-LOG\u00d3-960x400.jpg 960w, https:\/\/univet.hu\/wp-content\/uploads\/2022\/03\/EMVA-LOG\u00d3.jpg 1417w\" sizes=\"auto, (max-width: 320px) 100vw, 320px\" \/><\/a><\/p> <p><a href=\"https:\/\/univet.hu\/en\/egyetem\/palyazati-projektek\/eu-projektek\/cirkularis-modellek-precizios-rendszer-tamogatasa-tejtermelo-gazdasagokban-vp3\/title\/szechenyi_2020_logo_fekvo_color-320x124\/\" rel=\"attachment wp-att-72652\"><img loading=\"lazy\" decoding=\"async\" class=\"size-medium wp-image-72652 alignright\" src=\"https:\/\/univet.hu\/wp-content\/uploads\/2022\/03\/szechenyi_2020_logo_fekvo_color-320x124-320x124.jpg\" alt=\"\" width=\"320\" height=\"124\" \/><\/a><\/p>","protected":false},"excerpt":{"rendered":"<p>I.ESEM\u00c9NYEK 1.konferencia, id\u0151pont: 2020.11.12., helysz\u00edn: \u00c1TE ttps:\/\/www.facebook.com\/TKKvet\/photos\/a.142514499503545\/1051777205243932\/ 2.konferencia, id\u0151pont: 2021.05.12., helysz\u00edn: \u00c1TE https:\/\/www.facebook.com\/TKKvet\/photos\/a.142514499503545\/1181260682295583\/ 3. konferencia, id\u0151pont: 2022.03.03., helysz\u00edn: \u00c1TE https:\/\/www.facebook.com\/TKKvet\/photos\/a.142514499503545\/1368485120239804\/ 4.\u00dczemi l\u00e1togat\u00e1s, id\u0151pont: 2021.04.21., helysz\u00edn: Hunland Farm Kft. &nbsp; II.PUBLIK\u00c1CI\u00d3K 01 Fogarassy_et_al_Value-creating-processes_HAE 02 Czikkely_et_al_Digitalization_bigdata_HAE 03 Ivanyos_et_al_ MAL_2020_(12)_707-716 06 Ivanyos&amp;Ozsvari_MAL_2021_(08)_515-528 &nbsp; III. H\u00cdREK MEGJELEN\u00c9SE: https:\/\/www.linkedin.com\/posts\/university-of-veterinary-medicine-budapest_2022-m%C3%A1rcius-31-%C3%A9n-z%C3%A1rul-a-sz%C3%A9chenyi-2020-activity-6914908904631996417-n7RW?utm_source=linkedin_share&amp;utm_medium=member_desktop_web https:\/\/www.facebook.com\/permalink.php?story_fbid=5208717285858410&amp;id=160736477323208 Cirkul\u00e1ris modellek prec\u00edzi\u00f3s rendszer-t\u00e1mogat\u00e1sa (@cirkularis) \/ Twitter &nbsp; &nbsp; &nbsp;<\/p>\n","protected":false},"author":2560,"featured_media":72482,"parent":57188,"menu_order":0,"comment_status":"open","ping_status":"open","template":"","meta":{"_acf_changed":false,"footnotes":""},"categories":[],"tags":[],"class_list":["post-70670","page","type-page","status-publish","has-post-thumbnail","hentry"],"acf":[],"_links":{"self":[{"href":"https:\/\/univet.hu\/hu\/wp-json\/wp\/v2\/pages\/70670","targetHints":{"allow":["GET"]}}],"collection":[{"href":"https:\/\/univet.hu\/hu\/wp-json\/wp\/v2\/pages"}],"about":[{"href":"https:\/\/univet.hu\/hu\/wp-json\/wp\/v2\/types\/page"}],"author":[{"embeddable":true,"href":"https:\/\/univet.hu\/hu\/wp-json\/wp\/v2\/users\/2560"}],"replies":[{"embeddable":true,"href":"https:\/\/univet.hu\/hu\/wp-json\/wp\/v2\/comments?post=70670"}],"version-history":[{"count":0,"href":"https:\/\/univet.hu\/hu\/wp-json\/wp\/v2\/pages\/70670\/revisions"}],"up":[{"embeddable":true,"href":"https:\/\/univet.hu\/hu\/wp-json\/wp\/v2\/pages\/57188"}],"wp:featuredmedia":[{"embeddable":true,"href":"https:\/\/univet.hu\/hu\/wp-json\/wp\/v2\/media\/72482"}],"wp:attachment":[{"href":"https:\/\/univet.hu\/hu\/wp-json\/wp\/v2\/media?parent=70670"}],"wp:term":[{"taxonomy":"category","embeddable":true,"href":"https:\/\/univet.hu\/hu\/wp-json\/wp\/v2\/categories?post=70670"},{"taxonomy":"post_tag","embeddable":true,"href":"https:\/\/univet.hu\/hu\/wp-json\/wp\/v2\/tags?post=70670"}],"curies":[{"name":"wp","href":"https:\/\/api.w.org\/{rel}","templated":true}]}}