{"id":71155,"date":"2022-01-26T15:57:51","date_gmt":"2022-01-26T14:57:51","guid":{"rendered":"https:\/\/univet.hu\/hu\/oktatas\/kurzusok\/new-course-page-2\/"},"modified":"2022-01-26T15:57:51","modified_gmt":"2022-01-26T14:57:51","slug":"tudasatadas-uj-formai-es-eszkozei-az-allatorvoskepzesben-gyakorlati-peldakkal","status":"publish","type":"page","link":"https:\/\/univet.hu\/hu\/oktatas\/kurzusok\/tudasatadas-uj-formai-es-eszkozei-az-allatorvoskepzesben-gyakorlati-peldakkal\/","title":{"rendered":"Tud\u00e1s\u00e1tad\u00e1s \u00faj form\u00e1i \u00e9s eszk\u00f6zei az \u00e1llatorvosk\u00e9pz\u00e9sben &#8211; gyakorlati p\u00e9ld\u00e1kkal"},"content":{"rendered":"<p>A fels\u0151fok\u00fa int\u00e9zm\u00e9nyekben zajl\u00f3 k\u00e9pz\u00e9sek, bele\u00e9rtve az \u00e1llatorvostan-hallgat\u00f3k oktat\u00e1s\u00e1t is folyamatos fejleszt\u00e9sen mennek kereszt\u00fcl a kor megv\u00e1ltozott ig\u00e9nyeit \u00e9s az \u00faj lehet\u0151s\u00e9geket figyelembe v\u00e9ve. Id\u0151r\u0151l id\u0151re felmer\u00fcl a k\u00e9pz\u00e9s jav\u00edt\u00e1s\u00e1nak gondolata, amely \u00f6sszecseng a min\u0151s\u00e9gi elv\u00e1r\u00e1sokkal \u00e9s az \u00fajabb ir\u00e1nyzatokkal. Hivat\u00e1sunk sz\u00e1mos ter\u00fcleten k\u00edv\u00e1n hozz\u00e1\u00e9rt\u00e9st az \u00e1llatorvost\u00f3l. Az \u00e1llatorvosnak nemcsak sz\u00e9lesk\u00f6r\u0171 \u00e1llatorvosi ismeretekkel kell rendelkeznie \u00e9s sz\u00e1mos szakmai tev\u00e9kenys\u00e9get \u00f6n\u00e1ll\u00f3an, rutinszer\u0171en kell v\u00e9geznie, de a pl. munkat\u00e1rsakkal val\u00f3 egy\u00fcttm\u0171k\u00f6d\u00e9sre, praxis menedzsmentre vagy ak\u00e1r \u00f6nk\u00e9pz\u00e9sre is k\u00e9pesnek kell lennie. Az ICT technol\u00f3gi\u00e1k megk\u00f6nny\u00edtik az \u00faj ismeretek el\u00e9r\u00e9s\u00e9t, lehet\u0151s\u00e9get ny\u00fajtanak a k\u00fcl\u00f6nf\u00e9le manu\u00e1lis technik\u00e1k begyakorl\u00e1s\u00e1ra \u00e1llatj\u00f3l\u00e9ti szempontok figyelembev\u00e9tel\u00e9vel, lehet\u0151s\u00e9get adnak az \u00e1llatorvos(tan-hallgat\u00f3) portf\u00f3li\u00f3j\u00e1nak fel\u00e9p\u00edt\u00e9s\u00e9re. Ezekben a t\u00e9m\u00e1kban k\u00edv\u00e1n inform\u00e1ci\u00f3t ny\u00fajtani az \u00e9rdekl\u0151d\u0151 hallgat\u00f3knak gyakorlati p\u00e9ld\u00e1kon kereszt\u00fcl a fakult\u00e1ci\u00f3.<\/p>","protected":false},"excerpt":{"rendered":"<p>A fels\u0151fok\u00fa int\u00e9zm\u00e9nyekben zajl\u00f3 k\u00e9pz\u00e9sek, bele\u00e9rtve az \u00e1llatorvostan-hallgat\u00f3k oktat\u00e1s\u00e1t is folyamatos fejleszt\u00e9sen mennek kereszt\u00fcl a kor megv\u00e1ltozott ig\u00e9nyeit \u00e9s az \u00faj lehet\u0151s\u00e9geket figyelembe v\u00e9ve. Id\u0151r\u0151l id\u0151re felmer\u00fcl a k\u00e9pz\u00e9s jav\u00edt\u00e1s\u00e1nak gondolata, amely \u00f6sszecseng a min\u0151s\u00e9gi elv\u00e1r\u00e1sokkal \u00e9s az \u00fajabb ir\u00e1nyzatokkal. Hivat\u00e1sunk sz\u00e1mos ter\u00fcleten k\u00edv\u00e1n hozz\u00e1\u00e9rt\u00e9st az \u00e1llatorvost\u00f3l. Az \u00e1llatorvosnak nemcsak sz\u00e9lesk\u00f6r\u0171 \u00e1llatorvosi ismeretekkel kell rendelkeznie<\/p>\n","protected":false},"author":3837,"featured_media":0,"parent":677,"menu_order":0,"comment_status":"open","ping_status":"open","template":"","meta":{"_acf_changed":false,"footnotes":""},"categories":[],"tags":[],"class_list":["post-71155","page","type-page","status-publish","hentry"],"acf":[],"_links":{"self":[{"href":"https:\/\/univet.hu\/hu\/wp-json\/wp\/v2\/pages\/71155","targetHints":{"allow":["GET"]}}],"collection":[{"href":"https:\/\/univet.hu\/hu\/wp-json\/wp\/v2\/pages"}],"about":[{"href":"https:\/\/univet.hu\/hu\/wp-json\/wp\/v2\/types\/page"}],"author":[{"embeddable":true,"href":"https:\/\/univet.hu\/hu\/wp-json\/wp\/v2\/users\/3837"}],"replies":[{"embeddable":true,"href":"https:\/\/univet.hu\/hu\/wp-json\/wp\/v2\/comments?post=71155"}],"version-history":[{"count":0,"href":"https:\/\/univet.hu\/hu\/wp-json\/wp\/v2\/pages\/71155\/revisions"}],"up":[{"embeddable":true,"href":"https:\/\/univet.hu\/hu\/wp-json\/wp\/v2\/pages\/677"}],"wp:attachment":[{"href":"https:\/\/univet.hu\/hu\/wp-json\/wp\/v2\/media?parent=71155"}],"wp:term":[{"taxonomy":"category","embeddable":true,"href":"https:\/\/univet.hu\/hu\/wp-json\/wp\/v2\/categories?post=71155"},{"taxonomy":"post_tag","embeddable":true,"href":"https:\/\/univet.hu\/hu\/wp-json\/wp\/v2\/tags?post=71155"}],"curies":[{"name":"wp","href":"https:\/\/api.w.org\/{rel}","templated":true}]}}